{"id":252,"date":"2024-02-23T00:15:03","date_gmt":"2024-02-23T00:15:03","guid":{"rendered":"https:\/\/www.livingpillow.com\/product\/wedge-support-pillow"},"modified":"2026-03-03T01:19:12","modified_gmt":"2026-03-03T01:19:12","slug":"kiilamainen-tukityyny-kaunis-samettipaaty-tummansininen","status":"publish","type":"product","link":"https:\/\/www.livingpillow.com\/fi\/product\/wedge-support-pillow-beautiful-headboard-corduroy-navy-blue","title":{"rendered":"Kiilatukityyny, kaunis samettip\u00e4\u00e4ty, tummansininen"},"content":{"rendered":"<p><strong>L\u00f6yd\u00e4 t\u00e4ydellinen luku- ja rentoutumistyyny<\/strong><\/p>\n<p>Oletko kyll\u00e4stynyt rasittamaan niskaasi ja selk\u00e4\u00e4si lukiessasi s\u00e4ngyss\u00e4 tai sohvalla? Monitoiminen kiilatyynymme tarjoaa erinomaisen tuen mukavaan rentoutumiseen. Huolellisen muotoilunsa, korkealaatuisen rakenteensa ja eri kokovalikoimansa ansiosta t\u00e4st\u00e4 tyynyst\u00e4 on tullut asiakkaiden suosikki.\u00a0<\/p>\n<p><strong>Tuotetiedot:<\/strong><\/p>\n<p>Tyyny on t\u00e4ytetty pehme\u00e4ll\u00e4 mutta tukevalla tihe\u00e4ll\u00e4 polyuretaanilla ja p\u00e4\u00e4llystetty mukavalla 100%-polyesterikorduroy-kankaalla. Kiinnitetyt napit luovat dynaamisen muodon ja mahdollistavat irrotettavan, konepest\u00e4v\u00e4n p\u00e4\u00e4llisen mukautumisen vartalosi mukaan. Koot vaihtelevat 45 cm:st\u00e4 tilavaan 200 cm:n tyynyyn.<\/p>\n<p><strong>Ylist\u00e4v\u00e4t arvostelut:<\/strong><\/p>\n<p>Asiakkaat rakastavat t\u00e4t\u00e4 tyyny\u00e4 s\u00e4ngyss\u00e4 lukemiseen, s\u00e4ngynp\u00e4\u00e4tyn\u00e4 k\u00e4ytt\u00e4miseen, sohvalla lep\u00e4\u00e4miseen ja muuhun. Katso, mit\u00e4 heill\u00e4 on sanottavaa:<\/p>\n<p>\u201c&quot;Ostin ison koon, ja se on t\u00e4ydellinen istuttavaksi ja s\u00e4ngyss\u00e4 lukemiseen. Niin mukava ja juuri sopivan korkea tukemaan alaselk\u00e4\u00e4ni.&quot;\u201d<\/p>\n<p>\u201c&quot;T\u00e4m\u00e4 on loistava s\u00e4ngynp\u00e4\u00e4ty opiskelija-asuntolan huoneeseen. Se n\u00e4ytt\u00e4\u00e4 hyv\u00e4lt\u00e4 eik\u00e4 vie paljon tilaa.&quot;\u201d\u00a0<\/p>\n<p>\u201c&quot;K\u00e4yt\u00e4n t\u00e4t\u00e4 tyyny\u00e4 joka ilta televisiota katsellessani. Se tukee selk\u00e4\u00e4 erinomaisesti ja samettikangas on eritt\u00e4in pehme\u00e4\u00e4.&quot;\u201d<\/p>\n<p><strong>Edullinen ratkaisu oleskeluun<\/strong><\/p>\n<p>T\u00e4m\u00e4 kodikas kiilamainen tyyny on erinomainen mutta edullinen lahja lukutoukkayst\u00e4v\u00e4lle. Tai hanki sellainen itsellesi rentoutuaksesi mukavasti. Ota selv\u00e4\u00e4, miksi asiakkaat kutsuvat t\u00e4t\u00e4 &quot;t\u00e4ydelliseksi lukutyynyksi&quot; jo t\u00e4n\u00e4\u00e4n.<\/p>","protected":false},"excerpt":{"rendered":"<ul>\n<li>T\u00c4YDELLINEN S\u00c4NGYSS\u00c4 LUKEMINEN: T\u00e4m\u00e4 lukutyyny tarjoaa erinomaisen tuen sel\u00e4lle ja niskatuelle maksimaalisen mukavuuden takaamiseksi lukiessa tai televisiota katsellessa.<\/li>\n<li>IHANTEELLINEN S\u00c4NGYNP\u00c4\u00c4DYKSI: Monet ihmiset, erityisesti korkeakouluopiskelijat, pit\u00e4v\u00e4t t\u00e4t\u00e4 tyyny\u00e4 t\u00e4ydellisen\u00e4 s\u00e4ngynp\u00e4\u00e4tyn\u00e4 \u2013 sek\u00e4 koristeellisena ett\u00e4 k\u00e4yt\u00e4nn\u00f6llisen\u00e4.<\/li>\n<li>MONIK\u00c4YTT\u00d6INEN: Tarjoamme tyynyj\u00e4 kaikenkokoisina tavallisiin s\u00e4nkyihin; king size -tyyny sopii t\u00e4ydellisesti vuodesohvaksi, jolloin sit\u00e4 voidaan k\u00e4ytt\u00e4\u00e4 sohvana. Muita k\u00e4ytt\u00f6tarkoituksia ovat kerross\u00e4ngyn selk\u00e4noja ja s\u00e4ngynp\u00e4\u00e4ty.<\/li>\n<li>HELPPO PEST\u00c4: Kiinnitetyt napit luovat dynaamisen tyynyn muodon ja mahdollistavat samalla p\u00e4\u00e4llisen irrotettavan ja pest\u00e4v\u00e4n.<\/li>\n<li>KORKEALAATUINEN MATERIAALI: Selk\u00e4tukityyny on t\u00e4ytetty tihe\u00e4ll\u00e4 polyuretaanit\u00e4ytteell\u00e4, joka tarjoaa erinomaisen tuen sel\u00e4lle. Kiilamainen tyynyn kangas luo hyv\u00e4n visuaalisen vaikutelman, joka sopii sisustukseesi.<\/li>\n<li>Kangas: Sametti (100% polyesteri).<\/li>\n<li><strong>Koko:<\/strong> 45cm (45*20*50cm | 0 nappia), 60cm (60*20*50cm | 0 nappia), 80cm (80*20*50cm | 2 nappia), 100cm (100*20*50cm | 3 nappia), 120cm (120*20*50cm | 4 nappia), 140cm (140*20*50cm | 4 nappia), 160cm (160*20*50cm | 5 nappia), 180cm (180*20*50cm | 6 nappia), 200cm (200*20*50cm | 7 nappia).<\/li>\n<\/ul>","protected":false},"featured_media":251,"comment_status":"open","ping_status":"closed","template":"","meta":[],"product_brand":[],"product_cat":[15],"product_tag":[66,139,101,125,89,74,65,64,91,53,94,138],"class_list":{"0":"post-252","1":"product","2":"type-product","3":"status-publish","4":"has-post-thumbnail","6":"product_cat-pillows","7":"product_tag-back-support-pillow","8":"product_tag-blue-pillow","9":"product_tag-bunk-bed-backrest","10":"product_tag-corduroy-fabric-pillow","11":"product_tag-daybed-couch","12":"product_tag-daybed-pillow","13":"product_tag-decorative-pillow","14":"product_tag-functional-pillow","15":"product_tag-multipurpose-pillow","16":"product_tag-reading-pillow","17":"product_tag-tv-pillow","18":"product_tag-wedge-support-pillow","20":"first","21":"instock","22":"shipping-taxable","23":"purchasable","24":"product-type-variable","25":"has-default-attributes"},"_links":{"self":[{"href":"https:\/\/www.livingpillow.com\/fi\/wp-json\/wp\/v2\/product\/252","targetHints":{"allow":["GET"]}}],"collection":[{"href":"https:\/\/www.livingpillow.com\/fi\/wp-json\/wp\/v2\/product"}],"about":[{"href":"https:\/\/www.livingpillow.com\/fi\/wp-json\/wp\/v2\/types\/product"}],"replies":[{"embeddable":true,"href":"https:\/\/www.livingpillow.com\/fi\/wp-json\/wp\/v2\/comments?post=252"}],"wp:featuredmedia":[{"embeddable":true,"href":"https:\/\/www.livingpillow.com\/fi\/wp-json\/wp\/v2\/media\/251"}],"wp:attachment":[{"href":"https:\/\/www.livingpillow.com\/fi\/wp-json\/wp\/v2\/media?parent=252"}],"wp:term":[{"taxonomy":"product_brand","embeddable":true,"href":"https:\/\/www.livingpillow.com\/fi\/wp-json\/wp\/v2\/product_brand?post=252"},{"taxonomy":"product_cat","embeddable":true,"href":"https:\/\/www.livingpillow.com\/fi\/wp-json\/wp\/v2\/product_cat?post=252"},{"taxonomy":"product_tag","embeddable":true,"href":"https:\/\/www.livingpillow.com\/fi\/wp-json\/wp\/v2\/product_tag?post=252"}],"curies":[{"name":"wp","href":"https:\/\/api.w.org\/{rel}","templated":true}]}}