{"id":488,"date":"2024-02-23T05:44:00","date_gmt":"2024-02-23T05:44:00","guid":{"rendered":"https:\/\/www.livingpillow.com\/product\/bed-wedge-support-pillow"},"modified":"2026-03-03T01:22:19","modified_gmt":"2026-03-03T01:22:19","slug":"sangyn-kiilatyyny-lukutyyny-sametti-syvan-sininen","status":"publish","type":"product","link":"https:\/\/www.livingpillow.com\/fi\/product\/bed-wedge-support-pillow-reading-cushion-velvet-deep-blue","title":{"rendered":"S\u00e4ngyn kiilatyyny lukutyyny sametti syv\u00e4n sininen"},"content":{"rendered":"<p>L\u00f6yd\u00e4 t\u00e4ydellinen luku- ja rentoutumiskumppani<\/p>\n<p>Oletko kyll\u00e4stynyt rasittamaan niskaasi ja selk\u00e4\u00e4si lukiessasi s\u00e4ngyss\u00e4 tai sohvalla? Onko sinulla vaikeuksia l\u00f6yt\u00e4\u00e4 koristeellisia ja toimivia asusteita asuntolan sisustukseen? Monik\u00e4ytt\u00f6inen kolmiotyynymme on ratkaisu. Saatavilla useissa eri kokoisina 45 cm:st\u00e4 200 cm:iin, t\u00e4m\u00e4 kolmiotyyny tarjoaa erinomaista tukea niin rentoutuessasi, opiskellessa kuin katsoessasi suosikkiohjelmiasi.<\/p>\n<p>Pehme\u00e4st\u00e4 ja samettisesta 100%-polyesterikankaasta ja tihe\u00e4st\u00e4 polyuretaanit\u00e4ytteest\u00e4 valmistettu tyyny mukautuu vartaloosi ja tarjoaa erinomaisen mukavuuden. Kiinnitettyjen nappien avulla voit s\u00e4\u00e4t\u00e4\u00e4 muotoa tarpeen mukaan. Tyylikk\u00e4\u00e4n ulkon\u00e4k\u00f6ns\u00e4 ansiosta kolmionmuotoinen tyyny voi jopa toimia vaihtoehtoisena s\u00e4ngynp\u00e4\u00e4tyn\u00e4 t\u00e4ydent\u00e4m\u00e4\u00e4n makuu- tai asuntolan sisustusta. <\/p>\n<p>Kuten er\u00e4s tyytyv\u00e4inen asiakas sanoi: \u201cRakastan t\u00e4m\u00e4n tyynyn samettikankaan pehmeytt\u00e4. Se tekee s\u00e4ngyss\u00e4 lukemisesta paljon mukavampaa ilman, ett\u00e4 tarvitsee tukea kovia tyynyj\u00e4.\u201d<\/p>\n<p>Toinen kirjoitti: \u201cT\u00e4m\u00e4 kolmiotyyny on paljon tyylikk\u00e4\u00e4mpi kuin tyypillinen lukutyyny. K\u00e4yt\u00e4n sit\u00e4 s\u00e4ngynp\u00e4\u00e4tyn\u00e4 asunnossani, koska minulla ei ole tilaa oikealle tyynylle.\u201d<\/p>\n<p>Monipuolisuuden, korkealaatuisten materiaalien ja irrotettavan, konepest\u00e4v\u00e4n p\u00e4\u00e4llisen ansiosta helppohoitoisuuden ansiosta t\u00e4m\u00e4 kolmionmuotoinen tyyny on ehdoton lis\u00e4varuste parempaan rentoutumiseen.<\/p>","protected":false},"excerpt":{"rendered":"<ul>\n<li><strong>T\u00e4ydellinen lukemiseen:<\/strong> Tarjoaa erinomaisen tuen sel\u00e4lle ja niskatuelle mukavuutta varten lukiessa tai televisiota katsellessa.<\/li>\n<li><strong>Vaihtoehto s\u00e4ngynp\u00e4\u00e4dylle:<\/strong> Voi toimia koristeellisena ja k\u00e4yt\u00e4nn\u00f6llisen\u00e4 s\u00e4ngynp\u00e4\u00e4tyn\u00e4, erityisesti korkeakouluopiskelijoille.<\/li>\n<li><strong>Monik\u00e4ytt\u00f6inen:<\/strong> Saatavilla eri kokoisina tavallisiin s\u00e4nkyihin ja vuoteisiin; voidaan k\u00e4ytt\u00e4\u00e4 my\u00f6s kerross\u00e4ngyn selk\u00e4nojana tai p\u00e4\u00e4tyn\u00e4.<\/li>\n<li><strong>Helppo huolto:<\/strong> Kiinnitetyt napit mahdollistavat dynaamisen muodon ja irrotettavan p\u00e4\u00e4llisen helppoa pesua varten.<\/li>\n<li><strong>Korkealaatuinen rakenne:<\/strong> Tihe\u00e4 polyuretaanit\u00e4yte tarjoaa erinomaisen selk\u00e4tuen, ja kest\u00e4v\u00e4 kangas t\u00e4ydent\u00e4\u00e4 sisustusta.<\/li>\n<li><strong>Kangas:<\/strong> Pehme\u00e4\u00e4 ja samettista 100%-polyesteri\u00e4.<\/li>\n<li><strong>Koko:<\/strong> 45 cm (45 * 20 * 50 cm | 0 nappia); 60 cm (60 * 20 * 50 cm | 0 nappia); 80 cm (80 * 20 * 50 cm | 2 nappia); 100 cm (100 * 20 * 50 cm | 3 nappia); 120 cm (120 * 20 * 50 cm | 4 nappia); 140 cm (140 * 20 * 50 cm | 4 nappia); 160 cm (160 * 20 * 50 cm | 5 nappia); 180 cm (180 * 20 * 50 cm | 6 nappia); 200 cm (200 * 20 * 50 cm | 7 nappia).<\/li>\n<\/ul>","protected":false},"featured_media":487,"comment_status":"open","ping_status":"closed","template":"","meta":[],"product_brand":[],"product_cat":[15],"product_tag":[114,113,110,101,98,112,111],"class_list":{"0":"post-488","1":"product","2":"type-product","3":"status-publish","4":"has-post-thumbnail","6":"product_cat-pillows","7":"product_tag-alternative-to-headboard","8":"product_tag-back-and-neck-support","9":"product_tag-bed-wedge-support-pillow","10":"product_tag-bunk-bed-backrest","11":"product_tag-decorative-headboard","12":"product_tag-perfect-for-reading","13":"product_tag-reading-cushion","15":"first","16":"instock","17":"shipping-taxable","18":"purchasable","19":"product-type-variable","20":"has-default-attributes"},"_links":{"self":[{"href":"https:\/\/www.livingpillow.com\/fi\/wp-json\/wp\/v2\/product\/488","targetHints":{"allow":["GET"]}}],"collection":[{"href":"https:\/\/www.livingpillow.com\/fi\/wp-json\/wp\/v2\/product"}],"about":[{"href":"https:\/\/www.livingpillow.com\/fi\/wp-json\/wp\/v2\/types\/product"}],"replies":[{"embeddable":true,"href":"https:\/\/www.livingpillow.com\/fi\/wp-json\/wp\/v2\/comments?post=488"}],"wp:featuredmedia":[{"embeddable":true,"href":"https:\/\/www.livingpillow.com\/fi\/wp-json\/wp\/v2\/media\/487"}],"wp:attachment":[{"href":"https:\/\/www.livingpillow.com\/fi\/wp-json\/wp\/v2\/media?parent=488"}],"wp:term":[{"taxonomy":"product_brand","embeddable":true,"href":"https:\/\/www.livingpillow.com\/fi\/wp-json\/wp\/v2\/product_brand?post=488"},{"taxonomy":"product_cat","embeddable":true,"href":"https:\/\/www.livingpillow.com\/fi\/wp-json\/wp\/v2\/product_cat?post=488"},{"taxonomy":"product_tag","embeddable":true,"href":"https:\/\/www.livingpillow.com\/fi\/wp-json\/wp\/v2\/product_tag?post=488"}],"curies":[{"name":"wp","href":"https:\/\/api.w.org\/{rel}","templated":true}]}}