{"id":736,"date":"2024-02-23T14:54:47","date_gmt":"2024-02-23T14:54:47","guid":{"rendered":"https:\/\/www.livingpillow.com\/product\/headboard-pillow-wedge"},"modified":"2026-03-11T05:10:17","modified_gmt":"2026-03-11T05:10:17","slug":"sangynpaaty-koristeellinen-tyyny-iso-kiilatyyny-pellava-violetti","status":"publish","type":"product","link":"https:\/\/www.livingpillow.com\/fi\/product\/headboard-decorative-pillow-big-wedge-cushion-linen-purple","title":{"rendered":"S\u00e4ngynp\u00e4\u00e4dyn koristeellinen tyyny, iso kiilatyyny, violetti"},"content":{"rendered":"<p>Esittelyss\u00e4 t\u00e4ydellinen lukukumppani \u2013 korkealaatuinen selk\u00e4tukityyny, joka sopii t\u00e4ydellisesti s\u00e4ngyss\u00e4 lukemiseen ja television katseluun. Se ei ainoastaan tarjoa erinomaista tukea sel\u00e4lle ja niskatuelle maksimaalisen mukavuuden takaamiseksi, vaan sit\u00e4 voidaan k\u00e4ytt\u00e4\u00e4 my\u00f6s vaihtoehtoisena s\u00e4ngynp\u00e4\u00e4tyn\u00e4, mik\u00e4 tekee siit\u00e4 sek\u00e4 koristeellisen ett\u00e4 k\u00e4yt\u00e4nn\u00f6llisen.<\/p>\n<p>Polyesterist\u00e4 ja sekoituksesta valmistettu selk\u00e4tukityyny antaa eritt\u00e4in hyv\u00e4n visuaalisen ilmeen, joka sopii sisustukseesi. Se on t\u00e4ytetty tihe\u00e4ll\u00e4 polyuretaanit\u00e4ytteell\u00e4, joka tarjoaa erinomaisen selk\u00e4tuen.<\/p>\n<p>T\u00e4m\u00e4 monik\u00e4ytt\u00f6inen tyyny on saatavilla kaikissa kokoluokissa, joten se sopii lastens\u00e4nkyihin, kerross\u00e4nkyihin, asuntovaunuihin\/per\u00e4vaunuihin ja tavallisiin s\u00e4nkyihin. Jos sinulla on univaikeuksia tai her\u00e4\u00e4t niskaj\u00e4ykk\u00e4n\u00e4, t\u00e4m\u00e4 tyyny voi tarjota my\u00f6s erinomaisen tuen p\u00e4\u00e4lle ja niskalle.<\/p>\n<p>Lis\u00e4ksi kiinnitetyt napit eiv\u00e4t ainoastaan luo dynaamisempaa tyynyn muotoa, vaan tekev\u00e4t my\u00f6s p\u00e4\u00e4llisest\u00e4 irrotettavan ja pest\u00e4v\u00e4n, mik\u00e4 helpottaa puhdistamista ja hoitoa.<\/p>\n<p>Tyytyv\u00e4iset asiakkaamme ovat kehuneet t\u00e4t\u00e4 tyyny\u00e4, ja yksi heist\u00e4 on sanonut: &quot;T\u00e4m\u00e4 on paras kolmiotyyny, joka minulla on koskaan ollut! Tyyny on superpehme\u00e4 ja mukava, ja v\u00e4ri on kaunis.&quot;\u201c<\/p>\n<p>Tyyny\u00e4 on saatavilla eri kokoisina, kuten 45 cm, 60 cm, 80 cm, 100 cm, 120 cm, 140 cm, 160 cm, 180 cm ja 200 cm, joten voit valita t\u00e4ydellisen koon s\u00e4nkyysi ja tarpeisiisi.<\/p>\n<p>Investoi t\u00e4h\u00e4n korkealaatuiseen selk\u00e4tyynyyn jo t\u00e4n\u00e4\u00e4n ja nauti \u00e4\u00e4rimm\u00e4isest\u00e4 mukavuudesta ja rentoutumisesta lukiessasi tai katsellessasi televisiota s\u00e4ngyss\u00e4.<\/p>","protected":false},"excerpt":{"rendered":"<ul>\n<li><strong>T\u00c4YDELLINEN S\u00c4NGYSS\u00c4 LUKEMINEN:<\/strong> T\u00e4m\u00e4 lukutyyny tarjoaa erinomaisen tuen sel\u00e4lle ja niskalle maksimaalisen mukavuuden takaamiseksi lukiessa ja televisiota katsellessa.<\/li>\n<li><strong>VAIHTOEHTO S\u00c4NGYNP\u00c4\u00c4DYKSI:<\/strong> Monet ihmiset, erityisesti korkeakouluopiskelijat, pit\u00e4v\u00e4t tyyny\u00e4 t\u00e4ydellisen\u00e4 s\u00e4ngynp\u00e4\u00e4dyn\u00e4: sek\u00e4 koristeellisena ett\u00e4 k\u00e4yt\u00e4nn\u00f6llisen\u00e4.<\/li>\n<li><strong>MONIK\u00c4YTT\u00d6INEN:<\/strong> Tarjoamme tyynyj\u00e4 kaikenkokoisiin tavallisiin s\u00e4nkyihin. K\u00e4ytt\u00f6kohteita ovat esimerkiksi lasten puskurityynyt, kerross\u00e4ngyn selk\u00e4nojat ja asuntovaunun\/per\u00e4vaunun s\u00e4ngynp\u00e4\u00e4dyt.<\/li>\n<li><strong>HELPPO PEST\u00c4:<\/strong> Kiinnitetyt napit eiv\u00e4t ainoastaan luo dynaamisempaa tyynyn muotoa, vaan tekev\u00e4t my\u00f6s p\u00e4\u00e4llisest\u00e4 irrotettavan ja pest\u00e4v\u00e4n.<\/li>\n<li><strong>KORKEALAATUINEN MATERIAALI:<\/strong> Selk\u00e4tukityyny on t\u00e4ytetty tihe\u00e4ll\u00e4 polyuretaanit\u00e4ytteell\u00e4, joka tarjoaa erinomaisen tuen sel\u00e4lle. Kiilatyynyjen kangas n\u00e4ytt\u00e4\u00e4 eritt\u00e4in hyv\u00e4lt\u00e4 ja sopii sisustukseesi.<\/li>\n<li><strong>Koko:<\/strong> 45 cm (45 * 20 * 50 cm | 0 nappia); 60 cm (60 * 20 * 50 cm | 0 nappia); 80 cm (80 * 20 * 50 cm | 2 nappia); 100 cm (100 * 20 * 50 cm | 3 nappia); 120 cm (120 * 20 * 50 cm | 4 nappia); 140 cm (140 * 20 * 50 cm | 4 nappia); 160 cm (160 * 20 * 50 cm | 5 nappia); 180 cm (180 * 20 * 50 cm | 6 nappia); 200 cm (200 * 20 * 50 cm | 7 nappia).<\/li>\n<\/ul>","protected":false},"featured_media":735,"comment_status":"open","ping_status":"closed","template":"","meta":[],"product_brand":[],"product_cat":[15],"product_tag":[83,82,84,85,65,54,58,86,87,60],"class_list":{"0":"post-736","1":"product","2":"type-product","3":"status-publish","4":"has-post-thumbnail","6":"product_cat-pillows","7":"product_tag-alternative-headboard","8":"product_tag-big-wedge-cushion","9":"product_tag-bumper-pillow","10":"product_tag-bunk-bed-backrests","11":"product_tag-decorative-pillow","12":"product_tag-headboard-pillow","13":"product_tag-linen-pillow","14":"product_tag-rv-headboard","15":"product_tag-trailer-headboard","16":"product_tag-wedge-cushion","18":"first","19":"instock","20":"shipping-taxable","21":"purchasable","22":"product-type-variable","23":"has-default-attributes"},"_links":{"self":[{"href":"https:\/\/www.livingpillow.com\/fi\/wp-json\/wp\/v2\/product\/736","targetHints":{"allow":["GET"]}}],"collection":[{"href":"https:\/\/www.livingpillow.com\/fi\/wp-json\/wp\/v2\/product"}],"about":[{"href":"https:\/\/www.livingpillow.com\/fi\/wp-json\/wp\/v2\/types\/product"}],"replies":[{"embeddable":true,"href":"https:\/\/www.livingpillow.com\/fi\/wp-json\/wp\/v2\/comments?post=736"}],"wp:featuredmedia":[{"embeddable":true,"href":"https:\/\/www.livingpillow.com\/fi\/wp-json\/wp\/v2\/media\/735"}],"wp:attachment":[{"href":"https:\/\/www.livingpillow.com\/fi\/wp-json\/wp\/v2\/media?parent=736"}],"wp:term":[{"taxonomy":"product_brand","embeddable":true,"href":"https:\/\/www.livingpillow.com\/fi\/wp-json\/wp\/v2\/product_brand?post=736"},{"taxonomy":"product_cat","embeddable":true,"href":"https:\/\/www.livingpillow.com\/fi\/wp-json\/wp\/v2\/product_cat?post=736"},{"taxonomy":"product_tag","embeddable":true,"href":"https:\/\/www.livingpillow.com\/fi\/wp-json\/wp\/v2\/product_tag?post=736"}],"curies":[{"name":"wp","href":"https:\/\/api.w.org\/{rel}","templated":true}]}}