{"id":786,"date":"2024-02-23T23:54:47","date_gmt":"2024-02-23T23:54:47","guid":{"rendered":"https:\/\/www.livingpillow.com\/product\/large-wedge-bolster-pillow"},"modified":"2026-03-03T01:25:49","modified_gmt":"2026-03-03T01:25:49","slug":"kiilamainen-tyynynpaadyn-tyyny-sametti-viininpunainen","status":"publish","type":"product","link":"https:\/\/www.livingpillow.com\/fi\/product\/wedge-bolster-pillow-headboard-cushion-velvet-burgundy","title":{"rendered":"Kiilakoristetyynyn p\u00e4\u00e4tytyyny samettinen viininpunainen"},"content":{"rendered":"<p>Kiilakoristetyynyn p\u00e4\u00e4tytyyny samettinen viininpunainen<\/p>\n<p>Oletko kyll\u00e4stynyt k\u00e4ytt\u00e4m\u00e4\u00e4n useita tyynyj\u00e4 s\u00e4ngyss\u00e4 lukiessasi tai televisiota katsellessasi? Haluatko mukavan ja tyylikk\u00e4\u00e4n s\u00e4ngynp\u00e4\u00e4dyn, joka ei kuitenkaan tyhjenn\u00e4 pankkitili\u00e4si? Wedge Bolster -s\u00e4ngynp\u00e4\u00e4dyn tyyny Velvet Burgundy on oikea valinta.<\/p>\n<p>T\u00e4m\u00e4 lukutyyny tarjoaa poikkeuksellisen tuen sel\u00e4lle ja niskatuelle, joten se on t\u00e4ydellinen lis\u00e4varuste kaikille, jotka nauttivat rentoutumisesta s\u00e4ngyss\u00e4. Se toimii monipuolisesti s\u00e4ngynp\u00e4\u00e4tyn\u00e4, joka toimii sek\u00e4 koristeellisena ett\u00e4 k\u00e4yt\u00e4nn\u00f6llisen\u00e4 lis\u00e4n\u00e4 mihin tahansa makuuhuoneeseen. Lis\u00e4ksi sit\u00e4 on saatavilla eri kokoisina, joten se sopii tavallisiin s\u00e4nkyihin, vuoteisiin, kerross\u00e4nkyihin ja perinteisiin s\u00e4nkyihin.<\/p>\n<p>Tihe\u00e4 polyuretaanit\u00e4yte takaa erinomaisen sel\u00e4ntuen, ja visuaalisesti miellytt\u00e4v\u00e4 samettikangas (100% polyesteri) t\u00e4ydent\u00e4\u00e4 mit\u00e4 tahansa sisustusta. Kiinnitetyt napit eiv\u00e4t ainoastaan paranna tyynyn muotoa, vaan my\u00f6s mahdollistavat p\u00e4\u00e4llisen helpon irrottamisen ja pesemisen, joten se on helppo pit\u00e4\u00e4 puhtaana ja raikkaana.<\/p>\n<p>Mutta \u00e4l\u00e4 usko pelk\u00e4st\u00e4\u00e4n meit\u00e4. T\u00e4ss\u00e4 on joitakin tyytyv\u00e4isten asiakkaiden kommentteja:<\/p>\n<p>-&quot;Rakastan t\u00e4t\u00e4 tyyny\u00e4! Se on niin mukava, ja viininpunainen v\u00e4ri tuo ripauksen eleganssia makuuhuoneeseeni.&quot;\u201c<\/p>\n<p>-\u201cWedge Bolster -s\u00e4ngynp\u00e4\u00e4dyn tyyny Velvet Burgundy on todella monipuolinen. K\u00e4yt\u00e4n sit\u00e4 selk\u00e4nojana lukeessani, s\u00e4ngynp\u00e4\u00e4tyn\u00e4 nukkuessani ja jopa tyynyn\u00e4 rentoutuessani vuosohvallani.\u201d<\/p>\n<p>-&quot;Samettikangas on niin pehme\u00e4\u00e4 ja ylellinen. Tuntuu kuin nukkuisin viiden t\u00e4hden hotellissa!&quot;\u201c<\/p>\n<p>Miksi siis odottaa? Investoi Wedge Bolster -s\u00e4ngynp\u00e4\u00e4dyn tyynyyn Velvet Burgundylla jo t\u00e4n\u00e4\u00e4n ja lis\u00e4\u00e4 mukavuutta ja tyyli\u00e4 makuuhuoneeseesi.<\/p>","protected":false},"excerpt":{"rendered":"<ul>\n<li>IDEAALINEN ILKALUKEMINEN: T\u00e4m\u00e4 lukutyyny tarjoaa poikkeuksellisen tuen sel\u00e4lle ja niskatuelle, mik\u00e4 takaa \u00e4\u00e4rimm\u00e4isen mukavuuden lukiessa ja television katselun aikana.<\/li>\n<li>MONIK\u00c4YTT\u00d6INEN S\u00c4NGYN P\u00c4\u00c4TYN\u00c4: Monet ihmiset, erityisesti opiskelijat, arvostavat tyynyn kaksoistoimintoa koristeellisena ja k\u00e4yt\u00e4nn\u00f6llisen\u00e4 s\u00e4ngynp\u00e4\u00e4tyn\u00e4.<\/li>\n<li>MONITOIMINNALLINEN: Saatavilla eri kokoisina vakios\u00e4nkyihin, joista suurempi sopii t\u00e4ydellisesti vuoteeseen, jota voi k\u00e4ytt\u00e4\u00e4 my\u00f6s sohvana. Sopii my\u00f6s k\u00e4ytett\u00e4v\u00e4ksi selk\u00e4nojana kerross\u00e4ngyss\u00e4 ja s\u00e4ngynp\u00e4\u00e4dyn\u00e4 perinteisiss\u00e4 s\u00e4nkyiss\u00e4.<\/li>\n<li>HELPPO PUHDISTAA: Kiinnitetyt napit eiv\u00e4t ainoastaan paranna tyynyn muotoa, vaan my\u00f6s mahdollistavat p\u00e4\u00e4llisen helpon irrottamisen ja pesemisen.<\/li>\n<li>ENSILUOKKAISET MATERIAALIT: Kiilatyynyt on t\u00e4ytetty tihe\u00e4ll\u00e4 polyuretaanilla, joka tarjoaa erinomaisen selk\u00e4tuen. Visuaalisesti miellytt\u00e4v\u00e4 samettikangas (100% polyesteri) sopii mihin tahansa sisustukseen.<\/li>\n<li>Kangas: Sametti (100% polyesteri).<\/li>\n<li>Koko: 45cm (45*20*50cm | 0 nappia); 60cm (60*20*50cm | 0 nappia); 80cm (80*20*50cm | 2 nappia); 100cm (100*20*50cm | 3 nappia); 120cm (120*20*50cm | 4 nappia); 140cm (140*20*50cm | 4 nappia); 160cm (160*20*50cm | 5 nappia); 180cm (180*20*50cm | 6 nappia); 200cm (200*20*50cm | 7 nappia).<\/li>\n<\/ul>","protected":false},"featured_media":785,"comment_status":"open","ping_status":"closed","template":"","meta":[],"product_brand":[],"product_cat":[15],"product_tag":[63,72,70,71,74,65,57,54,73,55,56,69],"class_list":{"0":"post-786","1":"product","2":"type-product","3":"status-publish","4":"has-post-thumbnail","6":"product_cat-pillows","7":"product_tag-backrest-pillow","8":"product_tag-bed-pillows","9":"product_tag-bunk-bed-pillow","10":"product_tag-burgundy-pillow","11":"product_tag-daybed-pillow","12":"product_tag-decorative-pillow","13":"product_tag-headboard-cushion","14":"product_tag-headboard-pillow","15":"product_tag-sofa-pillow","16":"product_tag-velvet-pillow","17":"product_tag-wedge-bolster-pillow","18":"product_tag-wedge-pillow","20":"first","21":"instock","22":"featured","23":"shipping-taxable","24":"purchasable","25":"product-type-variable","26":"has-default-attributes"},"_links":{"self":[{"href":"https:\/\/www.livingpillow.com\/fi\/wp-json\/wp\/v2\/product\/786","targetHints":{"allow":["GET"]}}],"collection":[{"href":"https:\/\/www.livingpillow.com\/fi\/wp-json\/wp\/v2\/product"}],"about":[{"href":"https:\/\/www.livingpillow.com\/fi\/wp-json\/wp\/v2\/types\/product"}],"replies":[{"embeddable":true,"href":"https:\/\/www.livingpillow.com\/fi\/wp-json\/wp\/v2\/comments?post=786"}],"wp:featuredmedia":[{"embeddable":true,"href":"https:\/\/www.livingpillow.com\/fi\/wp-json\/wp\/v2\/media\/785"}],"wp:attachment":[{"href":"https:\/\/www.livingpillow.com\/fi\/wp-json\/wp\/v2\/media?parent=786"}],"wp:term":[{"taxonomy":"product_brand","embeddable":true,"href":"https:\/\/www.livingpillow.com\/fi\/wp-json\/wp\/v2\/product_brand?post=786"},{"taxonomy":"product_cat","embeddable":true,"href":"https:\/\/www.livingpillow.com\/fi\/wp-json\/wp\/v2\/product_cat?post=786"},{"taxonomy":"product_tag","embeddable":true,"href":"https:\/\/www.livingpillow.com\/fi\/wp-json\/wp\/v2\/product_tag?post=786"}],"curies":[{"name":"wp","href":"https:\/\/api.w.org\/{rel}","templated":true}]}}