{"id":133,"date":"2024-02-22T08:35:07","date_gmt":"2024-02-22T08:35:07","guid":{"rendered":"https:\/\/www.livingpillow.com\/product\/wedge-bolster-pillow"},"modified":"2026-03-11T05:10:23","modified_gmt":"2026-03-11T05:10:23","slug":"coussin-coussin-coussin-coussin-coussin-coussin-coussin-coussin-coussin-coussin-coussin-coussin-coussin-coussin-coussin-coussin-coussin-coussin-coussin-coussin-lin-blanc","status":"publish","type":"product","link":"https:\/\/www.livingpillow.com\/fr\/product\/wedge-bolster-pillow-backsupport-cushion-linen-white","title":{"rendered":"Oreiller de traversin cun\u00e9iforme Coussin de soutien dorsal Blanc"},"content":{"rendered":"<p>Si vous aimez lire ou regarder la t\u00e9l\u00e9vision au lit mais que vous avez du mal \u00e0 vous installer confortablement, ce traversin cun\u00e9iforme est la solution id\u00e9ale. De forme ergonomique pour bercer votre dos et votre cou, il offre un soutien sup\u00e9rieur, que vous soyez assis ou allong\u00e9. <\/p>\n<p>Avec sa housse \u00e9l\u00e9gante et sa gamme de couleurs neutres, l'oreiller peut servir de t\u00eate de lit ou de dossier de lit de jour. Il est id\u00e9al pour les dortoirs, les chambres d'enfants, les lits d'amis, les camping-cars, etc. La housse est amovible et lavable en machine pour un entretien facile.<\/p>\n<p>Ce que disent les clients :<\/p>\n<p>\"Ce coussin de dossier a vraiment chang\u00e9 la donne pour moi. Je peux enfin lire au lit sans avoir mal au cou ou au dos.\"<\/p>\n<p>\"J'ai pris la taille 160 cm pour mon lit de jour et il est tr\u00e8s joli tout en m'offrant un endroit confortable pour m'appuyer. <\/p>\n<p>\"Je l'ai achet\u00e9 pour le lit superpos\u00e9 de ma fille afin qu'elle puisse s'asseoir confortablement. Elle adore s'en servir pour lire.\"<\/p>\n<p>Avec sa forme astucieuse, son soutien \u00e0 haute densit\u00e9 et son look chic, ce coussin vise \u00e0 faire de l'alitement un plaisir. Il existe en plusieurs tailles pour s'adapter \u00e0 n'importe quel lit ou canap\u00e9. Il suffit de se pencher en arri\u00e8re et de se d\u00e9tendre dans son \u00e9treinte. Votre dos et votre cou vous remercieront !<\/p>","protected":false},"excerpt":{"rendered":"<ul>\n<li><strong>Id\u00e9al pour lire au lit :<\/strong> Support dorsal et cervical am\u00e9lior\u00e9 pour un confort sup\u00e9rieur lorsque vous lisez ou regardez la t\u00e9l\u00e9vision.<\/li>\n<li><strong>Sert \u00e9galement de t\u00eate de lit :<\/strong> Un excellent choix pour la d\u00e9coration et la fonctionnalit\u00e9, en particulier pour les \u00e9tudiants.<\/li>\n<li><strong>Utilisation polyvalente :<\/strong> Convient \u00e0 toutes les tailles de lit, la taille king size s'adaptant parfaitement \u00e0 un lit de jour pour servir de canap\u00e9. \u00c9galement utile comme oreiller pour enfants, dossier de lit superpos\u00e9 ou t\u00eate de lit pour camping-car\/caravane.<\/li>\n<li><strong>Lavable Design :<\/strong> La housse amovible avec boutons permet un lavage facile et une forme \u00e9l\u00e9gante.<\/li>\n<li><strong>Mat\u00e9riau de premi\u00e8re qualit\u00e9 :<\/strong> Rempli de polyur\u00e9thane haute densit\u00e9 pour un soutien dorsal robuste, son tissu rehausse l'esth\u00e9tique de l'int\u00e9rieur.<\/li>\n<li><strong>Taille :<\/strong> 100cm (L100 x W26 x H55 | 3 boutons de colonnes), 120cm (L120 x W26 x H55 | 4 boutons de colonnes), 140cm (L140 x W26 x H55 | 4 boutons de colonnes), 160cm (L160 x W26 x H55 | 5 boutons de colonnes), 180cm (L180 x W26 x H55 | 6 boutons de colonnes), 200cm (L200 x W26 x H55 | 7 boutons de colonnes).<\/li>\n<\/ul>","protected":false},"featured_media":132,"comment_status":"open","ping_status":"closed","template":"","meta":[],"product_brand":[],"product_cat":[15],"product_tag":[151,101,68,74,58,53,152,56,100],"class_list":{"0":"post-133","1":"product","2":"type-product","3":"status-publish","4":"has-post-thumbnail","6":"product_cat-pillows","7":"product_tag-backsupport-cushion","8":"product_tag-bunk-bed-backrest","9":"product_tag-college-student-pillow","10":"product_tag-daybed-pillow","11":"product_tag-linen-pillow","12":"product_tag-reading-pillow","13":"product_tag-rvtrailer-headboard","14":"product_tag-wedge-bolster-pillow","15":"product_tag-white-linen-pillow","17":"first","18":"instock","19":"featured","20":"shipping-taxable","21":"purchasable","22":"product-type-variable","23":"has-default-attributes"},"_links":{"self":[{"href":"https:\/\/www.livingpillow.com\/fr\/wp-json\/wp\/v2\/product\/133","targetHints":{"allow":["GET"]}}],"collection":[{"href":"https:\/\/www.livingpillow.com\/fr\/wp-json\/wp\/v2\/product"}],"about":[{"href":"https:\/\/www.livingpillow.com\/fr\/wp-json\/wp\/v2\/types\/product"}],"replies":[{"embeddable":true,"href":"https:\/\/www.livingpillow.com\/fr\/wp-json\/wp\/v2\/comments?post=133"}],"wp:featuredmedia":[{"embeddable":true,"href":"https:\/\/www.livingpillow.com\/fr\/wp-json\/wp\/v2\/media\/132"}],"wp:attachment":[{"href":"https:\/\/www.livingpillow.com\/fr\/wp-json\/wp\/v2\/media?parent=133"}],"wp:term":[{"taxonomy":"product_brand","embeddable":true,"href":"https:\/\/www.livingpillow.com\/fr\/wp-json\/wp\/v2\/product_brand?post=133"},{"taxonomy":"product_cat","embeddable":true,"href":"https:\/\/www.livingpillow.com\/fr\/wp-json\/wp\/v2\/product_cat?post=133"},{"taxonomy":"product_tag","embeddable":true,"href":"https:\/\/www.livingpillow.com\/fr\/wp-json\/wp\/v2\/product_tag?post=133"}],"curies":[{"name":"wp","href":"https:\/\/api.w.org\/{rel}","templated":true}]}}