{"id":399,"date":"2024-02-23T04:37:55","date_gmt":"2024-02-23T04:37:55","guid":{"rendered":"https:\/\/www.livingpillow.com\/product\/back-support-cushion"},"modified":"2026-03-03T01:21:07","modified_gmt":"2026-03-03T01:21:07","slug":"coussin-de-soutien-du-dos-bel-oreiller-de-lit-velours-cotele-azur","status":"publish","type":"product","link":"https:\/\/www.livingpillow.com\/fr\/product\/back-support-cushion-beautiful-bed-pillow-corduroy-azure","title":{"rendered":"Coussin de soutien du dos Magnifique oreiller de lit velours bleu azur"},"content":{"rendered":"<p><strong>Am\u00e9liorez votre lecture et votre relaxation gr\u00e2ce \u00e0 nos oreillers de lecture triangulaires de qualit\u00e9 sup\u00e9rieure<\/strong><\/p>\n<p>Profitez d'une agr\u00e9able exp\u00e9rience de lecture ou de visionnage de la t\u00e9l\u00e9vision gr\u00e2ce \u00e0 nos oreillers de lecture triangulaires exceptionnels. Con\u00e7us pour offrir un soutien in\u00e9gal\u00e9 au dos et \u00e0 la nuque, ils rehaussent votre niveau de confort, rendant l'heure du coucher et les heures de loisir plus agr\u00e9ables.<\/p>\n<p><strong>Polyvalent et \u00e9l\u00e9gant<\/strong><\/p>\n<p>Que vous soyez un \u00e9tudiant \u00e0 la recherche d'une t\u00eate de lit fonctionnelle ou que vous souhaitiez am\u00e9liorer votre lit actuel, nos oreillers sont la solution id\u00e9ale. Disponibles dans toutes les tailles de lit, y compris le lit king, ils servent \u00e9galement de canap\u00e9s pour les lits de jour ou apportent un soutien suppl\u00e9mentaire en tant que dossier de lit superpos\u00e9.<\/p>\n<p><strong>Facilit\u00e9 d'entretien et qualit\u00e9 sup\u00e9rieure<\/strong><\/p>\n<p>Dot\u00e9s de housses amovibles fix\u00e9es par des boutons, nos oreillers sont faciles \u00e0 entretenir. Il suffit d'enlever les housses pour les laver facilement, ce qui garantit \u00e0 la fois l'hygi\u00e8ne et le style. Remplis de polyur\u00e9thane haute densit\u00e9, ces oreillers assurent un soutien optimal du dos, tandis que leur tissu en velours c\u00f4tel\u00e9 rehausse l'esth\u00e9tique de n'importe quelle pi\u00e8ce.<\/p>\n<p><strong>Commentaires positifs de clients satisfaits<\/strong><\/p>\n<p>\"Ces oreillers sont tellement confortables ! Je les utilise pour lire au lit et ils font une telle diff\u00e9rence. Je n'ai plus mal au dos et au cou.\" - Jane, un client v\u00e9rifi\u00e9<\/p>\n<p>\"J'adore le fait que je puisse utiliser ces coussins de tant de fa\u00e7ons diff\u00e9rentes. Ils sont parfaits pour mon lit de repos, mon lit superpos\u00e9 et m\u00eame comme t\u00eate de lit. Les housses sont \u00e9galement faciles \u00e0 laver !\" - Mary, une autre cliente satisfaite<\/p>\n<p><strong>Tailles et options<\/strong><\/p>\n<p>Nos oreillers sont disponibles dans une large gamme de tailles pour r\u00e9pondre \u00e0 vos besoins sp\u00e9cifiques :<\/p>\n<p>* 45cm (sans boutons)<br \/>\n* 60cm (sans boutons)<br \/>\n* 80cm (2 boutons)<br \/>\n* 100cm (3 boutons)<br \/>\n* 120cm (4 boutons)<br \/>\n* 140cm (4 boutons)<br \/>\n* 160cm (5 boutons)<br \/>\n* 180cm (6 boutons)<br \/>\n* 200cm (7 boutons)<\/p>\n<p><strong>Am\u00e9liorez votre confort et votre style<\/strong><\/p>\n<p>Commandez d\u00e8s aujourd'hui votre coussin de lecture triangulaire et d\u00e9couvrez le summum du confort et du style. Que vous soyez en train de lire un livre, de regarder un film ou que vous ayez simplement besoin d'un soutien suppl\u00e9mentaire, nos oreillers vous permettront de vous d\u00e9tendre et de profiter de vos loisirs.<\/p>","protected":false},"excerpt":{"rendered":"<ul>\n<li><strong>Parfait pour la lecture \u00e0 l'heure du coucher :<\/strong> Am\u00e9liorez votre exp\u00e9rience de lecture et de visionnage de la t\u00e9l\u00e9vision gr\u00e2ce \u00e0 un excellent soutien du dos et de la nuque.<\/li>\n<li><strong>Alternative \u00e0 la t\u00eate de lit fonctionnelle :<\/strong> Id\u00e9al pour les \u00e9tudiants, il sert \u00e0 la fois de t\u00eate de lit d\u00e9corative et fonctionnelle.<\/li>\n<li><strong>Utilisation polyvalente :<\/strong> Disponible dans toutes les tailles de lit, le mod\u00e8le king size s'adapte parfaitement aux lits de jour et peut servir de canap\u00e9. Utile comme dossier de lit superpos\u00e9 ou comme t\u00eate de lit autonome.<\/li>\n<li><strong>Lavable Design :<\/strong> Les housses sont d\u00e9tachables gr\u00e2ce \u00e0 des boutons attach\u00e9s pour faciliter le lavage, ce qui ajoute \u00e0 la commodit\u00e9 et au style de l'oreiller.<\/li>\n<li><strong>Mat\u00e9riau de premi\u00e8re qualit\u00e9 :<\/strong> Rempli de polyur\u00e9thane haute densit\u00e9 pour un soutien dorsal optimal, son tissu rehausse l'esth\u00e9tique de la pi\u00e8ce.<\/li>\n<li><strong>Mat\u00e9riau :<\/strong> 100% Velours c\u00f4tel\u00e9 en polyester.<\/li>\n<li><strong>Taille :<\/strong> 45cm (45*20*50cm | 0 boutons) ; 60cm (60*20*50cm | 0 boutons) ; 80cm (80*20*50cm | 2 boutons) ; 100cm (100*20*50cm | 3 boutons) ; 120cm (120*20*50cm | 4 boutons) ; 140cm (140*20*50cm | 4 boutons) ; 160cm (160*20*50cm | 5 boutons) ; 180cm (180*20*50cm | 6 boutons) ; 200cm (200*20*50cm | 7 boutons).<\/li>\n<\/ul>","protected":false},"featured_media":398,"comment_status":"open","ping_status":"closed","template":"","meta":[],"product_brand":[],"product_cat":[15],"product_tag":[121,122,101,74,98,116,90,123],"class_list":{"0":"post-399","1":"product","2":"type-product","3":"status-publish","4":"has-post-thumbnail","6":"product_cat-pillows","7":"product_tag-back-support-cushion","8":"product_tag-beautiful-bed-pillow","9":"product_tag-bunk-bed-backrest","10":"product_tag-daybed-pillow","11":"product_tag-decorative-headboard","12":"product_tag-functional-headboard-alternative","13":"product_tag-king-size-pillow","14":"product_tag-standalone-headboard","16":"first","17":"instock","18":"featured","19":"shipping-taxable","20":"purchasable","21":"product-type-variable","22":"has-default-attributes"},"_links":{"self":[{"href":"https:\/\/www.livingpillow.com\/fr\/wp-json\/wp\/v2\/product\/399","targetHints":{"allow":["GET"]}}],"collection":[{"href":"https:\/\/www.livingpillow.com\/fr\/wp-json\/wp\/v2\/product"}],"about":[{"href":"https:\/\/www.livingpillow.com\/fr\/wp-json\/wp\/v2\/types\/product"}],"replies":[{"embeddable":true,"href":"https:\/\/www.livingpillow.com\/fr\/wp-json\/wp\/v2\/comments?post=399"}],"wp:featuredmedia":[{"embeddable":true,"href":"https:\/\/www.livingpillow.com\/fr\/wp-json\/wp\/v2\/media\/398"}],"wp:attachment":[{"href":"https:\/\/www.livingpillow.com\/fr\/wp-json\/wp\/v2\/media?parent=399"}],"wp:term":[{"taxonomy":"product_brand","embeddable":true,"href":"https:\/\/www.livingpillow.com\/fr\/wp-json\/wp\/v2\/product_brand?post=399"},{"taxonomy":"product_cat","embeddable":true,"href":"https:\/\/www.livingpillow.com\/fr\/wp-json\/wp\/v2\/product_cat?post=399"},{"taxonomy":"product_tag","embeddable":true,"href":"https:\/\/www.livingpillow.com\/fr\/wp-json\/wp\/v2\/product_tag?post=399"}],"curies":[{"name":"wp","href":"https:\/\/api.w.org\/{rel}","templated":true}]}}