{"id":488,"date":"2024-02-23T05:44:00","date_gmt":"2024-02-23T05:44:00","guid":{"rendered":"https:\/\/www.livingpillow.com\/product\/bed-wedge-support-pillow"},"modified":"2026-03-03T01:22:19","modified_gmt":"2026-03-03T01:22:19","slug":"coussin-de-soutien-pour-le-lit-coussin-de-lecture-velours-bleu-profond","status":"publish","type":"product","link":"https:\/\/www.livingpillow.com\/fr\/product\/bed-wedge-support-pillow-reading-cushion-velvet-deep-blue","title":{"rendered":"Coussin de soutien pour le lit Coussin de lecture Velvet Deep Blue"},"content":{"rendered":"<p>D\u00e9couvrez le compagnon de lecture et de relaxation id\u00e9al<\/p>\n<p>Vous en avez assez de vous fatiguer le cou et le dos en lisant au lit ou sur le canap\u00e9 ? Vous avez du mal \u00e0 trouver des accessoires d\u00e9coratifs et fonctionnels pour votre chambre d'\u00e9tudiant ? Notre oreiller triangulaire polyvalent est la solution. Disponible dans une gamme de tailles allant de 45 cm \u00e0 200 cm, cet oreiller triangulaire offre un excellent soutien, que vous vous pr\u00e9lassiez, que vous \u00e9tudiiez ou que vous regardiez vos \u00e9missions pr\u00e9f\u00e9r\u00e9es.<\/p>\n<p>Fabriqu\u00e9 en tissu polyester 100% doux et velout\u00e9 avec un rembourrage en polyur\u00e9thane haute densit\u00e9, cet oreiller s'adapte \u00e0 votre corps pour un confort sup\u00e9rieur. Les boutons attach\u00e9s vous permettent d'ajuster la forme de l'oreiller selon vos besoins. Avec son look \u00e9l\u00e9gant, l'oreiller triangulaire peut m\u00eame servir de t\u00eate de lit pour compl\u00e9ter le d\u00e9cor de votre dortoir ou de votre chambre. <\/p>\n<p>Comme l'a dit un client satisfait : \"J'adore la douceur du tissu de velours de cet oreiller. Il rend la lecture au lit tellement plus confortable sans avoir \u00e0 s'appuyer sur des oreillers durs.\"<\/p>\n<p>Un autre a \u00e9crit : \"Ce coussin triangulaire est bien plus \u00e9l\u00e9gant qu'un coussin de lecture classique. Je l'utilise comme t\u00eate de lit dans mon appartement car je n'ai pas la place d'en mettre un vrai.\"<\/p>\n<p>Avec sa polyvalence, ses mat\u00e9riaux de haute qualit\u00e9 et son entretien facile gr\u00e2ce \u00e0 sa housse amovible et lavable en machine, ce coussin triangulaire est un accessoire indispensable pour mieux se d\u00e9tendre.<\/p>","protected":false},"excerpt":{"rendered":"<ul>\n<li><strong>Parfait pour la lecture :<\/strong> Il offre un excellent soutien du dos et de la nuque pour un confort optimal lors de la lecture ou de la vision de la t\u00e9l\u00e9vision.<\/li>\n<li><strong>Alternative \u00e0 la t\u00eate de lit :<\/strong> Peut servir de t\u00eate de lit d\u00e9corative et fonctionnelle, en particulier pour les \u00e9tudiants.<\/li>\n<li><strong>Polyvalent :<\/strong> Disponible en diff\u00e9rentes tailles pour les lits ordinaires et les lits de jour ; peut \u00e9galement \u00eatre utilis\u00e9 comme dossier ou t\u00eate de lit pour les lits superpos\u00e9s.<\/li>\n<li><strong>Entretien facile :<\/strong> Les boutons attach\u00e9s permettent une forme dynamique et la housse amovible facilite le lavage.<\/li>\n<li><strong>Construction de haute qualit\u00e9 :<\/strong> Le rembourrage en polyur\u00e9thane haute densit\u00e9 offre un excellent soutien dorsal, tandis que le tissu durable compl\u00e8te le d\u00e9cor int\u00e9rieur.<\/li>\n<li><strong>Tissu :<\/strong> Polyester doux et velout\u00e9 100%.<\/li>\n<li><strong>Taille :<\/strong> 45cm (45*20*50cm | 0 boutons) ; 60cm (60*20*50cm | 0 boutons) ; 80cm (80*20*50cm | 2 boutons) ; 100cm (100*20*50cm | 3 boutons) ; 120cm (120*20*50cm | 4 boutons) ; 140cm (140*20*50cm | 4 boutons) ; 160cm (160*20*50cm | 5 boutons) ; 180cm (180*20*50cm | 6 boutons) ; 200cm (200*20*50cm | 7 boutons).<\/li>\n<\/ul>","protected":false},"featured_media":487,"comment_status":"open","ping_status":"closed","template":"","meta":[],"product_brand":[],"product_cat":[15],"product_tag":[114,113,110,101,98,112,111],"class_list":{"0":"post-488","1":"product","2":"type-product","3":"status-publish","4":"has-post-thumbnail","6":"product_cat-pillows","7":"product_tag-alternative-to-headboard","8":"product_tag-back-and-neck-support","9":"product_tag-bed-wedge-support-pillow","10":"product_tag-bunk-bed-backrest","11":"product_tag-decorative-headboard","12":"product_tag-perfect-for-reading","13":"product_tag-reading-cushion","15":"first","16":"instock","17":"shipping-taxable","18":"purchasable","19":"product-type-variable","20":"has-default-attributes"},"_links":{"self":[{"href":"https:\/\/www.livingpillow.com\/fr\/wp-json\/wp\/v2\/product\/488","targetHints":{"allow":["GET"]}}],"collection":[{"href":"https:\/\/www.livingpillow.com\/fr\/wp-json\/wp\/v2\/product"}],"about":[{"href":"https:\/\/www.livingpillow.com\/fr\/wp-json\/wp\/v2\/types\/product"}],"replies":[{"embeddable":true,"href":"https:\/\/www.livingpillow.com\/fr\/wp-json\/wp\/v2\/comments?post=488"}],"wp:featuredmedia":[{"embeddable":true,"href":"https:\/\/www.livingpillow.com\/fr\/wp-json\/wp\/v2\/media\/487"}],"wp:attachment":[{"href":"https:\/\/www.livingpillow.com\/fr\/wp-json\/wp\/v2\/media?parent=488"}],"wp:term":[{"taxonomy":"product_brand","embeddable":true,"href":"https:\/\/www.livingpillow.com\/fr\/wp-json\/wp\/v2\/product_brand?post=488"},{"taxonomy":"product_cat","embeddable":true,"href":"https:\/\/www.livingpillow.com\/fr\/wp-json\/wp\/v2\/product_cat?post=488"},{"taxonomy":"product_tag","embeddable":true,"href":"https:\/\/www.livingpillow.com\/fr\/wp-json\/wp\/v2\/product_tag?post=488"}],"curies":[{"name":"wp","href":"https:\/\/api.w.org\/{rel}","templated":true}]}}