{"id":63,"date":"2024-02-22T06:31:12","date_gmt":"2024-02-22T06:31:12","guid":{"rendered":"https:\/\/www.livingpillow.com\/product\/back-pillow-for-sleeping"},"modified":"2026-03-11T05:10:28","modified_gmt":"2026-03-11T05:10:28","slug":"oreiller-dorsal-pour-dormir-grand-coussin-cale-lin-violet","status":"publish","type":"product","link":"https:\/\/www.livingpillow.com\/fr\/product\/back-pillow-for-sleeping-big-wedge-cushion-linen-purple","title":{"rendered":"Oreiller dorsal pour le sommeil Coussin cale grand violet"},"content":{"rendered":"<p>D\u00e9couvrez le soutien dorsal ultime avec l'oreiller dorsal pour dormir<\/p>\n<p>Si vous aimez lire au lit ou regarder la t\u00e9l\u00e9vision mais que vous avez du mal \u00e0 vous installer confortablement, l'oreiller dorsal pour le sommeil est la solution. Disponible dans une gamme de tailles allant de 100 \u00e0 200 cm, ce gros coussin cale offre un excellent soutien au dos et \u00e0 la nuque gr\u00e2ce \u00e0 son design triangulaire ergonomique. <\/p>\n<p>Fabriqu\u00e9 en polyur\u00e9thane haute densit\u00e9 et recouvert d'un tissu doux et respirant, l'oreiller dorsal s'adapte parfaitement \u00e0 votre corps pour un confort maximal. La housse amovible est dot\u00e9e de boutons qui permettent de la retirer facilement et de la laver en machine.  <\/p>\n<p>Plus qu'un simple dossier, cet oreiller polyvalent fait \u00e9galement office de t\u00eate de lit attrayante, particuli\u00e8rement pratique pour les chambres d'\u00e9tudiants. Vous pouvez m\u00eame l'utiliser comme oreiller pour emp\u00eacher les enfants de tomber du lit. Il est \u00e9galement id\u00e9al pour les lits de jour, les lits superpos\u00e9s, les v\u00e9hicules de loisirs et les caravanes. <\/p>\n<p>Les clients ne tarissent pas d'\u00e9loges sur le confort et la polyvalence de l'oreiller dorsal :<\/p>\n<p>\"J'adore lire au lit, mais je n'arrivais jamais \u00e0 m'y installer confortablement. Ce coussin dorsal change la donne ! Mon dos est tellement soutenu et je n'ai pas de douleurs, m\u00eame apr\u00e8s des heures de lecture.\"<\/p>\n<p>\"Nous avons transform\u00e9 notre chambre d'amis en salle multim\u00e9dia improvis\u00e9e et ce coussin dorsal est parfait pour les soir\u00e9es cin\u00e9ma ! Toute la famille peut s'y installer confortablement. <\/p>\n<p>\"J'ai achet\u00e9 l'oreiller de 200 cm pour mon camping-car. Il remplit toute la zone de couchage arri\u00e8re et rend mes voyages en voiture tellement plus agr\u00e9ables.\"<\/p>\n<p>\u201cCet adorable petit coussin dorsal emp\u00eache mon enfant de rouler hors de son lit superpos\u00e9. De plus, le tissu est tellement mignon avec ses draps sur le th\u00e8me de l'espace !\u201d<\/p>\n<p>Avec des tailles adapt\u00e9es \u00e0 tous les lits et \u00e0 tous les usages, l'oreiller dorsal pour le sommeil apporte un confort multifonctionnel et du style. Donnez un coup de pouce \u00e0 votre dos, \u00e0 votre cou et \u00e0 votre d\u00e9cor d\u00e8s aujourd'hui !<\/p>","protected":false},"excerpt":{"rendered":"<ul>\n<li><strong>Parfait pour lire et regarder la t\u00e9l\u00e9vision :<\/strong> Fournit un excellent soutien du dos et de la nuque pour un confort maximal lors de la lecture ou de la vision de la t\u00e9l\u00e9vision.<\/li>\n<li><strong>T\u00eate de lit polyvalente :<\/strong> Id\u00e9al comme t\u00eate de lit d\u00e9corative et fonctionnelle, notamment pour les \u00e9tudiants.<\/li>\n<li><strong>Polyvalent :<\/strong> Disponible en diff\u00e9rentes tailles pour les lits ordinaires, les lits de jour, les lits superpos\u00e9s et les v\u00e9hicules de loisirs\/caravanes. Peut \u00e9galement \u00eatre utilis\u00e9 comme oreiller pour les enfants.<\/li>\n<li><strong>Facile \u00e0 nettoyer :<\/strong> Housse amovible et lavable gr\u00e2ce aux boutons attach\u00e9s.<\/li>\n<li><strong>Mat\u00e9riaux de premi\u00e8re qualit\u00e9 :<\/strong> Rempli de polyur\u00e9thane haute densit\u00e9 pour un excellent soutien du dos et recouvert d'un tissu visuellement attrayant qui s'int\u00e8gre \u00e0 tous les d\u00e9cors.<\/li>\n<li><strong>Taille :<\/strong> 100cm (L100 x W26 x H55 | 3 boutons de colonnes), 120cm (L120 x W26 x H55 | 4 boutons de colonnes), 140cm (L140 x W26 x H55 | 4 boutons de colonnes), 160cm (L160 x W26 x H55 | 5 boutons de colonnes), 180cm (L180 x W26 x H55 | 6 boutons de colonnes), 200cm (L200 x W26 x H55 | 7 boutons de colonnes).<\/li>\n<\/ul>","protected":false},"featured_media":62,"comment_status":"open","ping_status":"closed","template":"","meta":[],"product_brand":[],"product_cat":[15],"product_tag":[164,82,84,70,170,74,98,58,91,166,53,168,165,169,134,167],"class_list":{"0":"post-63","1":"product","2":"type-product","3":"status-publish","4":"has-post-thumbnail","6":"product_cat-pillows","7":"product_tag-back-pillow","8":"product_tag-big-wedge-cushion","9":"product_tag-bumper-pillow","10":"product_tag-bunk-bed-pillow","11":"product_tag-child-pillow","12":"product_tag-daybed-pillow","13":"product_tag-decorative-headboard","14":"product_tag-linen-pillow","15":"product_tag-multipurpose-pillow","16":"product_tag-purple-cushion","17":"product_tag-reading-pillow","18":"product_tag-rv-pillow","19":"product_tag-sleeping-pillow","20":"product_tag-trailer-pillow","21":"product_tag-versatile-headboard","22":"product_tag-watching-tv-pillow","24":"first","25":"instock","26":"featured","27":"shipping-taxable","28":"purchasable","29":"product-type-variable","30":"has-default-attributes"},"_links":{"self":[{"href":"https:\/\/www.livingpillow.com\/fr\/wp-json\/wp\/v2\/product\/63","targetHints":{"allow":["GET"]}}],"collection":[{"href":"https:\/\/www.livingpillow.com\/fr\/wp-json\/wp\/v2\/product"}],"about":[{"href":"https:\/\/www.livingpillow.com\/fr\/wp-json\/wp\/v2\/types\/product"}],"replies":[{"embeddable":true,"href":"https:\/\/www.livingpillow.com\/fr\/wp-json\/wp\/v2\/comments?post=63"}],"wp:featuredmedia":[{"embeddable":true,"href":"https:\/\/www.livingpillow.com\/fr\/wp-json\/wp\/v2\/media\/62"}],"wp:attachment":[{"href":"https:\/\/www.livingpillow.com\/fr\/wp-json\/wp\/v2\/media?parent=63"}],"wp:term":[{"taxonomy":"product_brand","embeddable":true,"href":"https:\/\/www.livingpillow.com\/fr\/wp-json\/wp\/v2\/product_brand?post=63"},{"taxonomy":"product_cat","embeddable":true,"href":"https:\/\/www.livingpillow.com\/fr\/wp-json\/wp\/v2\/product_cat?post=63"},{"taxonomy":"product_tag","embeddable":true,"href":"https:\/\/www.livingpillow.com\/fr\/wp-json\/wp\/v2\/product_tag?post=63"}],"curies":[{"name":"wp","href":"https:\/\/api.w.org\/{rel}","templated":true}]}}