{"id":658,"date":"2024-02-23T13:50:30","date_gmt":"2024-02-23T13:50:30","guid":{"rendered":"https:\/\/www.livingpillow.com\/product\/large-wedge-pillow"},"modified":"2026-03-11T05:10:20","modified_gmt":"2026-03-11T05:10:20","slug":"grand-coussin-coussin-de-lecture-grand-lit-lin-jaune","status":"publish","type":"product","link":"https:\/\/www.livingpillow.com\/fr\/product\/large-wedge-pillow-big-bed-reading-cushion-linen-yellow","title":{"rendered":"Coussin de lecture pour lit de grande taille jaune"},"content":{"rendered":"<p><strong>Le soutien dorsal et le style ultimes : Pr\u00e9sentation de notre oreiller de lecture triangulaire polyvalent<\/strong><\/p>\n<p>Vous cherchez un moyen confortable et \u00e9l\u00e9gant d'am\u00e9liorer votre exp\u00e9rience de lecture ou de visionnage de la t\u00e9l\u00e9vision ? Ne cherchez pas plus loin que notre oreiller de lecture Triangle de premi\u00e8re qualit\u00e9 !<\/p>\n<p><strong>Le confort qui enveloppe<\/strong><\/p>\n<p>Notre coussin de lecture offre un soutien in\u00e9gal\u00e9 pour le dos et la nuque, cr\u00e9ant un coin douillet pour un maximum de confort. Plongez dans son rembourrage moelleux et laissez vos soucis s'\u00e9vanouir tandis que vous vous plongez dans un livre captivant ou que vous regardez vos \u00e9missions pr\u00e9f\u00e9r\u00e9es en boucle.<\/p>\n<p><strong>Polyvalent et pratique<\/strong><\/p>\n<p>Au-del\u00e0 de sa fonction premi\u00e8re, notre oreiller polyvalent offre une s\u00e9rie d'utilisations suppl\u00e9mentaires :<\/p>\n<p><strong>T\u00eate de lit alternative :<\/strong> Id\u00e9al pour les \u00e9tudiants et autres, il ajoute une touche d\u00e9corative et pratique \u00e0 votre lit.<br \/>\n<strong>Coussin polyvalent :<\/strong> Disponible dans toutes les tailles de lit habituelles, y compris un lit king size qui se transforme en canap\u00e9 confortable.<br \/>\n<strong>Coussin pare-chocs et dossier de lit :<\/strong> Prot\u00e9gez vos petits des chocs et cr\u00e9ez un espace s\u00fbr et favorable pour eux.<br \/>\n<strong>T\u00eate de lit pour v\u00e9hicules de loisirs et remorques :<\/strong> Am\u00e9liorez le confort de votre v\u00e9hicule r\u00e9cr\u00e9atif ou de votre caravane avec une t\u00eate de lit \u00e9l\u00e9gante et pratique.<\/p>\n<p><strong>Facile d'entretien et durable<\/strong><\/p>\n<p>Nous comprenons que la commodit\u00e9 est essentielle. C'est pourquoi notre oreiller est dot\u00e9 de boutons attach\u00e9s qui non seulement rehaussent son style, mais rendent \u00e9galement la housse amovible et facile \u00e0 laver. Son rembourrage en polyur\u00e9thane de haute qualit\u00e9 garantit un excellent soutien du dos et une grande long\u00e9vit\u00e9.<\/p>\n<p><strong>Choisissez la taille id\u00e9ale<\/strong><\/p>\n<p>Notre oreiller de lecture triangulaire est disponible en plusieurs tailles pour r\u00e9pondre \u00e0 vos besoins :<\/p>\n<p>0 boutons : 45cm, 60cm<br \/>\n2 boutons : 80cm<br \/>\n3 boutons : 100cm<br \/>\n4 boutons : 120cm, 140cm<br \/>\n5 boutons : 160cm<br \/>\n6 boutons : 180cm<br \/>\n7 boutons : 200cm<\/p>\n<p><strong>Confort approuv\u00e9 par le client<\/strong><\/p>\n<p>Nos clients ne tarissent pas d'\u00e9loges sur le confort in\u00e9gal\u00e9 offert par notre oreiller de lecture Triangle. Avec plus de 150 commentaires positifs, il a toujours \u00e9t\u00e9 appr\u00e9ci\u00e9 pour sa polyvalence, son soutien et son design \u00e9l\u00e9gant.<\/p>\n<p><strong>Am\u00e9liorez votre lecture et votre relaxation d\u00e8s aujourd'hui<\/strong><\/p>\n<p>Transformez votre routine de lecture et de relaxation avec le confort et le style ultimes de notre oreiller de lecture Triangle. Commandez maintenant et d\u00e9couvrez l'\u00e9treinte heureuse du soutien et de la sophistication !<\/p>","protected":false},"excerpt":{"rendered":"<ul>\n<li><strong>Parfait pour lire et regarder la t\u00e9l\u00e9vision :<\/strong>\u00a0Fournit un excellent soutien du dos et de la nuque pour un confort maximal lorsque vous lisez au lit ou regardez la t\u00e9l\u00e9vision.<\/li>\n<li><strong>Alternative \u00e0 la t\u00eate de lit :<\/strong>\u00a0Parfait pour les \u00e9tudiants et autres, l'oreiller peut \u00eatre utilis\u00e9 comme t\u00eate de lit d\u00e9corative et fonctionnelle.<\/li>\n<li><strong>Polyvalent :<\/strong>\u00a0Disponible dans toutes les tailles pour les lits ordinaires, la taille king s'adapte parfaitement \u00e0 un lit de jour et peut \u00e9galement servir de canap\u00e9. Les oreillers pour enfants, les dossiers de lits superpos\u00e9s et les t\u00eates de lit pour les v\u00e9hicules r\u00e9cr\u00e9atifs et les caravanes sont d'autres exemples d'utilisation.<\/li>\n<li><strong>Facile \u00e0 laver :<\/strong>\u00a0Les boutons attach\u00e9s ajoutent du style tout en rendant la housse d\u00e9tachable et lavable.<\/li>\n<li><strong>Mat\u00e9riau de haute qualit\u00e9 :<\/strong>\u00a0Le rembourrage en polyur\u00e9thane haute densit\u00e9 assure un excellent soutien du dos. Le tissu a un effet visuel remarquable qui s'harmonise avec tous les d\u00e9cors int\u00e9rieurs.<\/li>\n<li><strong>Taille :<\/strong> 45cm (45*20*50cm | 0 boutons) ; 60cm (60*20*50cm | 0 boutons) ; 80cm (80*20*50cm | 2 boutons) ; 100cm (100*20*50cm | 3 boutons) ; 120cm (120*20*50cm | 4 boutons) ; 140cm (140*20*50cm | 4 boutons) ; 160cm (160*20*50cm | 5 boutons) ; 180cm (180*20*50cm | 6 boutons) ; 200cm (200*20*50cm | 7 boutons).<\/li>\n<\/ul>","protected":false},"featured_media":657,"comment_status":"open","ping_status":"closed","template":"","meta":[],"product_brand":[],"product_cat":[15],"product_tag":[66,92,93,95,74,59,87,94],"class_list":{"0":"post-658","1":"product","2":"type-product","3":"status-publish","4":"has-post-thumbnail","6":"product_cat-pillows","7":"product_tag-back-support-pillow","8":"product_tag-big-bed-reading-cushion","9":"product_tag-bumper-pillows","10":"product_tag-bunk-bed-back-rests","11":"product_tag-daybed-pillow","12":"product_tag-large-wedge-pillow","13":"product_tag-trailer-headboard","14":"product_tag-tv-pillow","16":"first","17":"instock","18":"featured","19":"shipping-taxable","20":"purchasable","21":"product-type-variable","22":"has-default-attributes"},"_links":{"self":[{"href":"https:\/\/www.livingpillow.com\/fr\/wp-json\/wp\/v2\/product\/658","targetHints":{"allow":["GET"]}}],"collection":[{"href":"https:\/\/www.livingpillow.com\/fr\/wp-json\/wp\/v2\/product"}],"about":[{"href":"https:\/\/www.livingpillow.com\/fr\/wp-json\/wp\/v2\/types\/product"}],"replies":[{"embeddable":true,"href":"https:\/\/www.livingpillow.com\/fr\/wp-json\/wp\/v2\/comments?post=658"}],"wp:featuredmedia":[{"embeddable":true,"href":"https:\/\/www.livingpillow.com\/fr\/wp-json\/wp\/v2\/media\/657"}],"wp:attachment":[{"href":"https:\/\/www.livingpillow.com\/fr\/wp-json\/wp\/v2\/media?parent=658"}],"wp:term":[{"taxonomy":"product_brand","embeddable":true,"href":"https:\/\/www.livingpillow.com\/fr\/wp-json\/wp\/v2\/product_brand?post=658"},{"taxonomy":"product_cat","embeddable":true,"href":"https:\/\/www.livingpillow.com\/fr\/wp-json\/wp\/v2\/product_cat?post=658"},{"taxonomy":"product_tag","embeddable":true,"href":"https:\/\/www.livingpillow.com\/fr\/wp-json\/wp\/v2\/product_tag?post=658"}],"curies":[{"name":"wp","href":"https:\/\/api.w.org\/{rel}","templated":true}]}}