{"id":711,"date":"2024-02-23T14:24:46","date_gmt":"2024-02-23T14:24:46","guid":{"rendered":"https:\/\/www.livingpillow.com\/product\/big-pillow-for-bed-headboard"},"modified":"2026-03-11T05:10:18","modified_gmt":"2026-03-11T05:10:18","slug":"grand-coussin-pour-tete-de-lit-grand-coussin-lin-noir","status":"publish","type":"product","link":"https:\/\/www.livingpillow.com\/fr\/product\/big-pillow-for-bed-headboard-large-cushion-linen-black","title":{"rendered":"Grand coussin pour t\u00eate de lit Grand coussin noir"},"content":{"rendered":"<p>Voici le coussin cale polyvalent indispensable dont votre maison a besoin !<\/p>\n<p>Vous \u00eates \u00e0 la recherche d'un oreiller confortable et fonctionnel, capable de vous offrir un soutien et un confort optimaux lors d'activit\u00e9s telles que la lecture ou la t\u00e9l\u00e9vision ? Ne cherchez pas plus loin que cet oreiller cun\u00e9iforme polyvalent ! <\/p>\n<p>Cet oreiller est con\u00e7u pour offrir un soutien sup\u00e9rieur au dos et \u00e0 la nuque, ce qui en fait l'accessoire id\u00e9al pour ceux qui aiment lire ou passer du temps \u00e0 regarder la t\u00e9l\u00e9vision au lit. Il est con\u00e7u pour am\u00e9liorer votre niveau de confort, en \u00e9vitant toute tension inconfortable sur votre dos et votre cou lorsque vous \u00eates assis. <\/p>\n<p>L'oreiller est \u00e9galement une solution id\u00e9ale pour les \u00e9tudiants qui ont besoin d'un accessoire polyvalent pouvant servir \u00e0 la fois de t\u00eate de lit fonctionnelle et d\u00e9corative. Avec son design \u00e9l\u00e9gant, cet oreiller est le moyen parfait d'embellir n'importe quelle pi\u00e8ce tout en offrant un soutien exceptionnel \u00e0 ceux qui en ont besoin. <\/p>\n<p>Et ce n'est pas tout ! Cet oreiller coussin est disponible en plusieurs tailles, ce qui en fait un accessoire polyvalent exceptionnel. Qu'il s'agisse d'un oreiller de protection pour les enfants ou d'un dossier pour les lits superpos\u00e9s, le potentiel de cet oreiller est illimit\u00e9. Il peut m\u00eame servir de t\u00eate de lit pour les v\u00e9hicules de loisirs et les caravanes. <\/p>\n<p>L'une des caract\u00e9ristiques les plus remarquables de cet oreiller coussin est sa facilit\u00e9 de lavage. Gr\u00e2ce \u00e0 un bouton attach\u00e9, la housse peut \u00eatre facilement enlev\u00e9e et lav\u00e9e pour \u00e9viter toute salet\u00e9 ind\u00e9sirable.<\/p>\n<p>L'oreiller cun\u00e9iforme est rempli de polyur\u00e9thane haute densit\u00e9, qui offre un soutien dorsal exceptionnel. Il ajoute une touche de style suppl\u00e9mentaire \u00e0 votre d\u00e9cor.<\/p>\n<p>En r\u00e9sum\u00e9, l'oreiller coussin polyvalent est un produit essentiel dont chaque foyer a besoin. Il offre un soutien et un confort sup\u00e9rieurs, ce qui le rend parfait pour des activit\u00e9s telles que la lecture et le visionnage de la t\u00e9l\u00e9vision. Gr\u00e2ce \u00e0 sa conception polyvalente, il sert \u00e0 de multiples usages et est disponible en diff\u00e9rentes tailles, ce qui garantit qu'il r\u00e9pondra \u00e0 tous vos besoins. Gr\u00e2ce \u00e0 sa facilit\u00e9 de lavage, cet oreiller deviendra sans aucun doute votre accessoire pr\u00e9f\u00e9r\u00e9 pendant des ann\u00e9es. <\/p>\n<p>Si vous n'\u00eates pas encore convaincu, consultez la section des commentaires sur le produit ! Nos clients ne se lassent pas de ce produit. Alors, n'attendez plus et achetez d\u00e8s aujourd'hui votre propre coussin cale polyvalent !<\/p>","protected":false},"excerpt":{"rendered":"<ul>\n<li><strong>Parfait pour lire au lit :<\/strong> Cet oreiller offre un soutien sup\u00e9rieur du dos et de la nuque, am\u00e9liorant le confort pendant la lecture et la t\u00e9l\u00e9vision.<\/li>\n<li><strong>T\u00eate de lit alternative :<\/strong> Solution id\u00e9ale pour les \u00e9tudiants, ce coussin polyvalent est \u00e0 la fois d\u00e9coratif et fonctionnel en tant que t\u00eate de lit.<\/li>\n<li><strong>Utilisation polyvalente :<\/strong> Disponible en plusieurs tailles, dont une taille king size qui se transforme parfaitement en canap\u00e9-lit. Il sert \u00e9galement d'oreiller pour les enfants, de dossier pour les lits superpos\u00e9s et de t\u00eate de lit pour les v\u00e9hicules r\u00e9cr\u00e9atifs et les caravanes.<\/li>\n<li><strong>Facile \u00e0 laver :<\/strong> Le design comprend des boutons attach\u00e9s pour un aspect esth\u00e9tique et un d\u00e9tachement facile de la housse pour le lavage.<\/li>\n<li><strong>Mat\u00e9riau de haute qualit\u00e9 :<\/strong> Rempli de polyur\u00e9thane haute densit\u00e9 pour un soutien exceptionnel du dos, le tissu de l'oreiller cun\u00e9iforme rehausse votre d\u00e9cor.<\/li>\n<li><strong>Taille :<\/strong> 45cm (45*20*50cm | 0 boutons) ; 60cm (60*20*50cm | 0 boutons) ; 80cm (80*20*50cm | 2 boutons) ; 100cm (100*20*50cm | 3 boutons) ; 120cm (120*20*50cm | 4 boutons) ; 140cm (140*20*50cm | 4 boutons) ; 160cm (160*20*50cm | 5 boutons) ; 180cm (180*20*50cm | 6 boutons) ; 200cm (200*20*50cm | 7 boutons).<\/li>\n<\/ul>","protected":false},"featured_media":710,"comment_status":"open","ping_status":"closed","template":"","meta":[],"product_brand":[],"product_cat":[15],"product_tag":[75,61,88,84,70,89,57,90,58,69],"class_list":{"0":"post-711","1":"product","2":"type-product","3":"status-publish","4":"has-post-thumbnail","6":"product_cat-pillows","7":"product_tag-bed-headboard","8":"product_tag-big-bed-pillow","9":"product_tag-big-pillow","10":"product_tag-bumper-pillow","11":"product_tag-bunk-bed-pillow","12":"product_tag-daybed-couch","13":"product_tag-headboard-cushion","14":"product_tag-king-size-pillow","15":"product_tag-linen-pillow","16":"product_tag-wedge-pillow","18":"first","19":"instock","20":"shipping-taxable","21":"purchasable","22":"product-type-variable","23":"has-default-attributes"},"_links":{"self":[{"href":"https:\/\/www.livingpillow.com\/fr\/wp-json\/wp\/v2\/product\/711","targetHints":{"allow":["GET"]}}],"collection":[{"href":"https:\/\/www.livingpillow.com\/fr\/wp-json\/wp\/v2\/product"}],"about":[{"href":"https:\/\/www.livingpillow.com\/fr\/wp-json\/wp\/v2\/types\/product"}],"replies":[{"embeddable":true,"href":"https:\/\/www.livingpillow.com\/fr\/wp-json\/wp\/v2\/comments?post=711"}],"wp:featuredmedia":[{"embeddable":true,"href":"https:\/\/www.livingpillow.com\/fr\/wp-json\/wp\/v2\/media\/710"}],"wp:attachment":[{"href":"https:\/\/www.livingpillow.com\/fr\/wp-json\/wp\/v2\/media?parent=711"}],"wp:term":[{"taxonomy":"product_brand","embeddable":true,"href":"https:\/\/www.livingpillow.com\/fr\/wp-json\/wp\/v2\/product_brand?post=711"},{"taxonomy":"product_cat","embeddable":true,"href":"https:\/\/www.livingpillow.com\/fr\/wp-json\/wp\/v2\/product_cat?post=711"},{"taxonomy":"product_tag","embeddable":true,"href":"https:\/\/www.livingpillow.com\/fr\/wp-json\/wp\/v2\/product_tag?post=711"}],"curies":[{"name":"wp","href":"https:\/\/api.w.org\/{rel}","templated":true}]}}