{"id":736,"date":"2024-02-23T14:54:47","date_gmt":"2024-02-23T14:54:47","guid":{"rendered":"https:\/\/www.livingpillow.com\/product\/headboard-pillow-wedge"},"modified":"2026-03-11T05:10:17","modified_gmt":"2026-03-11T05:10:17","slug":"tete-de-lit-oreiller-decoratif-grand-coussin-cale-lin-violet","status":"publish","type":"product","link":"https:\/\/www.livingpillow.com\/fr\/product\/headboard-decorative-pillow-big-wedge-cushion-linen-purple","title":{"rendered":"Oreiller d\u00e9coratif pour t\u00eate de lit Grand coussin coussin violet"},"content":{"rendered":"<p>Voici le compagnon de lecture id\u00e9al - un oreiller de soutien dorsal de haute qualit\u00e9, parfait pour lire au lit et regarder la t\u00e9l\u00e9vision. Non seulement il offre un excellent soutien du dos et de la nuque pour un confort maximal, mais il peut \u00e9galement servir de t\u00eate de lit, ce qui le rend \u00e0 la fois d\u00e9coratif et fonctionnel.<\/p>\n<p>Fabriqu\u00e9 \u00e0 partir d'un m\u00e9lange de polyester et de fibres, cet oreiller de soutien dorsal a un tr\u00e8s bon effet visuel qui peut s'harmoniser avec votre d\u00e9coration int\u00e9rieure. Il est garni de polyur\u00e9thane haute densit\u00e9, ce qui lui conf\u00e8re un excellent soutien dorsal.<\/p>\n<p>Cet oreiller polyvalent est disponible dans toutes les tailles, ce qui le rend adapt\u00e9 aux lits d'enfants, aux lits superpos\u00e9s, aux camping-cars et aux lits ordinaires. Si vous avez du mal \u00e0 dormir ou si vous vous r\u00e9veillez avec un torticolis, cet oreiller peut \u00e9galement offrir un excellent soutien \u00e0 votre t\u00eate et \u00e0 votre cou.<\/p>\n<p>De plus, les boutons attach\u00e9s cr\u00e9ent non seulement une forme d'oreiller plus dynamique, mais rendent \u00e9galement la housse amovible et lavable, ce qui la rend facile \u00e0 nettoyer et \u00e0 entretenir.<\/p>\n<p>Nos clients satisfaits ne tarissent pas d'\u00e9loges sur cet oreiller. L'un d'entre eux a d\u00e9clar\u00e9 : \u201cC'est le meilleur oreiller triangulaire que j'aie jamais poss\u00e9d\u00e9 ! L'oreiller est super doux et confortable, et la couleur est magnifique\u201d.\u201d<\/p>\n<p>L'oreiller est disponible en diff\u00e9rentes tailles, notamment 45 cm, 60 cm, 80 cm, 100 cm, 120 cm, 140 cm, 160 cm, 180 cm et 200 cm, ce qui vous permet de choisir la taille id\u00e9ale pour votre lit et vos besoins.<\/p>\n<p>Investissez d\u00e8s aujourd'hui dans cet oreiller de soutien dorsal de haute qualit\u00e9 et profitez d'un confort et d'une d\u00e9tente ultimes lorsque vous lisez ou regardez la t\u00e9l\u00e9vision au lit.<\/p>","protected":false},"excerpt":{"rendered":"<ul>\n<li><strong>PARFAIT POUR LIRE AU LIT :<\/strong> Cet oreiller de lecture offre un excellent soutien du dos et de la nuque pour un confort maximal pendant la lecture et la t\u00e9l\u00e9vision.<\/li>\n<li><strong>ALTERNATIVE COMME T\u00caTE DE LIT :<\/strong> De nombreuses personnes, en particulier les \u00e9tudiants, trouvent que l'oreiller est parfait comme t\u00eate de lit : \u00e0 la fois d\u00e9coratif et fonctionnel.<\/li>\n<li><strong>MULTIPLES :<\/strong> Nous proposons des oreillers de toutes tailles pour les lits ordinaires. Ils peuvent \u00eatre utilis\u00e9s comme oreillers pour enfants, dossiers de lits superpos\u00e9s et t\u00eates de lit pour les v\u00e9hicules r\u00e9cr\u00e9atifs et les caravanes.<\/li>\n<li><strong>FACILE \u00c0 LAVER :<\/strong> Les boutons attach\u00e9s cr\u00e9ent non seulement une forme d'oreiller plus dynamique, mais rendent \u00e9galement la housse amovible et lavable.<\/li>\n<li><strong>MAT\u00c9RIAU DE HAUTE QUALIT\u00c9 :<\/strong> L'oreiller de soutien dorsal est rembourr\u00e9 avec du polyur\u00e9thane de haute densit\u00e9, offrant un excellent soutien dorsal. Le tissu des coussins cun\u00e9iformes a un tr\u00e8s bon effet visuel pour s'harmoniser avec votre d\u00e9coration int\u00e9rieure.<\/li>\n<li><strong>Taille :<\/strong> 45cm (45*20*50cm | 0 boutons) ; 60cm (60*20*50cm | 0 boutons) ; 80cm (80*20*50cm | 2 boutons) ; 100cm (100*20*50cm | 3 boutons) ; 120cm (120*20*50cm | 4 boutons) ; 140cm (140*20*50cm | 4 boutons) ; 160cm (160*20*50cm | 5 boutons) ; 180cm (180*20*50cm | 6 boutons) ; 200cm (200*20*50cm | 7 boutons).<\/li>\n<\/ul>","protected":false},"featured_media":735,"comment_status":"open","ping_status":"closed","template":"","meta":[],"product_brand":[],"product_cat":[15],"product_tag":[83,82,84,85,65,54,58,86,87,60],"class_list":{"0":"post-736","1":"product","2":"type-product","3":"status-publish","4":"has-post-thumbnail","6":"product_cat-pillows","7":"product_tag-alternative-headboard","8":"product_tag-big-wedge-cushion","9":"product_tag-bumper-pillow","10":"product_tag-bunk-bed-backrests","11":"product_tag-decorative-pillow","12":"product_tag-headboard-pillow","13":"product_tag-linen-pillow","14":"product_tag-rv-headboard","15":"product_tag-trailer-headboard","16":"product_tag-wedge-cushion","18":"first","19":"instock","20":"shipping-taxable","21":"purchasable","22":"product-type-variable","23":"has-default-attributes"},"_links":{"self":[{"href":"https:\/\/www.livingpillow.com\/fr\/wp-json\/wp\/v2\/product\/736","targetHints":{"allow":["GET"]}}],"collection":[{"href":"https:\/\/www.livingpillow.com\/fr\/wp-json\/wp\/v2\/product"}],"about":[{"href":"https:\/\/www.livingpillow.com\/fr\/wp-json\/wp\/v2\/types\/product"}],"replies":[{"embeddable":true,"href":"https:\/\/www.livingpillow.com\/fr\/wp-json\/wp\/v2\/comments?post=736"}],"wp:featuredmedia":[{"embeddable":true,"href":"https:\/\/www.livingpillow.com\/fr\/wp-json\/wp\/v2\/media\/735"}],"wp:attachment":[{"href":"https:\/\/www.livingpillow.com\/fr\/wp-json\/wp\/v2\/media?parent=736"}],"wp:term":[{"taxonomy":"product_brand","embeddable":true,"href":"https:\/\/www.livingpillow.com\/fr\/wp-json\/wp\/v2\/product_brand?post=736"},{"taxonomy":"product_cat","embeddable":true,"href":"https:\/\/www.livingpillow.com\/fr\/wp-json\/wp\/v2\/product_cat?post=736"},{"taxonomy":"product_tag","embeddable":true,"href":"https:\/\/www.livingpillow.com\/fr\/wp-json\/wp\/v2\/product_tag?post=736"}],"curies":[{"name":"wp","href":"https:\/\/api.w.org\/{rel}","templated":true}]}}