{"id":88,"date":"2024-02-22T07:56:39","date_gmt":"2024-02-22T07:56:39","guid":{"rendered":"https:\/\/www.livingpillow.com\/product\/decorative-pillows-for-bed"},"modified":"2026-03-11T05:10:27","modified_gmt":"2026-03-11T05:10:27","slug":"coussins-decoratifs-pour-le-lit-grand-coussin-cuneiforme-lin-marron","status":"publish","type":"product","link":"https:\/\/www.livingpillow.com\/fr\/product\/decorative-pillows-for-bed-big-wedge-cushion-linen-brown","title":{"rendered":"Oreillers d\u00e9coratifs pour le lit Grand coussin cun\u00e9iforme marron"},"content":{"rendered":"<p>Des oreillers d\u00e9coratifs pour am\u00e9liorer l'ambiance au lit<\/p>\n<p>Trouver l'oreiller id\u00e9al pour se blottir avant de se coucher peut faire passer votre d\u00e9tente \u00e0 la vitesse sup\u00e9rieure. Ces coussins cun\u00e9iformes d\u00e9coratifs en marron neutre sont le compagnon id\u00e9al pour se pr\u00e9lasser, lire ou regarder ses \u00e9missions pr\u00e9f\u00e9r\u00e9es. <\/p>\n<p>Points forts du produit :<\/p>\n<p>- Id\u00e9al pour soutenir le dos et la nuque dans le lit pour lire ou regarder la t\u00e9l\u00e9vision.<br \/>\n- Sert \u00e9galement de t\u00eate de lit pour la d\u00e9coration.<br \/>\n- Large gamme de tailles de lits - des dortoirs de coll\u00e8ge aux grands lits<br \/>\n- Cache-bouton amovible pour un lavage facile<br \/>\n- Le rembourrage haute densit\u00e9 offre un confort optimal<br \/>\n- Le tissu subtil s'adapte \u00e0 toutes les chambres \u00e0 coucher<\/p>\n<p>Disponible en plusieurs tailles pratiques, de 100 cm \u00e0 200 cm, vous en trouverez une qui r\u00e9pondra \u00e0 vos besoins. <\/p>\n<p>Ce que disent les clients :<\/p>\n<p>\"J'adore utiliser cet \u00e9norme oreiller pour me soutenir dans mon lit pendant que je navigue sur mon t\u00e9l\u00e9phone. Il me permet de regarder des vid\u00e9os avant de me coucher, ce qui est tr\u00e8s confortable. - Linda T.<\/p>\n<p>\u201cCe coussin neutre ajoute une touche d\u00e9corative \u00e0 ma t\u00eate de lit et me donne un soutien dorsal suppl\u00e9mentaire pour lire. Le tissu est doux au toucher. - James R. <\/p>\n<p>\"En tant qu'\u00e9tudiante, ce coussin g\u00e9ant est tr\u00e8s utile comme t\u00eate de lit de fortune dans ma petite chambre d'\u00e9tudiant. Il est joli et prend peu de place lorsqu'il n'est pas utilis\u00e9.\" - Sarah D.<\/p>\n<p>Ajoutez le confort d'un coussin inclin\u00e9 douillet \u00e0 votre chambre \u00e0 coucher d\u00e8s aujourd'hui. Ces oreillers ont une double fonction : ils offrent un soutien suppl\u00e9mentaire \u00e0 la nuque et une touche d\u00e9corative qui vous permet de vous d\u00e9tendre.<\/p>","protected":false},"excerpt":{"rendered":"<ul>\n<li><strong>Parfait pour la lecture \u00e0 l'heure du coucher :<\/strong> Profitez d'un confort maximal lorsque vous lisez ou regardez la t\u00e9l\u00e9vision gr\u00e2ce \u00e0 cet oreiller qui offre un excellent soutien du dos et de la nuque.<\/li>\n<li><strong>Sert \u00e9galement de t\u00eate de lit :<\/strong> Id\u00e9al pour les \u00e9tudiants, cet oreiller joue un r\u00f4le \u00e0 la fois d\u00e9coratif et fonctionnel en tant que t\u00eate de lit.<\/li>\n<li><strong>Utilisations polyvalentes :<\/strong> Adapt\u00e9 \u00e0 toutes les tailles de lit, l'oreiller king size peut servir de canap\u00e9 sur un lit de jour. Il peut \u00e9galement \u00eatre utilis\u00e9 comme oreiller pour les enfants, comme dossier sur un lit superpos\u00e9 ou comme t\u00eate de lit dans les v\u00e9hicules de loisirs et les caravanes.<\/li>\n<li><strong>Couvercle lavable :<\/strong> La housse est amovible et munie de boutons, ce qui facilite le nettoyage tout en rehaussant l'esth\u00e9tique de l'oreiller.<\/li>\n<li><strong>Mat\u00e9riau de premi\u00e8re qualit\u00e9 :<\/strong> Fabriqu\u00e9 avec un rembourrage en polyur\u00e9thane haute densit\u00e9 pour un soutien dorsal sup\u00e9rieur, assorti \u00e0 un tissu visuellement attrayant pour compl\u00e9ter votre d\u00e9cor.<\/li>\n<li><strong>Tailles disponibles :<\/strong> 100cm (L100 x W26 x H55 | 3 boutons de colonnes), 120cm (L120 x W26 x H55 | 4 boutons de colonnes), 140cm (L140 x W26 x H55 | 4 boutons de colonnes), 160cm (L160 x W26 x H55 | 5 boutons de colonnes), 180cm (L180 x W26 x H55 | 6 boutons de colonnes), 200cm (L200 x W26 x H55 | 7 boutons de colonnes).<\/li>\n<\/ul>","protected":false},"featured_media":87,"comment_status":"open","ping_status":"closed","template":"","meta":[],"product_brand":[],"product_cat":[15],"product_tag":[163,157,162,84,161,54,90,58,156],"class_list":{"0":"post-88","1":"product","2":"type-product","3":"status-publish","4":"has-post-thumbnail","6":"product_cat-pillows","7":"product_tag-back-rest-pillow","8":"product_tag-back-support","9":"product_tag-bedtime-reading","10":"product_tag-bumper-pillow","11":"product_tag-decorative-pillows","12":"product_tag-headboard-pillow","13":"product_tag-king-size-pillow","14":"product_tag-linen-pillow","15":"product_tag-neck-support","17":"first","18":"instock","19":"shipping-taxable","20":"purchasable","21":"product-type-variable","22":"has-default-attributes"},"_links":{"self":[{"href":"https:\/\/www.livingpillow.com\/fr\/wp-json\/wp\/v2\/product\/88","targetHints":{"allow":["GET"]}}],"collection":[{"href":"https:\/\/www.livingpillow.com\/fr\/wp-json\/wp\/v2\/product"}],"about":[{"href":"https:\/\/www.livingpillow.com\/fr\/wp-json\/wp\/v2\/types\/product"}],"replies":[{"embeddable":true,"href":"https:\/\/www.livingpillow.com\/fr\/wp-json\/wp\/v2\/comments?post=88"}],"wp:featuredmedia":[{"embeddable":true,"href":"https:\/\/www.livingpillow.com\/fr\/wp-json\/wp\/v2\/media\/87"}],"wp:attachment":[{"href":"https:\/\/www.livingpillow.com\/fr\/wp-json\/wp\/v2\/media?parent=88"}],"wp:term":[{"taxonomy":"product_brand","embeddable":true,"href":"https:\/\/www.livingpillow.com\/fr\/wp-json\/wp\/v2\/product_brand?post=88"},{"taxonomy":"product_cat","embeddable":true,"href":"https:\/\/www.livingpillow.com\/fr\/wp-json\/wp\/v2\/product_cat?post=88"},{"taxonomy":"product_tag","embeddable":true,"href":"https:\/\/www.livingpillow.com\/fr\/wp-json\/wp\/v2\/product_tag?post=88"}],"curies":[{"name":"wp","href":"https:\/\/api.w.org\/{rel}","templated":true}]}}