{"id":310,"date":"2024-02-23T00:47:59","date_gmt":"2024-02-23T00:47:59","guid":{"rendered":"https:\/\/www.livingpillow.com\/product\/triangular-pillow"},"modified":"2026-03-03T01:19:59","modified_gmt":"2026-03-03T01:19:59","slug":"trokutasti-jastuk-lijepi-jastuk-za-uzglavlje-korduroy-narancasti","status":"publish","type":"product","link":"https:\/\/www.livingpillow.com\/hr\/product\/triangular-pillow-nice-headboard-cushion-corduroy-orange","title":{"rendered":"Trokutasti jastuk Lijepi jastuk za uzglavlje korduroja naran\u010daste boje"},"content":{"rendered":"<p>Pobolj\u0161ajte svoju relaksaciju uz vi\u0161enamjenski jastuk za \u010ditanje<\/p>\n<p>Ako volite \u010ditati u krevetu ili se odmarati uz gledanje televizije, vrijeme je da pobolj\u0161ate svoju udobnost svestranim jastukom za \u010ditanje. Dostupan u raznim \u0161irinama od 45 cm do 200 cm, ovaj potporni jastuk za naslon punjen je poliuretanskim punilom visoke gusto\u0107e kako bi podupro va\u0161a le\u0111a i vrat. <\/p>\n<p>Mekana, udobna navlaka od korduroja nadopunjuje ure\u0111enje svake spava\u0107e sobe. Pri\u010dvr\u0161\u0107eni gumbi poma\u017eu u odr\u017eavanju oblika jastuka i olak\u0161avaju skidanje navlake koja se mo\u017ee prati u perilici rublja. Stavite ga na krevet kao uzglavlje ili koristite king size kao naslon za dnevni boravak. Tako\u0111er je lijepo naslonjen na zid na krevetu na kat ili kao jastuk za kau\u010d.<\/p>\n<p>Kupci odu\u0161evljeno govore o udobnosti:<br \/>\n\u201cObo\u017eavam ovaj jastuk za \u010ditanje. Tako je mekan i pru\u017ea izvrsnu potporu le\u0111ima, bilo da \u010ditam ili radim na laptopu u krevetu.\u201d<br \/>\n\u201cOvaj ogromni jastuk je savr\u0161en na mom kau\u010du. Odli\u010dan je naslon za odmaranje i gledanje filmova.\u201d<br \/>\n\u201cNabavila sam veliki krevet na kat za svoju k\u0107er. Koristi ga za udobno sjedenje dok crta i radi umjetni\u010dke projekte.\u201d<\/p>\n<p>S izvrsnom potporom i svestrano\u0161\u0107u, ovaj vi\u0161enamjenski jastuk za \u010ditanje ima za cilj u\u010diniti opu\u0161tanje ugodnijim. Udobna navlaka od korduroja i razne dostupne \u0161irine olak\u0161avaju pronala\u017eenje savr\u0161enog jastuka za va\u0161 prostor.<\/p>","protected":false},"excerpt":{"rendered":"<ul>\n<li><strong>Izvrsna podr\u0161ka:<\/strong> Ovaj jastuk za \u010ditanje pru\u017ea maksimalnu udobnost za va\u0161a le\u0111a i vrat dok \u010ditate i gledate televiziju.<\/li>\n<li><strong>Svestrano uzglavlje:<\/strong> Savr\u0161eno kao uzglavlje kreveta, kombinira ukras i funkcionalnost, posebno za studente.<\/li>\n<li><strong>Vi\u0161enamjenska upotreba:<\/strong> Pogodno za obi\u010dne krevete, king size je idealno za dnevne krevete (slu\u017ei kao kau\u010d). Mo\u017ee se koristiti i kao naslon za krevet na kat i uzglavlje.<\/li>\n<li><strong>Jednostavno odr\u017eavanje:<\/strong> Prilo\u017eeni gumbi pobolj\u0161avaju oblik jastuka i omogu\u0107uju jednostavno skidanje i pranje navlake.<\/li>\n<li><strong>Vrhunski materijali:<\/strong> Punjen poliuretanskim punilom visoke gusto\u0107e, jastuk pru\u017ea izvrsnu potporu le\u0111ima. Korduro tkanina (100% poliester) nadopunjuje svaki interijer.<\/li>\n<li><strong>Raznolikost veli\u010dina:<\/strong> 45 cm (45*20*50 cm | 0 gumba), 60 cm (60*20*50 cm | 0 gumba), 80 cm (80*20*50 cm | 2 gumba), 100 cm (100*20*50 cm | 3 gumba), 120 cm (120*20*50 cm | 4 gumba), 140 cm (140*20*50 cm | 4 gumba), 160 cm (160*20*50 cm | 5 gumba), 180 cm (180*20*50 cm | 6 gumba), 200 cm (200*20*50 cm | 7 gumba).<\/li>\n<\/ul>","protected":false},"featured_media":309,"comment_status":"open","ping_status":"closed","template":"","meta":[],"product_brand":[],"product_cat":[15],"product_tag":[66,68,89,74,131,57,53,133,134],"class_list":{"0":"post-310","1":"product","2":"type-product","3":"status-publish","4":"has-post-thumbnail","6":"product_cat-pillows","7":"product_tag-back-support-pillow","8":"product_tag-college-student-pillow","9":"product_tag-daybed-couch","10":"product_tag-daybed-pillow","11":"product_tag-excellent-back-support","12":"product_tag-headboard-cushion","13":"product_tag-reading-pillow","14":"product_tag-triangular-pillow","15":"product_tag-versatile-headboard","17":"first","18":"instock","19":"featured","20":"shipping-taxable","21":"purchasable","22":"product-type-variable","23":"has-default-attributes"},"_links":{"self":[{"href":"https:\/\/www.livingpillow.com\/hr\/wp-json\/wp\/v2\/product\/310","targetHints":{"allow":["GET"]}}],"collection":[{"href":"https:\/\/www.livingpillow.com\/hr\/wp-json\/wp\/v2\/product"}],"about":[{"href":"https:\/\/www.livingpillow.com\/hr\/wp-json\/wp\/v2\/types\/product"}],"replies":[{"embeddable":true,"href":"https:\/\/www.livingpillow.com\/hr\/wp-json\/wp\/v2\/comments?post=310"}],"wp:featuredmedia":[{"embeddable":true,"href":"https:\/\/www.livingpillow.com\/hr\/wp-json\/wp\/v2\/media\/309"}],"wp:attachment":[{"href":"https:\/\/www.livingpillow.com\/hr\/wp-json\/wp\/v2\/media?parent=310"}],"wp:term":[{"taxonomy":"product_brand","embeddable":true,"href":"https:\/\/www.livingpillow.com\/hr\/wp-json\/wp\/v2\/product_brand?post=310"},{"taxonomy":"product_cat","embeddable":true,"href":"https:\/\/www.livingpillow.com\/hr\/wp-json\/wp\/v2\/product_cat?post=310"},{"taxonomy":"product_tag","embeddable":true,"href":"https:\/\/www.livingpillow.com\/hr\/wp-json\/wp\/v2\/product_tag?post=310"}],"curies":[{"name":"wp","href":"https:\/\/api.w.org\/{rel}","templated":true}]}}