{"id":429,"date":"2024-02-23T05:10:46","date_gmt":"2024-02-23T05:10:46","guid":{"rendered":"https:\/\/www.livingpillow.com\/product\/backrest-pillow"},"modified":"2026-03-03T01:21:32","modified_gmt":"2026-03-03T01:21:32","slug":"veliki-jastuk-za-naslon-jastuk-za-citanje-za-kauc-na-razvlacenje-barsun-sivi","status":"publish","type":"product","link":"https:\/\/www.livingpillow.com\/hr\/product\/big-backrest-pillow-reading-cushion-for-sofa-bed-velvet-grey","title":{"rendered":"Veliki jastuk za naslon za \u010ditanje za kau\u010d na razvla\u010denje, bar\u0161un, sivi"},"content":{"rendered":"<p>Predstavljamo na\u0161 potporni jastuk za \u010ditanje, dizajniran za maksimalnu udobnost tijekom \u010ditanja ili gledanja televizije u krevetu. S punjenjem od poliuretana visoke gusto\u0107e, ovaj klinasti jastuk nudi vrhunsku potporu le\u0111ima i vratu, omogu\u0107uju\u0107i vam opu\u0161tanje u udobnom i potpornom polo\u017eaju.<\/p>\n<p>Ali to nije sve \u2013 ovaj svestrani jastuk izvrsna je alternativa tradicionalnom uzglavlju, \u0161to ga \u010dini savr\u0161enim za studente i one koji \u017eele i funkcionalne i dekorativne komade u svojoj spava\u0107oj sobi. Osim toga, dostupan je u svim veli\u010dinama za obi\u010dne krevete, a veli\u010dina king size savr\u0161en je dodatak dnevnom le\u017eaju koji ga pretvara u udobnu sofu.<\/p>\n<p>Inovativni dizajn ovog jastuka tako\u0111er olak\u0161ava pranje, s pri\u010dvr\u0161\u0107enim gumbima koji mu ne samo daju dinami\u010dan izgled, ve\u0107 omogu\u0107uju i jednostavno skidanje i \u010di\u0161\u0107enje navlake.<\/p>\n<p>\u0160to se ti\u010de navlake, kori\u0161tena tkanina je 100% poliesterski bar\u0161un, koji ne samo da doprinosi izvrsnom vizualnom efektu jastuka, ve\u0107 i pobolj\u0161ava ure\u0111enje va\u0161eg interijera.<\/p>\n<p>Ali nemojte nam samo vjerovati na rije\u010d. Evo nekih komentara na\u0161ih zadovoljnih kupaca:<\/p>\n<p>\u2013 \u201cOvaj jastuk je revolucionaran za \u010ditanje u krevetu. Pru\u017ea izvrsnu potporu i \u010dini moje iskustvo \u010ditanja puno ugodnijim.\u201d<br \/>\n\u2013 \u201cObo\u017eavam koristiti ovaj jastuk kao uzglavlje! Dodaje jedinstven i ugodan dodir mojoj spava\u0107oj sobi.\u201d<br \/>\n\u2013 \u201cKupila sam veli\u010dinu od 120 cm za svoj krevet na kat i savr\u0161eno funkcionira kao naslon. Tako\u0111er je odli\u010dan za sjedenje i u\u010denje.\u201d<br \/>\n\u2013 \u201cGumbi na navlaki olak\u0161avaju skidanje i pranje. Svi\u0111a mi se ta jednostavnost.\u201d<\/p>\n<p>Dakle, bez obzira tra\u017eite li udoban na\u010din \u010ditanja u krevetu ili \u017eelite svojoj spava\u0107oj sobi dodati funkcionalan i elegantan dodir, na\u0161 jastuk za \u010ditanje s potporom savr\u0161eno je rje\u0161enje. Birajte izme\u0111u niza veli\u010dina i boja, uklju\u010duju\u0107i popularni sivi holandski bar\u0161un, i do\u017eivite vrhunsku udobnost i potporu.<\/p>","protected":false},"excerpt":{"rendered":"<ul>\n<li><strong>Idealno za \u010ditanje u krevetu:<\/strong> U\u017eivajte u maksimalnoj udobnosti dok \u010ditate ili gledate televiziju uz na\u0161 potporni jastuk za \u010ditanje, dizajniran za izvrsnu potporu le\u0111ima i vratu.<\/li>\n<li><strong>Alternativa kao uzglavlje:<\/strong> Idealan za studente i ostale, ovaj jastuk slu\u017ei i kao funkcionalno i dekorativno uzglavlje.<\/li>\n<li><strong>Vi\u0161enamjenska upotreba:<\/strong> Dostupno u svim veli\u010dinama za obi\u010dne krevete; king size savr\u0161eno nadopunjuje dnevni le\u017eaj, pretvaraju\u0107i ga u kau\u010d. Tako\u0111er je prikladno kao naslon za krevet na kat ili improvizirano uzglavlje.<\/li>\n<li><strong>Lako se pere:<\/strong> Inovativni dizajn uklju\u010duje pri\u010dvr\u0161\u0107ene gumbe za dinami\u010dan izgled te jednostavno skidanje i pranje navlake.<\/li>\n<li><strong>Visokokvalitetni materijal:<\/strong> Ispunjen poliuretanom visoke gusto\u0107e za vrhunsku potporu le\u0111ima, tkanina klinastog jastuka tako\u0111er pobolj\u0161ava ure\u0111enje va\u0161eg interijera svojim izvrsnim vizualnim efektom.<\/li>\n<li><strong>Tkanina:<\/strong> Bar\u0161un (100% poliester).<\/li>\n<li><strong>Veli\u010dina:<\/strong> 45 cm (45*20*50 cm | 0 gumba); 60 cm (60*20*50 cm | 0 gumba); 80 cm (80*20*50 cm | 2 gumba); 100 cm (100*20*50 cm | 3 gumba); 120 cm (120*20*50 cm | 4 gumba); 140 cm (140*20*50 cm | 4 gumba); 160 cm (160*20*50 cm | 5 gumba); 180 cm (180*20*50 cm | 6 gumba); 200 cm (200*20*50 cm | 7 gumba).<\/li>\n<\/ul>","protected":false},"featured_media":428,"comment_status":"open","ping_status":"closed","template":"","meta":[],"product_brand":[],"product_cat":[15],"product_tag":[63,79,120,109,91,111,119],"class_list":{"0":"post-429","1":"product","2":"type-product","3":"status-publish","4":"has-post-thumbnail","6":"product_cat-pillows","7":"product_tag-backrest-pillow","8":"product_tag-bedroom-decoration","9":"product_tag-big-backrest-pillow","10":"product_tag-high-density-polyurethane-pillow","11":"product_tag-multipurpose-pillow","12":"product_tag-reading-cushion","13":"product_tag-sofa-bed-pillow","15":"first","16":"instock","17":"shipping-taxable","18":"purchasable","19":"product-type-variable","20":"has-default-attributes"},"_links":{"self":[{"href":"https:\/\/www.livingpillow.com\/hr\/wp-json\/wp\/v2\/product\/429","targetHints":{"allow":["GET"]}}],"collection":[{"href":"https:\/\/www.livingpillow.com\/hr\/wp-json\/wp\/v2\/product"}],"about":[{"href":"https:\/\/www.livingpillow.com\/hr\/wp-json\/wp\/v2\/types\/product"}],"replies":[{"embeddable":true,"href":"https:\/\/www.livingpillow.com\/hr\/wp-json\/wp\/v2\/comments?post=429"}],"wp:featuredmedia":[{"embeddable":true,"href":"https:\/\/www.livingpillow.com\/hr\/wp-json\/wp\/v2\/media\/428"}],"wp:attachment":[{"href":"https:\/\/www.livingpillow.com\/hr\/wp-json\/wp\/v2\/media?parent=429"}],"wp:term":[{"taxonomy":"product_brand","embeddable":true,"href":"https:\/\/www.livingpillow.com\/hr\/wp-json\/wp\/v2\/product_brand?post=429"},{"taxonomy":"product_cat","embeddable":true,"href":"https:\/\/www.livingpillow.com\/hr\/wp-json\/wp\/v2\/product_cat?post=429"},{"taxonomy":"product_tag","embeddable":true,"href":"https:\/\/www.livingpillow.com\/hr\/wp-json\/wp\/v2\/product_tag?post=429"}],"curies":[{"name":"wp","href":"https:\/\/api.w.org\/{rel}","templated":true}]}}