{"id":457,"date":"2024-02-23T05:36:46","date_gmt":"2024-02-23T05:36:46","guid":{"rendered":"https:\/\/www.livingpillow.com\/product\/wedge-cushion"},"modified":"2026-03-03T01:21:56","modified_gmt":"2026-03-03T01:21:56","slug":"veliki-klinasti-jastuk-za-citanje-lijepi-uzglavni-jastuk-od-barsuna-crne-boje","status":"publish","type":"product","link":"https:\/\/www.livingpillow.com\/hr\/product\/big-wedge-reading-cushion-nice-headboard-pillow-velvet-black","title":{"rendered":"Jastuk za \u010ditanje od velikog klina, lijepi bar\u0161unasti jastuk za uzglavlje, crni"},"content":{"rendered":"<p>Predstavljamo savr\u0161enog pratitelja za \u010ditanje: trokutasti jastuk<\/p>\n<p>Volite li \u010ditati ili gledati televiziju u udobnosti svog kreveta? Ako da, onda znate koliko neugodno mo\u017ee biti bez odgovaraju\u0107e potpore za le\u0111a i vrat. Sre\u0107om, postoji rje\u0161enje za ovaj problem \u2013 trokutasti jastuk. <\/p>\n<p>Ovaj jastuk dizajniran je kako bi pru\u017eio optimalnu potporu za \u010ditanje i pobolj\u0161ao va\u0161e iskustvo gledanja televizije pru\u017eaju\u0107i robusnu potporu za le\u0111a i vrat. Izra\u0111en od poliuretana visoke gusto\u0107e, pru\u017ea vrhunsku potporu, \u0161to ga \u010dini idealnim za one koji provode duge sate \u010ditaju\u0107i ili gledaju\u0107i televiziju u krevetu. <\/p>\n<p>Ne samo da je funkcionalno, ve\u0107 slu\u017ei i kao izvrsno ukrasno uzglavlje za studente ili bilo koga tko tra\u017ei prakti\u010dno, ali dekorativno rje\u0161enje za uzglavlje. Svestrano je i prikladno za sve veli\u010dine kreveta, \u0161to ga \u010dini savr\u0161enim dodatkom za dnevni le\u017eaj kao kau\u010d ili kao naslon za krevet na kat. <\/p>\n<p>Trokutasti jastuk dizajniran je s lako\u0107om pranja. Ima odvojive navlake s pri\u010dvr\u0161\u0107enim gumbima, \u0161to ga \u010dini jednostavnim za skidanje i pranje. Tkanina kori\u0161tena za izradu ovog jastuka je 100% poliesterski bar\u0161un, koji uljep\u0161ava svaki dekor svojim vizualno privla\u010dnim dizajnom. <\/p>\n<p>Dostupan u razli\u010ditim veli\u010dinama od 45 cm do 200 cm i raznim bojama, uklju\u010duju\u0107i crnu, ovaj jastuk nudi pone\u0161to za svakoga. Nije ni \u010dudo \u0161to je dobio odli\u010dne kritike kupaca. <\/p>\n<p>Jedan kupac, koji je kupio jastuk u crnoj boji, rekao je: \u201cOvaj jastuk mi je promijenio iskustvo \u010ditanja. Vi\u0161e se ne moram stalno pomicati i prilago\u0111avati, te mogu \u010ditati satima bez ikakve nelagode.\u201d <\/p>\n<p>Drugi kupac, koji je kupio jastuk u luksuznom nizozemskom bar\u0161unu, rekao je: \u201cTkanina je tako mekana i bar\u0161unasta, a jastuk pru\u017ea izvrsnu potporu. Tako\u0111er se lako \u010disti, tako da se ne moram brinuti da \u0107e se zaprljati.\u201d <\/p>\n<p>Zaklju\u010dno, trokutasti jastuk savr\u0161en je suputnik za \u010ditanje za sve koji tra\u017ee udobnost i potporu dok \u010ditaju ili gledaju televiziju u krevetu. Funkcionalan je, svestran i dostupan u raznim veli\u010dinama i bojama. Ne zadovoljavajte se vi\u0161e neugodnim iskustvima \u010ditanja \u2013 nabavite svoj trokutasti jastuk ve\u0107 danas!<\/p>","protected":false},"excerpt":{"rendered":"<ul>\n<li><strong>Optimalna podr\u0161ka za \u010ditanje:<\/strong> Ovaj jastuk pobolj\u0161ava va\u0161e iskustvo \u010ditanja i gledanja televizije pru\u017eaju\u0107i sna\u017enu potporu le\u0111ima i vratu.<\/li>\n<li><strong>Alternativa funkcionalnom uzglavlju:<\/strong> Idealno za studente i sve ostale koji tra\u017ee dekorativno, ali prakti\u010dno rje\u0161enje za uzglavlje kreveta.<\/li>\n<li><strong>Svestrana upotreba:<\/strong> Pogodan za sve veli\u010dine kreveta, savr\u0161eno nadopunjuje dnevni le\u017eaj kao kau\u010d. Tako\u0111er slu\u017ei kao naslon za krevet na kat ili samostalno uzglavlje.<\/li>\n<li><strong>Dizajn koji se mo\u017ee prati:<\/strong> Ima odvojive navlake s pri\u010dvr\u0161\u0107enim gumbima za lak\u0161e pranje, \u0161to dodaje i funkcionalnost i stil.<\/li>\n<li><strong>Vrhunski materijal:<\/strong> Ispunjena poliuretanom visoke gusto\u0107e za vrhunsku potporu le\u0111ima, tkanina uljep\u0161ava svaki dekor svojim vizualno privla\u010dnim dizajnom.<\/li>\n<li><strong>Tkanina:<\/strong> 100% Poliesterski bar\u0161un.<\/li>\n<li><strong>Dostupne veli\u010dine:<\/strong> 45 cm (45*20*50 cm | 0 gumba); 60 cm (60*20*50 cm | 0 gumba); 80 cm (80*20*50 cm | 2 gumba); 100 cm (100*20*50 cm | 3 gumba); 120 cm (120*20*50 cm | 4 gumba); 140 cm (140*20*50 cm | 4 gumba); 160 cm (160*20*50 cm | 5 gumba); 180 cm (180*20*50 cm | 6 gumba); 200 cm (200*20*50 cm | 7 gumba).<\/li>\n<\/ul>","protected":false},"featured_media":456,"comment_status":"open","ping_status":"closed","template":"","meta":[],"product_brand":[],"product_cat":[15],"product_tag":[101,117,116,54,115,111,118],"class_list":{"0":"post-457","1":"product","2":"type-product","3":"status-publish","4":"has-post-thumbnail","6":"product_cat-pillows","7":"product_tag-bunk-bed-backrest","8":"product_tag-daybed-backrest","9":"product_tag-functional-headboard-alternative","10":"product_tag-headboard-pillow","11":"product_tag-optimal-reading-support","12":"product_tag-reading-cushion","13":"product_tag-superior-back-support","15":"first","16":"instock","17":"featured","18":"shipping-taxable","19":"purchasable","20":"product-type-variable","21":"has-default-attributes"},"_links":{"self":[{"href":"https:\/\/www.livingpillow.com\/hr\/wp-json\/wp\/v2\/product\/457","targetHints":{"allow":["GET"]}}],"collection":[{"href":"https:\/\/www.livingpillow.com\/hr\/wp-json\/wp\/v2\/product"}],"about":[{"href":"https:\/\/www.livingpillow.com\/hr\/wp-json\/wp\/v2\/types\/product"}],"replies":[{"embeddable":true,"href":"https:\/\/www.livingpillow.com\/hr\/wp-json\/wp\/v2\/comments?post=457"}],"wp:featuredmedia":[{"embeddable":true,"href":"https:\/\/www.livingpillow.com\/hr\/wp-json\/wp\/v2\/media\/456"}],"wp:attachment":[{"href":"https:\/\/www.livingpillow.com\/hr\/wp-json\/wp\/v2\/media?parent=457"}],"wp:term":[{"taxonomy":"product_brand","embeddable":true,"href":"https:\/\/www.livingpillow.com\/hr\/wp-json\/wp\/v2\/product_brand?post=457"},{"taxonomy":"product_cat","embeddable":true,"href":"https:\/\/www.livingpillow.com\/hr\/wp-json\/wp\/v2\/product_cat?post=457"},{"taxonomy":"product_tag","embeddable":true,"href":"https:\/\/www.livingpillow.com\/hr\/wp-json\/wp\/v2\/product_tag?post=457"}],"curies":[{"name":"wp","href":"https:\/\/api.w.org\/{rel}","templated":true}]}}