{"id":488,"date":"2024-02-23T05:44:00","date_gmt":"2024-02-23T05:44:00","guid":{"rendered":"https:\/\/www.livingpillow.com\/product\/bed-wedge-support-pillow"},"modified":"2026-03-03T01:22:19","modified_gmt":"2026-03-03T01:22:19","slug":"jastuk-za-potporu-kreveta-jastuk-za-citanje-barsun-tamnoplavi","status":"publish","type":"product","link":"https:\/\/www.livingpillow.com\/hr\/product\/bed-wedge-support-pillow-reading-cushion-velvet-deep-blue","title":{"rendered":"Jastuk za potporu kreveta, jastuk za \u010ditanje, bar\u0161un, tamnoplavi"},"content":{"rendered":"<p>Otkrijte savr\u0161enog pratitelja za \u010ditanje i opu\u0161tanje<\/p>\n<p>Umorni ste od naprezanja vrata i le\u0111a dok \u010ditate u krevetu ili na kau\u010du? Mu\u010dite se s pronala\u017eenjem ukrasnih, funkcionalnih dodataka za studentsku sobu? Na\u0161 vi\u0161enamjenski trokutasti jastuk je rje\u0161enje. Dostupan u raznim veli\u010dinama od 45 cm do 200 cm, ovaj trokutasti jastuk pru\u017ea izvrsnu potporu bez obzira odmarate li se, u\u010dite ili gledate svoje omiljene emisije.<\/p>\n<p>Izra\u0111en od mekane, bar\u0161unaste 100% poliesterske tkanine s punilom od poliuretana visoke gusto\u0107e, ovaj jastuk se prilago\u0111ava va\u0161em tijelu za vrhunsku udobnost. Prilo\u017eeni gumbi omogu\u0107uju vam pode\u0161avanje oblika prema potrebi. Svojim elegantnim izgledom, trokutasti jastuk mo\u017ee poslu\u017eiti \u010dak i kao alternativno uzglavlje koje \u0107e upotpuniti dekor va\u0161e spavaonice ili spava\u0107e sobe. <\/p>\n<p>Kao \u0161to je rekao jedan zadovoljni kupac: \u201cVolim mekani osje\u0107aj bar\u0161unaste tkanine na ovom jastuku. \u010citanje u krevetu \u010dini puno ugodnijim bez potrebe za podupiranjem tvrdih jastuka.\u201d<\/p>\n<p>Drugi je napisao: \u201cOvaj trokutasti jastuk je puno elegantniji od tipi\u010dnog jastuka za \u010ditanje. Koristim ga kao uzglavlje u stanu jer nemam mjesta za pravi.\u201d<\/p>\n<p>Svojom svestrano\u0161\u0107u, visokokvalitetnim materijalima i jednostavnim odr\u017eavanjem zahvaljuju\u0107i uklonjivoj navlaki koja se mo\u017ee prati u perilici rublja, ovaj trokutasti jastuk je neophodan dodatak za bolje opu\u0161tanje.<\/p>","protected":false},"excerpt":{"rendered":"<ul>\n<li><strong>Idealno za \u010ditanje:<\/strong> Pru\u017ea izvrsnu potporu le\u0111ima i vratu za udobnost tijekom \u010ditanja ili gledanja televizije.<\/li>\n<li><strong>Alternativa uzglavlju:<\/strong> Mo\u017ee poslu\u017eiti kao ukrasno i funkcionalno uzglavlje, posebno za studente.<\/li>\n<li><strong>Vi\u0161enamjenski:<\/strong> Dostupno u raznim veli\u010dinama za obi\u010dne krevete i dnevne krevete; mo\u017ee se koristiti i kao nasloni za krevete na kat ili uzglavlja.<\/li>\n<li><strong>Jednostavno odr\u017eavanje:<\/strong> Pri\u010dvr\u0161\u0107eni gumbi omogu\u0107uju dinami\u010dan oblik i odvojivu navlaku za jednostavno pranje.<\/li>\n<li><strong>Visokokvalitetna gradnja:<\/strong> Poliuretansko punilo visoke gusto\u0107e pru\u017ea izvrsnu potporu le\u0111ima, dok izdr\u017eljiva tkanina nadopunjuje unutarnji dekor.<\/li>\n<li><strong>Tkanina:<\/strong> Mekani i bar\u0161unasti 100% poliester.<\/li>\n<li><strong>Veli\u010dina:<\/strong> 45 cm (45*20*50 cm | 0 gumba); 60 cm (60*20*50 cm | 0 gumba); 80 cm (80*20*50 cm | 2 gumba); 100 cm (100*20*50 cm | 3 gumba); 120 cm (120*20*50 cm | 4 gumba); 140 cm (140*20*50 cm | 4 gumba); 160 cm (160*20*50 cm | 5 gumba); 180 cm (180*20*50 cm | 6 gumba); 200 cm (200*20*50 cm | 7 gumba).<\/li>\n<\/ul>","protected":false},"featured_media":487,"comment_status":"open","ping_status":"closed","template":"","meta":[],"product_brand":[],"product_cat":[15],"product_tag":[114,113,110,101,98,112,111],"class_list":{"0":"post-488","1":"product","2":"type-product","3":"status-publish","4":"has-post-thumbnail","6":"product_cat-pillows","7":"product_tag-alternative-to-headboard","8":"product_tag-back-and-neck-support","9":"product_tag-bed-wedge-support-pillow","10":"product_tag-bunk-bed-backrest","11":"product_tag-decorative-headboard","12":"product_tag-perfect-for-reading","13":"product_tag-reading-cushion","15":"first","16":"instock","17":"shipping-taxable","18":"purchasable","19":"product-type-variable","20":"has-default-attributes"},"_links":{"self":[{"href":"https:\/\/www.livingpillow.com\/hr\/wp-json\/wp\/v2\/product\/488","targetHints":{"allow":["GET"]}}],"collection":[{"href":"https:\/\/www.livingpillow.com\/hr\/wp-json\/wp\/v2\/product"}],"about":[{"href":"https:\/\/www.livingpillow.com\/hr\/wp-json\/wp\/v2\/types\/product"}],"replies":[{"embeddable":true,"href":"https:\/\/www.livingpillow.com\/hr\/wp-json\/wp\/v2\/comments?post=488"}],"wp:featuredmedia":[{"embeddable":true,"href":"https:\/\/www.livingpillow.com\/hr\/wp-json\/wp\/v2\/media\/487"}],"wp:attachment":[{"href":"https:\/\/www.livingpillow.com\/hr\/wp-json\/wp\/v2\/media?parent=488"}],"wp:term":[{"taxonomy":"product_brand","embeddable":true,"href":"https:\/\/www.livingpillow.com\/hr\/wp-json\/wp\/v2\/product_brand?post=488"},{"taxonomy":"product_cat","embeddable":true,"href":"https:\/\/www.livingpillow.com\/hr\/wp-json\/wp\/v2\/product_cat?post=488"},{"taxonomy":"product_tag","embeddable":true,"href":"https:\/\/www.livingpillow.com\/hr\/wp-json\/wp\/v2\/product_tag?post=488"}],"curies":[{"name":"wp","href":"https:\/\/api.w.org\/{rel}","templated":true}]}}