{"id":576,"date":"2024-02-23T09:26:09","date_gmt":"2024-02-23T09:26:09","guid":{"rendered":"https:\/\/www.livingpillow.com\/product\/large-back-support-pillow"},"modified":"2026-03-03T01:22:42","modified_gmt":"2026-03-03T01:22:42","slug":"veliki-jastuk-za-potporu-leda-klinasti-jastuk-za-uzglavlje-barsun-cijan","status":"publish","type":"product","link":"https:\/\/www.livingpillow.com\/hr\/product\/big-back-support-pillow-wedge-headboard-cushion-velvet-cyan","title":{"rendered":"Jastuk za veliki naslon, klinasti uzglavni jastuk, bar\u0161un, cijan"},"content":{"rendered":"<p><strong>Prepustite se udobnosti i stilu s na\u0161im svestranim jastukom za \u010ditanje<\/strong><\/p>\n<p>Jeste li umorni od naprezanja vrata ili le\u0111a dok \u010ditate u krevetu? Predstavljamo vam na\u0161 iznimni jastuk za \u010ditanje, dizajniran da pru\u017ei neusporedivu potporu i udobnost za sve va\u0161e aktivnosti prije spavanja.<\/p>\n<p><strong>Idealno za \u010ditanje i vi\u0161e<\/strong><\/p>\n<p>Bez obzira jeste li knji\u0161ki moljac ili strastveni gledatelj televizije, na\u0161 jastuk nudi idealan naslon koji \u0107e va\u0161e \u010ditanje ili gledanje u\u010diniti lakim. Pru\u017ea izvrsnu potporu le\u0111ima i vratu, osiguravaju\u0107i vam udobnost i opu\u0161tanje satima.<\/p>\n<p><strong>Svestran i funkcionalan<\/strong><\/p>\n<p>Osim svoje primarne funkcije, ovaj svestrani jastuk slu\u017ei i kao elegantno i funkcionalno uzglavlje. Studenti \u0107e cijeniti njegov dizajn koji \u0161tedi prostor, dok vlasnici ku\u0107a mogu dodati da\u0161ak elegancije svakoj spava\u0107oj sobi.<\/p>\n<p><strong>Vi\u0161enamjenska upotreba<\/strong><\/p>\n<p>Njegova svestranost prote\u017ee se na razne namjene. Koristite ga kao kau\u010d na dnevnom le\u017eaju, naslon za krevet na kat ili kao uzglavlje za bilo koju veli\u010dinu kreveta. Na\u0161 jastuk dolazi u \u0161irokom rasponu veli\u010dina, zadovoljavaju\u0107i sve va\u0161e potrebe.<\/p>\n<p><strong>Jednostavno odr\u017eavanje<\/strong><\/p>\n<p>Odr\u017eavanje \u010disto\u0107e i svje\u017eine jastuka je jednostavno. Pri\u010dvr\u0161\u0107eni gumbi omogu\u0107uju jednostavno odvajanje navlake, \u0161to ga \u010dini perivim u perilici.<\/p>\n<p><strong>Vrhunski materijali<\/strong><\/p>\n<p>Na\u0161 jastuk za \u010ditanje izra\u0111en je od poliuretana visoke gusto\u0107e, pru\u017eaju\u0107i iznimnu potporu va\u0161im le\u0111ima. Luksuzna bar\u0161unasta tkanina dodaje da\u0161ak elegancije ure\u0111enju va\u0161eg doma, stvaraju\u0107i ugodnu i privla\u010dnu atmosferu.<\/p>\n<p><strong>Iskustva kupaca<\/strong><\/p>\n<p>\u201cOvaj jastuk je savr\u0161en za \u010ditanje u krevetu! Tako je udoban i pru\u017ea dobru potporu.\u201d \u2013 Maria S.<\/p>\n<p>\u201cObo\u017eavam ovo koristiti kao uzglavlje u svom studentskom domu. Istovremeno je elegantno i funkcionalno.\u201d \u2013 Emily J.<\/p>\n<p><strong>Veli\u010dine i specifikacije<\/strong><\/p>\n<p>45 cm (45*20*50 cm | 0 gumba)<br \/>\n60 cm (60*20*50 cm | 0 gumba)<br \/>\n80 cm (80*20*50 cm | 2 gumba)<br \/>\n100 cm (100*20*50 cm | 3 gumba)<br \/>\n120 cm (120*20*50 cm | 4 gumba)<br \/>\n140 cm (140*20*50 cm | 4 gumba)<br \/>\n160 cm (160*20*50 cm | 5 gumba)<br \/>\n180 cm (180*20*50 cm | 6 gumba)<br \/>\n200 cm (200*20*50 cm | 7 gumba)<\/p>\n<p><strong>Tkanina: 100% poliesterski bar\u0161un<\/strong><\/p>\n<p>Preobrazite svoju rutinu prije spavanja uz na\u0161 jastuk za \u010ditanje i do\u017eivite vrhunsku udobnost i potporu. Naru\u010dite svoj ve\u0107 danas i podignite svoje iskustvo \u010ditanja, gledanja ili opu\u0161tanja na nove visine!<\/p>","protected":false},"excerpt":{"rendered":"<ul>\n<li><strong>IDEALNO ZA \u010cITANJE U KREVETU:<\/strong> Ovaj jastuk za \u010ditanje pru\u017ea izvrsnu potporu le\u0111ima i vratu, \u0161to ga \u010dini savr\u0161enim izborom za \u010ditanje i gledanje televizije u krevetu.<\/li>\n<li><strong>ALTERNATIVA KAO UZGLAVLJE:<\/strong> Ovaj jastuk tako\u0111er predstavlja izvrsno dekorativno i funkcionalno uzglavlje, posebno za studente.<\/li>\n<li><strong>VI\u0160ENAMJENSKI:<\/strong> Na\u0161 jastuk dolazi u vi\u0161e veli\u010dina i mo\u017ee se koristiti ne samo kao naslon za obi\u010dne krevete, ve\u0107 i kao kau\u010d na dnevnom le\u017eaju, naslon za krevet na kat i uzglavlje za bilo koji krevet.<\/li>\n<li><strong>LAKO SE PRATI:<\/strong> Pri\u010dvr\u0161\u0107eni gumbi ne samo da stvaraju dinami\u010dan oblik, ve\u0107 i \u010dine navlaku odvojivom i lakom za pranje.<\/li>\n<li><strong>VISOKOKVALITETNI MATERIJAL:<\/strong> Na\u0161 jastuk za potporu le\u0111a ispunjen je poliuretanom visoke gusto\u0107e, pru\u017eaju\u0107i izvrsnu potporu va\u0161im le\u0111ima. Bar\u0161unasta tkanina tako\u0111er dodaje da\u0161ak elegancije va\u0161em ure\u0111enju interijera.<\/li>\n<li><strong>Tkanina:<\/strong> 100% poliesterski bar\u0161un.<\/li>\n<li><strong>Veli\u010dina:<\/strong> 45 cm (45*20*50 cm | 0 gumba); 60 cm (60*20*50 cm | 0 gumba); 80 cm (80*20*50 cm | 2 gumba); 100 cm (100*20*50 cm | 3 gumba); 120 cm (120*20*50 cm | 4 gumba); 140 cm (140*20*50 cm | 4 gumba); 160 cm (160*20*50 cm | 5 gumba); 180 cm (180*20*50 cm | 6 gumba); 200 cm (200*20*50 cm | 7 gumba).<\/li>\n<\/ul>","protected":false},"featured_media":575,"comment_status":"open","ping_status":"closed","template":"","meta":[],"product_brand":[],"product_cat":[15],"product_tag":[66,106,102,70,107,105,74,98,108,109,91,81,53,104,55,103],"class_list":{"0":"post-576","1":"product","2":"type-product","3":"status-publish","4":"has-post-thumbnail","6":"product_cat-pillows","7":"product_tag-back-support-pillow","8":"product_tag-bed-rest-pillow","9":"product_tag-big-back-support-pillow","10":"product_tag-bunk-bed-pillow","11":"product_tag-college-headboard","12":"product_tag-cyan-headboard","13":"product_tag-daybed-pillow","14":"product_tag-decorative-headboard","15":"product_tag-easy-wash-pillow","16":"product_tag-high-density-polyurethane-pillow","17":"product_tag-multipurpose-pillow","18":"product_tag-neck-support-pillow","19":"product_tag-reading-pillow","20":"product_tag-velvet-cushion","21":"product_tag-velvet-pillow","22":"product_tag-wedge-headboard-cushion","24":"first","25":"instock","26":"featured","27":"shipping-taxable","28":"purchasable","29":"product-type-variable","30":"has-default-attributes"},"_links":{"self":[{"href":"https:\/\/www.livingpillow.com\/hr\/wp-json\/wp\/v2\/product\/576","targetHints":{"allow":["GET"]}}],"collection":[{"href":"https:\/\/www.livingpillow.com\/hr\/wp-json\/wp\/v2\/product"}],"about":[{"href":"https:\/\/www.livingpillow.com\/hr\/wp-json\/wp\/v2\/types\/product"}],"replies":[{"embeddable":true,"href":"https:\/\/www.livingpillow.com\/hr\/wp-json\/wp\/v2\/comments?post=576"}],"wp:featuredmedia":[{"embeddable":true,"href":"https:\/\/www.livingpillow.com\/hr\/wp-json\/wp\/v2\/media\/575"}],"wp:attachment":[{"href":"https:\/\/www.livingpillow.com\/hr\/wp-json\/wp\/v2\/media?parent=576"}],"wp:term":[{"taxonomy":"product_brand","embeddable":true,"href":"https:\/\/www.livingpillow.com\/hr\/wp-json\/wp\/v2\/product_brand?post=576"},{"taxonomy":"product_cat","embeddable":true,"href":"https:\/\/www.livingpillow.com\/hr\/wp-json\/wp\/v2\/product_cat?post=576"},{"taxonomy":"product_tag","embeddable":true,"href":"https:\/\/www.livingpillow.com\/hr\/wp-json\/wp\/v2\/product_tag?post=576"}],"curies":[{"name":"wp","href":"https:\/\/api.w.org\/{rel}","templated":true}]}}