{"id":605,"date":"2024-02-23T10:22:42","date_gmt":"2024-02-23T10:22:42","guid":{"rendered":"https:\/\/www.livingpillow.com\/product\/large-back-pillow-for-bed"},"modified":"2026-04-22T01:07:04","modified_gmt":"2026-04-22T01:07:04","slug":"veliki-jastuk-za-naslon-za-krevet-veliki-klinasti-jastuk-od-lana-bijela","status":"publish","type":"product","link":"https:\/\/www.livingpillow.com\/hr\/product\/large-back-pillow-for-bed-big-wedge-cushion-linen-white","title":{"rendered":"Veliki jastuk za naslon za krevet, veliki klinasti jastuk, bijeli"},"content":{"rendered":"<p>Predstavljamo savr\u0161eni jastuk za \u010ditanje: Va\u0161 ultimativni suputnik za udobnost<\/p>\n<p>Jeste li umorni od nelagode dok \u010ditate ili gledate televiziju u krevetu? Pozdravite savr\u0161eno rje\u0161enje: jastuk za \u010ditanje! Na\u0161i jastuci za \u010ditanje pru\u017eaju izvrsnu potporu le\u0111ima i vratu, osiguravaju\u0107i vam maksimalnu udobnost dok se opu\u0161tate.<\/p>\n<p>Ali to nije sve \u2013 na\u0161 jastuk za \u010ditanje tako\u0111er je izvrsna alternativa kao uzglavlje. Mnogi ljudi, posebno studenti, smatraju da je jastuk savr\u0161en i kao dekorativno i kao funkcionalno uzglavlje. A s razli\u010ditim veli\u010dinama koje odgovaraju obi\u010dnim krevetima i dnevnim krevetima, na\u0161i jastuci su savr\u0161eni za \u0161irok raspon potreba. Mogu se \u010dak koristiti i kao branici za djecu, nasloni za krevete na kat i uzglavlja za kampere i prikolice.<\/p>\n<p>Jedna od najboljih stvari kod na\u0161eg jastuka je koliko ga je lako \u010distiti. Pri\u010dvr\u0161\u0107eni gumbi ne samo da stvaraju dinami\u010dan oblik jastuka, ve\u0107 i omogu\u0107uju skidanje i pranje navlake. Nikada nije bilo lak\u0161e odr\u017eavati jastuk za \u010ditanje \u010distim i svje\u017eim!<\/p>\n<p>Na\u0161i jastuci za \u010ditanje izra\u0111eni su od visokokvalitetnih materijala kako bi se osigurala maksimalna udobnost i potpora. Punjeni su poliuretanskim punilom visoke gusto\u0107e za izvrsnu potporu, dok tkanina klinastih jastuka ima vizualno privla\u010dan efekt koji se uklapa u va\u0161 interijer.<\/p>\n<p>Nudimo razne veli\u010dine koje odgovaraju va\u0161im potrebama, od 45 cm do 200 cm. A uz pomo\u0107 na\u0161ih komentara o proizvodima mo\u017eete vidjeti koliko su na\u0161i kupci odu\u0161evljeni svojim jastucima za \u010ditanje. Evo samo nekoliko primjera:<\/p>\n<p>\u2013 \u201cOvaj jastuk je savr\u0161en za \u010ditanje u krevetu, a materijal je tako mekan i udoban!\u201d<br \/>\n\u2013 \u201cKupila sam ovo kao uzglavlje za k\u0107erinu sobu i ona ga apsolutno obo\u017eava. Izgleda sjajno i pru\u017ea odli\u010dnu potporu.\u201d<br \/>\n\u2013 \u201cKupila sam ovo za sinov krevet na kat i savr\u0161eno je poslu\u017eilo kao naslon. Izvrsna kvaliteta i lako se \u010disti.\u201d<\/p>\n<p>Dakle, \u0161to \u010dekate? Nabavite svoj savr\u0161eni jastuk za \u010ditanje ve\u0107 danas i iskusite vrhunsku udobnost i potporu.<\/p>","protected":false},"excerpt":{"rendered":"<ul>\n<li><strong>IDEALNO ZA \u010cITANJE U KREVETU:<\/strong> Ovaj jastuk za \u010ditanje pru\u017ea izvrsnu potporu le\u0111ima i vratu za maksimalnu udobnost tijekom \u010ditanja i gledanja televizije.<\/li>\n<li><strong>ALTERNATIVA KAO UZGLAVLJE:<\/strong> Mnogi ljudi, posebno studenti, smatraju da je jastuk savr\u0161en kao ukrasno i funkcionalno uzglavlje.<\/li>\n<li><strong>VI\u0160ENAMJENSKI:<\/strong> Na\u0161i jastuci dolaze u raznim veli\u010dinama kako bi odgovarali obi\u010dnim krevetima i dnevnim krevetima. Mogu se koristiti i kao jastuci za branike za djecu, nasloni za krevete na kat i uzglavlja za kampere i prikolice.<\/li>\n<li><strong>LAKO SE PRATI:<\/strong> Pri\u010dvr\u0161\u0107eni gumbi ne samo da stvaraju dinami\u010dan oblik jastuka, ve\u0107 i omogu\u0107uju skidanje i pranje navlake.<\/li>\n<li><strong>VISOKOKVALITETNI MATERIJAL:<\/strong> Na\u0161i jastuci za potporu le\u0111a punjeni su visokokvalitetnim poliesterskim vlaknima visoke gusto\u0107e kako bi pru\u017eili izvrsnu potporu, dok tkanina klinastih jastuka ima vizualno privla\u010dan efekt koji se sla\u017ee s va\u0161im ure\u0111enjem interijera.<\/li>\n<li><strong>Veli\u010dina:<\/strong> 45 cm (45*20*50 cm | 0 gumba); 60 cm (60*20*50 cm | 0 gumba); 80 cm (80*20*50 cm | 2 gumba); 100 cm (100*20*50 cm | 3 gumba); 120 cm (120*20*50 cm | 4 gumba); 140 cm (140*20*50 cm | 4 gumba); 160 cm (160*20*50 cm | 5 gumba); 180 cm (180*20*50 cm | 6 gumba); 200 cm (200*20*50 cm | 7 gumba).<\/li>\n<\/ul>","protected":false},"featured_media":604,"comment_status":"open","ping_status":"closed","template":"","meta":[],"product_brand":[],"product_cat":[15],"product_tag":[66,80,84,101,54,99,81,53,86,60,100],"class_list":{"0":"post-605","1":"product","2":"type-product","3":"status-publish","4":"has-post-thumbnail","6":"product_cat-pillows","7":"product_tag-back-support-pillow","8":"product_tag-bed-pillow","9":"product_tag-bumper-pillow","10":"product_tag-bunk-bed-backrest","11":"product_tag-headboard-pillow","12":"product_tag-large-back-pillow","13":"product_tag-neck-support-pillow","14":"product_tag-reading-pillow","15":"product_tag-rv-headboard","16":"product_tag-wedge-cushion","17":"product_tag-white-linen-pillow","19":"first","20":"instock","21":"shipping-taxable","22":"purchasable","23":"product-type-variable","24":"has-default-attributes"},"_links":{"self":[{"href":"https:\/\/www.livingpillow.com\/hr\/wp-json\/wp\/v2\/product\/605","targetHints":{"allow":["GET"]}}],"collection":[{"href":"https:\/\/www.livingpillow.com\/hr\/wp-json\/wp\/v2\/product"}],"about":[{"href":"https:\/\/www.livingpillow.com\/hr\/wp-json\/wp\/v2\/types\/product"}],"replies":[{"embeddable":true,"href":"https:\/\/www.livingpillow.com\/hr\/wp-json\/wp\/v2\/comments?post=605"}],"wp:featuredmedia":[{"embeddable":true,"href":"https:\/\/www.livingpillow.com\/hr\/wp-json\/wp\/v2\/media\/604"}],"wp:attachment":[{"href":"https:\/\/www.livingpillow.com\/hr\/wp-json\/wp\/v2\/media?parent=605"}],"wp:term":[{"taxonomy":"product_brand","embeddable":true,"href":"https:\/\/www.livingpillow.com\/hr\/wp-json\/wp\/v2\/product_brand?post=605"},{"taxonomy":"product_cat","embeddable":true,"href":"https:\/\/www.livingpillow.com\/hr\/wp-json\/wp\/v2\/product_cat?post=605"},{"taxonomy":"product_tag","embeddable":true,"href":"https:\/\/www.livingpillow.com\/hr\/wp-json\/wp\/v2\/product_tag?post=605"}],"curies":[{"name":"wp","href":"https:\/\/api.w.org\/{rel}","templated":true}]}}