{"id":630,"date":"2024-02-23T10:37:34","date_gmt":"2024-02-23T10:37:34","guid":{"rendered":"https:\/\/www.livingpillow.com\/product\/headboard-pillow"},"modified":"2026-03-11T05:10:20","modified_gmt":"2026-03-11T05:10:20","slug":"jastuk-za-uzglavlje-veliki-klinasti-jastuk-laneno-sivo","status":"publish","type":"product","link":"https:\/\/www.livingpillow.com\/hr\/product\/headboard-pillow-big-wedge-bolster-cushion-linen-grey","title":{"rendered":"Jastuk za uzglavlje, veliki klinasti jastuk, sivi"},"content":{"rendered":"<p><strong>Pove\u0107ajte svoju udobnost uz svestrani jastuk za \u010ditanje<\/strong><\/p>\n<p>Prepustite se vrhunskom iskustvu opu\u0161tanja uz na\u0161 vrhunski jastuk za \u010ditanje, dizajniran za pru\u017eanje vrhunske potpore le\u0111ima i vratu za maksimalnu udobnost tijekom \u010ditanja, gledanja televizije ili jednostavnog opu\u0161tanja. Njegova svestrana priroda nadilazi njegovu primarnu namjenu, \u0161to ga \u010dini nezamjenjivim suputnikom u raznim scenarijima.<\/p>\n<p><strong>Prilagodljiva udobnost za sve<\/strong><\/p>\n<p>Bilo da ste sklup\u010dani u krevetu ili se opu\u0161tate na kau\u010du, na\u0161 jastuk za \u010ditanje dolazi u raznim veli\u010dinama kako bi zadovoljio va\u0161e potrebe. Od obi\u010dnih kreveta do dnevnih kreveta, pa \u010dak i kao jastuk za djecu, ovaj jastuk se prilago\u0111ava svakom prostoru. Njegov jedinstveni dizajn omogu\u0107uje vam da ga oblikujete prema \u017eeljenoj razini potpore, osiguravaju\u0107i optimalnu udobnost za svakog korisnika.<\/p>\n<p><strong>Svestrana i funkcionalna alternativa<\/strong><\/p>\n<p>Na\u0161 jastuk nije ograni\u010den samo na ulogu pratitelja u \u010ditanju, ve\u0107 slu\u017ei i kao elegantno i funkcionalno uzglavlje. Bez napora pretvara bilo koji krevet u ugodno uto\u010di\u0161te, dodaju\u0107i da\u0161ak \u0161arma i personalizacije va\u0161oj sobi. Njegova dekorativna privla\u010dnost \u010dini ga izvrsnim izborom za studente i sve koji \u017eele osvje\u017eiti ure\u0111enje svoje spava\u0107e sobe.<\/p>\n<p><strong>Vrhunski materijali za izdr\u017eljivost i potporu<\/strong><\/p>\n<p>Do\u017eivite iznimnu kvalitetu na\u0161eg jastuka za \u010ditanje, pa\u017eljivo izra\u0111enog od poliuretanskog punila visoke gusto\u0107e koje pru\u017ea nepokolebljivu potporu le\u0111ima. Kako bi se osigurao besprijekoran izgled, odvojiva navlaka se prakti\u010dno mo\u017ee prati u perilici rublja.<\/p>\n<p><strong>Pozitivne preporuke zadovoljnih kupaca<\/strong><\/p>\n<p>Na\u0161i kupci hvale iznimnu udobnost i svestranost na\u0161eg jastuka za \u010ditanje. Jedan recenzent primje\u0107uje: \u201cOvaj jastuk je pretvorio moj krevet u ugodan kutak za \u010ditanje. Pru\u017ea savr\u0161enu potporu za moja le\u0111a i vrat, \u0161to olak\u0161ava sklup\u010danje i u\u017eivanje u dobroj knjizi.\u201d<\/p>\n<p>Jo\u0161 jedan zadovoljni kupac odu\u0161evljeno ka\u017ee: \u201cSvi\u0111a mi se \u0161to se ovaj jastuk mo\u017ee koristiti za toliko razli\u010ditih stvari. Savr\u0161ene je veli\u010dine za moj dnevni krevet, a tako\u0111er je udobno uzglavlje za moj kamper. Tkanina je mekana i elegantna te se savr\u0161eno uklapa u moj dekor.\u201d<\/p>\n<p>Prepustite se vrhunskom opu\u0161tanju i udobnosti uz na\u0161 vi\u0161enamjenski jastuk za \u010ditanje. Njegova iznimna kvaliteta, svestranost i pozitivne povratne informacije kupaca \u010dine ga neizostavnim dodatkom svakom domu.<\/p>","protected":false},"excerpt":{"rendered":"<ul>\n<li>SAVR\u0160ENO ZA \u010cITANJE U KREVETU: Ovaj jastuk za \u010ditanje pru\u017ea izvrsnu potporu le\u0111ima i vratu za maksimalnu udobnost tijekom \u010ditanja i gledanja televizije.<\/li>\n<li>ALTERNATIVA KAO UZGLAVLJE: Mnogi ljudi, posebno studenti, smatraju jastuk savr\u0161enim kao uzglavlje, i dekorativno i funkcionalno.<\/li>\n<li>VI\u0160ENAMJENSKI: Nudimo jastuke svih veli\u010dina za obi\u010dne krevete, dok je veli\u010dina &quot;king size&quot; savr\u0161ena za dnevni le\u017eaj, \u0161to mu omogu\u0107uje da slu\u017ei i kao kau\u010d. Druge namjene uklju\u010duju jastuk za branik za djecu, naslon za krevete na kat i uzglavlje za kampere i prikolice.<\/li>\n<li>LAKO SE PRANJE: Pri\u010dvr\u0161\u0107eni gumbi ne samo da stvaraju dinami\u010dan oblik jastuka, ve\u0107 i \u010dine navlaku odvojivom i perivom.<\/li>\n<li>VISOKOKVALITETNI MATERIJAL: Jastuk za potporu le\u0111a punjen je poliuretanskim punilom visoke gusto\u0107e, \u0161to pru\u017ea izvrsnu potporu le\u0111ima. Tkanina klinastih jastuka ima dobar vizualni efekt koji \u0107e se uklopiti u va\u0161 interijer.<\/li>\n<li>Veli\u010dina: 45 cm (45*20*50 cm | 0 gumba); 60 cm (60*20*50 cm | 0 gumba); 80 cm (80*20*50 cm | 2 gumba); 100 cm (100*20*50 cm | 3 gumba); 120 cm (120*20*50 cm | 4 gumba); 140 cm (140*20*50 cm | 4 gumba); 160 cm (160*20*50 cm | 5 gumba); 180 cm (180*20*50 cm | 6 gumba); 200 cm (200*20*50 cm | 7 gumba).<\/li>\n<\/ul>","protected":false},"featured_media":629,"comment_status":"open","ping_status":"closed","template":"","meta":[],"product_brand":[],"product_cat":[15],"product_tag":[66,96,84,98,97,54,53,87,69],"class_list":{"0":"post-630","1":"product","2":"type-product","3":"status-publish","4":"has-post-thumbnail","6":"product_cat-pillows","7":"product_tag-back-support-pillow","8":"product_tag-bolster-cushion","9":"product_tag-bumper-pillow","10":"product_tag-decorative-headboard","11":"product_tag-functional-headboard","12":"product_tag-headboard-pillow","13":"product_tag-reading-pillow","14":"product_tag-trailer-headboard","15":"product_tag-wedge-pillow","17":"first","18":"instock","19":"featured","20":"shipping-taxable","21":"purchasable","22":"product-type-variable","23":"has-default-attributes"},"_links":{"self":[{"href":"https:\/\/www.livingpillow.com\/hr\/wp-json\/wp\/v2\/product\/630","targetHints":{"allow":["GET"]}}],"collection":[{"href":"https:\/\/www.livingpillow.com\/hr\/wp-json\/wp\/v2\/product"}],"about":[{"href":"https:\/\/www.livingpillow.com\/hr\/wp-json\/wp\/v2\/types\/product"}],"replies":[{"embeddable":true,"href":"https:\/\/www.livingpillow.com\/hr\/wp-json\/wp\/v2\/comments?post=630"}],"wp:featuredmedia":[{"embeddable":true,"href":"https:\/\/www.livingpillow.com\/hr\/wp-json\/wp\/v2\/media\/629"}],"wp:attachment":[{"href":"https:\/\/www.livingpillow.com\/hr\/wp-json\/wp\/v2\/media?parent=630"}],"wp:term":[{"taxonomy":"product_brand","embeddable":true,"href":"https:\/\/www.livingpillow.com\/hr\/wp-json\/wp\/v2\/product_brand?post=630"},{"taxonomy":"product_cat","embeddable":true,"href":"https:\/\/www.livingpillow.com\/hr\/wp-json\/wp\/v2\/product_cat?post=630"},{"taxonomy":"product_tag","embeddable":true,"href":"https:\/\/www.livingpillow.com\/hr\/wp-json\/wp\/v2\/product_tag?post=630"}],"curies":[{"name":"wp","href":"https:\/\/api.w.org\/{rel}","templated":true}]}}