{"id":711,"date":"2024-02-23T14:24:46","date_gmt":"2024-02-23T14:24:46","guid":{"rendered":"https:\/\/www.livingpillow.com\/product\/big-pillow-for-bed-headboard"},"modified":"2026-03-11T05:10:18","modified_gmt":"2026-03-11T05:10:18","slug":"veliki-jastuk-za-uzglavlje-kreveta-veliki-jastuk-od-lana-crni","status":"publish","type":"product","link":"https:\/\/www.livingpillow.com\/hr\/product\/big-pillow-for-bed-headboard-large-cushion-linen-black","title":{"rendered":"Veliki jastuk za uzglavlje kreveta, veliki jastuk, crni"},"content":{"rendered":"<p>Predstavljamo vam vi\u0161enamjenski jastuk na klinu koji vam je potreban u va\u0161em domu!<\/p>\n<p>Tra\u017eite li udoban i funkcionalan jastuk koji vam mo\u017ee pru\u017eiti maksimalnu potporu i udobnost tijekom aktivnosti poput \u010ditanja i gledanja televizije? Ne tra\u017eite dalje od ovog vi\u0161enamjenskog klinastog jastuka! <\/p>\n<p>Ovaj jastuk dizajniran je kako bi pru\u017eio vrhunsku potporu le\u0111ima i vratu, \u0161to ga \u010dini savr\u0161enim dodatkom za one koji vole \u010ditati ili provoditi vrijeme gledaju\u0107i televiziju u krevetu. Dizajniran je kako bi pove\u0107ao va\u0161u razinu udobnosti, sprje\u010davaju\u0107i bilo kakvo neugodno naprezanje le\u0111a i vrata dok sjedite. <\/p>\n<p>Jastuk je tako\u0111er idealno rje\u0161enje za studente kojima je potreban svestran dodatak koji mo\u017ee poslu\u017eiti kao funkcionalno i dekorativno uzglavlje. Svojim elegantnim dizajnom, ovaj jastuk je savr\u0161en na\u010din za uljep\u0161avanje svake sobe, a istovremeno pru\u017ea iznimnu potporu onima kojima je potrebna. <\/p>\n<p>I to nije sve! Ovaj klinasti jastuk dostupan je u vi\u0161e veli\u010dina, \u0161to ga \u010dini iznimnim svestranim dodatkom. Od upotrebe kao jastuk za branik za djecu do upotrebe kao naslon za krevete na kat, potencijal ovog jastuka je neograni\u010den. Mo\u017ee poslu\u017eiti \u010dak i kao uzglavlje za kampere i prikolice. <\/p>\n<p>Jedna od istaknutih zna\u010dajki ovog klinastog jastuka je njegov dizajn koji se lako pere. Zahvaljuju\u0107i pri\u010dvr\u0161\u0107enom gumbu, navlaka se mo\u017ee lako skinuti i oprati kako bi se sprije\u010dila ne\u017eeljena prljav\u0161tina i ne\u010disto\u0107a.<\/p>\n<p>Klinasti jastuk ispunjen je poliuretanom visoke gusto\u0107e, koji pru\u017ea iznimnu potporu le\u0111ima. Dodaje dodatni da\u0161ak stila va\u0161em ure\u0111enju.<\/p>\n<p>Ukratko, vi\u0161enamjenski klinasti jastuk je bitan predmet koji je potreban svakom domu. Pru\u017ea vrhunsku potporu i udobnost, \u0161to ga \u010dini savr\u0161enim za aktivnosti poput \u010ditanja i gledanja televizije. Svojim svestranim dizajnom slu\u017ei vi\u0161estrukim namjenama i dostupan je u raznim veli\u010dinama, osiguravaju\u0107i da \u0107e odgovarati svim va\u0161im potrebama. A zahvaljuju\u0107i dizajnu koji se lako pere, ovaj jastuk \u0107e sigurno postati va\u0161 omiljeni dodatak godinama koje dolaze. <\/p>\n<p>Ako jo\u0161 uvijek niste uvjereni, samo pogledajte odjeljak s komentarima o proizvodu! Na\u0161i kupci se ne mogu zasititi ovog proizvoda. Stoga, ne \u010dekajte vi\u0161e i kupite svoj vlastiti vi\u0161enamjenski klinasti jastuk ve\u0107 danas!<\/p>","protected":false},"excerpt":{"rendered":"<ul>\n<li><strong>Idealno za \u010ditanje u krevetu:<\/strong> Ovaj jastuk pru\u017ea vrhunsku potporu le\u0111ima i vratu, pove\u0107avaju\u0107i udobnost tijekom \u010ditanja i gledanja televizije.<\/li>\n<li><strong>Alternativa uzglavlju:<\/strong> Idealno rje\u0161enje za studente, ovaj svestrani jastuk slu\u017ei i u dekorativne i u funkcionalne svrhe kao uzglavlje.<\/li>\n<li><strong>Vi\u0161enamjenska upotreba:<\/strong> Dostupno u raznim veli\u010dinama, uklju\u010duju\u0107i i veli\u010dinu &quot;king size&quot; koja se savr\u0161eno pretvara u kau\u010d na razvla\u010denje. Tako\u0111er slu\u017ei kao jastuk za djecu, naslon za krevete na kat i uzglavlje za kampere\/prikolice.<\/li>\n<li><strong>Lako se pere:<\/strong> Dizajn ima pri\u010dvr\u0161\u0107ene gumbe za estetsku privla\u010dnost i jednostavno odvajanje navlake za pranje.<\/li>\n<li><strong>Visokokvalitetni materijal:<\/strong> Ispunjen poliuretanom visoke gusto\u0107e za iznimnu potporu le\u0111ima, tkanina klinastog jastuka uljep\u0161ava va\u0161 dekor.<\/li>\n<li><strong>Veli\u010dina:<\/strong> 45 cm (45*20*50 cm | 0 gumba); 60 cm (60*20*50 cm | 0 gumba); 80 cm (80*20*50 cm | 2 gumba); 100 cm (100*20*50 cm | 3 gumba); 120 cm (120*20*50 cm | 4 gumba); 140 cm (140*20*50 cm | 4 gumba); 160 cm (160*20*50 cm | 5 gumba); 180 cm (180*20*50 cm | 6 gumba); 200 cm (200*20*50 cm | 7 gumba).<\/li>\n<\/ul>","protected":false},"featured_media":710,"comment_status":"open","ping_status":"closed","template":"","meta":[],"product_brand":[],"product_cat":[15],"product_tag":[75,61,88,84,70,89,57,90,58,69],"class_list":{"0":"post-711","1":"product","2":"type-product","3":"status-publish","4":"has-post-thumbnail","6":"product_cat-pillows","7":"product_tag-bed-headboard","8":"product_tag-big-bed-pillow","9":"product_tag-big-pillow","10":"product_tag-bumper-pillow","11":"product_tag-bunk-bed-pillow","12":"product_tag-daybed-couch","13":"product_tag-headboard-cushion","14":"product_tag-king-size-pillow","15":"product_tag-linen-pillow","16":"product_tag-wedge-pillow","18":"first","19":"instock","20":"shipping-taxable","21":"purchasable","22":"product-type-variable","23":"has-default-attributes"},"_links":{"self":[{"href":"https:\/\/www.livingpillow.com\/hr\/wp-json\/wp\/v2\/product\/711","targetHints":{"allow":["GET"]}}],"collection":[{"href":"https:\/\/www.livingpillow.com\/hr\/wp-json\/wp\/v2\/product"}],"about":[{"href":"https:\/\/www.livingpillow.com\/hr\/wp-json\/wp\/v2\/types\/product"}],"replies":[{"embeddable":true,"href":"https:\/\/www.livingpillow.com\/hr\/wp-json\/wp\/v2\/comments?post=711"}],"wp:featuredmedia":[{"embeddable":true,"href":"https:\/\/www.livingpillow.com\/hr\/wp-json\/wp\/v2\/media\/710"}],"wp:attachment":[{"href":"https:\/\/www.livingpillow.com\/hr\/wp-json\/wp\/v2\/media?parent=711"}],"wp:term":[{"taxonomy":"product_brand","embeddable":true,"href":"https:\/\/www.livingpillow.com\/hr\/wp-json\/wp\/v2\/product_brand?post=711"},{"taxonomy":"product_cat","embeddable":true,"href":"https:\/\/www.livingpillow.com\/hr\/wp-json\/wp\/v2\/product_cat?post=711"},{"taxonomy":"product_tag","embeddable":true,"href":"https:\/\/www.livingpillow.com\/hr\/wp-json\/wp\/v2\/product_tag?post=711"}],"curies":[{"name":"wp","href":"https:\/\/api.w.org\/{rel}","templated":true}]}}