{"id":736,"date":"2024-02-23T14:54:47","date_gmt":"2024-02-23T14:54:47","guid":{"rendered":"https:\/\/www.livingpillow.com\/product\/headboard-pillow-wedge"},"modified":"2026-03-11T05:10:17","modified_gmt":"2026-03-11T05:10:17","slug":"ukrasni-jastuk-za-uzglavlje-veliki-klinasti-jastuk-od-lana-ljubicasti","status":"publish","type":"product","link":"https:\/\/www.livingpillow.com\/hr\/product\/headboard-decorative-pillow-big-wedge-cushion-linen-purple","title":{"rendered":"Ukrasni jastuk za uzglavlje, veliki klinasti jastuk, ljubi\u010dasti"},"content":{"rendered":"<p>Predstavljamo savr\u0161enog suputnika za \u010ditanje \u2013 visokokvalitetni jastuk za potporu le\u0111a koji je savr\u0161en za \u010ditanje u krevetu i gledanje televizije. Ne samo da pru\u017ea izvrsnu potporu le\u0111ima i vratu za maksimalnu udobnost, ve\u0107 slu\u017ei i kao alternativno uzglavlje, \u0161to ga \u010dini i dekorativnim i funkcionalnim.<\/p>\n<p>Izra\u0111en od poliestera i mje\u0161avine, ovaj jastuk za potporu le\u0111ima ima vrlo dobar vizualni efekt koji se mo\u017ee uklopiti u va\u0161 interijer. Punjen je poliuretanskim punilom visoke gusto\u0107e, pru\u017eaju\u0107i izvrsnu potporu le\u0111ima.<\/p>\n<p>Ovaj vi\u0161enamjenski jastuk dostupan je u svim veli\u010dinama, \u0161to ga \u010dini prikladnim za dje\u010dje krevete, krevete na kat, kamp-ku\u0107ice\/prikolice i obi\u010dne krevete. Ako imate problema sa spavanjem ili se budite s uko\u010denim vratom, ovaj jastuk tako\u0111er mo\u017ee pru\u017eiti izvrsnu potporu za va\u0161u glavu i vrat.<\/p>\n<p>\u0160tovi\u0161e, pri\u010dvr\u0161\u0107eni gumbi ne samo da stvaraju dinami\u010dniji oblik jastuka, ve\u0107 i \u010dine navlaku odvojivom i perivom, \u0161to olak\u0161ava \u010di\u0161\u0107enje i odr\u017eavanje.<\/p>\n<p>Na\u0161i zadovoljni kupci su odu\u0161evljeni ovim jastukom, a jedan je kupac rekao: \u201cOvo je najbolji trokutasti jastuk koji sam ikad imao\/imala! Jastuk je super mekan i udoban, a boja je prekrasna.\u201d<\/p>\n<p>Jastuk je dostupan u razli\u010ditim veli\u010dinama, uklju\u010duju\u0107i 45 cm, 60 cm, 80 cm, 100 cm, 120 cm, 140 cm, 160 cm, 180 cm i 200 cm, tako da mo\u017eete odabrati savr\u0161enu veli\u010dinu za svoj krevet i potrebe.<\/p>\n<p>Investirajte u ovaj visokokvalitetni jastuk za potporu le\u0111a ve\u0107 danas i u\u017eivajte u vrhunskoj udobnosti i opu\u0161tanju dok \u010ditate ili gledate televiziju u krevetu.<\/p>","protected":false},"excerpt":{"rendered":"<ul>\n<li><strong>IDEALNO ZA \u010cITANJE U KREVETU:<\/strong> Ovaj jastuk za \u010ditanje pru\u017ea izvrsnu potporu le\u0111ima i vratu za maksimalnu udobnost tijekom \u010ditanja i gledanja televizije.<\/li>\n<li><strong>ALTERNATIVA KAO UZGLAVLJE:<\/strong> Mnogi ljudi, posebno studenti, smatraju da je jastuk savr\u0161en kao uzglavlje: i dekorativno i funkcionalno.<\/li>\n<li><strong>VI\u0160ENAMJENSKI:<\/strong> Nudimo jastuke za obi\u010dne krevete svih veli\u010dina, a mogu se koristiti kao branici za djecu, nasloni za krevete na kat i uzglavlja za kampere\/prikolice.<\/li>\n<li><strong>LAKO SE PRATI:<\/strong> Pri\u010dvr\u0161\u0107eni gumbi ne samo da stvaraju dinami\u010dniji oblik jastuka, ve\u0107 i \u010dine navlaku odvojivom i perivom.<\/li>\n<li><strong>VISOKOKVALITETNI MATERIJAL:<\/strong> Jastuk za potporu le\u0111a punjen je poliuretanskim punilom visoke gusto\u0107e, \u0161to pru\u017ea izvrsnu potporu le\u0111ima. Tkanina klinastih jastuka ima vrlo dobar vizualni efekt koji \u0107e se uklopiti u va\u0161 interijer.<\/li>\n<li><strong>Veli\u010dina:<\/strong> 45 cm (45*20*50 cm | 0 gumba); 60 cm (60*20*50 cm | 0 gumba); 80 cm (80*20*50 cm | 2 gumba); 100 cm (100*20*50 cm | 3 gumba); 120 cm (120*20*50 cm | 4 gumba); 140 cm (140*20*50 cm | 4 gumba); 160 cm (160*20*50 cm | 5 gumba); 180 cm (180*20*50 cm | 6 gumba); 200 cm (200*20*50 cm | 7 gumba).<\/li>\n<\/ul>","protected":false},"featured_media":735,"comment_status":"open","ping_status":"closed","template":"","meta":[],"product_brand":[],"product_cat":[15],"product_tag":[83,82,84,85,65,54,58,86,87,60],"class_list":{"0":"post-736","1":"product","2":"type-product","3":"status-publish","4":"has-post-thumbnail","6":"product_cat-pillows","7":"product_tag-alternative-headboard","8":"product_tag-big-wedge-cushion","9":"product_tag-bumper-pillow","10":"product_tag-bunk-bed-backrests","11":"product_tag-decorative-pillow","12":"product_tag-headboard-pillow","13":"product_tag-linen-pillow","14":"product_tag-rv-headboard","15":"product_tag-trailer-headboard","16":"product_tag-wedge-cushion","18":"first","19":"instock","20":"shipping-taxable","21":"purchasable","22":"product-type-variable","23":"has-default-attributes"},"_links":{"self":[{"href":"https:\/\/www.livingpillow.com\/hr\/wp-json\/wp\/v2\/product\/736","targetHints":{"allow":["GET"]}}],"collection":[{"href":"https:\/\/www.livingpillow.com\/hr\/wp-json\/wp\/v2\/product"}],"about":[{"href":"https:\/\/www.livingpillow.com\/hr\/wp-json\/wp\/v2\/types\/product"}],"replies":[{"embeddable":true,"href":"https:\/\/www.livingpillow.com\/hr\/wp-json\/wp\/v2\/comments?post=736"}],"wp:featuredmedia":[{"embeddable":true,"href":"https:\/\/www.livingpillow.com\/hr\/wp-json\/wp\/v2\/media\/735"}],"wp:attachment":[{"href":"https:\/\/www.livingpillow.com\/hr\/wp-json\/wp\/v2\/media?parent=736"}],"wp:term":[{"taxonomy":"product_brand","embeddable":true,"href":"https:\/\/www.livingpillow.com\/hr\/wp-json\/wp\/v2\/product_brand?post=736"},{"taxonomy":"product_cat","embeddable":true,"href":"https:\/\/www.livingpillow.com\/hr\/wp-json\/wp\/v2\/product_cat?post=736"},{"taxonomy":"product_tag","embeddable":true,"href":"https:\/\/www.livingpillow.com\/hr\/wp-json\/wp\/v2\/product_tag?post=736"}],"curies":[{"name":"wp","href":"https:\/\/api.w.org\/{rel}","templated":true}]}}