{"id":760,"date":"2024-02-23T15:03:06","date_gmt":"2024-02-23T15:03:06","guid":{"rendered":"https:\/\/www.livingpillow.com\/product\/bed-headboard-cushion"},"modified":"2026-03-11T05:10:16","modified_gmt":"2026-03-11T05:10:16","slug":"jastuk-za-uzglavlje-kreveta-veliki-klinasti-podupirac-laneno-plavo","status":"publish","type":"product","link":"https:\/\/www.livingpillow.com\/hr\/product\/bed-headboard-cushion-large-wedge-bolster-linen-blue","title":{"rendered":"Jastuk za uzglavlje kreveta, veliki klinasti podupira\u010d, plavi"},"content":{"rendered":"<p>Jastuk za uzglavlje kreveta, veliki, plavi, s klinom \u2013 savr\u0161en dodatak va\u0161em krevetu! Ovaj jastuk pru\u017ea izvrsnu potporu le\u0111ima i vratu, \u0161to ga \u010dini udobnim za \u010ditanje, gledanje televizije ili jednostavno opu\u0161tanje. A ako tra\u017eite funkcionalno uzglavlje, ovaj jastuk je idealan izbor, posebno za studente.<\/p>\n<p>Ovaj jastuk dostupan je u razli\u010ditim veli\u010dinama i ima vi\u0161estruku namjenu \u2013 mo\u017ee se koristiti kao jastuk za kau\u010d ili branik za djecu, naslon za krevete na kat ili uzglavlje za kampere i prikolice. Njegovo poliuretansko punilo visoke gusto\u0107e osigurava izvrsnu potporu le\u0111ima, a vizualno privla\u010dna tkanina mo\u017ee se uklopiti u bilo koji interijer.<\/p>\n<p>Nemojte nam samo vjerovati na rije\u010d \u2013 evo nekoliko komentara na\u0161ih zadovoljnih kupaca:<\/p>\n<p>\u201cObo\u017eavam ovaj jastuk! Savr\u0161ene je veli\u010dine za moj krevet i pru\u017ea izvrsnu potporu za \u010ditanje.\u201d \u2013 Sarah<\/p>\n<p>\u201cKupio sam ovo kao uzglavlje za sinov krevet i izgleda fantasti\u010dno! Tako\u0111er je dovoljno udobno da se na njega nasloni dok \u010dita.\u201d \u2013 John<\/p>\n<p>\u201cTkanina je tako mekana i udobna! Tako\u0111er cijenim \u0161to se lako pere.\u201d \u2013 Emily<\/p>\n<p>Sveukupno, veliki jastuk za uzglavlje kreveta u plavoj boji svestran je i udoban dodatak svakom krevetu. Zahvaljuju\u0107i vi\u0161estrukoj namjeni i visokokvalitetnim materijalima, zasigurno \u0107e pru\u017eiti izvrsnu potporu le\u0111ima i dodati elegantan dodir ure\u0111enju va\u0161e spava\u0107e sobe.<\/p>","protected":false},"excerpt":{"rendered":"<ul>\n<li><strong>IDEALNO ZA \u010cITANJE U KREVETU:<\/strong> Pru\u017ea izvrsnu potporu le\u0111ima i vratu za udobno \u010ditanje i gledanje televizije.<\/li>\n<li><strong>ALTERNATIVA KAO UZGLAVLJE:<\/strong> Idealno dekorativno i funkcionalno uzglavlje, posebno za studente.<\/li>\n<li><strong>VI\u0160ENAMJENSKI:<\/strong> Dostupan u svim veli\u010dinama, ovaj jastuk odgovara obi\u010dnim krevetima i mo\u017ee se koristiti kao jastuk za kau\u010d ili branik za djecu, naslon za krevet na kat i uzglavlje za kampere i prikolice.<\/li>\n<li><strong>LAKO SE PRATI:<\/strong> Pri\u010dvr\u0161\u0107eni gumbi stvaraju dinami\u010dan oblik jastuka i omogu\u0107uju jednostavno odvajanje i pranje navlake.<\/li>\n<li><strong>VISOKOKVALITETNI MATERIJAL:<\/strong> Punjen poliuretanskim punilom visoke gusto\u0107e, ovaj jastuk pru\u017ea izvrsnu potporu le\u0111ima i ima vizualno privla\u010dnu tkaninu koja se mo\u017ee uklopiti u bilo koji interijer.<\/li>\n<li><strong>Veli\u010dina:<\/strong> Dostupno u razli\u010ditim veli\u010dinama i broju gumba: 45 cm (bez gumba), 60 cm (bez gumba), 80 cm (2 gumba), 100 cm (3 gumba), 120 cm (4 gumba), 140 cm (4 gumba), 160 cm (5 gumba), 180 cm (6 gumba) i 200 cm (7 gumba). Sve veli\u010dine su \u0161iroke 20 cm i visoke 50 cm.<\/li>\n<\/ul>","protected":false},"featured_media":759,"comment_status":"open","ping_status":"closed","template":"","meta":[],"product_brand":[],"product_cat":[15],"product_tag":[63,77,78,75,80,79,57,59,76,58,81,53,56],"class_list":{"0":"post-760","1":"product","2":"type-product","3":"status-publish","4":"has-post-thumbnail","6":"product_cat-pillows","7":"product_tag-backrest-pillow","8":"product_tag-bed-backrest","9":"product_tag-bed-cushion","10":"product_tag-bed-headboard","11":"product_tag-bed-pillow","12":"product_tag-bedroom-decoration","13":"product_tag-headboard-cushion","14":"product_tag-large-wedge-pillow","15":"product_tag-linen-headboard","16":"product_tag-linen-pillow","17":"product_tag-neck-support-pillow","18":"product_tag-reading-pillow","19":"product_tag-wedge-bolster-pillow","21":"first","22":"instock","23":"featured","24":"shipping-taxable","25":"purchasable","26":"product-type-variable","27":"has-default-attributes"},"_links":{"self":[{"href":"https:\/\/www.livingpillow.com\/hr\/wp-json\/wp\/v2\/product\/760","targetHints":{"allow":["GET"]}}],"collection":[{"href":"https:\/\/www.livingpillow.com\/hr\/wp-json\/wp\/v2\/product"}],"about":[{"href":"https:\/\/www.livingpillow.com\/hr\/wp-json\/wp\/v2\/types\/product"}],"replies":[{"embeddable":true,"href":"https:\/\/www.livingpillow.com\/hr\/wp-json\/wp\/v2\/comments?post=760"}],"wp:featuredmedia":[{"embeddable":true,"href":"https:\/\/www.livingpillow.com\/hr\/wp-json\/wp\/v2\/media\/759"}],"wp:attachment":[{"href":"https:\/\/www.livingpillow.com\/hr\/wp-json\/wp\/v2\/media?parent=760"}],"wp:term":[{"taxonomy":"product_brand","embeddable":true,"href":"https:\/\/www.livingpillow.com\/hr\/wp-json\/wp\/v2\/product_brand?post=760"},{"taxonomy":"product_cat","embeddable":true,"href":"https:\/\/www.livingpillow.com\/hr\/wp-json\/wp\/v2\/product_cat?post=760"},{"taxonomy":"product_tag","embeddable":true,"href":"https:\/\/www.livingpillow.com\/hr\/wp-json\/wp\/v2\/product_tag?post=760"}],"curies":[{"name":"wp","href":"https:\/\/api.w.org\/{rel}","templated":true}]}}