{"id":88,"date":"2024-02-22T07:56:39","date_gmt":"2024-02-22T07:56:39","guid":{"rendered":"https:\/\/www.livingpillow.com\/product\/decorative-pillows-for-bed"},"modified":"2026-03-11T05:10:27","modified_gmt":"2026-03-11T05:10:27","slug":"ukrasni-jastuci-za-krevet-veliki-klinasti-jastuk-od-lana-smede-boje","status":"publish","type":"product","link":"https:\/\/www.livingpillow.com\/hr\/product\/decorative-pillows-for-bed-big-wedge-cushion-linen-brown","title":{"rendered":"Ukrasni jastuci za krevet, veliki klinasti jastuk, sme\u0111i"},"content":{"rendered":"<p>Pobolj\u0161ajte svoje vrijeme za spavanje ukrasnim jastucima<\/p>\n<p>Pronala\u017eenje savr\u0161enog jastuka za u\u0161u\u0161kavanje prije spavanja mo\u017ee podi\u0107i va\u0161e opu\u0161tanje na vi\u0161u razinu. Ovi ukrasni klinasti jastuci u neutralnoj sme\u0111oj boji idealni su udobni suputnici za odmaranje, \u010ditanje ili gledanje omiljenih emisija. <\/p>\n<p>Najva\u017enije zna\u010dajke proizvoda:<\/p>\n<p>\u2013 Izvrsno za potporu le\u0111ima i vratu u krevetu za \u010ditanje ili gledanje televizije<br \/>\n\u2013 Ujedno slu\u017ei i kao privla\u010dno uzglavlje za dekoraciju<br \/>\n\u2013 \u0160irok raspon veli\u010dina kreveta \u2013 od studentskih domova do king size kreveta<br \/>\n\u2013 Uklonjiva navlaka za gumbe za lak\u0161e pranje<br \/>\n\u2013 Punjenje visoke gusto\u0107e nudi vrhunsku udobnost<br \/>\n\u2013 Decentna tkanina upotpunjuje svaku spava\u0107u sobu<\/p>\n<p>Dostupne su u vi\u0161e prakti\u010dnih veli\u010dina od 100 cm do 200 cm, tako da \u0107ete prona\u0107i onu koja odgovara va\u0161im potrebama. <\/p>\n<p>\u0160to kupci ka\u017eu:<\/p>\n<p>\u201cVolim koristiti ovaj ogromni jastuk kao podupira\u010d u krevetu dok pregledavam sadr\u017eaj na telefonu. Gledanje videa prije spavanja \u010dini tako ugodnim.\u201d \u2013 Linda T.<\/p>\n<p>\u201cOvaj neutralni jastuk dodaje dekorativni dodir mom uzglavlju i pru\u017ea mi dodatnu potporu za le\u0111a pri \u010ditanju. Tkanina je glatka na dodir.\u201d \u2013 James R. <\/p>\n<p>\u201cKao studentici, ovaj ogromni klinasti jastuk mi je jako koristan kao improvizirano uzglavlje u mojoj maloj studentskoj sobi. Izgleda lijepo i zauzima malo prostora kada se ne koristi.\u201d \u2013 Sarah D.<\/p>\n<p>Dodajte udobnost ugodnog nagnutog jastuka u svoju spava\u0107u sobu ve\u0107 danas. Ovi jastuci imaju dvostruku funkciju, pru\u017eaju\u0107i dodatnu potporu vratu, a uz to su i dekorativni detalji koji \u0107e podi\u0107i va\u0161u opu\u0161tenost na vi\u0161u razinu.<\/p>","protected":false},"excerpt":{"rendered":"<ul>\n<li><strong>Idealno za \u010ditanje prije spavanja:<\/strong> U\u017eivajte u maksimalnoj udobnosti dok \u010ditate ili gledate televiziju s ovim jastukom koji pru\u017ea izvrsnu potporu le\u0111ima i vratu.<\/li>\n<li><strong>Slu\u017ei i kao uzglavlje:<\/strong> Idealan za studente, ovaj jastuk slu\u017ei i kao dekorativna i funkcionalna uloga kao uzglavlje.<\/li>\n<li><strong>Svestrana upotreba:<\/strong> Jastuk veli\u010dine &quot;king size&quot; pogodan je za sve veli\u010dine kreveta i slu\u017ei kao kau\u010d na dnevnom le\u017eaju. Mo\u017ee se koristiti i kao branik za djecu, naslon za le\u0111a kreveta na kat ili kao uzglavlje u kamperima i prikolicama.<\/li>\n<li><strong>Periva navlaka:<\/strong> Ima odvojivu navlaku s gumbima, \u0161to olak\u0161ava \u010di\u0161\u0107enje i doprinosi estetici jastuka.<\/li>\n<li><strong>Vrhunski materijal:<\/strong> Izra\u0111eno s poliuretanskim punilom visoke gusto\u0107e za vrhunsku potporu le\u0111ima, uskla\u0111eno s vizualno privla\u010dnom tkaninom kako bi upotpunilo va\u0161 dekor.<\/li>\n<li><strong>Dostupne veli\u010dine:<\/strong> 100 cm (D100 x \u016026 x V55 | 3 stupca gumba), 120 cm (D120 x \u016026 x V55 | 4 stupca gumba), 140 cm (D140 x \u016026 x V55 | 4 stupca gumba), 160 cm (D160 x \u016026 x V55 | 5 stupaca gumba), 180 cm (D180 x \u016026 x V55 | 6 stupaca gumba), 200 cm (D200 x \u016026 x V55 | 7 stupaca gumba).<\/li>\n<\/ul>","protected":false},"featured_media":87,"comment_status":"open","ping_status":"closed","template":"","meta":[],"product_brand":[],"product_cat":[15],"product_tag":[163,157,162,84,161,54,90,58,156],"class_list":{"0":"post-88","1":"product","2":"type-product","3":"status-publish","4":"has-post-thumbnail","6":"product_cat-pillows","7":"product_tag-back-rest-pillow","8":"product_tag-back-support","9":"product_tag-bedtime-reading","10":"product_tag-bumper-pillow","11":"product_tag-decorative-pillows","12":"product_tag-headboard-pillow","13":"product_tag-king-size-pillow","14":"product_tag-linen-pillow","15":"product_tag-neck-support","17":"first","18":"instock","19":"shipping-taxable","20":"purchasable","21":"product-type-variable","22":"has-default-attributes"},"_links":{"self":[{"href":"https:\/\/www.livingpillow.com\/hr\/wp-json\/wp\/v2\/product\/88","targetHints":{"allow":["GET"]}}],"collection":[{"href":"https:\/\/www.livingpillow.com\/hr\/wp-json\/wp\/v2\/product"}],"about":[{"href":"https:\/\/www.livingpillow.com\/hr\/wp-json\/wp\/v2\/types\/product"}],"replies":[{"embeddable":true,"href":"https:\/\/www.livingpillow.com\/hr\/wp-json\/wp\/v2\/comments?post=88"}],"wp:featuredmedia":[{"embeddable":true,"href":"https:\/\/www.livingpillow.com\/hr\/wp-json\/wp\/v2\/media\/87"}],"wp:attachment":[{"href":"https:\/\/www.livingpillow.com\/hr\/wp-json\/wp\/v2\/media?parent=88"}],"wp:term":[{"taxonomy":"product_brand","embeddable":true,"href":"https:\/\/www.livingpillow.com\/hr\/wp-json\/wp\/v2\/product_brand?post=88"},{"taxonomy":"product_cat","embeddable":true,"href":"https:\/\/www.livingpillow.com\/hr\/wp-json\/wp\/v2\/product_cat?post=88"},{"taxonomy":"product_tag","embeddable":true,"href":"https:\/\/www.livingpillow.com\/hr\/wp-json\/wp\/v2\/product_tag?post=88"}],"curies":[{"name":"wp","href":"https:\/\/api.w.org\/{rel}","templated":true}]}}