{"id":112,"date":"2024-02-22T08:12:58","date_gmt":"2024-02-22T08:12:58","guid":{"rendered":"https:\/\/www.livingpillow.com\/product\/reading-wedge-headboard"},"modified":"2026-03-11T04:42:28","modified_gmt":"2026-03-11T04:42:28","slug":"olvasoek-alaku-fejtamla-parna-nagy-parna-vaszonkek","status":"publish","type":"product","link":"https:\/\/www.livingpillow.com\/hu\/product\/reading-wedge-headboard-pillow-big-cushion-linen-blue","title":{"rendered":"Reading Wedge fejt\u00e1mla p\u00e1rna, nagy p\u00e1rna, k\u00e9k"},"content":{"rendered":"<p>Az olvas\u00f3s fejt\u00e1mla p\u00e1rna, nagy, k\u00e9k sz\u00ednben \u2013 t\u00f6k\u00e9letes kieg\u00e9sz\u00edt\u0151je az olvas\u00e1si \u00e9lm\u00e9ny fokoz\u00e1s\u00e1nak \u00e9s h\u00e1l\u00f3szob\u00e1j\u00e1nak st\u00edlusos megjelen\u00e9s\u00e9nek.<\/p>\n<p>Ez a t\u00f6bbc\u00e9l\u00fa p\u00e1rna minden \u00e1gym\u00e9rethez t\u00f6k\u00e9letes, optim\u00e1lis t\u00e1maszt ny\u00fajtva a h\u00e1tnak \u00e9s a nyaknak olvas\u00e1s vagy t\u00e9v\u00e9z\u00e9s k\u00f6zben. Nagy s\u0171r\u0171s\u00e9g\u0171 poliuret\u00e1n t\u00f6ltete kiv\u00e1l\u00f3 h\u00e1tt\u00e1maszt\u00e1st biztos\u00edt, m\u00edg a vizu\u00e1lisan vonz\u00f3 anyag kieg\u00e9sz\u00edti a lakberendez\u00e9si t\u00e1rgyat.<\/p>\n<p>Nemcsak funkcion\u00e1lis olvas\u00f3p\u00e1rna, hanem sokoldal\u00fa fejt\u00e1mla-alternat\u00edvak\u00e9nt is szolg\u00e1l. Egyetemist\u00e1k \u00e9s m\u00e1sok dekorat\u00edv fejt\u00e1mla-helyettes\u00edt\u0151k\u00e9nt haszn\u00e1lhatj\u00e1k, gyerekeknek l\u00f6kh\u00e1r\u00edt\u00f3p\u00e1rnak\u00e9nt, emeletes \u00e1gyak h\u00e1tt\u00e1ml\u00e1jak\u00e9nt, s\u0151t lak\u00f3kocsik \u00e9s ut\u00e1nfut\u00f3k r\u00f6gt\u00f6nz\u00f6tt fejt\u00e1ml\u00e1jak\u00e9nt is haszn\u00e1lhat\u00f3.<\/p>\n<p>A Reading Wedge fejt\u00e1mlap\u00e1rna k\u00e9nyelmesen moshat\u00f3, a huzat gombokkal k\u00f6nnyen levehet\u0151 \u00e9s tiszt\u00edthat\u00f3. 100 cm-t\u0151l 200 cm-ig terjed\u0151 m\u00e9retekben kaphat\u00f3, ez a p\u00e1rna b\u00e1rmilyen \u00e1gyra illeszkedik, \u00e9s hever\u0151k\u00e9nt is funkcion\u00e1l.<\/p>\n<p>De ne csak higgyen nek\u00fcnk \u2013 \u00edme n\u00e9h\u00e1ny v\u00e9lem\u00e9ny az el\u00e9gedett v\u00e1s\u00e1rl\u00f3inkt\u00f3l:<\/p>\n<p>\u201cA Reading Wedge fejt\u00e1mlap\u00e1rna nemcsak k\u00e9nyelmes, de nagyon st\u00edlusos is. Felv\u00e1ltotta a hagyom\u00e1nyos fejt\u00e1ml\u00e1mat, \u00e9s modernebb\u00e9 tette a h\u00e1l\u00f3szob\u00e1mat.\u201d<\/p>\n<p>\u201cIm\u00e1dom ezt a p\u00e1rn\u00e1t! T\u00f6k\u00e9letes m\u00e9ret\u0171 a queen size \u00e1gyamhoz, \u00e9s seg\u00edtett hosszabb ideig olvasni kellemetlens\u00e9g n\u00e9lk\u00fcl.\u201d<\/p>\n<p>\u201cA k\u00e9k huzat gy\u00f6ny\u00f6r\u0171, \u00e9s t\u00f6k\u00e9letesen illik az \u00e1gynem\u0171mh\u00f6z. Mindenkinek aj\u00e1nlom ezt a p\u00e1rn\u00e1t, aki funkcion\u00e1lis \u00e9s st\u00edlusos kieg\u00e9sz\u00edt\u0151t keres a h\u00e1l\u00f3szob\u00e1j\u00e1ba.\u201d<\/p>\n<p>\u00d6sszefoglalva, a Reading Wedge fejt\u00e1mlap\u00e1rna, nagy, k\u00e9k, k\u00f6telez\u0151 darab mindenkinek, aki szeret olvasni vagy t\u00e9v\u00e9zni az \u00e1gyban. T\u00f6bbc\u00e9l\u00fa kialak\u00edt\u00e1sa, pr\u00e9mium min\u0151s\u00e9g\u0171 anyaga \u00e9s k\u00e9nyelmes moshat\u00f3s\u00e1ga nagyszer\u0171 befektet\u00e9ss\u00e9 teszi a h\u00e1l\u00f3szob\u00e1j\u00e1ba. Rendelje meg m\u00e9g ma, \u00e9s \u00e9lvezze a k\u00e9nyelmes, st\u00edlusos olvas\u00e1s el\u0151nyeit az \u00e1gyban!<\/p>","protected":false},"excerpt":{"rendered":"<ul>\n<li><strong>Fokozza olvas\u00e1si \u00e9lm\u00e9ny\u00e9t:<\/strong> Optim\u00e1lis t\u00e1maszt ny\u00fajt a h\u00e1tnak \u00e9s a nyaknak olvas\u00e1s vagy t\u00e9v\u00e9z\u00e9s k\u00f6zben, \u00edgy ide\u00e1lis olvas\u00f3p\u00e1rna.<\/li>\n<li><strong>Sokoldal\u00fa fejt\u00e1mla alternat\u00edva:<\/strong> T\u00f6k\u00e9letes f\u0151iskolai hallgat\u00f3k \u00e9s m\u00e1sok sz\u00e1m\u00e1ra, mint funkcion\u00e1lis, dekorat\u00edv fejt\u00e1mla-helyettes\u00edt\u0151.<\/li>\n<li><strong>T\u00f6bbc\u00e9l\u00fa kialak\u00edt\u00e1s:<\/strong> A minden \u00e1gym\u00e9rethez ill\u0151, king size p\u00e1rna hever\u0151k\u00e9nt is funkcion\u00e1l. Tov\u00e1bbi felhaszn\u00e1l\u00e1si m\u00f3dok k\u00f6z\u00e9 tartozik a gyerekeknek l\u00f6kh\u00e1r\u00edt\u00f3 p\u00e1rna, emeletes \u00e1gyakhoz h\u00e1tt\u00e1mla, lak\u00f3kocsikhoz\/ut\u00e1nfut\u00f3khoz pedig r\u00f6gt\u00f6nz\u00f6tt fejt\u00e1mla.<\/li>\n<li><strong>K\u00e9nyelmesen moshat\u00f3:<\/strong> Dinamikus form\u00e1t ad\u00f3, r\u00f6gz\u00edtett gombokkal rendelkezik, amelyek lehet\u0151v\u00e9 teszik a huzat k\u00f6nny\u0171 levehet\u0151s\u00e9g\u00e9t \u00e9s mos\u00e1s\u00e1t.<\/li>\n<li><strong>Pr\u00e9mium min\u0151s\u00e9g\u0171 anyag:<\/strong> Nagy s\u0171r\u0171s\u00e9g\u0171 poliuret\u00e1nnal t\u00f6ltve a kiv\u00e1l\u00f3 h\u00e1tt\u00e1mla \u00e9rdek\u00e9ben, vizu\u00e1lisan vonz\u00f3 anyaggal kieg\u00e9sz\u00edtve a dekor\u00e1ci\u00f3t.<\/li>\n<li><strong>El\u00e9rhet\u0151 m\u00e9retek:<\/strong> K\u00fcl\u00f6nb\u00f6z\u0151 m\u00e9retekben kaphat\u00f3 \u2013 100cm (H100 x Sz26 x M55 3 gomboszloppal), 120cm (H120 x Sz26 x M55 4 gomboszloppal), 140cm (H140 x Sz26 x M55 4 gomboszloppal), 160cm (H160 x Sz26 x M55 5 gomboszloppal), 180cm (H180 x Sz26 x M55 6 gomboszloppal), 200cm (H200 x Sz26 x M55 7 gomboszloppal).<\/li>\n<\/ul>","protected":false},"featured_media":111,"comment_status":"open","ping_status":"closed","template":"","meta":[],"product_brand":[],"product_cat":[15],"product_tag":[157,140,154,84,107,89,98,54,58,156,155,153,160,86,87,158,134,159],"class_list":{"0":"post-112","1":"product","2":"type-product","3":"status-publish","4":"has-post-thumbnail","6":"product_cat-pillows","7":"product_tag-back-support","8":"product_tag-big-cushion","9":"product_tag-blue-cushion","10":"product_tag-bumper-pillow","11":"product_tag-college-headboard","12":"product_tag-daybed-couch","13":"product_tag-decorative-headboard","14":"product_tag-headboard-pillow","15":"product_tag-linen-pillow","16":"product_tag-neck-support","17":"product_tag-optimal-support","18":"product_tag-reading-wedge-pillow","19":"product_tag-removable-cover","20":"product_tag-rv-headboard","21":"product_tag-trailer-headboard","22":"product_tag-tv-watching-pillow","23":"product_tag-versatile-headboard","24":"product_tag-washable-pillow-cover","26":"first","27":"instock","28":"featured","29":"shipping-taxable","30":"purchasable","31":"product-type-variable","32":"has-default-attributes"},"_links":{"self":[{"href":"https:\/\/www.livingpillow.com\/hu\/wp-json\/wp\/v2\/product\/112","targetHints":{"allow":["GET"]}}],"collection":[{"href":"https:\/\/www.livingpillow.com\/hu\/wp-json\/wp\/v2\/product"}],"about":[{"href":"https:\/\/www.livingpillow.com\/hu\/wp-json\/wp\/v2\/types\/product"}],"replies":[{"embeddable":true,"href":"https:\/\/www.livingpillow.com\/hu\/wp-json\/wp\/v2\/comments?post=112"}],"wp:featuredmedia":[{"embeddable":true,"href":"https:\/\/www.livingpillow.com\/hu\/wp-json\/wp\/v2\/media\/111"}],"wp:attachment":[{"href":"https:\/\/www.livingpillow.com\/hu\/wp-json\/wp\/v2\/media?parent=112"}],"wp:term":[{"taxonomy":"product_brand","embeddable":true,"href":"https:\/\/www.livingpillow.com\/hu\/wp-json\/wp\/v2\/product_brand?post=112"},{"taxonomy":"product_cat","embeddable":true,"href":"https:\/\/www.livingpillow.com\/hu\/wp-json\/wp\/v2\/product_cat?post=112"},{"taxonomy":"product_tag","embeddable":true,"href":"https:\/\/www.livingpillow.com\/hu\/wp-json\/wp\/v2\/product_tag?post=112"}],"curies":[{"name":"wp","href":"https:\/\/api.w.org\/{rel}","templated":true}]}}