{"id":154,"date":"2024-02-22T08:46:59","date_gmt":"2024-02-22T08:46:59","guid":{"rendered":"https:\/\/www.livingpillow.com\/product\/large-triangle-pillow-wedge"},"modified":"2026-03-11T05:10:22","modified_gmt":"2026-03-11T05:10:22","slug":"nagy-haromszog-alaku-parna-ek-alaku-agy-olvasoparna-lenvaszon-sarga","status":"publish","type":"product","link":"https:\/\/www.livingpillow.com\/hu\/product\/large-triangle-pillow-wedge-bed-reading-cushion-linen-yellow","title":{"rendered":"Nagy h\u00e1romsz\u00f6g alak\u00fa p\u00e1rna, \u00e9k alak\u00fa \u00e1gynem\u0171tart\u00f3s olvas\u00f3p\u00e1rna, s\u00e1rga"},"content":{"rendered":"<p>Turb\u00f3zd fel a pihen\u00e9sed a nagy h\u00e1romsz\u00f6g alak\u00fa p\u00e1rna\u00e9kkel<\/p>\n<p>A t\u00f6k\u00e9letes olvas\u00e1si vagy t\u00e9v\u00e9n\u00e9z\u00e9si poz\u00edci\u00f3 megtal\u00e1l\u00e1sa megfelel\u0151 h\u00e1t- \u00e9s nyakt\u00e1masz n\u00e9lk\u00fcl kih\u00edv\u00e1st jelenthet. \u00cdme a Large Triangle P\u00e1rna Wedge \u2013 egy eleg\u00e1nsan tervezett \u00e9s sokoldal\u00fa p\u00e1rna, amely \u00faj szintre emeli a pihen\u00e9st.  <\/p>\n<p>Nagy s\u0171r\u0171s\u00e9g\u0171 poliuret\u00e1n t\u00f6ltetb\u0151l k\u00e9sz\u00fclt, levehet\u0151 huzattal bor\u00edtott, ez az \u00e9k alak\u00fa p\u00e1rna sz\u00e9pen illeszkedik a tested vonalaihoz. A fokozatos lejt\u00e9s seg\u00edt fenntartani a gerinc megfelel\u0151 be\u00e1ll\u00edt\u00e1s\u00e1t, ak\u00e1r az \u00e1gyban \u00fclsz, ak\u00e1r a kanap\u00e9n hever\u00e9szelsz, ak\u00e1r a falnak t\u00e1masztod magad. Nincs t\u00f6bb g\u00f6rnyedt fekv\u00e9s, er\u0151lk\u00f6d\u00e9s vagy merev nyakkal \u00e9bredsz!<\/p>\n<p>A v\u00e1s\u00e1rl\u00f3k lelkesen nyilatkoznak a p\u00e1rna funkcionalit\u00e1s\u00e1r\u00f3l \u00e9s eszt\u00e9tik\u00e1j\u00e1r\u00f3l:<\/p>\n<p>\u201cIm\u00e1dom ezt a massz\u00edv, \u00e9k alak\u00fa p\u00e1rn\u00e1t haszn\u00e1lni k\u00f6nyvek olvas\u00e1s\u00e1hoz \u00e9s iPad haszn\u00e1lat\u00e1hoz az \u00e1gyban. Sokkal jobb a testtart\u00e1som, \u00e9s nem f\u00e1j annyira az izmaim.\u201d<\/p>\n<p>\u201cEz a hatalmas p\u00e1rna t\u00f6k\u00e9letes a l\u00e1nyom emeletes \u00e1gy\u00e1ba. H\u00e1tt\u00e1mlak\u00e9nt haszn\u00e1lja, \u00e9s m\u00e1r nem kell g\u00f6rnyedten \u00fclnie.\u201d <\/p>\n<p>\u201cA lak\u00f3aut\u00f3mhoz a nagy m\u00e9retet v\u00e1lasztottam. Nagyszer\u0171 der\u00e9kt\u00e1maszt ny\u00fajt, \u00e9s a huzat t\u00f6k\u00e9letesen illik a dekor\u00e1ci\u00f3hoz.\u201d<\/p>\n<p>T\u00f6bbc\u00e9l\u00fa kialak\u00edt\u00e1s\u00e1nak, kiv\u00e1l\u00f3 k\u00e9nyelm\u00e9nek \u00e9s modern st\u00edlus\u00e1nak k\u00f6sz\u00f6nhet\u0151en a Large Triangle P\u00e1rna \u00c9kp\u00e1rna ide\u00e1lis kieg\u00e9sz\u00edt\u0151je lehet b\u00e1rmely h\u00e1l\u00f3szob\u00e1nak vagy nappalinak. K\u00fcl\u00f6nb\u00f6z\u0151 m\u00e9retekben kaphat\u00f3, \u00edgy alkalmas standard \u00e1gyakhoz, hever\u0151kh\u00f6z, lak\u00f3kocsikhoz, koll\u00e9giumi szob\u00e1khoz \u00e9s sok m\u00e1shoz. A huzat mos\u00f3g\u00e9pben moshat\u00f3 a k\u00f6nny\u0171 kezelhet\u0151s\u00e9g \u00e9rdek\u00e9ben. <\/p>\n<p>Emeld magasabb szintre a relax\u00e1ci\u00f3s j\u00e1t\u00e9kodat, \u00e9s rendeld meg a saj\u00e1t h\u00e1romsz\u00f6g alak\u00fa p\u00e1rna\u00e9kedet m\u00e9g ma!<\/p>","protected":false},"excerpt":{"rendered":"<ul>\n<li><strong>Ide\u00e1lis \u00e1gyban olvas\u00e1shoz:<\/strong> Kiv\u00e9teles t\u00e1maszt ny\u00fajt a h\u00e1tnak \u00e9s a nyaknak, \u00edgy maxim\u00e1lis k\u00e9nyelmet biztos\u00edt olvas\u00e1s vagy t\u00e9v\u00e9z\u00e9s k\u00f6zben.<\/li>\n<li><strong>Sokoldal\u00faan haszn\u00e1lhat\u00f3 fejt\u00e1mlak\u00e9nt:<\/strong> T\u00f6k\u00e9letes azoknak, akik p\u00e9ld\u00e1ul egyetemist\u00e1knak keresik a st\u00edlust \u00e9s a funkcionalit\u00e1st egy fejt\u00e1ml\u00e1ban.<\/li>\n<li><strong>T\u00f6bbc\u00e9l\u00fa felhaszn\u00e1l\u00e1s:<\/strong> K\u00fcl\u00f6nb\u00f6z\u0151 m\u00e9retekben kaphat\u00f3, \u00edgy standard \u00e1gyakhoz, valamint hever\u0151kh\u00f6z \u00e9s lak\u00f3kocsikhoz\/ut\u00e1nfut\u00f3khoz is illeszkedik. Gyermekeknek l\u00f6kh\u00e1r\u00edt\u00f3p\u00e1rnak\u00e9nt vagy emeletes \u00e1gyak h\u00e1tt\u00e1ml\u00e1jak\u00e9nt is haszn\u00e1lhat\u00f3.<\/li>\n<li><strong>K\u00f6nny\u0171 karbantart\u00e1s:<\/strong> A levehet\u0151, gombokkal r\u00f6gz\u00edthet\u0151 huzat leegyszer\u0171s\u00edti a mos\u00e1st.<\/li>\n<li><strong>Pr\u00e9mium anyagok:<\/strong> A nagy s\u0171r\u0171s\u00e9g\u0171 poliuret\u00e1n t\u00f6ltet kiv\u00e1l\u00f3 h\u00e1tt\u00e1maszt\u00e1st biztos\u00edt, m\u00edg a vizu\u00e1lisan vonz\u00f3 anyag b\u00e1rmilyen dekor\u00e1ci\u00f3hoz illik.<\/li>\n<li><strong>M\u00e9ret:<\/strong> 100cm (H100 x Sz26 x M55 | 3 oszlopos gombok), 120cm (H120 x Sz26 x M55 | 4 oszlopos gombok), 140cm (H140 x Sz26 x M55 | 4 oszlopos gombok), 160cm (H160 x Sz26 x M55 | 5 oszlopos gombok), 180cm (H180 x Sz26 x M55 | 6 oszlopos gombok), 200cm (H200 x Sz26 x M55 | 7 oszlopos gombok).<\/li>\n<\/ul>","protected":false},"featured_media":153,"comment_status":"open","ping_status":"closed","template":"","meta":[],"product_brand":[],"product_cat":[15],"product_tag":[97,76,58,111,145,148,147,146,149,150],"class_list":{"0":"post-154","1":"product","2":"type-product","3":"status-publish","4":"has-post-thumbnail","6":"product_cat-pillows","7":"product_tag-functional-headboard","8":"product_tag-linen-headboard","9":"product_tag-linen-pillow","10":"product_tag-reading-cushion","11":"product_tag-triangle-pillow","12":"product_tag-wedge-bed-bolster","13":"product_tag-wedge-bed-cushion","14":"product_tag-wedge-bed-pillow","15":"product_tag-yellow-bed-pillow","16":"product_tag-yellow-pillow","18":"first","19":"instock","20":"shipping-taxable","21":"purchasable","22":"product-type-variable","23":"has-default-attributes"},"_links":{"self":[{"href":"https:\/\/www.livingpillow.com\/hu\/wp-json\/wp\/v2\/product\/154","targetHints":{"allow":["GET"]}}],"collection":[{"href":"https:\/\/www.livingpillow.com\/hu\/wp-json\/wp\/v2\/product"}],"about":[{"href":"https:\/\/www.livingpillow.com\/hu\/wp-json\/wp\/v2\/types\/product"}],"replies":[{"embeddable":true,"href":"https:\/\/www.livingpillow.com\/hu\/wp-json\/wp\/v2\/comments?post=154"}],"wp:featuredmedia":[{"embeddable":true,"href":"https:\/\/www.livingpillow.com\/hu\/wp-json\/wp\/v2\/media\/153"}],"wp:attachment":[{"href":"https:\/\/www.livingpillow.com\/hu\/wp-json\/wp\/v2\/media?parent=154"}],"wp:term":[{"taxonomy":"product_brand","embeddable":true,"href":"https:\/\/www.livingpillow.com\/hu\/wp-json\/wp\/v2\/product_brand?post=154"},{"taxonomy":"product_cat","embeddable":true,"href":"https:\/\/www.livingpillow.com\/hu\/wp-json\/wp\/v2\/product_cat?post=154"},{"taxonomy":"product_tag","embeddable":true,"href":"https:\/\/www.livingpillow.com\/hu\/wp-json\/wp\/v2\/product_tag?post=154"}],"curies":[{"name":"wp","href":"https:\/\/api.w.org\/{rel}","templated":true}]}}