{"id":252,"date":"2024-02-23T00:15:03","date_gmt":"2024-02-23T00:15:03","guid":{"rendered":"https:\/\/www.livingpillow.com\/product\/wedge-support-pillow"},"modified":"2026-03-03T01:19:12","modified_gmt":"2026-03-03T01:19:12","slug":"wedge-support-pillow-beautiful-headboard-corduroy-navy-blue","status":"publish","type":"product","link":"https:\/\/www.livingpillow.com\/hu\/product\/wedge-support-pillow-beautiful-headboard-corduroy-navy-blue","title":{"rendered":"\u00c9k alak\u00fa t\u00e1maszt\u00f3p\u00e1rna, gy\u00f6ny\u00f6r\u0171, kordb\u00e1rsony, s\u00f6t\u00e9tk\u00e9k fejt\u00e1mla"},"content":{"rendered":"<p><strong>Discover the Perfect Reading and Relaxation Pillow<\/strong><\/p>\n<p>Tired of straining your neck and back when reading in bed or on the couch? Our multifunctional wedge pillow provides excellent support for comfortable lounging. With its thoughtful design, high-quality construction, and variety of sizes, this pillow has become a customer favorite.\u00a0<\/p>\n<p><strong>Product Details:<\/strong><\/p>\n<p>The pillow is filled with soft yet supportive high-density polyurethane and covered in cozy 100% polyester corduroy fabric. The attached buttons create a dynamic shape while allowing the removable, machine-washable cover to conform to your body. Sizes range from 45cm up to a spacious 200cm pillow.<\/p>\n<p><strong>Rave Reviews:<\/strong><\/p>\n<p>Customers love this pillow for reading in bed, using as a headboard, resting on the couch, and more. See what they have to say:<\/p>\n<p>&#8220;I bought the large size and it&#8217;s perfect to sit against and read in bed. So comfortable and just high enough to support my lower back.&#8221;<\/p>\n<p>&#8220;This makes a fantastic headboard for a college dorm room. It looks nice and doesn&#8217;t take up much space.&#8221;\u00a0<\/p>\n<p>&#8220;I use this pillow every night while watching TV. It provides great back support and the corduroy fabric is very soft.&#8221;<\/p>\n<p><strong>An Affordable Lounging Solution<\/strong><\/p>\n<p>This cozy wedge pillow makes an excellent yet inexpensive gift for a bookworm friend. Or pick one up for yourself to finally relax in comfort. Discover why customers call this &#8220;the perfect reading pillow&#8221; today.<\/p>","protected":false},"excerpt":{"rendered":"<ul>\n<li>PERFECT FOR READING IN BED: This reading pillow offers excellent back and neck support for maximum comfort while reading or watching TV.<\/li>\n<li>IDEAL AS A HEADBOARD: Many people, especially college students, find that this pillow serves as a perfect headboard &#8211; both decorative and functional.<\/li>\n<li>MULTIPURPOSE: We provide pillows in all sizes for regular beds; the king size is a perfect fit for a daybed, allowing it to serve as a couch. Other uses include bunk bed back rest and a headboard for bed.<\/li>\n<li>EASY TO WASH: The attached buttons create a dynamic pillow shape while allowing the cover to be detachable and washable.<\/li>\n<li>HIGH-QUALITY MATERIAL: The back support pillow is filled with high-density polyurethane filler, offering excellent back support. The wedge pillow fabric has a good visual effect to match your interior decoration.<\/li>\n<li>Fabric: Corduroy (100% Polyester).<\/li>\n<li><strong>M\u00e9ret:<\/strong> 45cm (45*20*50cm | 0 gomb), 60cm (60*20*50cm | 0 gomb), 80cm (80*20*50cm | 2 gomb), 100cm (100*20*50cm | 3 gomb), 120cm (120*20*50cm | 4 gomb), 140cm (140*20*50cm | 4 gomb), 160cm (160*20*50cm | 5 gomb), 180cm (180*20*50cm | 6 gomb), 200cm (200*20*50cm | 7 gomb).<\/li>\n<\/ul>","protected":false},"featured_media":251,"comment_status":"open","ping_status":"closed","template":"","meta":[],"product_brand":[],"product_cat":[15],"product_tag":[66,139,101,125,89,74,65,64,91,53,94,138],"class_list":{"0":"post-252","1":"product","2":"type-product","3":"status-publish","4":"has-post-thumbnail","6":"product_cat-pillows","7":"product_tag-back-support-pillow","8":"product_tag-blue-pillow","9":"product_tag-bunk-bed-backrest","10":"product_tag-corduroy-fabric-pillow","11":"product_tag-daybed-couch","12":"product_tag-daybed-pillow","13":"product_tag-decorative-pillow","14":"product_tag-functional-pillow","15":"product_tag-multipurpose-pillow","16":"product_tag-reading-pillow","17":"product_tag-tv-pillow","18":"product_tag-wedge-support-pillow","20":"first","21":"instock","22":"shipping-taxable","23":"purchasable","24":"product-type-variable","25":"has-default-attributes"},"_links":{"self":[{"href":"https:\/\/www.livingpillow.com\/hu\/wp-json\/wp\/v2\/product\/252","targetHints":{"allow":["GET"]}}],"collection":[{"href":"https:\/\/www.livingpillow.com\/hu\/wp-json\/wp\/v2\/product"}],"about":[{"href":"https:\/\/www.livingpillow.com\/hu\/wp-json\/wp\/v2\/types\/product"}],"replies":[{"embeddable":true,"href":"https:\/\/www.livingpillow.com\/hu\/wp-json\/wp\/v2\/comments?post=252"}],"wp:featuredmedia":[{"embeddable":true,"href":"https:\/\/www.livingpillow.com\/hu\/wp-json\/wp\/v2\/media\/251"}],"wp:attachment":[{"href":"https:\/\/www.livingpillow.com\/hu\/wp-json\/wp\/v2\/media?parent=252"}],"wp:term":[{"taxonomy":"product_brand","embeddable":true,"href":"https:\/\/www.livingpillow.com\/hu\/wp-json\/wp\/v2\/product_brand?post=252"},{"taxonomy":"product_cat","embeddable":true,"href":"https:\/\/www.livingpillow.com\/hu\/wp-json\/wp\/v2\/product_cat?post=252"},{"taxonomy":"product_tag","embeddable":true,"href":"https:\/\/www.livingpillow.com\/hu\/wp-json\/wp\/v2\/product_tag?post=252"}],"curies":[{"name":"wp","href":"https:\/\/api.w.org\/{rel}","templated":true}]}}