{"id":369,"date":"2024-02-23T04:27:00","date_gmt":"2024-02-23T04:27:00","guid":{"rendered":"https:\/\/www.livingpillow.com\/product\/triangular-wedge-pillow"},"modified":"2026-03-03T01:20:45","modified_gmt":"2026-03-03T01:20:45","slug":"haromszog-alaku-ek-alaku-parna-agy-szep-nagy-parna-kordbarsony-piros","status":"publish","type":"product","link":"https:\/\/www.livingpillow.com\/hu\/product\/triangular-wedge-pillow-bed-nice-big-cushion-corduroy-red","title":{"rendered":"H\u00e1romsz\u00f6g alak\u00fa \u00e9k alak\u00fa p\u00e1rna \u00e1gy sz\u00e9p nagy p\u00e1rna kordb\u00e1rsony piros"},"content":{"rendered":"<p>K\u00e9nyelmes \u00e9s sokoldal\u00fa megold\u00e1st keres h\u00e1l\u00f3szob\u00e1j\u00e1ba? Ne keressen tov\u00e1bb, itt a H\u00e1romsz\u00f6g alak\u00fa \u00e9kp\u00e1rna!<\/p>\n<p>Ez a p\u00e1rna nemcsak fokozza a k\u00e9nyelmet olvas\u00e1s vagy t\u00e9v\u00e9z\u00e9s k\u00f6zben az \u00e1gyban, hanem funkcion\u00e1lis \u00e9s dekorat\u00edv fejt\u00e1mlak\u00e9nt is funkcion\u00e1l. Mivel minden \u00e1gym\u00e9rethez kaphat\u00f3, bele\u00e9rtve a hever\u0151ket \u00e9s az emeletes \u00e1gyakat is, t\u00f6k\u00e9letes kieg\u00e9sz\u00edt\u0151je lehet b\u00e1rmely szob\u00e1nak.<\/p>\n<p>De ami ezt a p\u00e1rn\u00e1t megk\u00fcl\u00f6nb\u00f6zteti, az a pr\u00e9mium anyagai. A nagy s\u0171r\u0171s\u00e9g\u0171 poliuret\u00e1n t\u00f6ltet p\u00e1ratlan h\u00e1tt\u00e1maszt ny\u00fajt, m\u00edg a kordb\u00e1rsony anyag kifinomults\u00e1got k\u00f6lcs\u00f6n\u00f6z otthon\u00e1nak.<\/p>\n<p>Azoknak pedig, akik agg\u00f3dnak a tisztas\u00e1g miatt, a H\u00e1romsz\u00f6g alak\u00fa \u00e9k alak\u00fa p\u00e1rna levehet\u0151 gombokkal rendelkezik, amelyek nemcsak st\u00edlusos megjelen\u00e9st k\u00f6lcs\u00f6n\u00f6znek neki, hanem k\u00f6nnyen moshat\u00f3k is.<\/p>\n<p>Ne csak higgyen nek\u00fcnk \u2013 tekintse meg el\u00e9gedett v\u00e1s\u00e1rl\u00f3ink v\u00e9lem\u00e9ny\u00e9t:<\/p>\n<p>\u2013 \u201cIm\u00e1dom ezt a p\u00e1rn\u00e1t! Annyira k\u00e9nyelmes, \u00e9s remek\u00fcl feldobja a szob\u00e1mat egy r\u00f6gt\u00f6nz\u00f6tt fejt\u00e1mlak\u00e9nt.\u201d<br \/>\n\u2013 \u201cA kordb\u00e1rsony anyag nagyon puha, a nagy s\u0171r\u0171s\u00e9g\u0171 t\u00f6ltet pedig nagyszer\u0171 tart\u00e1st biztos\u00edt.\u201d<br \/>\n\u2013 \u201cEzt a p\u00e1rn\u00e1t a fiam emeletes \u00e1gy\u00e1ba vettem, \u00e9s t\u00f6k\u00e9letesen m\u0171k\u00f6dik h\u00e1tt\u00e1mlak\u00e9nt \u2013 im\u00e1dja!\u201d<\/p>\n<p>Ne el\u00e9gedj meg egy unalmas, r\u00e9gi p\u00e1rn\u00e1val \u2013 v\u00e1lts a k\u00e9nyelmes \u00e9s st\u00edlusos H\u00e1romsz\u00f6g alak\u00fa \u00e9kp\u00e1rna tetej\u00e9re m\u00e9g ma!<\/p>","protected":false},"excerpt":{"rendered":"<ul>\n<li><strong>Jav\u00edtja az \u00e1gyban val\u00f3 olvas\u00e1st:<\/strong> Kiv\u00e1l\u00f3 t\u00e1maszt ny\u00fajt a h\u00e1tnak \u00e9s a nyaknak, \u00edgy k\u00e9nyelmes olvas\u00e1s \u00e9s t\u00e9v\u00e9z\u00e9s k\u00f6zben.<\/li>\n<li><strong>Fejt\u00e1mlak\u00e9nt is haszn\u00e1lhat\u00f3:<\/strong> Ide\u00e1lis egyetemist\u00e1k sz\u00e1m\u00e1ra, ez a p\u00e1rna funkcion\u00e1lis \u00e9s dekorat\u00edv fejt\u00e1mlak\u00e9nt is szolg\u00e1l.<\/li>\n<li><strong>Sokoldal\u00fa felhaszn\u00e1l\u00e1s:<\/strong> Minden \u00e1gym\u00e9retben kaphat\u00f3, a king size m\u00e9ret t\u00f6k\u00e9letesen illeszkedik a kanap\u00e9szer\u0171 haszn\u00e1lathoz. Emeletes \u00e1gy h\u00e1tt\u00e1ml\u00e1j\u00e1nak \u00e9s r\u00f6gt\u00f6nz\u00f6tt fejt\u00e1ml\u00e1nak is alkalmas.<\/li>\n<li><strong>Moshat\u00f3 huzat:<\/strong> Levehet\u0151 gombokkal rendelkezik, amelyek nemcsak kifinomult megjelen\u00e9st k\u00f6lcs\u00f6n\u00f6znek, hanem a huzat egyszer\u0171 mos\u00e1s\u00e1t is megk\u00f6nny\u00edtik.<\/li>\n<li><strong>Pr\u00e9mium anyag:<\/strong> Nagy s\u0171r\u0171s\u00e9g\u0171 poliuret\u00e1nnal t\u00f6ltve a p\u00e1ratlan h\u00e1tt\u00e1ml\u00e1\u00e9rt. Az \u00e9k alak\u00fa p\u00e1rna kordb\u00e1rsony anyaga fokozza a szoba eszt\u00e9tik\u00e1j\u00e1t.<\/li>\n<li><strong>Sz\u00f6vet:<\/strong> Kordb\u00e1rsony (100% poli\u00e9szter).<\/li>\n<li><strong>M\u00e9ret:<\/strong> 45cm (45*20*50cm | 0 gomb); 60cm (60*20*50cm | 0 gomb); 80cm (80*20*50cm | 2 gomb); 100cm (100*20*50cm | 3 gomb); 120cm (120*20*50cm | 4 gomb); 140cm (140*20*50cm | 4 gomb); 160cm (160*20*50cm | 5 gomb); 180cm (180*20*50cm | 6 gomb); 200cm (200*20*50cm | 7 gomb).<\/li>\n<\/ul>","protected":false},"featured_media":368,"comment_status":"open","ping_status":"closed","template":"","meta":[],"product_brand":[],"product_cat":[15],"product_tag":[66,85,125,90,127,126,124],"class_list":{"0":"post-369","1":"product","2":"type-product","3":"status-publish","4":"has-post-thumbnail","6":"product_cat-pillows","7":"product_tag-back-support-pillow","8":"product_tag-bunk-bed-backrests","9":"product_tag-corduroy-fabric-pillow","10":"product_tag-king-size-pillow","11":"product_tag-red-pillow","12":"product_tag-triangular-wedge-pillow","13":"product_tag-unmatched-back-support","15":"first","16":"instock","17":"shipping-taxable","18":"purchasable","19":"product-type-variable","20":"has-default-attributes"},"_links":{"self":[{"href":"https:\/\/www.livingpillow.com\/hu\/wp-json\/wp\/v2\/product\/369","targetHints":{"allow":["GET"]}}],"collection":[{"href":"https:\/\/www.livingpillow.com\/hu\/wp-json\/wp\/v2\/product"}],"about":[{"href":"https:\/\/www.livingpillow.com\/hu\/wp-json\/wp\/v2\/types\/product"}],"replies":[{"embeddable":true,"href":"https:\/\/www.livingpillow.com\/hu\/wp-json\/wp\/v2\/comments?post=369"}],"wp:featuredmedia":[{"embeddable":true,"href":"https:\/\/www.livingpillow.com\/hu\/wp-json\/wp\/v2\/media\/368"}],"wp:attachment":[{"href":"https:\/\/www.livingpillow.com\/hu\/wp-json\/wp\/v2\/media?parent=369"}],"wp:term":[{"taxonomy":"product_brand","embeddable":true,"href":"https:\/\/www.livingpillow.com\/hu\/wp-json\/wp\/v2\/product_brand?post=369"},{"taxonomy":"product_cat","embeddable":true,"href":"https:\/\/www.livingpillow.com\/hu\/wp-json\/wp\/v2\/product_cat?post=369"},{"taxonomy":"product_tag","embeddable":true,"href":"https:\/\/www.livingpillow.com\/hu\/wp-json\/wp\/v2\/product_tag?post=369"}],"curies":[{"name":"wp","href":"https:\/\/api.w.org\/{rel}","templated":true}]}}