{"id":429,"date":"2024-02-23T05:10:46","date_gmt":"2024-02-23T05:10:46","guid":{"rendered":"https:\/\/www.livingpillow.com\/product\/backrest-pillow"},"modified":"2026-03-03T01:21:32","modified_gmt":"2026-03-03T01:21:32","slug":"nagy-hattamlas-olvasoparna-kanapeagyhoz-barsony-szurke","status":"publish","type":"product","link":"https:\/\/www.livingpillow.com\/hu\/product\/big-backrest-pillow-reading-cushion-for-sofa-bed-velvet-grey","title":{"rendered":"Nagy h\u00e1tt\u00e1mla olvas\u00f3p\u00e1rna kanap\u00e9\u00e1gyhoz b\u00e1rsony sz\u00fcrke"},"content":{"rendered":"<p>Bemutatjuk t\u00e1maszt\u00f3 olvas\u00f3p\u00e1rn\u00e1nkat, amelyet \u00fagy tervezt\u00fcnk, hogy maxim\u00e1lis k\u00e9nyelmet biztos\u00edtson olvas\u00e1s vagy t\u00e9v\u00e9z\u00e9s k\u00f6zben az \u00e1gyban. Nagy s\u0171r\u0171s\u00e9g\u0171 poliuret\u00e1n t\u00f6ltet\u00e9nek k\u00f6sz\u00f6nhet\u0151en ez az \u00e9k alak\u00fa p\u00e1rna kiv\u00e1l\u00f3 h\u00e1t- \u00e9s nyakt\u00e1maszt ny\u00fajt, lehet\u0151v\u00e9 t\u00e9ve, hogy k\u00e9nyelmes \u00e9s t\u00e1maszt\u00f3 helyzetben ellazuljon.<\/p>\n<p>De ez m\u00e9g nem minden \u2013 ez a sokoldal\u00fa p\u00e1rna kiv\u00e1l\u00f3 alternat\u00edv\u00e1ja a hagyom\u00e1nyos fejt\u00e1ml\u00e1nak, \u00edgy t\u00f6k\u00e9letes egyetemist\u00e1k \u00e9s azok sz\u00e1m\u00e1ra, akik funkcion\u00e1lis \u00e9s dekorat\u00edv darabokat is szeretn\u00e9nek a h\u00e1l\u00f3szob\u00e1jukba. R\u00e1ad\u00e1sul minden m\u00e9retben kaphat\u00f3 hagyom\u00e1nyos \u00e1gyakhoz, a king size pedig t\u00f6k\u00e9letes kieg\u00e9sz\u00edt\u0151je egy hever\u0151nek, hogy k\u00e9nyelmes kanap\u00e9v\u00e1 alak\u00edtsa azt.<\/p>\n<p>A p\u00e1rna innovat\u00edv kialak\u00edt\u00e1sa k\u00f6nnyen moshat\u00f3v\u00e1 teszi, a r\u00f6gz\u00edtett gombok pedig nemcsak dinamikus megjelen\u00e9st k\u00f6lcs\u00f6n\u00f6znek neki, hanem lehet\u0151v\u00e9 teszik a huzat egyszer\u0171 elt\u00e1vol\u00edt\u00e1s\u00e1t \u00e9s tiszt\u00edt\u00e1s\u00e1t is.<\/p>\n<p>A huzatr\u00f3l sz\u00f3lva, a felhaszn\u00e1lt anyag 100% poli\u00e9szter b\u00e1rsony, ami nemcsak a p\u00e1rna kiv\u00e1l\u00f3 vizu\u00e1lis hat\u00e1s\u00e1t fokozza, hanem a bels\u0151 t\u00e9r dekor\u00e1ci\u00f3j\u00e1t is fokozza.<\/p>\n<p>De ne csak higgyen nek\u00fcnk. \u00cdme n\u00e9h\u00e1ny visszajelz\u00e9s el\u00e9gedett \u00fcgyfeleinkt\u0151l:<\/p>\n<p>\u2013 \u201cEz a p\u00e1rna forradalmi v\u00e1ltoz\u00e1st hoz az \u00e1gyban val\u00f3 olvas\u00e1sban. Nagyszer\u0171 t\u00e1maszt ny\u00fajt, \u00e9s sokkal k\u00e9nyelmesebb\u00e9 teszi az olvas\u00e1st.\u201d<br \/>\n\u2013 \u201cIm\u00e1dom ezt a p\u00e1rn\u00e1t fejt\u00e1mlak\u00e9nt haszn\u00e1lni! Egyedi \u00e9s otthonos hangulatot k\u00f6lcs\u00f6n\u00f6z a h\u00e1l\u00f3szob\u00e1mnak.\u201d<br \/>\n\u2013 \u201cA 120 cm-es m\u00e9retet vettem az emeletes \u00e1gyamhoz, \u00e9s t\u00f6k\u00e9letesen m\u0171k\u00f6dik h\u00e1tt\u00e1mlak\u00e9nt. \u00dcl\u00e9shez \u00e9s tanul\u00e1shoz is nagyszer\u0171.\u201d<br \/>\n\u2013 \u201cA huzaton l\u00e9v\u0151 gomboknak k\u00f6sz\u00f6nhet\u0151en nagyon k\u00f6nny\u0171 levenni \u00e9s kimosni. Im\u00e1dom az egyszer\u0171s\u00e9g\u00e9t.\u201d<\/p>\n<p>Teh\u00e1t, ak\u00e1r k\u00e9nyelmes olvas\u00e1si m\u00f3dot keresel az \u00e1gyban, ak\u00e1r funkcion\u00e1lis \u00e9s st\u00edlusos kieg\u00e9sz\u00edt\u0151t szeretn\u00e9l a h\u00e1l\u00f3szob\u00e1dnak, t\u00e1maszt\u00f3 olvas\u00f3p\u00e1rn\u00e1nk a t\u00f6k\u00e9letes megold\u00e1s. V\u00e1lassz a m\u00e9retek \u00e9s sz\u00ednek sz\u00e9les v\u00e1laszt\u00e9k\u00e1b\u00f3l, bele\u00e9rtve a n\u00e9pszer\u0171 sz\u00fcrke holland b\u00e1rsonyb\u00f3l k\u00e9sz\u00fclt v\u00e1ltozatot is, \u00e9s tapasztald meg a maxim\u00e1lis k\u00e9nyelmet \u00e9s tart\u00e1st.<\/p>","protected":false},"excerpt":{"rendered":"<ul>\n<li><strong>T\u00f6k\u00e9letes olvas\u00e1shoz az \u00e1gyban:<\/strong> \u00c9lvezze a maxim\u00e1lis k\u00e9nyelmet olvas\u00e1s vagy t\u00e9v\u00e9n\u00e9z\u00e9s k\u00f6zben t\u00e1maszt\u00f3 olvas\u00f3p\u00e1rn\u00e1nkkal, amely kiv\u00e1l\u00f3 h\u00e1t- \u00e9s nyakt\u00e1maszt ny\u00fajt.<\/li>\n<li><strong>Alternat\u00edv megold\u00e1s fejt\u00e1mlak\u00e9nt:<\/strong> Ide\u00e1lis egyetemist\u00e1k \u00e9s m\u00e1sok sz\u00e1m\u00e1ra, ez a p\u00e1rna funkcion\u00e1lis \u00e9s dekorat\u00edv fejt\u00e1mlak\u00e9nt is szolg\u00e1l.<\/li>\n<li><strong>T\u00f6bbc\u00e9l\u00fa felhaszn\u00e1l\u00e1s:<\/strong> Minden m\u00e9retben kaphat\u00f3 hagyom\u00e1nyos \u00e1gyakhoz; a king size t\u00f6k\u00e9letesen kieg\u00e9sz\u00edti a hever\u0151t, kanap\u00e9v\u00e1 alak\u00edtva azt. Emeletes \u00e1gy h\u00e1tt\u00e1ml\u00e1j\u00e1nak vagy r\u00f6gt\u00f6nz\u00f6tt fejt\u00e1ml\u00e1nak is alkalmas.<\/li>\n<li><strong>K\u00f6nnyen moshat\u00f3:<\/strong> Az innovat\u00edv kialak\u00edt\u00e1s dinamikus megjelen\u00e9st biztos\u00edt\u00f3, r\u00f6gz\u00edtett gombokat, valamint a huzat egyszer\u0171 levehet\u0151s\u00e9g\u00e9t \u00e9s mos\u00e1s\u00e1t teszi lehet\u0151v\u00e9.<\/li>\n<li><strong>Kiv\u00e1l\u00f3 min\u0151s\u00e9g\u0171 anyag:<\/strong> A nagy s\u0171r\u0171s\u00e9g\u0171 poliuret\u00e1nnal t\u00f6lt\u00f6tt, kiv\u00e1l\u00f3 h\u00e1tt\u00e1maszt ny\u00fajt\u00f3 \u00e9k alak\u00fa p\u00e1rna anyaga kiv\u00e1l\u00f3 vizu\u00e1lis hat\u00e1s\u00e1val fokozza a bels\u0151 t\u00e9r dekor\u00e1ci\u00f3j\u00e1t.<\/li>\n<li><strong>Sz\u00f6vet:<\/strong> B\u00e1rsony (100% poli\u00e9szter).<\/li>\n<li><strong>M\u00e9ret:<\/strong> 45cm (45*20*50cm | 0 gomb); 60cm (60*20*50cm | 0 gomb); 80cm (80*20*50cm | 2 gomb); 100cm (100*20*50cm | 3 gomb); 120cm (120*20*50cm | 4 gomb); 140cm (140*20*50cm | 4 gomb); 160cm (160*20*50cm | 5 gomb); 180cm (180*20*50cm | 6 gomb); 200cm (200*20*50cm | 7 gomb).<\/li>\n<\/ul>","protected":false},"featured_media":428,"comment_status":"open","ping_status":"closed","template":"","meta":[],"product_brand":[],"product_cat":[15],"product_tag":[63,79,120,109,91,111,119],"class_list":{"0":"post-429","1":"product","2":"type-product","3":"status-publish","4":"has-post-thumbnail","6":"product_cat-pillows","7":"product_tag-backrest-pillow","8":"product_tag-bedroom-decoration","9":"product_tag-big-backrest-pillow","10":"product_tag-high-density-polyurethane-pillow","11":"product_tag-multipurpose-pillow","12":"product_tag-reading-cushion","13":"product_tag-sofa-bed-pillow","15":"first","16":"instock","17":"shipping-taxable","18":"purchasable","19":"product-type-variable","20":"has-default-attributes"},"_links":{"self":[{"href":"https:\/\/www.livingpillow.com\/hu\/wp-json\/wp\/v2\/product\/429","targetHints":{"allow":["GET"]}}],"collection":[{"href":"https:\/\/www.livingpillow.com\/hu\/wp-json\/wp\/v2\/product"}],"about":[{"href":"https:\/\/www.livingpillow.com\/hu\/wp-json\/wp\/v2\/types\/product"}],"replies":[{"embeddable":true,"href":"https:\/\/www.livingpillow.com\/hu\/wp-json\/wp\/v2\/comments?post=429"}],"wp:featuredmedia":[{"embeddable":true,"href":"https:\/\/www.livingpillow.com\/hu\/wp-json\/wp\/v2\/media\/428"}],"wp:attachment":[{"href":"https:\/\/www.livingpillow.com\/hu\/wp-json\/wp\/v2\/media?parent=429"}],"wp:term":[{"taxonomy":"product_brand","embeddable":true,"href":"https:\/\/www.livingpillow.com\/hu\/wp-json\/wp\/v2\/product_brand?post=429"},{"taxonomy":"product_cat","embeddable":true,"href":"https:\/\/www.livingpillow.com\/hu\/wp-json\/wp\/v2\/product_cat?post=429"},{"taxonomy":"product_tag","embeddable":true,"href":"https:\/\/www.livingpillow.com\/hu\/wp-json\/wp\/v2\/product_tag?post=429"}],"curies":[{"name":"wp","href":"https:\/\/api.w.org\/{rel}","templated":true}]}}