{"id":457,"date":"2024-02-23T05:36:46","date_gmt":"2024-02-23T05:36:46","guid":{"rendered":"https:\/\/www.livingpillow.com\/product\/wedge-cushion"},"modified":"2026-03-03T01:21:56","modified_gmt":"2026-03-03T01:21:56","slug":"nagy-ek-alaku-olvasoparna-szep-fejtamla-parna-barsony-fekete","status":"publish","type":"product","link":"https:\/\/www.livingpillow.com\/hu\/product\/big-wedge-reading-cushion-nice-headboard-pillow-velvet-black","title":{"rendered":"Nagy \u00e9k alak\u00fa olvas\u00f3p\u00e1rna, sz\u00e9p fejt\u00e1mla, b\u00e1rsony, fekete"},"content":{"rendered":"<p>Bemutatkozik a t\u00f6k\u00e9letes olvas\u00f3t\u00e1rs: a h\u00e1romsz\u00f6g alak\u00fa p\u00e1rna<\/p>\n<p>Szeretsz olvasni vagy t\u00e9v\u00e9zni az \u00e1gyad k\u00e9nyelm\u00e9ben? Ha igen, akkor tudod, milyen kellemetlen tud lenni megfelel\u0151 h\u00e1t- \u00e9s nyakt\u00e1masz n\u00e9lk\u00fcl. Szerencs\u00e9re van megold\u00e1s erre a probl\u00e9m\u00e1ra \u2013 a H\u00e1romsz\u00f6g alak\u00fa p\u00e1rna. <\/p>\n<p>Ez a p\u00e1rna optim\u00e1lis olvas\u00e1si t\u00e1maszt ny\u00fajt, \u00e9s fokozza a t\u00e9v\u00e9z\u00e9si \u00e9lm\u00e9nyt az\u00e1ltal, hogy robusztus h\u00e1t- \u00e9s nyakt\u00e1maszt ny\u00fajt. Nagy s\u0171r\u0171s\u00e9g\u0171 poliuret\u00e1n anyagb\u00f3l k\u00e9sz\u00fclt, kiv\u00e1l\u00f3 t\u00e1maszt ny\u00fajt, \u00edgy ide\u00e1lis azok sz\u00e1m\u00e1ra, akik hossz\u00fa \u00f3r\u00e1kat t\u00f6ltenek olvas\u00e1ssal vagy t\u00e9v\u00e9n\u00e9z\u00e9ssel az \u00e1gyban. <\/p>\n<p>Nemcsak funkcion\u00e1lis, de kiv\u00e1l\u00f3 d\u00edszes fejt\u00e1mlak\u00e9nt is szolg\u00e1l egyetemist\u00e1knak vagy b\u00e1rki sz\u00e1m\u00e1ra, aki praktikus, m\u00e9gis dekorat\u00edv fejt\u00e1mla-megold\u00e1st keres. Sokoldal\u00fa \u00e9s minden \u00e1gym\u00e9rethez alkalmas, \u00edgy t\u00f6k\u00e9letes kieg\u00e9sz\u00edt\u0151je lehet egy hever\u0151nek kanap\u00e9k\u00e9nt vagy emeletes \u00e1gy h\u00e1tt\u00e1ml\u00e1jak\u00e9nt. <\/p>\n<p>A H\u00e1romsz\u00f6g alak\u00fa p\u00e1rna tervez\u00e9s\u00e9n\u00e9l a k\u00f6nny\u0171 moshat\u00f3s\u00e1got is szem el\u0151tt tartottuk. Levehet\u0151, gombos huzatokkal rendelkezik, \u00edgy k\u00f6nnyen levehet\u0151 \u00e9s moshat\u00f3. A p\u00e1rna anyaga 100% poli\u00e9szter b\u00e1rsony, amely vizu\u00e1lisan vonz\u00f3 diz\u00e1jnj\u00e1val b\u00e1rmilyen lakberendez\u00e9si t\u00e1rgyat kiemel. <\/p>\n<p>45 cm-t\u0151l 200 cm-ig terjed\u0151 m\u00e9retekben \u00e9s sz\u00e1mos sz\u00ednben, bele\u00e9rtve a feket\u00e9t is, kaphat\u00f3, ez a p\u00e1rna mindenki sz\u00e1m\u00e1ra k\u00edn\u00e1l valamit. Nem csoda, hogy a v\u00e1s\u00e1rl\u00f3k lelkes visszajelz\u00e9seket kaptak r\u00f3la. <\/p>\n<p>Az egyik v\u00e1s\u00e1rl\u00f3, aki fekete sz\u00ednben v\u00e1s\u00e1rolta meg a p\u00e1rn\u00e1t, ezt mondta: \u201cEz a p\u00e1rna megv\u00e1ltoztatta az olvas\u00e1si \u00e9lm\u00e9nyemet. M\u00e1r nem kell \u00e1lland\u00f3an v\u00e1ltogatnom a helyem, \u00e9s \u00f3r\u00e1kig tudok olvasni mindenf\u00e9le kellemetlens\u00e9g n\u00e9lk\u00fcl.\u201d <\/p>\n<p>Egy m\u00e1sik v\u00e1s\u00e1rl\u00f3, aki a luxus holland b\u00e1rsonyb\u00f3l k\u00e9sz\u00fclt p\u00e1rn\u00e1t v\u00e1s\u00e1rolta, ezt mondta: \u201cAz anyaga olyan puha \u00e9s b\u00e1rsonyos, \u00e9s a p\u00e1rna kiv\u00e1l\u00f3 tart\u00e1st biztos\u00edt. K\u00f6nnyen tiszt\u00edthat\u00f3 is, \u00edgy nem kell agg\u00f3dnom amiatt, hogy koszol\u00f3dik.\u201d <\/p>\n<p>\u00d6sszefoglalva, a H\u00e1romsz\u00f6g alak\u00fa p\u00e1rna t\u00f6k\u00e9letes olvas\u00f3t\u00e1rs mindazok sz\u00e1m\u00e1ra, akik k\u00e9nyelmet \u00e9s t\u00e1maszt keresnek olvas\u00e1s vagy t\u00e9v\u00e9z\u00e9s k\u00f6zben az \u00e1gyban. Funkcion\u00e1lis, sokoldal\u00fa, \u00e9s sz\u00e1mos m\u00e9retben \u00e9s sz\u00ednben kaphat\u00f3. Ne el\u00e9gedjen meg t\u00f6bb\u00e9 a kellemetlen olvas\u00e1si \u00e9lm\u00e9nyekkel \u2013 szerezze be m\u00e9g ma a H\u00e1romsz\u00f6g alak\u00fa p\u00e1rn\u00e1j\u00e1t!<\/p>","protected":false},"excerpt":{"rendered":"<ul>\n<li><strong>Optim\u00e1lis olvas\u00e1st\u00e1mogat\u00e1s:<\/strong> Ez a p\u00e1rna fokozza az olvas\u00e1si \u00e9s t\u00e9v\u00e9n\u00e9z\u00e9si \u00e9lm\u00e9nyt az\u00e1ltal, hogy robusztus h\u00e1t- \u00e9s nyakt\u00e1maszt ny\u00fajt.<\/li>\n<li><strong>Funkcion\u00e1lis fejt\u00e1mla alternat\u00edva:<\/strong> Ide\u00e1lis egyetemist\u00e1knak \u00e9s m\u00e1soknak, akik dekorat\u00edv, m\u00e9gis praktikus fejt\u00e1ml\u00e1t keresnek.<\/li>\n<li><strong>Sokoldal\u00fa felhaszn\u00e1l\u00e1s:<\/strong> Minden \u00e1gym\u00e9rethez illik, kanap\u00e9k\u00e9nt t\u00f6k\u00e9letesen kieg\u00e9sz\u00edti a hever\u0151t. Emeletes \u00e1gy h\u00e1tt\u00e1ml\u00e1jak\u00e9nt vagy \u00f6n\u00e1ll\u00f3 fejt\u00e1mlak\u00e9nt is haszn\u00e1lhat\u00f3.<\/li>\n<li><strong>Moshat\u00f3 kialak\u00edt\u00e1s:<\/strong> Levehet\u0151 huzatokkal \u00e9s gombokkal rendelkezik a k\u00f6nny\u0171 mos\u00e1s \u00e9rdek\u00e9ben, \u00edgy egyszerre praktikus \u00e9s st\u00edlusos.<\/li>\n<li><strong>Pr\u00e9mium anyag:<\/strong> Nagy s\u0171r\u0171s\u00e9g\u0171 poliuret\u00e1nnal t\u00f6ltve a kiv\u00e1l\u00f3 h\u00e1tt\u00e1mla \u00e9rdek\u00e9ben, anyaga vizu\u00e1lisan vonz\u00f3 diz\u00e1jnj\u00e1val b\u00e1rmilyen lakberendez\u00e9si t\u00e1rgyat kiemel.<\/li>\n<li><strong>Sz\u00f6vet:<\/strong> 100% poli\u00e9szter b\u00e1rsony.<\/li>\n<li><strong>El\u00e9rhet\u0151 m\u00e9retek:<\/strong> 45cm (45*20*50cm | 0 gomb); 60cm (60*20*50cm | 0 gomb); 80cm (80*20*50cm | 2 gomb); 100cm (100*20*50cm | 3 gomb); 120cm (120*20*50cm | 4 gomb); 140cm (140*20*50cm | 4 gomb); 160cm (160*20*50cm | 5 gomb); 180cm (180*20*50cm | 6 gomb); 200cm (200*20*50cm | 7 gomb).<\/li>\n<\/ul>","protected":false},"featured_media":456,"comment_status":"open","ping_status":"closed","template":"","meta":[],"product_brand":[],"product_cat":[15],"product_tag":[101,117,116,54,115,111,118],"class_list":{"0":"post-457","1":"product","2":"type-product","3":"status-publish","4":"has-post-thumbnail","6":"product_cat-pillows","7":"product_tag-bunk-bed-backrest","8":"product_tag-daybed-backrest","9":"product_tag-functional-headboard-alternative","10":"product_tag-headboard-pillow","11":"product_tag-optimal-reading-support","12":"product_tag-reading-cushion","13":"product_tag-superior-back-support","15":"first","16":"instock","17":"featured","18":"shipping-taxable","19":"purchasable","20":"product-type-variable","21":"has-default-attributes"},"_links":{"self":[{"href":"https:\/\/www.livingpillow.com\/hu\/wp-json\/wp\/v2\/product\/457","targetHints":{"allow":["GET"]}}],"collection":[{"href":"https:\/\/www.livingpillow.com\/hu\/wp-json\/wp\/v2\/product"}],"about":[{"href":"https:\/\/www.livingpillow.com\/hu\/wp-json\/wp\/v2\/types\/product"}],"replies":[{"embeddable":true,"href":"https:\/\/www.livingpillow.com\/hu\/wp-json\/wp\/v2\/comments?post=457"}],"wp:featuredmedia":[{"embeddable":true,"href":"https:\/\/www.livingpillow.com\/hu\/wp-json\/wp\/v2\/media\/456"}],"wp:attachment":[{"href":"https:\/\/www.livingpillow.com\/hu\/wp-json\/wp\/v2\/media?parent=457"}],"wp:term":[{"taxonomy":"product_brand","embeddable":true,"href":"https:\/\/www.livingpillow.com\/hu\/wp-json\/wp\/v2\/product_brand?post=457"},{"taxonomy":"product_cat","embeddable":true,"href":"https:\/\/www.livingpillow.com\/hu\/wp-json\/wp\/v2\/product_cat?post=457"},{"taxonomy":"product_tag","embeddable":true,"href":"https:\/\/www.livingpillow.com\/hu\/wp-json\/wp\/v2\/product_tag?post=457"}],"curies":[{"name":"wp","href":"https:\/\/api.w.org\/{rel}","templated":true}]}}