{"id":488,"date":"2024-02-23T05:44:00","date_gmt":"2024-02-23T05:44:00","guid":{"rendered":"https:\/\/www.livingpillow.com\/product\/bed-wedge-support-pillow"},"modified":"2026-03-03T01:22:19","modified_gmt":"2026-03-03T01:22:19","slug":"agyektamaszto-parna-olvasoparna-barsony-melykek","status":"publish","type":"product","link":"https:\/\/www.livingpillow.com\/hu\/product\/bed-wedge-support-pillow-reading-cushion-velvet-deep-blue","title":{"rendered":"\u00c1gy\u00e9kt\u00e1maszt\u00f3 p\u00e1rna, olvas\u00f3p\u00e1rna, b\u00e1rsony, m\u00e9lyk\u00e9k"},"content":{"rendered":"<p>Fedezd fel a t\u00f6k\u00e9letes olvas\u00e1si \u00e9s relax\u00e1ci\u00f3s t\u00e1rsat<\/p>\n<p>Elege van abb\u00f3l, hogy meger\u0151lteti a nyak\u00e1t \u00e9s a h\u00e1t\u00e1t olvas\u00e1s k\u00f6zben az \u00e1gyban vagy a kanap\u00e9n? Nehezen tal\u00e1l dekorat\u00edv, funkcion\u00e1lis koll\u00e9giumi kieg\u00e9sz\u00edt\u0151ket? T\u00f6bbc\u00e9l\u00fa h\u00e1romsz\u00f6g alak\u00fa p\u00e1rn\u00e1nk a megold\u00e1s. 45 cm-t\u0151l 200 cm-ig terjed\u0151 m\u00e9retekben kaphat\u00f3, ez a h\u00e1romsz\u00f6g alak\u00fa p\u00e1rna kiv\u00e1l\u00f3 t\u00e1maszt ny\u00fajt, ak\u00e1r pihen\u00e9sr\u0151l, tanul\u00e1sr\u00f3l vagy kedvenc m\u0171sorainak n\u00e9z\u00e9s\u00e9r\u0151l van sz\u00f3.<\/p>\n<p>Puha, b\u00e1rsonyos 100% poli\u00e9szter anyagb\u00f3l \u00e9s nagy s\u0171r\u0171s\u00e9g\u0171 poliuret\u00e1n t\u00f6lt\u0151anyagb\u00f3l k\u00e9sz\u00fclt, ez a p\u00e1rna a testedhez igazodik a kiv\u00e1l\u00f3 k\u00e9nyelem \u00e9rdek\u00e9ben. A r\u00f6gz\u00edtett gombok lehet\u0151v\u00e9 teszik a forma sz\u00fcks\u00e9g szerinti be\u00e1ll\u00edt\u00e1s\u00e1t. St\u00edlusos megjelen\u00e9s\u00e9vel a h\u00e1romsz\u00f6g alak\u00fa p\u00e1rna ak\u00e1r alternat\u00edv fejt\u00e1mlak\u00e9nt is szolg\u00e1lhat, kieg\u00e9sz\u00edtve a koll\u00e9giumi vagy h\u00e1l\u00f3szoba dekor\u00e1ci\u00f3j\u00e1t. <\/p>\n<p>Ahogy az egyik el\u00e9gedett v\u00e1s\u00e1rl\u00f3 mondta: \u201cIm\u00e1dom a b\u00e1rsony puhas\u00e1g\u00e1t ezen a p\u00e1rn\u00e1n. Sokkal k\u00e9nyelmesebb\u00e9 teszi az \u00e1gyban olvas\u00e1st an\u00e9lk\u00fcl, hogy kem\u00e9ny p\u00e1rn\u00e1kat kellene kit\u00e1masztani.\u201d<\/p>\n<p>Egy m\u00e1sik ezt \u00edrta: \u201cEz a h\u00e1romsz\u00f6g alak\u00fa p\u00e1rna sokkal st\u00edlusosabb, mint egy tipikus olvas\u00f3p\u00e1rna. Fejt\u00e1mlak\u00e9nt haszn\u00e1lom a lak\u00e1somban, mivel nincs helyem egy igazinak.\u201d<\/p>\n<p>Sokoldal\u00fas\u00e1g\u00e1nak, kiv\u00e1l\u00f3 min\u0151s\u00e9g\u0171 anyagainak \u00e9s a levehet\u0151, mos\u00f3g\u00e9pben moshat\u00f3 huzatnak k\u00f6sz\u00f6nhet\u0151en k\u00f6nnyen kezelhet\u0151nek k\u00f6sz\u00f6nhet\u0151en ez a h\u00e1romsz\u00f6g alak\u00fa p\u00e1rna n\u00e9lk\u00fcl\u00f6zhetetlen kieg\u00e9sz\u00edt\u0151 a jobb kikapcsol\u00f3d\u00e1shoz.<\/p>","protected":false},"excerpt":{"rendered":"<ul>\n<li><strong>Olvas\u00e1shoz t\u00f6k\u00e9letes:<\/strong> Kiv\u00e1l\u00f3 h\u00e1t- \u00e9s nyakt\u00e1maszt ny\u00fajt, \u00edgy k\u00e9nyelmesen tud olvasni vagy t\u00e9v\u00e9zni.<\/li>\n<li><strong>Fejt\u00e1mla alternat\u00edv\u00e1ja:<\/strong> Dekorat\u00edv \u00e9s funkcion\u00e1lis fejt\u00e1mlak\u00e9nt is szolg\u00e1lhat, k\u00fcl\u00f6n\u00f6sen egyetemist\u00e1k sz\u00e1m\u00e1ra.<\/li>\n<li><strong>T\u00f6bbc\u00e9l\u00fa:<\/strong> K\u00fcl\u00f6nb\u00f6z\u0151 m\u00e9retekben kaphat\u00f3, hagyom\u00e1nyos \u00e1gyakhoz \u00e9s hever\u0151kh\u00f6z; emeletes \u00e1gy h\u00e1tt\u00e1ml\u00e1jak\u00e9nt vagy fejt\u00e1ml\u00e1jak\u00e9nt is haszn\u00e1lhat\u00f3.<\/li>\n<li><strong>K\u00f6nny\u0171 karbantart\u00e1s:<\/strong> A r\u00f6gz\u00edtett gombok dinamikus form\u00e1t biztos\u00edtanak, a levehet\u0151 huzat pedig k\u00f6nnyen moshat\u00f3.<\/li>\n<li><strong>Kiv\u00e1l\u00f3 min\u0151s\u00e9g\u0171 kivitelez\u00e9s:<\/strong> A nagy s\u0171r\u0171s\u00e9g\u0171 poliuret\u00e1n t\u00f6lt\u0151anyag kiv\u00e1l\u00f3 h\u00e1tt\u00e1maszt\u00e1st biztos\u00edt, m\u00edg a tart\u00f3s anyag kieg\u00e9sz\u00edti a bels\u0151 dekor\u00e1ci\u00f3t.<\/li>\n<li><strong>Sz\u00f6vet:<\/strong> Puha \u00e9s b\u00e1rsonyos 100% poli\u00e9szter.<\/li>\n<li><strong>M\u00e9ret:<\/strong> 45cm (45*20*50cm | 0 gomb); 60cm (60*20*50cm | 0 gomb); 80cm (80*20*50cm | 2 gomb); 100cm (100*20*50cm | 3 gomb); 120cm (120*20*50cm | 4 gomb); 140cm (140*20*50cm | 4 gomb); 160cm (160*20*50cm | 5 gomb); 180cm (180*20*50cm | 6 gomb); 200cm (200*20*50cm | 7 gomb).<\/li>\n<\/ul>","protected":false},"featured_media":487,"comment_status":"open","ping_status":"closed","template":"","meta":[],"product_brand":[],"product_cat":[15],"product_tag":[114,113,110,101,98,112,111],"class_list":{"0":"post-488","1":"product","2":"type-product","3":"status-publish","4":"has-post-thumbnail","6":"product_cat-pillows","7":"product_tag-alternative-to-headboard","8":"product_tag-back-and-neck-support","9":"product_tag-bed-wedge-support-pillow","10":"product_tag-bunk-bed-backrest","11":"product_tag-decorative-headboard","12":"product_tag-perfect-for-reading","13":"product_tag-reading-cushion","15":"first","16":"instock","17":"shipping-taxable","18":"purchasable","19":"product-type-variable","20":"has-default-attributes"},"_links":{"self":[{"href":"https:\/\/www.livingpillow.com\/hu\/wp-json\/wp\/v2\/product\/488","targetHints":{"allow":["GET"]}}],"collection":[{"href":"https:\/\/www.livingpillow.com\/hu\/wp-json\/wp\/v2\/product"}],"about":[{"href":"https:\/\/www.livingpillow.com\/hu\/wp-json\/wp\/v2\/types\/product"}],"replies":[{"embeddable":true,"href":"https:\/\/www.livingpillow.com\/hu\/wp-json\/wp\/v2\/comments?post=488"}],"wp:featuredmedia":[{"embeddable":true,"href":"https:\/\/www.livingpillow.com\/hu\/wp-json\/wp\/v2\/media\/487"}],"wp:attachment":[{"href":"https:\/\/www.livingpillow.com\/hu\/wp-json\/wp\/v2\/media?parent=488"}],"wp:term":[{"taxonomy":"product_brand","embeddable":true,"href":"https:\/\/www.livingpillow.com\/hu\/wp-json\/wp\/v2\/product_brand?post=488"},{"taxonomy":"product_cat","embeddable":true,"href":"https:\/\/www.livingpillow.com\/hu\/wp-json\/wp\/v2\/product_cat?post=488"},{"taxonomy":"product_tag","embeddable":true,"href":"https:\/\/www.livingpillow.com\/hu\/wp-json\/wp\/v2\/product_tag?post=488"}],"curies":[{"name":"wp","href":"https:\/\/api.w.org\/{rel}","templated":true}]}}