{"id":605,"date":"2024-02-23T10:22:42","date_gmt":"2024-02-23T10:22:42","guid":{"rendered":"https:\/\/www.livingpillow.com\/product\/large-back-pillow-for-bed"},"modified":"2026-04-22T01:07:04","modified_gmt":"2026-04-22T01:07:04","slug":"nagy-hatparna-agyhoz-nagy-ek-alaku-parna-lenvaszon-feher","status":"publish","type":"product","link":"https:\/\/www.livingpillow.com\/hu\/product\/large-back-pillow-for-bed-big-wedge-cushion-linen-white","title":{"rendered":"Nagy H\u00e1tp\u00e1rna \u00c1gyhoz Nagy \u00c9kp\u00e1rna Feh\u00e9r"},"content":{"rendered":"<p>Bemutatjuk a t\u00f6k\u00e9letes olvas\u00f3p\u00e1rn\u00e1t: a t\u00f6k\u00e9letes k\u00e9nyelmi t\u00e1rs<\/p>\n<p>Elege van abb\u00f3l, hogy k\u00e9nyelmetlen\u00fcl \u00e9rzi mag\u00e1t olvas\u00e1s vagy t\u00e9v\u00e9z\u00e9s k\u00f6zben az \u00e1gyban? K\u00f6sz\u00f6ntse a t\u00f6k\u00e9letes megold\u00e1st: az olvas\u00f3p\u00e1rn\u00e1t! Olvas\u00f3p\u00e1rn\u00e1ink kiv\u00e1l\u00f3 h\u00e1t- \u00e9s nyakt\u00e1maszt ny\u00fajtanak, maxim\u00e1lis k\u00e9nyelmet biztos\u00edtva \u00d6nnek pihen\u00e9s k\u00f6zben.<\/p>\n<p>De ez m\u00e9g nem minden \u2013 olvas\u00f3p\u00e1rn\u00e1nk fejt\u00e1mlak\u00e9nt is remek alternat\u00edva. Sokan, k\u00fcl\u00f6n\u00f6sen egyetemist\u00e1k, t\u00f6k\u00e9letesnek tal\u00e1lj\u00e1k ezt a p\u00e1rn\u00e1t dekorat\u00edv \u00e9s funkcion\u00e1lis fejt\u00e1mlak\u00e9nt egyar\u00e1nt. A hagyom\u00e1nyos \u00e1gyakhoz \u00e9s hever\u0151kh\u00f6z egyar\u00e1nt illeszked\u0151, k\u00fcl\u00f6nb\u00f6z\u0151 m\u00e9retekben kaphat\u00f3 p\u00e1rn\u00e1ink sz\u00e9les k\u00f6r\u0171 ig\u00e9nyeket el\u00e9g\u00edtenek ki. Haszn\u00e1lhat\u00f3k ak\u00e1r l\u00f6kh\u00e1r\u00edt\u00f3k\u00e9nt gyerekeknek, emeletes \u00e1gy h\u00e1tt\u00e1ml\u00e1jak\u00e9nt, valamint lak\u00f3kocsik \u00e9s ut\u00e1nfut\u00f3k fejt\u00e1ml\u00e1jak\u00e9nt is.<\/p>\n<p>P\u00e1rn\u00e1nk egyik legjobb tulajdons\u00e1ga, hogy k\u00f6nnyen tiszt\u00edthat\u00f3. A hozz\u00e1 tartoz\u00f3 gombok nemcsak dinamikus form\u00e1t hoznak l\u00e9tre a p\u00e1rn\u00e1n, hanem levehet\u0151 \u00e9s moshat\u00f3 huzatot is biztos\u00edtanak. M\u00e9g soha nem volt ilyen egyszer\u0171 tiszt\u00e1n \u00e9s frissen tartani az olvas\u00f3p\u00e1rn\u00e1dat!<\/p>\n<p>Olvas\u00f3p\u00e1rn\u00e1ink kiv\u00e1l\u00f3 min\u0151s\u00e9g\u0171 anyagokb\u00f3l k\u00e9sz\u00fclnek a maxim\u00e1lis k\u00e9nyelem \u00e9s tart\u00e1s biztos\u00edt\u00e1sa \u00e9rdek\u00e9ben. Nagy s\u0171r\u0171s\u00e9g\u0171 poliuret\u00e1n t\u00f6lt\u0151anyaggal vannak t\u00f6ltve a kiv\u00e1l\u00f3 tart\u00e1s \u00e9rdek\u00e9ben, m\u00edg az \u00e9k alak\u00fa p\u00e1rn\u00e1k anyaga vizu\u00e1lisan vonz\u00f3 hat\u00e1st kelt, amely illeszkedik az otthoni dekor\u00e1ci\u00f3hoz.<\/p>\n<p>45 cm-t\u0151l 200 cm-ig t\u00f6bbf\u00e9le m\u00e9retet k\u00edn\u00e1lunk az \u00d6n ig\u00e9nyeinek megfelel\u0151en. Term\u00e9keinkr\u0151l \u00edrt v\u00e9lem\u00e9nyeinkb\u0151l pedig l\u00e1thatja, mennyire szerett\u00e9k v\u00e1s\u00e1rl\u00f3ink az olvas\u00f3p\u00e1rn\u00e1ikat. \u00cdme n\u00e9h\u00e1ny p\u00e9lda:<\/p>\n<p>\u2013 \u201cEz a p\u00e1rna t\u00f6k\u00e9letes az \u00e1gyban val\u00f3 olvas\u00e1shoz, \u00e9s az anyaga annyira puha \u00e9s k\u00e9nyelmes!\u201d<br \/>\n\u2013 \u201cEzt a l\u00e1nyom szob\u00e1j\u00e1ba vettem fejt\u00e1ml\u00e1nak, \u00e9s im\u00e1dja. Nagyszer\u0171en n\u00e9z ki, \u00e9s remek\u00fcl tartja a fej\u00e9t.\u201d<br \/>\n\u2013 \u201cEzt a fiam emeletes \u00e1gy\u00e1ba vettem, \u00e9s t\u00f6k\u00e9letesen m\u0171k\u00f6dik h\u00e1tt\u00e1mlak\u00e9nt. Kiv\u00e1l\u00f3 min\u0151s\u00e9g\u0171 \u00e9s k\u00f6nnyen tiszt\u00edthat\u00f3.\u201d<\/p>\n<p>Sz\u00f3val, mire v\u00e1rsz? Szerezd be m\u00e9g ma a t\u00f6k\u00e9letes olvas\u00f3p\u00e1rn\u00e1dat, \u00e9s tapasztald meg a maxim\u00e1lis k\u00e9nyelmet \u00e9s tart\u00e1st.<\/p>","protected":false},"excerpt":{"rendered":"<ul>\n<li><strong>T\u00d6K\u00c9LETES OLVAS\u00c1S AZ \u00c1GYBAN:<\/strong> Ez az olvas\u00f3p\u00e1rna kiv\u00e1l\u00f3 h\u00e1t- \u00e9s nyakt\u00e1maszt ny\u00fajt a maxim\u00e1lis k\u00e9nyelem \u00e9rdek\u00e9ben olvas\u00e1s \u00e9s t\u00e9v\u00e9n\u00e9z\u00e9s k\u00f6zben.<\/li>\n<li><strong>ALTERNAT\u00cdVA FEJT\u00c1ML\u00c1K\u00c9NT:<\/strong> Sokan, k\u00fcl\u00f6n\u00f6sen egyetemist\u00e1k, a p\u00e1rn\u00e1t t\u00f6k\u00e9letesnek tal\u00e1lj\u00e1k dekorat\u00edv \u00e9s funkcion\u00e1lis fejt\u00e1mlak\u00e9nt.<\/li>\n<li><strong>T\u00d6BBC\u00c9L\u00da:<\/strong> P\u00e1rn\u00e1ink k\u00fcl\u00f6nb\u00f6z\u0151 m\u00e9retekben kaphat\u00f3k, hogy megfeleljenek hagyom\u00e1nyos \u00e1gyakhoz \u00e9s hever\u0151kh\u00f6z. Haszn\u00e1lhat\u00f3k gyerekeknek l\u00f6kh\u00e1r\u00edt\u00f3p\u00e1rnak\u00e9nt, emeletes \u00e1gy h\u00e1tt\u00e1ml\u00e1jak\u00e9nt, valamint lak\u00f3kocsik \u00e9s ut\u00e1nfut\u00f3k fejt\u00e1ml\u00e1jak\u00e9nt is.<\/li>\n<li><strong>K\u00d6NNYEN MOSHAT\u00d3:<\/strong> A r\u00f6gz\u00edtett gombok nemcsak dinamikus p\u00e1rnaform\u00e1t hoznak l\u00e9tre, hanem a huzatot is levehet\u0151v\u00e9 \u00e9s moshat\u00f3v\u00e1 teszik.<\/li>\n<li><strong>KIV\u00c1L\u00d3 MIN\u0150S\u00c9G\u0170 ANYAG:<\/strong> Our back support pillows are stuffed with high-density, high-quality polyester fibers to provide excellent support, while the fabric of the wedge pillows has a visually appealing effect that matches your interior decoration.<\/li>\n<li><strong>M\u00e9ret:<\/strong> 45cm (45*20*50cm | 0 gomb); 60cm (60*20*50cm | 0 gomb); 80cm (80*20*50cm | 2 gomb); 100cm (100*20*50cm | 3 gomb); 120cm (120*20*50cm | 4 gomb); 140cm (140*20*50cm | 4 gomb); 160cm (160*20*50cm | 5 gomb); 180cm (180*20*50cm | 6 gomb); 200cm (200*20*50cm | 7 gomb).<\/li>\n<\/ul>","protected":false},"featured_media":604,"comment_status":"open","ping_status":"closed","template":"","meta":[],"product_brand":[],"product_cat":[15],"product_tag":[66,80,84,101,54,99,81,53,86,60,100],"class_list":{"0":"post-605","1":"product","2":"type-product","3":"status-publish","4":"has-post-thumbnail","6":"product_cat-pillows","7":"product_tag-back-support-pillow","8":"product_tag-bed-pillow","9":"product_tag-bumper-pillow","10":"product_tag-bunk-bed-backrest","11":"product_tag-headboard-pillow","12":"product_tag-large-back-pillow","13":"product_tag-neck-support-pillow","14":"product_tag-reading-pillow","15":"product_tag-rv-headboard","16":"product_tag-wedge-cushion","17":"product_tag-white-linen-pillow","19":"first","20":"instock","21":"shipping-taxable","22":"purchasable","23":"product-type-variable","24":"has-default-attributes"},"_links":{"self":[{"href":"https:\/\/www.livingpillow.com\/hu\/wp-json\/wp\/v2\/product\/605","targetHints":{"allow":["GET"]}}],"collection":[{"href":"https:\/\/www.livingpillow.com\/hu\/wp-json\/wp\/v2\/product"}],"about":[{"href":"https:\/\/www.livingpillow.com\/hu\/wp-json\/wp\/v2\/types\/product"}],"replies":[{"embeddable":true,"href":"https:\/\/www.livingpillow.com\/hu\/wp-json\/wp\/v2\/comments?post=605"}],"wp:featuredmedia":[{"embeddable":true,"href":"https:\/\/www.livingpillow.com\/hu\/wp-json\/wp\/v2\/media\/604"}],"wp:attachment":[{"href":"https:\/\/www.livingpillow.com\/hu\/wp-json\/wp\/v2\/media?parent=605"}],"wp:term":[{"taxonomy":"product_brand","embeddable":true,"href":"https:\/\/www.livingpillow.com\/hu\/wp-json\/wp\/v2\/product_brand?post=605"},{"taxonomy":"product_cat","embeddable":true,"href":"https:\/\/www.livingpillow.com\/hu\/wp-json\/wp\/v2\/product_cat?post=605"},{"taxonomy":"product_tag","embeddable":true,"href":"https:\/\/www.livingpillow.com\/hu\/wp-json\/wp\/v2\/product_tag?post=605"}],"curies":[{"name":"wp","href":"https:\/\/api.w.org\/{rel}","templated":true}]}}