{"id":711,"date":"2024-02-23T14:24:46","date_gmt":"2024-02-23T14:24:46","guid":{"rendered":"https:\/\/www.livingpillow.com\/product\/big-pillow-for-bed-headboard"},"modified":"2026-03-11T05:10:18","modified_gmt":"2026-03-11T05:10:18","slug":"nagy-parna-agy-fejtamlahoz-nagy-lenvaszon-parna-fekete","status":"publish","type":"product","link":"https:\/\/www.livingpillow.com\/hu\/product\/big-pillow-for-bed-headboard-large-cushion-linen-black","title":{"rendered":"Nagy p\u00e1rna \u00e1gy fejt\u00e1ml\u00e1hoz, nagy fekete p\u00e1rna"},"content":{"rendered":"<p>Bemutatjuk az otthonodba ill\u0151, n\u00e9lk\u00fcl\u00f6zhetetlen, t\u00f6bbc\u00e9l\u00fa \u00e9k alak\u00fa p\u00e1rn\u00e1t!<\/p>\n<p>K\u00e9nyelmes \u00e9s funkcion\u00e1lis p\u00e1rn\u00e1t keresel, amely a lehet\u0151 legnagyobb t\u00e1maszt \u00e9s k\u00e9nyelmet ny\u00fajtja olyan tev\u00e9kenys\u00e9gek sor\u00e1n, mint az olvas\u00e1s vagy a t\u00e9v\u00e9n\u00e9z\u00e9s? Ne keress tov\u00e1bb, ez a t\u00f6bbc\u00e9l\u00fa \u00e9k alak\u00fa p\u00e1rna t\u00f6k\u00e9letes v\u00e1laszt\u00e1s! <\/p>\n<p>Ez a p\u00e1rna kiv\u00e1l\u00f3 h\u00e1t- \u00e9s nyakt\u00e1maszt ny\u00fajt, \u00edgy t\u00f6k\u00e9letes kieg\u00e9sz\u00edt\u0151 azok sz\u00e1m\u00e1ra, akik szeretnek olvasni vagy t\u00e9v\u00e9zni az \u00e1gyban. \u00dagy tervezt\u00e9k, hogy fokozza a k\u00e9nyelmet, \u00e9s megakad\u00e1lyozza a h\u00e1t \u00e9s a nyak kellemetlen megterhel\u00e9s\u00e9t \u00fcl\u00e9s k\u00f6zben. <\/p>\n<p>A p\u00e1rna ide\u00e1lis megold\u00e1s azoknak a f\u0151iskolai hallgat\u00f3knak is, akiknek egy sokoldal\u00fa kieg\u00e9sz\u00edt\u0151re van sz\u00fcks\u00e9g\u00fck, amely egyszerre funkcion\u00e1lis \u00e9s dekorat\u00edv fejt\u00e1mlak\u00e9nt is funkcion\u00e1lhat. St\u00edlusos kialak\u00edt\u00e1s\u00e1val ez a p\u00e1rna t\u00f6k\u00e9letes m\u00f3dja annak, hogy feldobjon b\u00e1rmilyen szob\u00e1t, mik\u00f6zben kiv\u00e9teles t\u00e1maszt ny\u00fajt azoknak, akiknek sz\u00fcks\u00e9g\u00fck van r\u00e1. <\/p>\n<p>\u00c9s ez m\u00e9g nem minden! Ez az \u00e9k alak\u00fa p\u00e1rna t\u00f6bbf\u00e9le m\u00e9retben kaphat\u00f3, \u00edgy kiv\u00e9teles, sokoldal\u00fa kieg\u00e9sz\u00edt\u0151. Gyermekek l\u00f6kh\u00e1r\u00edt\u00f3p\u00e1rnak\u00e9nt vagy emeletes \u00e1gyak h\u00e1tt\u00e1ml\u00e1jak\u00e9nt is haszn\u00e1lhat\u00f3, ennek a p\u00e1rnanak a lehet\u0151s\u00e9gei korl\u00e1tlanok. Lak\u00f3kocsik \u00e9s ut\u00e1nfut\u00f3k fejt\u00e1ml\u00e1jak\u00e9nt is szolg\u00e1lhat. <\/p>\n<p>Ennek az \u00e9k alak\u00fa p\u00e1rna egyik kiemelked\u0151 tulajdons\u00e1ga a k\u00f6nnyen moshat\u00f3 kialak\u00edt\u00e1sa. A r\u00f6gz\u00edtett gombos r\u00f6gz\u00edt\u00e9snek k\u00f6sz\u00f6nhet\u0151en a huzat k\u00f6nnyen levehet\u0151 \u00e9s moshat\u00f3, \u00edgy megel\u0151zhet\u0151 a nem k\u00edv\u00e1nt szennyez\u0151d\u00e9s \u00e9s kosz.<\/p>\n<p>Az \u00e9k alak\u00fa p\u00e1rna nagy s\u0171r\u0171s\u00e9g\u0171 poliuret\u00e1nnal van t\u00f6ltve, amely kiv\u00e9teles h\u00e1tt\u00e1maszt ny\u00fajt. Extra st\u00edlust k\u00f6lcs\u00f6n\u00f6z otthon\u00e1nak.<\/p>\n<p>\u00d6sszefoglalva, a t\u00f6bbc\u00e9l\u00fa \u00e9k alak\u00fa p\u00e1rna egy n\u00e9lk\u00fcl\u00f6zhetetlen kell\u00e9k, amelyre minden otthonnak sz\u00fcks\u00e9ge van. Kiv\u00e1l\u00f3 tart\u00e1st \u00e9s k\u00e9nyelmet biztos\u00edt, \u00edgy t\u00f6k\u00e9letes olyan tev\u00e9kenys\u00e9gekhez, mint az olvas\u00e1s \u00e9s a t\u00e9v\u00e9n\u00e9z\u00e9s. Sokoldal\u00fa kialak\u00edt\u00e1s\u00e1nak k\u00f6sz\u00f6nhet\u0151en t\u00f6bb c\u00e9lt szolg\u00e1l, \u00e9s k\u00fcl\u00f6nb\u00f6z\u0151 m\u00e9retekben kaphat\u00f3, \u00edgy biztos\u00edtva, hogy minden ig\u00e9nyt kiel\u00e9g\u00edtsen. K\u00f6nnyen moshat\u00f3 kialak\u00edt\u00e1s\u00e1nak k\u00f6sz\u00f6nhet\u0151en ez a p\u00e1rna biztosan \u00e9vekig a kedvenc kieg\u00e9sz\u00edt\u0151je lesz. <\/p>\n<p>Ha m\u00e9g mindig nem gy\u0151z\u00f6tt meg, n\u00e9zd meg a term\u00e9khez tartoz\u00f3 megjegyz\u00e9seket! V\u00e1s\u00e1rl\u00f3ink nem tudnak betelni ezzel a term\u00e9kkel. Teh\u00e1t ne v\u00e1rj tov\u00e1bb, \u00e9s v\u00e1s\u00e1rold meg a saj\u00e1t t\u00f6bbc\u00e9l\u00fa \u00e9k alak\u00fa p\u00e1rn\u00e1dat m\u00e9g ma!<\/p>","protected":false},"excerpt":{"rendered":"<ul>\n<li><strong>T\u00f6k\u00e9letes olvas\u00e1shoz az \u00e1gyban:<\/strong> Ez a p\u00e1rna kiv\u00e1l\u00f3 h\u00e1t- \u00e9s nyakt\u00e1maszt ny\u00fajt, fokozva a k\u00e9nyelmet olvas\u00e1s \u00e9s t\u00e9v\u00e9n\u00e9z\u00e9s k\u00f6zben.<\/li>\n<li><strong>Fejt\u00e1mla alternat\u00edva:<\/strong> Ide\u00e1lis megold\u00e1s egyetemist\u00e1k sz\u00e1m\u00e1ra, ez a sokoldal\u00fa p\u00e1rna dekorat\u00edv \u00e9s funkcion\u00e1lis c\u00e9lokat is szolg\u00e1l fejt\u00e1mlak\u00e9nt.<\/li>\n<li><strong>T\u00f6bbc\u00e9l\u00fa felhaszn\u00e1l\u00e1s:<\/strong> K\u00fcl\u00f6nb\u00f6z\u0151 m\u00e9retekben kaphat\u00f3, bele\u00e9rtve a king size \u00e1gyat is, amely t\u00f6k\u00e9letesen \u00e1talak\u00edthat\u00f3 kanap\u00e9v\u00e1. Gyermekeknek l\u00f6kh\u00e1r\u00edt\u00f3p\u00e1rnak\u00e9nt, emeletes \u00e1gyak h\u00e1tt\u00e1ml\u00e1jak\u00e9nt \u00e9s lak\u00f3kocsik\/ut\u00e1nfut\u00f3k fejt\u00e1ml\u00e1jak\u00e9nt is haszn\u00e1lhat\u00f3.<\/li>\n<li><strong>K\u00f6nnyen moshat\u00f3:<\/strong> A kialak\u00edt\u00e1s eszt\u00e9tikus megjelen\u00e9st biztos\u00edt\u00f3 gombokkal rendelkezik, \u00e9s a huzat k\u00f6nnyen levehet\u0151 mos\u00e1shoz.<\/li>\n<li><strong>Kiv\u00e1l\u00f3 min\u0151s\u00e9g\u0171 anyag:<\/strong> A kiv\u00e9teles h\u00e1tt\u00e1ml\u00e1t biztos\u00edt\u00f3 nagy s\u0171r\u0171s\u00e9g\u0171 poliuret\u00e1nnal t\u00f6lt\u00f6tt \u00e9kp\u00e1rna anyaga fokozza a dekor\u00e1ci\u00f3t.<\/li>\n<li><strong>M\u00e9ret:<\/strong> 45cm (45*20*50cm | 0 gomb); 60cm (60*20*50cm | 0 gomb); 80cm (80*20*50cm | 2 gomb); 100cm (100*20*50cm | 3 gomb); 120cm (120*20*50cm | 4 gomb); 140cm (140*20*50cm | 4 gomb); 160cm (160*20*50cm | 5 gomb); 180cm (180*20*50cm | 6 gomb); 200cm (200*20*50cm | 7 gomb).<\/li>\n<\/ul>","protected":false},"featured_media":710,"comment_status":"open","ping_status":"closed","template":"","meta":[],"product_brand":[],"product_cat":[15],"product_tag":[75,61,88,84,70,89,57,90,58,69],"class_list":{"0":"post-711","1":"product","2":"type-product","3":"status-publish","4":"has-post-thumbnail","6":"product_cat-pillows","7":"product_tag-bed-headboard","8":"product_tag-big-bed-pillow","9":"product_tag-big-pillow","10":"product_tag-bumper-pillow","11":"product_tag-bunk-bed-pillow","12":"product_tag-daybed-couch","13":"product_tag-headboard-cushion","14":"product_tag-king-size-pillow","15":"product_tag-linen-pillow","16":"product_tag-wedge-pillow","18":"first","19":"instock","20":"shipping-taxable","21":"purchasable","22":"product-type-variable","23":"has-default-attributes"},"_links":{"self":[{"href":"https:\/\/www.livingpillow.com\/hu\/wp-json\/wp\/v2\/product\/711","targetHints":{"allow":["GET"]}}],"collection":[{"href":"https:\/\/www.livingpillow.com\/hu\/wp-json\/wp\/v2\/product"}],"about":[{"href":"https:\/\/www.livingpillow.com\/hu\/wp-json\/wp\/v2\/types\/product"}],"replies":[{"embeddable":true,"href":"https:\/\/www.livingpillow.com\/hu\/wp-json\/wp\/v2\/comments?post=711"}],"wp:featuredmedia":[{"embeddable":true,"href":"https:\/\/www.livingpillow.com\/hu\/wp-json\/wp\/v2\/media\/710"}],"wp:attachment":[{"href":"https:\/\/www.livingpillow.com\/hu\/wp-json\/wp\/v2\/media?parent=711"}],"wp:term":[{"taxonomy":"product_brand","embeddable":true,"href":"https:\/\/www.livingpillow.com\/hu\/wp-json\/wp\/v2\/product_brand?post=711"},{"taxonomy":"product_cat","embeddable":true,"href":"https:\/\/www.livingpillow.com\/hu\/wp-json\/wp\/v2\/product_cat?post=711"},{"taxonomy":"product_tag","embeddable":true,"href":"https:\/\/www.livingpillow.com\/hu\/wp-json\/wp\/v2\/product_tag?post=711"}],"curies":[{"name":"wp","href":"https:\/\/api.w.org\/{rel}","templated":true}]}}