{"id":736,"date":"2024-02-23T14:54:47","date_gmt":"2024-02-23T14:54:47","guid":{"rendered":"https:\/\/www.livingpillow.com\/product\/headboard-pillow-wedge"},"modified":"2026-03-11T05:10:17","modified_gmt":"2026-03-11T05:10:17","slug":"fejtamla-diszparna-nagy-ek-alaku-parna-lenvaszon-lila","status":"publish","type":"product","link":"https:\/\/www.livingpillow.com\/hu\/product\/headboard-decorative-pillow-big-wedge-cushion-linen-purple","title":{"rendered":"Dekorat\u00edv fejt\u00e1mla p\u00e1rna nagy \u00e9k alak\u00fa p\u00e1rna lila"},"content":{"rendered":"<p>Bemutatjuk a t\u00f6k\u00e9letes olvas\u00f3t\u00e1rsat \u2013 egy kiv\u00e1l\u00f3 min\u0151s\u00e9g\u0171 h\u00e1tt\u00e1mlap\u00e1rn\u00e1t, amely t\u00f6k\u00e9letes az \u00e1gyban val\u00f3 olvas\u00e1shoz \u00e9s t\u00e9v\u00e9n\u00e9z\u00e9shez. Nemcsak kiv\u00e1l\u00f3 h\u00e1t- \u00e9s nyakt\u00e1maszt ny\u00fajt a maxim\u00e1lis k\u00e9nyelem \u00e9rdek\u00e9ben, hanem alternat\u00edv fejt\u00e1mlak\u00e9nt is funkcion\u00e1l, \u00edgy egyszerre dekorat\u00edv \u00e9s funkcion\u00e1lis.<\/p>\n<p>Poli\u00e9szterb\u0151l \u00e9s kever\u00e9k anyagb\u00f3l k\u00e9sz\u00fclt, ez a h\u00e1tt\u00e1mlap\u00e1rna nagyon j\u00f3 vizu\u00e1lis hat\u00e1ssal b\u00edr, \u00e9s illeszkedik az otthoni dekor\u00e1ci\u00f3hoz. Nagy s\u0171r\u0171s\u00e9g\u0171 poliuret\u00e1n t\u00f6lt\u0151anyaggal van t\u00f6ltve, amely kiv\u00e1l\u00f3 h\u00e1tt\u00e1maszt\u00e1st biztos\u00edt.<\/p>\n<p>Ez a t\u00f6bbc\u00e9l\u00fa p\u00e1rna minden m\u00e9retben kaphat\u00f3, \u00edgy alkalmas gyerek\u00e1gyakba, emeletes \u00e1gyakba, lak\u00f3kocsikba\/ut\u00e1nfut\u00f3kba \u00e9s hagyom\u00e1nyos \u00e1gyakba is. Ha nehezen alszik el, vagy merev nyakkal \u00e9bred, ez a p\u00e1rna kiv\u00e1l\u00f3 t\u00e1maszt ny\u00fajt a fej\u00e9nek \u00e9s a nyak\u00e1nak is.<\/p>\n<p>R\u00e1ad\u00e1sul a r\u00f6gz\u00edtett gombok nemcsak dinamikusabb form\u00e1t hoznak l\u00e9tre a p\u00e1rna sz\u00e1m\u00e1ra, hanem a huzatot is levehet\u0151v\u00e9 \u00e9s moshat\u00f3v\u00e1 teszik, \u00edgy k\u00f6nnyen tiszt\u00edthat\u00f3 \u00e9s karbantarthat\u00f3.<\/p>\n<p>El\u00e9gedett v\u00e1s\u00e1rl\u00f3ink \u00e1radoznak err\u0151l a p\u00e1rn\u00e1r\u00f3l, az egyik v\u00e1s\u00e1rl\u00f3nk ezt mondta: \u201cEz a legjobb h\u00e1romsz\u00f6g alak\u00fa p\u00e1rna, ami valaha a birtokomban volt! A p\u00e1rna szuper puha \u00e9s k\u00e9nyelmes, \u00e9s a sz\u00edne gy\u00f6ny\u00f6r\u0171.\u201d<\/p>\n<p>A p\u00e1rna k\u00fcl\u00f6nb\u00f6z\u0151 m\u00e9retekben kaphat\u00f3, t\u00f6bbek k\u00f6z\u00f6tt 45 cm, 60 cm, 80 cm, 100 cm, 120 cm, 140 cm, 160 cm, 180 cm \u00e9s 200 cm, \u00edgy kiv\u00e1laszthatod az \u00e1gyadhoz \u00e9s ig\u00e9nyeidhez t\u00f6k\u00e9letesen ill\u0151t.<\/p>\n<p>Fektess be ebbe a kiv\u00e1l\u00f3 min\u0151s\u00e9g\u0171 h\u00e1tt\u00e1maszt\u00f3 p\u00e1rn\u00e1ba m\u00e9g ma, \u00e9s \u00e9lvezd a t\u00f6k\u00e9letes k\u00e9nyelmet \u00e9s pihen\u00e9st olvas\u00e1s vagy t\u00e9v\u00e9z\u00e9s k\u00f6zben az \u00e1gyban.<\/p>","protected":false},"excerpt":{"rendered":"<ul>\n<li><strong>T\u00d6K\u00c9LETES OLVAS\u00c1S AZ \u00c1GYBAN:<\/strong> Ez az olvas\u00f3p\u00e1rna kiv\u00e1l\u00f3 h\u00e1t- \u00e9s nyakt\u00e1maszt ny\u00fajt a maxim\u00e1lis k\u00e9nyelem \u00e9rdek\u00e9ben olvas\u00e1s \u00e9s t\u00e9v\u00e9n\u00e9z\u00e9s k\u00f6zben.<\/li>\n<li><strong>ALTERNAT\u00cdVA FEJT\u00c1ML\u00c1K\u00c9NT:<\/strong> Sokan, k\u00fcl\u00f6n\u00f6sen egyetemist\u00e1k, t\u00f6k\u00e9letesnek tal\u00e1lj\u00e1k a p\u00e1rn\u00e1t fejt\u00e1mlak\u00e9nt: dekorat\u00edv \u00e9s funkcion\u00e1lis is egyben.<\/li>\n<li><strong>T\u00d6BBC\u00c9L\u00da:<\/strong> Minden m\u00e9retben k\u00edn\u00e1lunk p\u00e1rn\u00e1kat norm\u00e1l \u00e1gyakhoz, bele\u00e9rtve a gyerekeknek val\u00f3 l\u00f6kh\u00e1r\u00edt\u00f3p\u00e1rn\u00e1t, emeletes \u00e1gy h\u00e1tt\u00e1ml\u00e1j\u00e1t \u00e9s lak\u00f3kocsikhoz\/ut\u00e1nfut\u00f3khoz val\u00f3 fejt\u00e1ml\u00e1t.<\/li>\n<li><strong>K\u00d6NNYEN MOSHAT\u00d3:<\/strong> A r\u00f6gz\u00edtett gombok nemcsak dinamikusabb form\u00e1t k\u00f6lcs\u00f6n\u00f6znek a p\u00e1rnanak, hanem a huzatot is levehet\u0151v\u00e9 \u00e9s moshat\u00f3v\u00e1 teszik.<\/li>\n<li><strong>KIV\u00c1L\u00d3 MIN\u0150S\u00c9G\u0170 ANYAG:<\/strong> A h\u00e1tp\u00e1rna nagy s\u0171r\u0171s\u00e9g\u0171 poliuret\u00e1n t\u00f6lt\u0151anyaggal van t\u00f6ltve, amely kiv\u00e1l\u00f3 h\u00e1tt\u00e1maszt\u00e1st biztos\u00edt. Az \u00e9k alak\u00fa p\u00e1rn\u00e1k anyaga nagyon j\u00f3 vizu\u00e1lis hat\u00e1ssal b\u00edr, \u00edgy illeszkedik az otthoni dekor\u00e1ci\u00f3hoz.<\/li>\n<li><strong>M\u00e9ret:<\/strong> 45cm (45*20*50cm | 0 gomb); 60cm (60*20*50cm | 0 gomb); 80cm (80*20*50cm | 2 gomb); 100cm (100*20*50cm | 3 gomb); 120cm (120*20*50cm | 4 gomb); 140cm (140*20*50cm | 4 gomb); 160cm (160*20*50cm | 5 gomb); 180cm (180*20*50cm | 6 gomb); 200cm (200*20*50cm | 7 gomb).<\/li>\n<\/ul>","protected":false},"featured_media":735,"comment_status":"open","ping_status":"closed","template":"","meta":[],"product_brand":[],"product_cat":[15],"product_tag":[83,82,84,85,65,54,58,86,87,60],"class_list":{"0":"post-736","1":"product","2":"type-product","3":"status-publish","4":"has-post-thumbnail","6":"product_cat-pillows","7":"product_tag-alternative-headboard","8":"product_tag-big-wedge-cushion","9":"product_tag-bumper-pillow","10":"product_tag-bunk-bed-backrests","11":"product_tag-decorative-pillow","12":"product_tag-headboard-pillow","13":"product_tag-linen-pillow","14":"product_tag-rv-headboard","15":"product_tag-trailer-headboard","16":"product_tag-wedge-cushion","18":"first","19":"instock","20":"shipping-taxable","21":"purchasable","22":"product-type-variable","23":"has-default-attributes"},"_links":{"self":[{"href":"https:\/\/www.livingpillow.com\/hu\/wp-json\/wp\/v2\/product\/736","targetHints":{"allow":["GET"]}}],"collection":[{"href":"https:\/\/www.livingpillow.com\/hu\/wp-json\/wp\/v2\/product"}],"about":[{"href":"https:\/\/www.livingpillow.com\/hu\/wp-json\/wp\/v2\/types\/product"}],"replies":[{"embeddable":true,"href":"https:\/\/www.livingpillow.com\/hu\/wp-json\/wp\/v2\/comments?post=736"}],"wp:featuredmedia":[{"embeddable":true,"href":"https:\/\/www.livingpillow.com\/hu\/wp-json\/wp\/v2\/media\/735"}],"wp:attachment":[{"href":"https:\/\/www.livingpillow.com\/hu\/wp-json\/wp\/v2\/media?parent=736"}],"wp:term":[{"taxonomy":"product_brand","embeddable":true,"href":"https:\/\/www.livingpillow.com\/hu\/wp-json\/wp\/v2\/product_brand?post=736"},{"taxonomy":"product_cat","embeddable":true,"href":"https:\/\/www.livingpillow.com\/hu\/wp-json\/wp\/v2\/product_cat?post=736"},{"taxonomy":"product_tag","embeddable":true,"href":"https:\/\/www.livingpillow.com\/hu\/wp-json\/wp\/v2\/product_tag?post=736"}],"curies":[{"name":"wp","href":"https:\/\/api.w.org\/{rel}","templated":true}]}}