{"id":786,"date":"2024-02-23T23:54:47","date_gmt":"2024-02-23T23:54:47","guid":{"rendered":"https:\/\/www.livingpillow.com\/product\/large-wedge-bolster-pillow"},"modified":"2026-03-03T01:25:49","modified_gmt":"2026-03-03T01:25:49","slug":"ek-alaku-parna-fejtamla-parna-barsony-bordo","status":"publish","type":"product","link":"https:\/\/www.livingpillow.com\/hu\/product\/wedge-bolster-pillow-headboard-cushion-velvet-burgundy","title":{"rendered":"\u00c9ksz\u00edjas p\u00e1rna fejt\u00e1mla p\u00e1rna b\u00e1rsony bord\u00f3"},"content":{"rendered":"<p>Az \u00e9k alak\u00fa fejt\u00e1mla p\u00e1rna b\u00e1rsony bord\u00f3<\/p>\n<p>Elege van abb\u00f3l, hogy t\u00f6bb p\u00e1rn\u00e1ra t\u00e1maszkodik olvas\u00e1s vagy t\u00e9v\u00e9z\u00e9s k\u00f6zben az \u00e1gyban? K\u00e9nyelmes \u00e9s st\u00edlusos fejt\u00e1ml\u00e1t szeretne az \u00e1gy\u00e1hoz an\u00e9lk\u00fcl, hogy bankot robbantana? Ne keressen tov\u00e1bb, a Wedge Bolster fejt\u00e1mla p\u00e1rna b\u00e1rsony bord\u00f3 sz\u00ednben.<\/p>\n<p>Ez az olvas\u00f3p\u00e1rna kiv\u00e9teles h\u00e1t- \u00e9s nyakt\u00e1maszt ny\u00fajt, \u00edgy t\u00f6k\u00e9letes kieg\u00e9sz\u00edt\u0151je lehet mindenkinek, aki szeret az \u00e1gyban pihenni. Sokoldal\u00faan haszn\u00e1lhat\u00f3 fejt\u00e1mlak\u00e9nt, dekorat\u00edv \u00e9s praktikus kieg\u00e9sz\u00edt\u0151je is lehet b\u00e1rmely h\u00e1l\u00f3szob\u00e1nak. R\u00e1ad\u00e1sul k\u00fcl\u00f6nb\u00f6z\u0151 m\u00e9retekben kaphat\u00f3, \u00edgy illeszkedik standard \u00e1gyakhoz, hever\u0151kh\u00f6z, emeletes \u00e1gyakhoz \u00e9s hagyom\u00e1nyos \u00e1gyakhoz is.<\/p>\n<p>A nagy s\u0171r\u0171s\u00e9g\u0171 poliuret\u00e1n t\u00f6ltet kiv\u00e1l\u00f3 h\u00e1tt\u00e1maszt\u00e1st biztos\u00edt, m\u00edg a vizu\u00e1lisan vonz\u00f3 b\u00e1rsony anyag (100% poli\u00e9szter) b\u00e1rmilyen bels\u0151 dekor\u00e1ci\u00f3hoz illik. A r\u00f6gz\u00edtett gombok nemcsak a p\u00e1rna form\u00e1j\u00e1t emelik ki, hanem lehet\u0151v\u00e9 teszik a huzat egyszer\u0171 levehet\u0151s\u00e9g\u00e9t \u00e9s mos\u00e1s\u00e1t is, \u00edgy k\u00f6nnyen tiszt\u00e1n \u00e9s frissen tarthat\u00f3.<\/p>\n<p>De ne csak higgyen nek\u00fcnk. \u00cdme n\u00e9h\u00e1ny v\u00e9lem\u00e9ny el\u00e9gedett \u00fcgyfeleinkt\u0151l:<\/p>\n<p>-\u201cIm\u00e1dom ezt a p\u00e1rn\u00e1t! Annyira k\u00e9nyelmes, \u00e9s a bord\u00f3 sz\u00edne eleganci\u00e1t visz a h\u00e1l\u00f3szob\u00e1mba.\u201d<\/p>\n<p>- \u201cA b\u00e1rsony bord\u00f3 sz\u00edn\u0171, \u00e9k alak\u00fa fejt\u00e1mla-p\u00e1rna nagyon sokoldal\u00fa. H\u00e1tt\u00e1mlak\u00e9nt haszn\u00e1lom olvas\u00e1shoz, fejt\u00e1mlak\u00e9nt alv\u00e1shoz, s\u0151t, m\u00e9g hever\u0151p\u00e1rn\u00e1k\u00e9nt is haszn\u00e1lom.\u201d<\/p>\n<p>-\u201cA b\u00e1rsony anyaga olyan puha \u00e9s luxus. Olyan \u00e9rz\u00e9s, mintha egy \u00f6tcsillagos sz\u00e1llod\u00e1ban aludn\u00e9k!\u201d<\/p>\n<p>Akkor mi\u00e9rt v\u00e1rna? Fektessen be m\u00e9g ma a b\u00e1rsony bord\u00f3 sz\u00edn\u0171, \u00e9k alak\u00fa fejt\u00e1mla p\u00e1rn\u00e1ba, \u00e9s tegye k\u00e9nyelmess\u00e9 \u00e9s st\u00edlusoss\u00e1 h\u00e1l\u00f3szob\u00e1j\u00e1t.<\/p>","protected":false},"excerpt":{"rendered":"<ul>\n<li>IDE\u00c1LIS LEFEKV\u00c9S EL\u0150TTI OLVAS\u00c1SHOZ: Ez az olvas\u00f3p\u00e1rna kiv\u00e9teles h\u00e1t- \u00e9s nyakt\u00e1maszt ny\u00fajt a maxim\u00e1lis k\u00e9nyelem \u00e9rdek\u00e9ben olvas\u00e1s \u00e9s t\u00e9v\u00e9n\u00e9z\u00e9s k\u00f6zben.<\/li>\n<li>SOKOLDAL\u00da FEJT\u00c1ML\u00c1K\u00c9NT: Sokan, k\u00fcl\u00f6n\u00f6sen egyetemist\u00e1k, \u00e9rt\u00e9kelik a p\u00e1rna kett\u0151s funkci\u00f3j\u00e1t, mint dekorat\u00edv \u00e9s praktikus fejt\u00e1mla.<\/li>\n<li>T\u00d6BBFUNKCI\u00d3S: K\u00fcl\u00f6nb\u00f6z\u0151 m\u00e9retekben kaphat\u00f3 standard \u00e1gyakhoz, a nagyobb m\u00e9ret t\u00f6k\u00e9letesen alkalmas hever\u0151k\u00e9nt is funkcion\u00e1lhat. Emeletes \u00e1gyak h\u00e1tt\u00e1ml\u00e1j\u00e1nak \u00e9s hagyom\u00e1nyos \u00e1gyak fejt\u00e1ml\u00e1j\u00e1nak is haszn\u00e1lhat\u00f3.<\/li>\n<li>K\u00d6NNYEN TISZT\u00cdTHAT\u00d3: A r\u00f6gz\u00edtett gombok nemcsak a p\u00e1rna form\u00e1j\u00e1t fokozz\u00e1k, hanem lehet\u0151v\u00e9 teszik a huzat egyszer\u0171 elt\u00e1vol\u00edt\u00e1s\u00e1t \u00e9s mos\u00e1s\u00e1t is.<\/li>\n<li>PR\u00c9MIUM ANYAGOK: Nagy s\u0171r\u0171s\u00e9g\u0171 poliuret\u00e1nnal t\u00f6ltve a kiv\u00e1l\u00f3 h\u00e1tt\u00e1mla \u00e9rdek\u00e9ben, az \u00e9k alak\u00fa p\u00e1rn\u00e1k vizu\u00e1lisan vonz\u00f3 b\u00e1rsony anyagb\u00f3l (100% poli\u00e9szter) k\u00e9sz\u00fclnek, \u00edgy b\u00e1rmilyen bels\u0151 dekor\u00e1ci\u00f3hoz illeszkednek.<\/li>\n<li>Anyag: B\u00e1rsony (100% poli\u00e9szter).<\/li>\n<li>M\u00e9ret: 45cm (45*20*50cm | 0 gomb); 60cm (60*20*50cm | 0 gomb); 80cm (80*20*50cm | 2 gomb); 100cm (100*20*50cm | 3 gomb); 120cm (120*20*50cm | 4 gomb); 140cm (140*20*50cm | 4 gomb); 160cm (160*20*50cm | 5 gomb); 180cm (180*20*50cm | 6 gomb); 200cm (200*20*50cm | 7 gomb).<\/li>\n<\/ul>","protected":false},"featured_media":785,"comment_status":"open","ping_status":"closed","template":"","meta":[],"product_brand":[],"product_cat":[15],"product_tag":[63,72,70,71,74,65,57,54,73,55,56,69],"class_list":{"0":"post-786","1":"product","2":"type-product","3":"status-publish","4":"has-post-thumbnail","6":"product_cat-pillows","7":"product_tag-backrest-pillow","8":"product_tag-bed-pillows","9":"product_tag-bunk-bed-pillow","10":"product_tag-burgundy-pillow","11":"product_tag-daybed-pillow","12":"product_tag-decorative-pillow","13":"product_tag-headboard-cushion","14":"product_tag-headboard-pillow","15":"product_tag-sofa-pillow","16":"product_tag-velvet-pillow","17":"product_tag-wedge-bolster-pillow","18":"product_tag-wedge-pillow","20":"first","21":"instock","22":"featured","23":"shipping-taxable","24":"purchasable","25":"product-type-variable","26":"has-default-attributes"},"_links":{"self":[{"href":"https:\/\/www.livingpillow.com\/hu\/wp-json\/wp\/v2\/product\/786","targetHints":{"allow":["GET"]}}],"collection":[{"href":"https:\/\/www.livingpillow.com\/hu\/wp-json\/wp\/v2\/product"}],"about":[{"href":"https:\/\/www.livingpillow.com\/hu\/wp-json\/wp\/v2\/types\/product"}],"replies":[{"embeddable":true,"href":"https:\/\/www.livingpillow.com\/hu\/wp-json\/wp\/v2\/comments?post=786"}],"wp:featuredmedia":[{"embeddable":true,"href":"https:\/\/www.livingpillow.com\/hu\/wp-json\/wp\/v2\/media\/785"}],"wp:attachment":[{"href":"https:\/\/www.livingpillow.com\/hu\/wp-json\/wp\/v2\/media?parent=786"}],"wp:term":[{"taxonomy":"product_brand","embeddable":true,"href":"https:\/\/www.livingpillow.com\/hu\/wp-json\/wp\/v2\/product_brand?post=786"},{"taxonomy":"product_cat","embeddable":true,"href":"https:\/\/www.livingpillow.com\/hu\/wp-json\/wp\/v2\/product_cat?post=786"},{"taxonomy":"product_tag","embeddable":true,"href":"https:\/\/www.livingpillow.com\/hu\/wp-json\/wp\/v2\/product_tag?post=786"}],"curies":[{"name":"wp","href":"https:\/\/api.w.org\/{rel}","templated":true}]}}