{"id":310,"date":"2024-02-23T00:47:59","date_gmt":"2024-02-23T00:47:59","guid":{"rendered":"https:\/\/www.livingpillow.com\/product\/triangular-pillow"},"modified":"2026-03-03T01:19:59","modified_gmt":"2026-03-03T01:19:59","slug":"cuscino-triangolare-bella-testiera-cuscino-a-coste-arancione","status":"publish","type":"product","link":"https:\/\/www.livingpillow.com\/it\/product\/triangular-pillow-nice-headboard-cushion-corduroy-orange","title":{"rendered":"Cuscino triangolare Cuscino per testiera in velluto a coste arancione"},"content":{"rendered":"<p>Migliorate il vostro relax con il cuscino da lettura multifunzionale<\/p>\n<p>Se amate leggere a letto o oziare guardando la TV, \u00e8 ora di migliorare il vostro comfort con il versatile cuscino da lettura. Disponibile in diverse larghezze, da 45 cm a 200 cm, questo cuscino di sostegno per lo schienale \u00e8 imbottito di poliuretano ad alta densit\u00e0 per cullare la schiena e il collo. <\/p>\n<p>Il morbido e accogliente rivestimento in velluto a coste del cuscino si adatta a qualsiasi arredamento della camera da letto. I bottoni attaccati aiutano a mantenere la forma del cuscino e rendono semplice la rimozione della fodera lavabile in lavatrice. Potete posizionarlo sul letto come testiera o utilizzare il formato king come schienale per il letto da giorno. \u00c8 perfetto anche appoggiato alla parete di un letto a castello o come cuscino per il divano.<\/p>\n<p>I clienti sono entusiasti del comfort:<br \/>\n\"Adoro questo cuscino da lettura. \u00c8 cos\u00ec morbido e offre un ottimo sostegno alla schiena, sia che io stia leggendo o lavorando al mio portatile a letto\".<br \/>\n\"Questo enorme cuscino \u00e8 perfetto per il mio lettino da giorno. \u00c8 un ottimo schienale per oziare e guardare film\".<br \/>\n\"Ho preso la misura grande per il letto a castello di mia figlia. Lo usa per sedersi comodamente mentre disegna e fa progetti artistici\".<\/p>\n<p>Grazie all'eccellente sostegno e alla versatilit\u00e0, questo cuscino da lettura multifunzionale mira a rendere il relax pi\u00f9 confortevole. L'accogliente rivestimento in velluto a coste e la variet\u00e0 di larghezze disponibili rendono facile trovare l'adattamento perfetto per il vostro spazio.<\/p>","protected":false},"excerpt":{"rendered":"<ul>\n<li><strong>Supporto eccellente:<\/strong> Questo cuscino da lettura offre il massimo comfort per la schiena e il collo durante la lettura e la visione della TV.<\/li>\n<li><strong>Testata versatile:<\/strong> Perfetta come testiera, unisce decorazione e funzionalit\u00e0, soprattutto per gli studenti universitari.<\/li>\n<li><strong>Uso multiuso:<\/strong> Adatto ai letti normali, il formato king \u00e8 ideale per i lettini da giorno (che fungono da divano). Pu\u00f2 essere utilizzato anche come schienale di un letto a castello e come testata.<\/li>\n<li><strong>Facile manutenzione:<\/strong> I bottoni attaccati esaltano la forma del cuscino e consentono di rimuovere facilmente la fodera e di lavarla.<\/li>\n<li><strong>Materiali pregiati:<\/strong> Imbottito con poliuretano ad alta densit\u00e0, il cuscino offre un eccellente sostegno alla schiena. Il tessuto a coste (poliestere 100%) si adatta a qualsiasi arredamento.<\/li>\n<li><strong>Variet\u00e0 di dimensioni:<\/strong> 45 cm (45*20*50 cm | 0 bottoni), 60 cm (60*20*50 cm | 0 bottoni), 80 cm (80*20*50 cm | 2 bottoni), 100 cm (100*20*50 cm | 3 bottoni), 120 cm (120*20*50 cm | 4 bottoni), 140 cm (140*20*50 cm | 4 bottoni), 160 cm (160*20*50 cm | 5 bottoni), 180 cm (180*20*50 cm | 6 bottoni), 200 cm (200*20*50 cm | 7 bottoni).<\/li>\n<\/ul>","protected":false},"featured_media":309,"comment_status":"open","ping_status":"closed","template":"","meta":[],"product_brand":[],"product_cat":[15],"product_tag":[66,68,89,74,131,57,53,133,134],"class_list":{"0":"post-310","1":"product","2":"type-product","3":"status-publish","4":"has-post-thumbnail","6":"product_cat-pillows","7":"product_tag-back-support-pillow","8":"product_tag-college-student-pillow","9":"product_tag-daybed-couch","10":"product_tag-daybed-pillow","11":"product_tag-excellent-back-support","12":"product_tag-headboard-cushion","13":"product_tag-reading-pillow","14":"product_tag-triangular-pillow","15":"product_tag-versatile-headboard","17":"first","18":"instock","19":"featured","20":"shipping-taxable","21":"purchasable","22":"product-type-variable","23":"has-default-attributes"},"_links":{"self":[{"href":"https:\/\/www.livingpillow.com\/it\/wp-json\/wp\/v2\/product\/310","targetHints":{"allow":["GET"]}}],"collection":[{"href":"https:\/\/www.livingpillow.com\/it\/wp-json\/wp\/v2\/product"}],"about":[{"href":"https:\/\/www.livingpillow.com\/it\/wp-json\/wp\/v2\/types\/product"}],"replies":[{"embeddable":true,"href":"https:\/\/www.livingpillow.com\/it\/wp-json\/wp\/v2\/comments?post=310"}],"wp:featuredmedia":[{"embeddable":true,"href":"https:\/\/www.livingpillow.com\/it\/wp-json\/wp\/v2\/media\/309"}],"wp:attachment":[{"href":"https:\/\/www.livingpillow.com\/it\/wp-json\/wp\/v2\/media?parent=310"}],"wp:term":[{"taxonomy":"product_brand","embeddable":true,"href":"https:\/\/www.livingpillow.com\/it\/wp-json\/wp\/v2\/product_brand?post=310"},{"taxonomy":"product_cat","embeddable":true,"href":"https:\/\/www.livingpillow.com\/it\/wp-json\/wp\/v2\/product_cat?post=310"},{"taxonomy":"product_tag","embeddable":true,"href":"https:\/\/www.livingpillow.com\/it\/wp-json\/wp\/v2\/product_tag?post=310"}],"curies":[{"name":"wp","href":"https:\/\/api.w.org\/{rel}","templated":true}]}}