{"id":429,"date":"2024-02-23T05:10:46","date_gmt":"2024-02-23T05:10:46","guid":{"rendered":"https:\/\/www.livingpillow.com\/product\/backrest-pillow"},"modified":"2026-03-03T01:21:32","modified_gmt":"2026-03-03T01:21:32","slug":"grande-cuscino-di-lettura-per-divano-letto-in-velluto-grigio","status":"publish","type":"product","link":"https:\/\/www.livingpillow.com\/it\/product\/big-backrest-pillow-reading-cushion-for-sofa-bed-velvet-grey","title":{"rendered":"Cuscino di lettura con schienale grande per divano letto in velluto grigio"},"content":{"rendered":"<p>Vi presentiamo il nostro cuscino di sostegno per la lettura, progettato per offrire il massimo comfort durante la lettura o la visione della TV a letto. Grazie all'imbottitura in poliuretano ad alta densit\u00e0, questo cuscino a cuneo offre un sostegno superiore alla schiena e al collo, consentendo di rilassarsi in una posizione comoda e di sostegno.<\/p>\n<p>Ma non \u00e8 tutto: questo versatile cuscino \u00e8 un'ottima alternativa a una testiera tradizionale, ed \u00e8 quindi perfetto per gli studenti universitari e per chi desidera un elemento funzionale e decorativo nella propria camera da letto. Inoltre, \u00e8 disponibile in tutte le misure per i letti normali, mentre la misura king size \u00e8 l'aggiunta perfetta a un daybed per trasformarlo in un accogliente divano.<\/p>\n<p>Il design innovativo di questo cuscino lo rende anche facile da lavare, grazie ai bottoni applicati che non solo gli conferiscono un aspetto dinamico, ma permettono anche di rimuovere e pulire facilmente la fodera.<\/p>\n<p>Per quanto riguarda il rivestimento, il tessuto utilizzato \u00e8 il velluto poliestere 100%, che non solo contribuisce all'eccellente effetto visivo del cuscino, ma migliora anche l'arredamento degli interni.<\/p>\n<p>Ma non fidatevi solo della nostra parola. Ecco alcuni dei commenti dei nostri clienti soddisfatti:<\/p>\n<p>- \"Questo cuscino cambia le carte in tavola per la lettura a letto. Offre un ottimo sostegno e rende la mia esperienza di lettura molto pi\u00f9 confortevole\".<br \/>\n- \"Adoro usare questo cuscino come testiera! Aggiunge un tocco unico e accogliente alla mia camera da letto\".<br \/>\n- \"Ho acquistato la misura da 120 cm per il mio letto a castello e funziona perfettamente come schienale. \u00c8 ottimo anche per sedersi e studiare\".<br \/>\n- \"I bottoni sul coperchio lo rendono cos\u00ec facile da rimuovere e lavare. Mi piace la sua semplicit\u00e0\".<\/p>\n<p>Se state cercando un modo comodo per leggere a letto o volete aggiungere un tocco funzionale ed elegante alla vostra camera da letto, il nostro cuscino da lettura \u00e8 la soluzione perfetta. Scegliete tra un'ampia gamma di dimensioni e colori, tra cui il famoso velluto grigio Holland, e sperimentate il massimo del comfort e del sostegno.<\/p>","protected":false},"excerpt":{"rendered":"<ul>\n<li><strong>Perfetto per la lettura a letto:<\/strong> Godetevi il massimo comfort mentre leggete o guardate la TV con il nostro cuscino da lettura, progettato per fornire un eccellente supporto alla schiena e al collo.<\/li>\n<li><strong>Alternativa come testiera:<\/strong> Ideale per gli studenti universitari e non solo, questo cuscino funge da testata funzionale e decorativa.<\/li>\n<li><strong>Uso multiuso:<\/strong> Disponibile in tutte le misure per i letti normali; la misura king si adatta perfettamente a un daybed, trasformandolo in un divano. Adatto anche come schienale di un letto a castello o come testata di fortuna.<\/li>\n<li><strong>Facile da lavare:<\/strong> Il design innovativo comprende pulsanti applicati per un look dinamico e una facile rimozione e lavaggio della copertura.<\/li>\n<li><strong>Materiale di alta qualit\u00e0:<\/strong> Riempito con poliuretano ad alta densit\u00e0 per un sostegno superiore della schiena, il tessuto del cuscino a cuneo migliora anche l'arredamento degli interni con il suo eccellente effetto visivo.<\/li>\n<li><strong>Tessuto:<\/strong> Velluto (poliestere 100%).<\/li>\n<li><strong>Dimensioni:<\/strong> 45cm (45*20*50cm | 0 bottoni); 60cm (60*20*50cm | 0 bottoni); 80cm (80*20*50cm | 2 bottoni); 100cm (100*20*50cm | 3 bottoni); 120cm (120*20*50cm | 4 bottoni); 140cm (140*20*50cm | 4 bottoni); 160cm (160*20*50cm | 5 bottoni); 180cm (180*20*50cm | 6 bottoni); 200cm (200*20*50cm | 7 bottoni).<\/li>\n<\/ul>","protected":false},"featured_media":428,"comment_status":"open","ping_status":"closed","template":"","meta":[],"product_brand":[],"product_cat":[15],"product_tag":[63,79,120,109,91,111,119],"class_list":{"0":"post-429","1":"product","2":"type-product","3":"status-publish","4":"has-post-thumbnail","6":"product_cat-pillows","7":"product_tag-backrest-pillow","8":"product_tag-bedroom-decoration","9":"product_tag-big-backrest-pillow","10":"product_tag-high-density-polyurethane-pillow","11":"product_tag-multipurpose-pillow","12":"product_tag-reading-cushion","13":"product_tag-sofa-bed-pillow","15":"first","16":"instock","17":"shipping-taxable","18":"purchasable","19":"product-type-variable","20":"has-default-attributes"},"_links":{"self":[{"href":"https:\/\/www.livingpillow.com\/it\/wp-json\/wp\/v2\/product\/429","targetHints":{"allow":["GET"]}}],"collection":[{"href":"https:\/\/www.livingpillow.com\/it\/wp-json\/wp\/v2\/product"}],"about":[{"href":"https:\/\/www.livingpillow.com\/it\/wp-json\/wp\/v2\/types\/product"}],"replies":[{"embeddable":true,"href":"https:\/\/www.livingpillow.com\/it\/wp-json\/wp\/v2\/comments?post=429"}],"wp:featuredmedia":[{"embeddable":true,"href":"https:\/\/www.livingpillow.com\/it\/wp-json\/wp\/v2\/media\/428"}],"wp:attachment":[{"href":"https:\/\/www.livingpillow.com\/it\/wp-json\/wp\/v2\/media?parent=429"}],"wp:term":[{"taxonomy":"product_brand","embeddable":true,"href":"https:\/\/www.livingpillow.com\/it\/wp-json\/wp\/v2\/product_brand?post=429"},{"taxonomy":"product_cat","embeddable":true,"href":"https:\/\/www.livingpillow.com\/it\/wp-json\/wp\/v2\/product_cat?post=429"},{"taxonomy":"product_tag","embeddable":true,"href":"https:\/\/www.livingpillow.com\/it\/wp-json\/wp\/v2\/product_tag?post=429"}],"curies":[{"name":"wp","href":"https:\/\/api.w.org\/{rel}","templated":true}]}}