{"id":488,"date":"2024-02-23T05:44:00","date_gmt":"2024-02-23T05:44:00","guid":{"rendered":"https:\/\/www.livingpillow.com\/product\/bed-wedge-support-pillow"},"modified":"2026-03-03T01:22:19","modified_gmt":"2026-03-03T01:22:19","slug":"cuscino-di-sostegno-a-cuneo-per-letto-cuscino-di-lettura-in-velluto-blu-profondo","status":"publish","type":"product","link":"https:\/\/www.livingpillow.com\/it\/product\/bed-wedge-support-pillow-reading-cushion-velvet-deep-blue","title":{"rendered":"Cuscino di sostegno a cuneo per letto Cuscino di lettura in velluto blu profondo"},"content":{"rendered":"<p>Scoprite il compagno perfetto per la lettura e il relax<\/p>\n<p>Siete stanchi di sforzare il collo e la schiena mentre leggete a letto o sul divano? Non riuscite a trovare accessori decorativi e funzionali per il dormitorio? Il nostro cuscino triangolare multiuso \u00e8 la soluzione. Disponibile in una gamma di misure da 45 cm a 200 cm, questo cuscino a triangolo offre un sostegno eccellente sia che siate in poltrona, a studiare o a guardare i vostri programmi preferiti.<\/p>\n<p>Realizzato in morbido e vellutato tessuto di poliestere 100% con un'imbottitura in poliuretano ad alta densit\u00e0, questo cuscino si adatta al corpo per un comfort superiore. I bottoni applicati permettono di regolare la forma secondo le necessit\u00e0. Grazie al suo look elegante, il cuscino a triangolo pu\u00f2 anche fungere da testiera alternativa per completare l'arredamento del dormitorio o della camera da letto. <\/p>\n<p>Come ha detto un cliente soddisfatto: \"Adoro la sensazione di morbidezza del tessuto di velluto di questo cuscino. Rende la lettura a letto molto pi\u00f9 confortevole senza dover appoggiare cuscini rigidi\".<\/p>\n<p>Un altro ha scritto: \"Questo cuscino a triangolo \u00e8 molto pi\u00f9 elegante di un tipico cuscino da lettura. Lo uso come testiera nel mio appartamento, dato che non ho spazio per uno vero\".<\/p>\n<p>Grazie alla sua versatilit\u00e0, ai materiali di alta qualit\u00e0 e alla facilit\u00e0 di manutenzione grazie al rivestimento sfoderabile e lavabile in lavatrice, questo cuscino a triangolo \u00e8 un accessorio indispensabile per un migliore relax.<\/p>","protected":false},"excerpt":{"rendered":"<ul>\n<li><strong>Perfetto per la lettura:<\/strong> Offre un eccellente supporto per la schiena e il collo, per un maggiore comfort durante la lettura o la visione della TV.<\/li>\n<li><strong>Alternativa alla testiera:<\/strong> Pu\u00f2 fungere da testiera decorativa e funzionale, soprattutto per gli studenti universitari.<\/li>\n<li><strong>Multiuso:<\/strong> Disponibili in varie misure per letti normali e daybed; possono essere utilizzati anche come schienali o testate di letti a castello.<\/li>\n<li><strong>Facile manutenzione:<\/strong> I bottoni attaccati consentono una forma dinamica e la copertura staccabile facilita il lavaggio.<\/li>\n<li><strong>Costruzione di alta qualit\u00e0:<\/strong> L'imbottitura in poliuretano ad alta densit\u00e0 offre un eccellente sostegno allo schienale, mentre il tessuto resistente si adatta all'arredamento degli interni.<\/li>\n<li><strong>Tessuto:<\/strong> Poliestere 100% morbido e vellutato.<\/li>\n<li><strong>Dimensioni:<\/strong> 45cm (45*20*50cm | 0 bottoni); 60cm (60*20*50cm | 0 bottoni); 80cm (80*20*50cm | 2 bottoni); 100cm (100*20*50cm | 3 bottoni); 120cm (120*20*50cm | 4 bottoni); 140cm (140*20*50cm | 4 bottoni); 160cm (160*20*50cm | 5 bottoni); 180cm (180*20*50cm | 6 bottoni); 200cm (200*20*50cm | 7 bottoni).<\/li>\n<\/ul>","protected":false},"featured_media":487,"comment_status":"open","ping_status":"closed","template":"","meta":[],"product_brand":[],"product_cat":[15],"product_tag":[114,113,110,101,98,112,111],"class_list":{"0":"post-488","1":"product","2":"type-product","3":"status-publish","4":"has-post-thumbnail","6":"product_cat-pillows","7":"product_tag-alternative-to-headboard","8":"product_tag-back-and-neck-support","9":"product_tag-bed-wedge-support-pillow","10":"product_tag-bunk-bed-backrest","11":"product_tag-decorative-headboard","12":"product_tag-perfect-for-reading","13":"product_tag-reading-cushion","15":"first","16":"instock","17":"shipping-taxable","18":"purchasable","19":"product-type-variable","20":"has-default-attributes"},"_links":{"self":[{"href":"https:\/\/www.livingpillow.com\/it\/wp-json\/wp\/v2\/product\/488","targetHints":{"allow":["GET"]}}],"collection":[{"href":"https:\/\/www.livingpillow.com\/it\/wp-json\/wp\/v2\/product"}],"about":[{"href":"https:\/\/www.livingpillow.com\/it\/wp-json\/wp\/v2\/types\/product"}],"replies":[{"embeddable":true,"href":"https:\/\/www.livingpillow.com\/it\/wp-json\/wp\/v2\/comments?post=488"}],"wp:featuredmedia":[{"embeddable":true,"href":"https:\/\/www.livingpillow.com\/it\/wp-json\/wp\/v2\/media\/487"}],"wp:attachment":[{"href":"https:\/\/www.livingpillow.com\/it\/wp-json\/wp\/v2\/media?parent=488"}],"wp:term":[{"taxonomy":"product_brand","embeddable":true,"href":"https:\/\/www.livingpillow.com\/it\/wp-json\/wp\/v2\/product_brand?post=488"},{"taxonomy":"product_cat","embeddable":true,"href":"https:\/\/www.livingpillow.com\/it\/wp-json\/wp\/v2\/product_cat?post=488"},{"taxonomy":"product_tag","embeddable":true,"href":"https:\/\/www.livingpillow.com\/it\/wp-json\/wp\/v2\/product_tag?post=488"}],"curies":[{"name":"wp","href":"https:\/\/api.w.org\/{rel}","templated":true}]}}