{"id":605,"date":"2024-02-23T10:22:42","date_gmt":"2024-02-23T10:22:42","guid":{"rendered":"https:\/\/www.livingpillow.com\/product\/large-back-pillow-for-bed"},"modified":"2026-03-11T05:10:21","modified_gmt":"2026-03-11T05:10:21","slug":"cuscino-per-letto-grande-cuscino-a-cuneo-lino-bianco","status":"publish","type":"product","link":"https:\/\/www.livingpillow.com\/it\/product\/large-back-pillow-for-bed-big-wedge-cushion-linen-white","title":{"rendered":"Cuscino per la schiena grande per il letto Cuscino a cuneo grande bianco"},"content":{"rendered":"<p>Vi presentiamo il cuscino da lettura perfetto: Il vostro compagno di comfort definitivo<\/p>\n<p>Siete stanchi di sentirvi a disagio mentre leggete o guardate la TV a letto? Dite ciao alla soluzione perfetta: il cuscino da lettura! I nostri cuscini da lettura offrono un eccellente sostegno alla schiena e al collo, garantendo il massimo comfort durante il vostro relax.<\/p>\n<p>Ma non solo: il nostro cuscino da lettura \u00e8 anche un'ottima alternativa come testiera. Molte persone, soprattutto studenti universitari, trovano il cuscino perfetto come testiera sia decorativa che funzionale. Grazie alle varie dimensioni che si adattano ai letti normali e ai lettini da giorno, i nostri cuscini sono perfetti per un'ampia gamma di esigenze. Possono anche essere utilizzati come cuscini paracolpi per bambini, schienali per letti a castello e testiere per camper e roulotte.<\/p>\n<p>Una delle cose migliori del nostro cuscino \u00e8 la facilit\u00e0 di pulizia. I bottoni attaccati non solo creano una forma dinamica del cuscino, ma rendono anche il rivestimento rimovibile e lavabile. Non \u00e8 mai stato cos\u00ec facile mantenere il vostro cuscino da lettura pulito e fresco!<\/p>\n<p>I nostri cuscini da lettura sono realizzati con materiali di alta qualit\u00e0 per garantire il massimo comfort e sostegno. Sono riempiti con poliuretano ad alta densit\u00e0 per un sostegno eccellente, mentre il tessuto dei cuscini a cuneo ha un effetto estetico che si adatta all'arredamento degli interni.<\/p>\n<p>Offriamo una variet\u00e0 di dimensioni per soddisfare le vostre esigenze, da 45 cm a 200 cm. E grazie ai nostri commenti sui prodotti, potete vedere quanto i nostri clienti abbiano amato i loro cuscini da lettura. Ecco alcuni esempi:<\/p>\n<p>- \"Questo cuscino \u00e8 perfetto per leggere a letto e il materiale \u00e8 cos\u00ec morbido e confortevole!\".<br \/>\n- \"L'ho acquistata come testiera per la camera di mia figlia, che la adora. Ha un aspetto fantastico e fornisce un ottimo sostegno\".<br \/>\n- \"L'ho acquistato per il letto a castello di mio figlio e funziona perfettamente come schienale. Ottima qualit\u00e0 e facile da pulire\".<\/p>\n<p>Quindi, cosa state aspettando? Acquistate oggi stesso il vostro cuscino da lettura perfetto e sperimentate il massimo del comfort e del sostegno.<\/p>","protected":false},"excerpt":{"rendered":"<ul>\n<li><strong>PERFETTO PER LA LETTURA A LETTO:<\/strong> Questo cuscino da lettura offre un eccellente supporto alla schiena e al collo per il massimo comfort durante la lettura e la visione della TV.<\/li>\n<li><strong>ALTERNATIVA COME TESTIERA:<\/strong> Molte persone, soprattutto studenti universitari, trovano il cuscino perfetto come testata decorativa e funzionale.<\/li>\n<li><strong>MULTIPURPOSO:<\/strong> I nostri cuscini sono disponibili in varie misure per adattarsi ai letti normali e ai daybed. Possono essere utilizzati anche come cuscini paracolpi per bambini, schienali per letti a castello e testiere per camper e roulotte.<\/li>\n<li><strong>FACILE DA LAVARE:<\/strong> I bottoni applicati non solo creano una forma dinamica del cuscino, ma rendono anche il rivestimento sfoderabile e lavabile.<\/li>\n<li><strong>MATERIALE DI ALTA QUALIT\u00c0:<\/strong> I nostri cuscini di sostegno per la schiena sono imbottiti di poliuretano ad alta densit\u00e0 per offrire un sostegno eccellente, mentre il tessuto dei cuscini a cuneo ha un effetto estetico che si adatta all'arredamento degli interni.<\/li>\n<li><strong>Dimensioni:<\/strong> 45cm (45*20*50cm | 0 bottoni); 60cm (60*20*50cm | 0 bottoni); 80cm (80*20*50cm | 2 bottoni); 100cm (100*20*50cm | 3 bottoni); 120cm (120*20*50cm | 4 bottoni); 140cm (140*20*50cm | 4 bottoni); 160cm (160*20*50cm | 5 bottoni); 180cm (180*20*50cm | 6 bottoni); 200cm (200*20*50cm | 7 bottoni).<\/li>\n<\/ul>","protected":false},"featured_media":604,"comment_status":"open","ping_status":"closed","template":"","meta":[],"product_brand":[],"product_cat":[15],"product_tag":[66,80,84,101,54,99,81,53,86,60,100],"class_list":{"0":"post-605","1":"product","2":"type-product","3":"status-publish","4":"has-post-thumbnail","6":"product_cat-pillows","7":"product_tag-back-support-pillow","8":"product_tag-bed-pillow","9":"product_tag-bumper-pillow","10":"product_tag-bunk-bed-backrest","11":"product_tag-headboard-pillow","12":"product_tag-large-back-pillow","13":"product_tag-neck-support-pillow","14":"product_tag-reading-pillow","15":"product_tag-rv-headboard","16":"product_tag-wedge-cushion","17":"product_tag-white-linen-pillow","19":"first","20":"instock","21":"shipping-taxable","22":"purchasable","23":"product-type-variable","24":"has-default-attributes"},"_links":{"self":[{"href":"https:\/\/www.livingpillow.com\/it\/wp-json\/wp\/v2\/product\/605","targetHints":{"allow":["GET"]}}],"collection":[{"href":"https:\/\/www.livingpillow.com\/it\/wp-json\/wp\/v2\/product"}],"about":[{"href":"https:\/\/www.livingpillow.com\/it\/wp-json\/wp\/v2\/types\/product"}],"replies":[{"embeddable":true,"href":"https:\/\/www.livingpillow.com\/it\/wp-json\/wp\/v2\/comments?post=605"}],"wp:featuredmedia":[{"embeddable":true,"href":"https:\/\/www.livingpillow.com\/it\/wp-json\/wp\/v2\/media\/604"}],"wp:attachment":[{"href":"https:\/\/www.livingpillow.com\/it\/wp-json\/wp\/v2\/media?parent=605"}],"wp:term":[{"taxonomy":"product_brand","embeddable":true,"href":"https:\/\/www.livingpillow.com\/it\/wp-json\/wp\/v2\/product_brand?post=605"},{"taxonomy":"product_cat","embeddable":true,"href":"https:\/\/www.livingpillow.com\/it\/wp-json\/wp\/v2\/product_cat?post=605"},{"taxonomy":"product_tag","embeddable":true,"href":"https:\/\/www.livingpillow.com\/it\/wp-json\/wp\/v2\/product_tag?post=605"}],"curies":[{"name":"wp","href":"https:\/\/api.w.org\/{rel}","templated":true}]}}