{"id":711,"date":"2024-02-23T14:24:46","date_gmt":"2024-02-23T14:24:46","guid":{"rendered":"https:\/\/www.livingpillow.com\/product\/big-pillow-for-bed-headboard"},"modified":"2026-03-11T05:10:18","modified_gmt":"2026-03-11T05:10:18","slug":"cuscino-grande-per-testiera-del-letto-grande-cuscino-di-lino-nero","status":"publish","type":"product","link":"https:\/\/www.livingpillow.com\/it\/product\/big-pillow-for-bed-headboard-large-cushion-linen-black","title":{"rendered":"Cuscino grande per testata del letto Cuscino grande nero"},"content":{"rendered":"<p>Vi presentiamo l'indispensabile cuscino a cuneo multiuso di cui la vostra casa ha bisogno!<\/p>\n<p>Siete alla ricerca di un cuscino comodo e funzionale che vi offra il massimo sostegno e comfort durante attivit\u00e0 come la lettura e la visione della TV? Non cercate altro che questo cuscino a cuneo multiuso! <\/p>\n<p>Questo cuscino \u00e8 stato progettato per offrire un supporto superiore alla schiena e al collo, rendendolo l'accessorio perfetto per chi ama leggere o guardare la TV a letto. \u00c8 stato progettato per migliorare il livello di comfort, evitando di affaticare la schiena e il collo mentre si \u00e8 seduti. <\/p>\n<p>Il cuscino \u00e8 anche una soluzione ideale per gli studenti universitari che necessitano di un accessorio versatile che possa fungere da testiera funzionale e decorativa. Con il suo design elegante, questo cuscino \u00e8 il modo perfetto per abbellire qualsiasi stanza, fornendo al contempo un sostegno eccezionale a chi ne ha bisogno. <\/p>\n<p>E non \u00e8 tutto! Questo cuscino a cuneo \u00e8 disponibile in diverse dimensioni, il che lo rende un accessorio eccezionale a tutto tondo. Da cuscino paracolpi per bambini a schienale per letti a castello, il potenziale di questo cuscino \u00e8 illimitato. Pu\u00f2 persino fungere da testiera per camper e roulotte. <\/p>\n<p>Una delle caratteristiche principali di questo cuscino a cuneo \u00e8 il suo design facile da lavare. Grazie alla predisposizione di un bottone, la fodera pu\u00f2 essere facilmente rimossa e lavata per evitare sporco e sporcizia indesiderati.<\/p>\n<p>Il cuscino a cuneo \u00e8 riempito di poliuretano ad alta densit\u00e0, che offre un sostegno eccezionale alla schiena. Aggiunge un tocco di stile in pi\u00f9 al vostro arredamento.<\/p>\n<p>In sintesi, il cuscino a cuneo multiuso \u00e8 un bene essenziale di cui ogni casa ha bisogno. Offre un sostegno e un comfort superiori, rendendolo perfetto per attivit\u00e0 come la lettura e la visione della TV. Grazie al suo design versatile, serve a pi\u00f9 scopi ed \u00e8 disponibile in varie dimensioni, per garantire che si adatti a qualsiasi esigenza. Grazie al design facile da lavare, questo cuscino diventer\u00e0 sicuramente il vostro accessorio preferito negli anni a venire. <\/p>\n<p>Se non siete ancora convinti, date un'occhiata alla sezione dei commenti sul prodotto! I nostri clienti non ne hanno mai abbastanza di questo prodotto. Quindi, non aspettate oltre e acquistate oggi stesso il vostro cuscino a cuneo multiuso!<\/p>","protected":false},"excerpt":{"rendered":"<ul>\n<li><strong>Perfetto per la lettura a letto:<\/strong> Questo cuscino offre un sostegno superiore alla schiena e al collo, migliorando il comfort durante la lettura e la visione della TV.<\/li>\n<li><strong>Alternativa alla testata:<\/strong> Soluzione ideale per gli studenti universitari, questo cuscino versatile ha una funzione decorativa e funzionale come testiera.<\/li>\n<li><strong>Uso multiuso:<\/strong> Disponibile in varie misure, tra cui una king size che si trasforma perfettamente in un divano letto da giorno. Funge anche da cuscino paracolpi per bambini, da schienale per letti a castello e da testata per camper\/rimorchi.<\/li>\n<li><strong>Facile da lavare:<\/strong> Il design \u00e8 caratterizzato da bottoni applicati per un'estetica accattivante e da un facile distacco del coperchio per il lavaggio.<\/li>\n<li><strong>Materiale di alta qualit\u00e0:<\/strong> Riempito con poliuretano ad alta densit\u00e0 per un sostegno eccezionale della schiena, il tessuto del cuscino a cuneo valorizza l'arredamento.<\/li>\n<li><strong>Dimensioni:<\/strong> 45cm (45*20*50cm | 0 bottoni); 60cm (60*20*50cm | 0 bottoni); 80cm (80*20*50cm | 2 bottoni); 100cm (100*20*50cm | 3 bottoni); 120cm (120*20*50cm | 4 bottoni); 140cm (140*20*50cm | 4 bottoni); 160cm (160*20*50cm | 5 bottoni); 180cm (180*20*50cm | 6 bottoni); 200cm (200*20*50cm | 7 bottoni).<\/li>\n<\/ul>","protected":false},"featured_media":710,"comment_status":"open","ping_status":"closed","template":"","meta":[],"product_brand":[],"product_cat":[15],"product_tag":[75,61,88,84,70,89,57,90,58,69],"class_list":{"0":"post-711","1":"product","2":"type-product","3":"status-publish","4":"has-post-thumbnail","6":"product_cat-pillows","7":"product_tag-bed-headboard","8":"product_tag-big-bed-pillow","9":"product_tag-big-pillow","10":"product_tag-bumper-pillow","11":"product_tag-bunk-bed-pillow","12":"product_tag-daybed-couch","13":"product_tag-headboard-cushion","14":"product_tag-king-size-pillow","15":"product_tag-linen-pillow","16":"product_tag-wedge-pillow","18":"first","19":"instock","20":"shipping-taxable","21":"purchasable","22":"product-type-variable","23":"has-default-attributes"},"_links":{"self":[{"href":"https:\/\/www.livingpillow.com\/it\/wp-json\/wp\/v2\/product\/711","targetHints":{"allow":["GET"]}}],"collection":[{"href":"https:\/\/www.livingpillow.com\/it\/wp-json\/wp\/v2\/product"}],"about":[{"href":"https:\/\/www.livingpillow.com\/it\/wp-json\/wp\/v2\/types\/product"}],"replies":[{"embeddable":true,"href":"https:\/\/www.livingpillow.com\/it\/wp-json\/wp\/v2\/comments?post=711"}],"wp:featuredmedia":[{"embeddable":true,"href":"https:\/\/www.livingpillow.com\/it\/wp-json\/wp\/v2\/media\/710"}],"wp:attachment":[{"href":"https:\/\/www.livingpillow.com\/it\/wp-json\/wp\/v2\/media?parent=711"}],"wp:term":[{"taxonomy":"product_brand","embeddable":true,"href":"https:\/\/www.livingpillow.com\/it\/wp-json\/wp\/v2\/product_brand?post=711"},{"taxonomy":"product_cat","embeddable":true,"href":"https:\/\/www.livingpillow.com\/it\/wp-json\/wp\/v2\/product_cat?post=711"},{"taxonomy":"product_tag","embeddable":true,"href":"https:\/\/www.livingpillow.com\/it\/wp-json\/wp\/v2\/product_tag?post=711"}],"curies":[{"name":"wp","href":"https:\/\/api.w.org\/{rel}","templated":true}]}}