{"id":736,"date":"2024-02-23T14:54:47","date_gmt":"2024-02-23T14:54:47","guid":{"rendered":"https:\/\/www.livingpillow.com\/product\/headboard-pillow-wedge"},"modified":"2026-03-11T05:10:17","modified_gmt":"2026-03-11T05:10:17","slug":"cuscino-decorativo-per-testiera-grande-cuscino-a-cuneo-lino-viola","status":"publish","type":"product","link":"https:\/\/www.livingpillow.com\/it\/product\/headboard-decorative-pillow-big-wedge-cushion-linen-purple","title":{"rendered":"Cuscino decorativo per testiera Cuscino a cuneo grande viola"},"content":{"rendered":"<p>Vi presentiamo il compagno di lettura perfetto: un cuscino di sostegno per la schiena di alta qualit\u00e0, perfetto per leggere a letto e guardare la TV. Non solo fornisce un eccellente sostegno alla schiena e al collo per il massimo comfort, ma funge anche da testiera alternativa, rendendolo sia decorativo che funzionale.<\/p>\n<p>Realizzato in misto poliestere, questo cuscino di sostegno per la schiena ha un ottimo effetto visivo che si adatta all'arredamento degli interni. L'imbottitura in poliuretano ad alta densit\u00e0 garantisce un eccellente sostegno alla schiena.<\/p>\n<p>Questo cuscino multifunzionale \u00e8 disponibile in tutte le misure e si adatta a letti per bambini, letti a castello, camper\/rimorchi e letti normali. Se avete problemi a dormire o vi svegliate con il torcicollo, questo cuscino pu\u00f2 anche fornire un eccellente supporto per la testa e il collo.<\/p>\n<p>Inoltre, i bottoni attaccati non solo creano una forma pi\u00f9 dinamica del cuscino, ma rendono la fodera staccabile e lavabile, facilitando la pulizia e la manutenzione.<\/p>\n<p>I nostri clienti soddisfatti sono entusiasti di questo cuscino e un cliente ha dichiarato: \u201c\u00c8 il miglior cuscino a triangolo che abbia mai posseduto! Il cuscino \u00e8 morbidissimo e confortevole, e il colore \u00e8 bellissimo\u201d.\u201d<\/p>\n<p>Il cuscino \u00e8 disponibile in diverse misure, tra cui 45 cm, 60 cm, 80 cm, 100 cm, 120 cm, 140 cm, 160 cm, 180 cm e 200 cm, in modo da poter scegliere la dimensione perfetta per il vostro letto e le vostre esigenze.<\/p>\n<p>Investite oggi stesso in questo cuscino di sostegno per la schiena di alta qualit\u00e0 e godetevi il massimo del comfort e del relax mentre leggete o guardate la TV a letto.<\/p>","protected":false},"excerpt":{"rendered":"<ul>\n<li><strong>PERFETTO PER LA LETTURA A LETTO:<\/strong> Questo cuscino da lettura offre un eccellente supporto alla schiena e al collo per il massimo comfort durante la lettura e la visione della TV.<\/li>\n<li><strong>ALTERNATIVA COME TESTIERA:<\/strong> Molte persone, soprattutto studenti universitari, trovano il cuscino perfetto come testiera: sia decorativo che funzionale.<\/li>\n<li><strong>MULTIPURPOSO:<\/strong> Offriamo cuscini per letti normali di tutte le dimensioni; gli usi comprendono cuscini paracolpi per bambini, schienali per letti a castello e testate per camper\/rimorchi.<\/li>\n<li><strong>FACILE DA LAVARE:<\/strong> I bottoni applicati non solo creano una forma pi\u00f9 dinamica del cuscino, ma rendono anche la fodera staccabile e lavabile.<\/li>\n<li><strong>MATERIALE DI ALTA QUALIT\u00c0:<\/strong> Il cuscino di sostegno per la schiena \u00e8 imbottito con poliuretano ad alta densit\u00e0, che fornisce un eccellente sostegno alla schiena. Il tessuto dei cuscini a cuneo ha un ottimo effetto visivo per adattarsi all'arredamento degli interni.<\/li>\n<li><strong>Dimensioni:<\/strong> 45cm (45*20*50cm | 0 bottoni); 60cm (60*20*50cm | 0 bottoni); 80cm (80*20*50cm | 2 bottoni); 100cm (100*20*50cm | 3 bottoni); 120cm (120*20*50cm | 4 bottoni); 140cm (140*20*50cm | 4 bottoni); 160cm (160*20*50cm | 5 bottoni); 180cm (180*20*50cm | 6 bottoni); 200cm (200*20*50cm | 7 bottoni).<\/li>\n<\/ul>","protected":false},"featured_media":735,"comment_status":"open","ping_status":"closed","template":"","meta":[],"product_brand":[],"product_cat":[15],"product_tag":[83,82,84,85,65,54,58,86,87,60],"class_list":{"0":"post-736","1":"product","2":"type-product","3":"status-publish","4":"has-post-thumbnail","6":"product_cat-pillows","7":"product_tag-alternative-headboard","8":"product_tag-big-wedge-cushion","9":"product_tag-bumper-pillow","10":"product_tag-bunk-bed-backrests","11":"product_tag-decorative-pillow","12":"product_tag-headboard-pillow","13":"product_tag-linen-pillow","14":"product_tag-rv-headboard","15":"product_tag-trailer-headboard","16":"product_tag-wedge-cushion","18":"first","19":"instock","20":"shipping-taxable","21":"purchasable","22":"product-type-variable","23":"has-default-attributes"},"_links":{"self":[{"href":"https:\/\/www.livingpillow.com\/it\/wp-json\/wp\/v2\/product\/736","targetHints":{"allow":["GET"]}}],"collection":[{"href":"https:\/\/www.livingpillow.com\/it\/wp-json\/wp\/v2\/product"}],"about":[{"href":"https:\/\/www.livingpillow.com\/it\/wp-json\/wp\/v2\/types\/product"}],"replies":[{"embeddable":true,"href":"https:\/\/www.livingpillow.com\/it\/wp-json\/wp\/v2\/comments?post=736"}],"wp:featuredmedia":[{"embeddable":true,"href":"https:\/\/www.livingpillow.com\/it\/wp-json\/wp\/v2\/media\/735"}],"wp:attachment":[{"href":"https:\/\/www.livingpillow.com\/it\/wp-json\/wp\/v2\/media?parent=736"}],"wp:term":[{"taxonomy":"product_brand","embeddable":true,"href":"https:\/\/www.livingpillow.com\/it\/wp-json\/wp\/v2\/product_brand?post=736"},{"taxonomy":"product_cat","embeddable":true,"href":"https:\/\/www.livingpillow.com\/it\/wp-json\/wp\/v2\/product_cat?post=736"},{"taxonomy":"product_tag","embeddable":true,"href":"https:\/\/www.livingpillow.com\/it\/wp-json\/wp\/v2\/product_tag?post=736"}],"curies":[{"name":"wp","href":"https:\/\/api.w.org\/{rel}","templated":true}]}}