{"id":786,"date":"2024-02-23T23:54:47","date_gmt":"2024-02-23T23:54:47","guid":{"rendered":"https:\/\/www.livingpillow.com\/product\/large-wedge-bolster-pillow"},"modified":"2026-03-03T01:25:49","modified_gmt":"2026-03-03T01:25:49","slug":"cuscino-a-cuneo-per-testiera-cuscino-in-velluto-bordeaux","status":"publish","type":"product","link":"https:\/\/www.livingpillow.com\/it\/product\/wedge-bolster-pillow-headboard-cushion-velvet-burgundy","title":{"rendered":"Cuscino bolster a cuneo Cuscino per testiera in velluto bordeaux"},"content":{"rendered":"<p>Il cuscino bolster Wedge Cuscino per testiera in velluto borgogna<\/p>\n<p>Siete stanchi di utilizzare pi\u00f9 cuscini per sorreggervi mentre leggete o guardate la TV a letto? Volete una testiera comoda ed elegante per il vostro letto, senza spendere troppo? Non cercate oltre il cuscino Wedge Bolster Pillow Headboard Cushion Velvet Burgundy.<\/p>\n<p>Questo cuscino da lettura offre un eccezionale sostegno alla schiena e al collo, rendendolo l'accessorio perfetto per chi ama rilassarsi a letto. \u00c8 versatile come testata del letto e pu\u00f2 essere utilizzato sia come complemento decorativo che pratico in qualsiasi camera da letto. Inoltre, \u00e8 disponibile in varie misure per adattarsi a letti standard, daybed, letti a castello e letti tradizionali.<\/p>\n<p>L'imbottitura in poliuretano ad alta densit\u00e0 garantisce un sostegno superiore alla schiena, mentre l'accattivante tessuto in velluto (100% Poliestere) si adatta a qualsiasi arredamento. I bottoni applicati non solo esaltano la forma del cuscino, ma consentono anche di rimuovere e lavare facilmente la fodera, per mantenerla pulita e fresca.<\/p>\n<p>Ma non fidatevi solo della nostra parola. Ecco alcuni dei commenti dei clienti soddisfatti:<\/p>\n<p>- \"Adoro questo cuscino! \u00c8 cos\u00ec comodo e il colore bordeaux aggiunge un tocco di eleganza alla mia camera da letto\".<\/p>\n<p>-Wedge Bolster Pillow Headboard Cushion Velvet Burgundy \u00e8 cos\u00ec versatile. Lo uso come schienale per leggere, come testiera per dormire e persino come cuscino per rilassarmi sul mio lettino\".<\/p>\n<p>-Il tessuto di velluto \u00e8 cos\u00ec morbido e lussuoso. Mi sembra di dormire in un hotel a cinque stelle!\".<\/p>\n<p>Perch\u00e9 aspettare? Investite oggi stesso nel cuscino Wedge Bolster Pillow Headboard Cushion Velvet Burgundy e aggiungete comfort e stile alla vostra camera da letto.<\/p>","protected":false},"excerpt":{"rendered":"<ul>\n<li>IDEALE PER LA LETTURA A LETTO: Questo cuscino da lettura offre un supporto eccezionale per la schiena e il collo, per il massimo comfort durante la lettura e la visione della TV.<\/li>\n<li>VERSATILE COME TESTATA: molte persone, in particolare gli studenti universitari, apprezzano la doppia funzionalit\u00e0 del cuscino come testata decorativa e pratica.<\/li>\n<li>MULTIFUNZIONALE: disponibile in varie misure per letti standard, la misura grande si adatta perfettamente a un daybed e funge da divano. Pu\u00f2 essere utilizzato anche come schienale per i letti a castello e come testiera per i letti tradizionali.<\/li>\n<li>FACILE DA PULIRE: i bottoni attaccati non solo esaltano la forma del cuscino, ma consentono anche di rimuovere e lavare facilmente la fodera.<\/li>\n<li>MATERIALI DI PRIMA QUALIT\u00c0: Riempiti con poliuretano ad alta densit\u00e0 per un sostegno superiore della schiena, i cuscini a cuneo sono caratterizzati da un tessuto in velluto (100% Poliestere) di grande impatto visivo, che si adatta a qualsiasi arredamento.<\/li>\n<li>Tessuto: Velluto (poliestere 100%).<\/li>\n<li>Dimensioni: 45 cm (45*20*50 cm | 0 bottoni); 60 cm (60*20*50 cm | 0 bottoni); 80 cm (80*20*50 cm | 2 bottoni); 100 cm (100*20*50 cm | 3 bottoni); 120 cm (120*20*50 cm | 4 bottoni); 140 cm (140*20*50 cm | 4 bottoni); 160 cm (160*20*50 cm | 5 bottoni); 180 cm (180*20*50 cm | 6 bottoni); 200 cm (200*20*50 cm | 7 bottoni).<\/li>\n<\/ul>","protected":false},"featured_media":785,"comment_status":"open","ping_status":"closed","template":"","meta":[],"product_brand":[],"product_cat":[15],"product_tag":[63,72,70,71,74,65,57,54,73,55,56,69],"class_list":{"0":"post-786","1":"product","2":"type-product","3":"status-publish","4":"has-post-thumbnail","6":"product_cat-pillows","7":"product_tag-backrest-pillow","8":"product_tag-bed-pillows","9":"product_tag-bunk-bed-pillow","10":"product_tag-burgundy-pillow","11":"product_tag-daybed-pillow","12":"product_tag-decorative-pillow","13":"product_tag-headboard-cushion","14":"product_tag-headboard-pillow","15":"product_tag-sofa-pillow","16":"product_tag-velvet-pillow","17":"product_tag-wedge-bolster-pillow","18":"product_tag-wedge-pillow","20":"first","21":"instock","22":"featured","23":"shipping-taxable","24":"purchasable","25":"product-type-variable","26":"has-default-attributes"},"_links":{"self":[{"href":"https:\/\/www.livingpillow.com\/it\/wp-json\/wp\/v2\/product\/786","targetHints":{"allow":["GET"]}}],"collection":[{"href":"https:\/\/www.livingpillow.com\/it\/wp-json\/wp\/v2\/product"}],"about":[{"href":"https:\/\/www.livingpillow.com\/it\/wp-json\/wp\/v2\/types\/product"}],"replies":[{"embeddable":true,"href":"https:\/\/www.livingpillow.com\/it\/wp-json\/wp\/v2\/comments?post=786"}],"wp:featuredmedia":[{"embeddable":true,"href":"https:\/\/www.livingpillow.com\/it\/wp-json\/wp\/v2\/media\/785"}],"wp:attachment":[{"href":"https:\/\/www.livingpillow.com\/it\/wp-json\/wp\/v2\/media?parent=786"}],"wp:term":[{"taxonomy":"product_brand","embeddable":true,"href":"https:\/\/www.livingpillow.com\/it\/wp-json\/wp\/v2\/product_brand?post=786"},{"taxonomy":"product_cat","embeddable":true,"href":"https:\/\/www.livingpillow.com\/it\/wp-json\/wp\/v2\/product_cat?post=786"},{"taxonomy":"product_tag","embeddable":true,"href":"https:\/\/www.livingpillow.com\/it\/wp-json\/wp\/v2\/product_tag?post=786"}],"curies":[{"name":"wp","href":"https:\/\/api.w.org\/{rel}","templated":true}]}}