{"id":154,"date":"2024-02-22T08:46:59","date_gmt":"2024-02-22T08:46:59","guid":{"rendered":"https:\/\/www.livingpillow.com\/product\/large-triangle-pillow-wedge"},"modified":"2026-03-11T05:10:22","modified_gmt":"2026-03-11T05:10:22","slug":"large-triangle-pillow-wedge-bed-reading-cushion-linen-yellow","status":"publish","type":"product","link":"https:\/\/www.livingpillow.com\/lt\/product\/large-triangle-pillow-wedge-bed-reading-cushion-linen-yellow","title":{"rendered":"Didel\u0117 trikamp\u0117 pagalv\u0117, plei\u0161to formos, geltona skaitymo pagalv\u0117l\u0117"},"content":{"rendered":"<p>Upgrade Your Relaxation with the Large Triangle Pillow Wedge<\/p>\n<p>Finding the perfect reading or TV viewing position can be a challenge without adequate back and neck support. Enter the Large Triangle Pillow Wedge &#8211; an elegantly designed and versatile cushion that takes relaxation to new heights.  <\/p>\n<p>Crafted from high-density polyurethane filling encased in a removable cover, this wedge-shaped pillow conforms nicely to your body contours. The gradual slope helps maintain proper spinal alignment whether sitting up in bed, lounging on the couch, or propping up against a wall. No more slouching, straining, or waking up with a stiff neck!<\/p>\n<p>Customers rave about the cushion&#8217;s functionality and aesthetics:<\/p>\n<p>&#8220;I love using this sturdy wedge pillow to read books and iPad in bed. My posture is so much better and I don&#8217;t get as sore.&#8221;<\/p>\n<p>&#8220;This huge pillow is perfect for my daughter&#8217;s bunk bed. She uses it as a backrest and no longer has to sit hunched over.&#8221; <\/p>\n<p>&#8220;I got the large size for my motorhome. It gives great lumbar support and the cover matches my d\u00e9cor perfectly.&#8221;<\/p>\n<p>With its multipurpose design, superior comfort, and modern style, the Large Triangle Pillow Wedge makes an ideal addition to any bedroom or living space. Available in a range of sizes to suit standard beds, daybeds, RVs, dorm rooms, and more. The cover is machine washable for easy care. <\/p>\n<p>Elevate your relaxation game and order your own triangle pillow wedge today!<\/p>","protected":false},"excerpt":{"rendered":"<ul>\n<li><strong>Ideal for bed reading:<\/strong> Provides exceptional support for your back and neck, ensuring maximum comfort while reading or watching TV.<\/li>\n<li><strong>Versatile as a headboard:<\/strong> Perfect for those, such as college students, who seek both style and functionality in a headboard.<\/li>\n<li><strong>Multipurpose uses:<\/strong> Available in various sizes to fit standard beds, as well as daybeds and RVs\/trailers. Can also serve as a bumper pillow for children or a backrest for bunk beds.<\/li>\n<li><strong>Easy maintenance:<\/strong> The removable cover, secured by buttons, simplifies washing.<\/li>\n<li><strong>Premium materials:<\/strong> High-density polyurethane filling ensures excellent back support, while the visually appealing fabric complements any d\u00e9cor.<\/li>\n<li><strong>Dydis:<\/strong> 100 cm (I 100 x P 26 x A 55 | 3 stulpeli\u0173 mygtukai), 120 cm (I 120 x P 26 x A 55 | 4 stulpeli\u0173 mygtukai), 140 cm (I 140 x P 26 x A 55 | 4 stulpeli\u0173 mygtukai), 160 cm (I 160 x P 26 x A 55 | 5 stulpeli\u0173 mygtukai), 180 cm (I 180 x P 26 x A 55 | 6 stulpeli\u0173 mygtukai), 200 cm (I 200 x P 26 x A 55 | 7 stulpeli\u0173 mygtukai).<\/li>\n<\/ul>","protected":false},"featured_media":153,"comment_status":"open","ping_status":"closed","template":"","meta":[],"product_brand":[],"product_cat":[15],"product_tag":[97,76,58,111,145,148,147,146,149,150],"class_list":{"0":"post-154","1":"product","2":"type-product","3":"status-publish","4":"has-post-thumbnail","6":"product_cat-pillows","7":"product_tag-functional-headboard","8":"product_tag-linen-headboard","9":"product_tag-linen-pillow","10":"product_tag-reading-cushion","11":"product_tag-triangle-pillow","12":"product_tag-wedge-bed-bolster","13":"product_tag-wedge-bed-cushion","14":"product_tag-wedge-bed-pillow","15":"product_tag-yellow-bed-pillow","16":"product_tag-yellow-pillow","18":"first","19":"instock","20":"shipping-taxable","21":"purchasable","22":"product-type-variable","23":"has-default-attributes"},"_links":{"self":[{"href":"https:\/\/www.livingpillow.com\/lt\/wp-json\/wp\/v2\/product\/154","targetHints":{"allow":["GET"]}}],"collection":[{"href":"https:\/\/www.livingpillow.com\/lt\/wp-json\/wp\/v2\/product"}],"about":[{"href":"https:\/\/www.livingpillow.com\/lt\/wp-json\/wp\/v2\/types\/product"}],"replies":[{"embeddable":true,"href":"https:\/\/www.livingpillow.com\/lt\/wp-json\/wp\/v2\/comments?post=154"}],"wp:featuredmedia":[{"embeddable":true,"href":"https:\/\/www.livingpillow.com\/lt\/wp-json\/wp\/v2\/media\/153"}],"wp:attachment":[{"href":"https:\/\/www.livingpillow.com\/lt\/wp-json\/wp\/v2\/media?parent=154"}],"wp:term":[{"taxonomy":"product_brand","embeddable":true,"href":"https:\/\/www.livingpillow.com\/lt\/wp-json\/wp\/v2\/product_brand?post=154"},{"taxonomy":"product_cat","embeddable":true,"href":"https:\/\/www.livingpillow.com\/lt\/wp-json\/wp\/v2\/product_cat?post=154"},{"taxonomy":"product_tag","embeddable":true,"href":"https:\/\/www.livingpillow.com\/lt\/wp-json\/wp\/v2\/product_tag?post=154"}],"curies":[{"name":"wp","href":"https:\/\/api.w.org\/{rel}","templated":true}]}}