{"id":175,"date":"2024-02-22T08:53:01","date_gmt":"2024-02-22T08:53:01","guid":{"rendered":"https:\/\/www.livingpillow.com\/product\/large-headboard-cushion"},"modified":"2026-03-11T05:10:22","modified_gmt":"2026-03-11T05:10:22","slug":"didele-galvugalio-pagalvele-pleisto-formos-pilka-linine-pagalve","status":"publish","type":"product","link":"https:\/\/www.livingpillow.com\/lt\/product\/large-headboard-cushion-wedge-pillow-linen-grey","title":{"rendered":"Didel\u0117 galv\u016bgalio pagalv\u0117l\u0117 su plei\u0161to formos pagalve, pilka"},"content":{"rendered":"<p><strong>Pagerinkite savo naktin\u012f komfort\u0105 su didele pilka plei\u0161to formos galv\u016bgalio pagalv\u0117le<\/strong><\/p>\n<p>M\u0117gaukit\u0117s did\u017eiausiu komfortu ir atrama skaitydami, \u017ei\u016br\u0117dami televizori\u0173 ar tiesiog ils\u0117damiesi lovoje su m\u016bs\u0173 didele pilka plei\u0161to formos galv\u016bgalio pagalv\u0117le.<\/p>\n<p><strong>Pagerinkite savo skaitymo ir televizijos \u017ei\u016br\u0117jimo patirt\u012f<\/strong><\/p>\n<p>\u0160i pagalv\u0117 suteikia optimali\u0105 atram\u0105 j\u016bs\u0173 nugarai ir kaklui, pakeldama j\u016bs\u0173 atsipalaidavim\u0105 \u012f visi\u0161kai nauj\u0105 lyg\u012f. Atsisveikinkite su kaklo \u012ftempimu ir nugaros skausmais, pasinerdami \u012f m\u0117gstamas knygas ar \u017ei\u016br\u0117dami m\u0117gstamus serialus.<\/p>\n<p><strong>Universalus galv\u016bgalio variantas<\/strong><\/p>\n<p>Nesvarbu, ar esate studentas, gyvenantis bendrabu\u010dio kambaryje, ar ie\u0161kote dekoratyvaus ir funkcionalaus miegojimo vietos atnaujinimo, \u0161i pagalv\u0117 yra idealus sprendimas. Jos galv\u016bgal\u012f primenantis dizainas suteikia stiliaus ir i\u0161skirtinio komforto.<\/p>\n<p><strong>Daugiafunkcinis funkcionalumas<\/strong><\/p>\n<p>Didel\u0117 galv\u016bgalio pagalv\u0117l\u0117 su plei\u0161to formos apdaila yra ne\u012ftik\u0117tinai universali. \u012evair\u016bs jos dyd\u017eiai tinka vis\u0173 dyd\u017ei\u0173 lovoms, \u012fskaitant ku\u0161etes, kur ji puikiai veikia kaip sofa. Ji taip pat gali b\u016bti naudojama kaip vaik\u0173 pagalv\u0117l\u0117, dviauk\u0161t\u0117s lovos atlo\u0161as ir namelio ant rat\u0173 bei priekab\u0173 galv\u016bgalis.<\/p>\n<p><strong>Lengva prie\u017ei\u016bra ir auk\u0161\u010diausia kokyb\u0117<\/strong><\/p>\n<p>Pagalv\u0117 turi nuimamas sagas, kad b\u016bt\u0173 dinami\u0161ka forma ir lengvai skalbiama. Didelio tankio poliuretano u\u017epildas suteikia puiki\u0105 nugaros atram\u0105, o vizualiai patrauklus audinys papildo bet kok\u012f interjer\u0105.<\/p>\n<p><strong>Klient\u0173 atsiliepimai<\/strong><\/p>\n<p>M\u016bs\u0173 klientai gyr\u0117 \u0161\u012f produkt\u0105:<\/p>\n<p>* \u201c\u0160i pagalv\u0117 tokia patogi skaityti lovoje. Ji puikiai palaiko mano nugar\u0105 ir kakl\u0105.\u201d \u2013 Sarah J.<br \/>\n* \u201cMan patinka, kad j\u012f galima naudoti ir kaip lovos galv\u016bgal\u012f, ir kaip pagalv\u0119 skaitymui. J\u012f taip pat labai lengva skalbti.\u201d \u2013 Emily P.<\/p>\n<p>Pakeiskite savo miegojimo rutin\u0105 su m\u016bs\u0173 didele pilka plei\u0161to formos galv\u016bgalio pagalv\u0117le. Jos universalumas, patogumas ir stilius pagerins j\u016bs\u0173 atsipalaidavim\u0105 ir sukurs jauki\u0105 oaz\u0119 miegui ir poilsiui.<\/p>","protected":false},"excerpt":{"rendered":"<ul>\n<li><strong>Optimalus skaitymui lovoje:<\/strong>\u00a0Suteikia puiki\u0105 atram\u0105 nugarai ir kaklui, padidindamas komfort\u0105 skaitant ir \u017ei\u016brint televizori\u0173.<\/li>\n<li><strong>Funkcin\u0117 galv\u016bgalio alternatyva:<\/strong>\u00a0Idealiai tinka studentams ir kitiems, atliekantis tiek dekoratyvinius, tiek funkcinius tikslus.<\/li>\n<li><strong>Universalus naudojimas:<\/strong>\u00a0Galima rinktis i\u0161 vis\u0173 dyd\u017ei\u0173 lov\u0173. Karali\u0161ko dyd\u017eio lova puikiai dera su ku\u0161ete ir gali b\u016bti naudojama kaip sofa. Taip pat gali b\u016bti naudojama kaip pagalv\u0117 vaikams, atlo\u0161as dviauk\u0161t\u0117ms lovoms ir galv\u016bgalis nameliams ant rat\u0173 \/ priekaboms.<\/li>\n<li><strong>Plaunamas dizainas:<\/strong>\u00a0Su nuimamomis sagomis, kad b\u016bt\u0173 dinami\u0161ka forma ir lengva skalbti.<\/li>\n<li><strong>Auk\u0161\u010diausios kokyb\u0117s med\u017eiaga:<\/strong>\u00a0U\u017epildyta didelio tankio poliuretanu, kad b\u016bt\u0173 u\u017etikrintas puikus nugaros atramos u\u017etikrinimas, ir vizualiai patraukliu audiniu, kuris papildys j\u016bs\u0173 interjer\u0105.<\/li>\n<li><strong>Dydis:<\/strong> 100 cm (I 100 x P 26 x A 55 | 3 stulpeli\u0173 mygtukai), 120 cm (I 120 x P 26 x A 55 | 4 stulpeli\u0173 mygtukai), 140 cm (I 140 x P 26 x A 55 | 4 stulpeli\u0173 mygtukai), 160 cm (I 160 x P 26 x A 55 | 5 stulpeli\u0173 mygtukai), 180 cm (I 180 x P 26 x A 55 | 6 stulpeli\u0173 mygtukai), 200 cm (I 200 x P 26 x A 55 | 7 stulpeli\u0173 mygtukai).<\/li>\n<\/ul>","protected":false},"featured_media":174,"comment_status":"open","ping_status":"closed","template":"","meta":[],"product_brand":[],"product_cat":[15],"product_tag":[66,63,84,68,144,97,143,81,87,94],"class_list":{"0":"post-175","1":"product","2":"type-product","3":"status-publish","4":"has-post-thumbnail","6":"product_cat-pillows","7":"product_tag-back-support-pillow","8":"product_tag-backrest-pillow","9":"product_tag-bumper-pillow","10":"product_tag-college-student-pillow","11":"product_tag-cushion-wedge-pillow","12":"product_tag-functional-headboard","13":"product_tag-large-headboard","14":"product_tag-neck-support-pillow","15":"product_tag-trailer-headboard","16":"product_tag-tv-pillow","18":"first","19":"instock","20":"featured","21":"shipping-taxable","22":"purchasable","23":"product-type-variable","24":"has-default-attributes"},"_links":{"self":[{"href":"https:\/\/www.livingpillow.com\/lt\/wp-json\/wp\/v2\/product\/175","targetHints":{"allow":["GET"]}}],"collection":[{"href":"https:\/\/www.livingpillow.com\/lt\/wp-json\/wp\/v2\/product"}],"about":[{"href":"https:\/\/www.livingpillow.com\/lt\/wp-json\/wp\/v2\/types\/product"}],"replies":[{"embeddable":true,"href":"https:\/\/www.livingpillow.com\/lt\/wp-json\/wp\/v2\/comments?post=175"}],"wp:featuredmedia":[{"embeddable":true,"href":"https:\/\/www.livingpillow.com\/lt\/wp-json\/wp\/v2\/media\/174"}],"wp:attachment":[{"href":"https:\/\/www.livingpillow.com\/lt\/wp-json\/wp\/v2\/media?parent=175"}],"wp:term":[{"taxonomy":"product_brand","embeddable":true,"href":"https:\/\/www.livingpillow.com\/lt\/wp-json\/wp\/v2\/product_brand?post=175"},{"taxonomy":"product_cat","embeddable":true,"href":"https:\/\/www.livingpillow.com\/lt\/wp-json\/wp\/v2\/product_cat?post=175"},{"taxonomy":"product_tag","embeddable":true,"href":"https:\/\/www.livingpillow.com\/lt\/wp-json\/wp\/v2\/product_tag?post=175"}],"curies":[{"name":"wp","href":"https:\/\/api.w.org\/{rel}","templated":true}]}}