{"id":576,"date":"2024-02-23T09:26:09","date_gmt":"2024-02-23T09:26:09","guid":{"rendered":"https:\/\/www.livingpillow.com\/product\/large-back-support-pillow"},"modified":"2026-03-03T01:22:42","modified_gmt":"2026-03-03T01:22:42","slug":"didele-nugaros-atramos-pagalve-pleisto-formos-galvugalio-pagalvele-aksomine-zydra","status":"publish","type":"product","link":"https:\/\/www.livingpillow.com\/lt\/product\/big-back-support-pillow-wedge-headboard-cushion-velvet-cyan","title":{"rendered":"Didel\u0117 nugaros atramos pagalv\u0117, plei\u0161to formos galv\u016bgalio pagalv\u0117l\u0117, aksomin\u0117, \u017eydra"},"content":{"rendered":"<p><strong>M\u0117gaukit\u0117s komfortu ir stiliumi su m\u016bs\u0173 universalia skaitymo pagalve<\/strong><\/p>\n<p>Ar pavargote nuo kaklo ar nugaros \u012ftampos skaitant lovoje? Pristatome i\u0161skirtin\u0119 skaitymo pagalv\u0119, sukurt\u0105 suteikti neprilygstam\u0105 atram\u0105 ir komfort\u0105 visai j\u016bs\u0173 veiklai prie\u0161 mieg\u0105.<\/p>\n<p><strong>Puikiai tinka skaitymui ir ne tik<\/strong><\/p>\n<p>Nesvarbu, ar esate knyg\u0173 myl\u0117tojas, ar aistringas televizoriaus \u017ei\u016brovas, m\u016bs\u0173 pagalv\u0117 turi ideal\u0173 atlo\u0161\u0105, kuris pavers j\u016bs\u0173 skaitym\u0105 ar \u017ei\u016br\u0117jim\u0105 lengvu poj\u016b\u010diu. Ji suteikia puiki\u0105 nugaros ir kaklo atram\u0105, u\u017etikrindama, kad jaustum\u0117t\u0117s patogiai ir atsipalaidav\u0119 valand\u0173 valandas.<\/p>\n<p><strong>Universalus ir funkcionalus<\/strong><\/p>\n<p>Be pagrindin\u0117s funkcijos, \u0161i universali pagalv\u0117 taip pat tarnauja kaip stilingas ir funkcionalus lovos galv\u016bgalis. Studentai \u012fvertins erdv\u0119 taupant\u012f dizain\u0105, o nam\u0173 savininkai gali suteikti elegancijos bet kuriam miegamajam.<\/p>\n<p><strong>Daugiafunkcis naudojimas<\/strong><\/p>\n<p>Jo universalumas apima \u012fvairius panaudojimo b\u016bdus. Naudokite j\u012f kaip sof\u0105 ant dienos lovos, kaip atlo\u0161\u0105 dviauk\u0161t\u0117je lovoje arba kaip lovos galv\u016bgal\u012f bet kokio dyd\u017eio lovai. M\u016bs\u0173 pagalv\u0117 yra \u012fvairi\u0173 dyd\u017ei\u0173, pritaikyt\u0173 visiems j\u016bs\u0173 poreikiams.<\/p>\n<p><strong>Nesud\u0117tinga prie\u017ei\u016bra<\/strong><\/p>\n<p>Pagalv\u0117s \u0161vara ir gaivumas garantuoti \u2013 vienas juokas. Pritvirtintos sagos leid\u017eia lengvai nuimti u\u017evalkal\u0105, tod\u0117l j\u012f galima skalbti skalbimo ma\u0161inoje.<\/p>\n<p><strong>Auk\u0161\u010diausios kokyb\u0117s med\u017eiagos<\/strong><\/p>\n<p>M\u016bs\u0173 skaitymo pagalv\u0117 pagaminta i\u0161 didelio tankio poliuretano u\u017epildo, kuris suteikia i\u0161skirtin\u0119 atram\u0105 j\u016bs\u0173 nugarai. Prabangus aksominis audinys suteikia j\u016bs\u0173 nam\u0173 interjerui elegancijos, sukurdamas jauki\u0105 ir sveting\u0105 atmosfer\u0105.<\/p>\n<p><strong>Klient\u0173 atsiliepimai<\/strong><\/p>\n<p>\u201c\u0160i pagalv\u0117 puikiai tinka skaityti lovoje! Ji tokia patogi ir suteikia atram\u0105.\u201d \u2013 Maria S.<\/p>\n<p>\u201cMan patinka naudoti \u0161\u012f lovos galv\u016bgal\u012f savo bendrabutyje. Jis ir stilingas, ir funkcionalus.\u201d \u2013 Emily J.<\/p>\n<p><strong>Dyd\u017eiai ir specifikacijos<\/strong><\/p>\n<p>45 cm (45 * 20 * 50 cm | 0 sag\u0173)<br \/>\n60 cm (60 * 20 * 50 cm | 0 sag\u0173)<br \/>\n80 cm (80 * 20 * 50 cm | 2 sagos)<br \/>\n100 cm (100 * 20 * 50 cm | 3 sagos)<br \/>\n120 cm (120 * 20 * 50 cm | 4 sagos)<br \/>\n140 cm (140 * 20 * 50 cm | 4 sagos)<br \/>\n160 cm (160 * 20 * 50 cm | 5 sagos)<br \/>\n180 cm (180 * 20 * 50 cm | 6 sagos)<br \/>\n200 cm (200 * 20 * 50 cm | 7 sagos)<\/p>\n<p><strong>Audinys: 100% poliesterio velvetas<\/strong><\/p>\n<p>Pakeiskite savo miegojimo rutin\u0105 su m\u016bs\u0173 skaitymo pagalve ir patirkite did\u017eiausi\u0105 komfort\u0105 bei atram\u0105. U\u017esisakykite j\u0105 jau \u0161iandien ir pakelkite savo skaitymo, \u017ei\u016br\u0117jimo ar atsipalaidavimo patirt\u012f \u012f naujas auk\u0161tumas!<\/p>","protected":false},"excerpt":{"rendered":"<ul>\n<li><strong>PUIKIAI TINKA SKAITYTI LOVOJE:<\/strong> \u0160i skaitymo pagalv\u0117 puikiai palaiko nugar\u0105 ir kakl\u0105, tod\u0117l yra puikus pasirinkimas skaitant ir \u017ei\u016brint televizori\u0173 lovoje.<\/li>\n<li><strong>ALTERNATYVA KAIP GALV\u016aGLIS:<\/strong> \u0160i pagalv\u0117 taip pat yra puikus dekoratyvinis ir funkcionalus galv\u016bgalis, ypa\u010d kolegijos studentams.<\/li>\n<li><strong>DAUGIAFUNKCIS:<\/strong> M\u016bs\u0173 pagalv\u0117 yra \u012fvairi\u0173 dyd\u017ei\u0173 ir gali b\u016bti naudojama ne tik kaip \u012fprast\u0173 lov\u0173 atlo\u0161as, bet ir kaip sofa-lova ant ku\u0161et\u0117s, atlo\u0161as ant dviauk\u0161t\u0117s lovos ir galv\u016bgalis bet kurioje lovoje.<\/li>\n<li><strong>LENGVA PLAUTI:<\/strong> Pritvirtintos sagos ne tik sukuria dinami\u0161k\u0105 form\u0105, bet ir leid\u017eia nuimti u\u017evalkal\u0105 bei lengvai j\u012f skalbti.<\/li>\n<li><strong>AUK\u0160TOS KOKYB\u0116S MED\u017dIAGA:<\/strong> M\u016bs\u0173 nugaros atramos pagalv\u0117 yra u\u017epildyta didelio tankio poliuretanu, kuris suteikia puiki\u0105 atram\u0105 j\u016bs\u0173 nugarai. Aksominis audinys taip pat suteikia elegancijos j\u016bs\u0173 interjerui.<\/li>\n<li><strong>Audinys:<\/strong> 100% poliesterio aksomas.<\/li>\n<li><strong>Dydis:<\/strong> 45 cm (45 * 20 * 50 cm | 0 sag\u0173); 60 cm (60 * 20 * 50 cm | 0 sag\u0173); 80 cm (80 * 20 * 50 cm | 2 sagos); 100 cm (100 * 20 * 50 cm | 3 sagos); 120 cm (120 * 20 * 50 cm | 4 sagos); 140 cm (140 * 20 * 50 cm | 4 sagos); 160 cm (160 * 20 * 50 cm | 5 sagos); 180 cm (180 * 20 * 50 cm | 6 sagos); 200 cm (200 * 20 * 50 cm | 7 sagos).<\/li>\n<\/ul>","protected":false},"featured_media":575,"comment_status":"open","ping_status":"closed","template":"","meta":[],"product_brand":[],"product_cat":[15],"product_tag":[66,106,102,70,107,105,74,98,108,109,91,81,53,104,55,103],"class_list":{"0":"post-576","1":"product","2":"type-product","3":"status-publish","4":"has-post-thumbnail","6":"product_cat-pillows","7":"product_tag-back-support-pillow","8":"product_tag-bed-rest-pillow","9":"product_tag-big-back-support-pillow","10":"product_tag-bunk-bed-pillow","11":"product_tag-college-headboard","12":"product_tag-cyan-headboard","13":"product_tag-daybed-pillow","14":"product_tag-decorative-headboard","15":"product_tag-easy-wash-pillow","16":"product_tag-high-density-polyurethane-pillow","17":"product_tag-multipurpose-pillow","18":"product_tag-neck-support-pillow","19":"product_tag-reading-pillow","20":"product_tag-velvet-cushion","21":"product_tag-velvet-pillow","22":"product_tag-wedge-headboard-cushion","24":"first","25":"instock","26":"featured","27":"shipping-taxable","28":"purchasable","29":"product-type-variable","30":"has-default-attributes"},"_links":{"self":[{"href":"https:\/\/www.livingpillow.com\/lt\/wp-json\/wp\/v2\/product\/576","targetHints":{"allow":["GET"]}}],"collection":[{"href":"https:\/\/www.livingpillow.com\/lt\/wp-json\/wp\/v2\/product"}],"about":[{"href":"https:\/\/www.livingpillow.com\/lt\/wp-json\/wp\/v2\/types\/product"}],"replies":[{"embeddable":true,"href":"https:\/\/www.livingpillow.com\/lt\/wp-json\/wp\/v2\/comments?post=576"}],"wp:featuredmedia":[{"embeddable":true,"href":"https:\/\/www.livingpillow.com\/lt\/wp-json\/wp\/v2\/media\/575"}],"wp:attachment":[{"href":"https:\/\/www.livingpillow.com\/lt\/wp-json\/wp\/v2\/media?parent=576"}],"wp:term":[{"taxonomy":"product_brand","embeddable":true,"href":"https:\/\/www.livingpillow.com\/lt\/wp-json\/wp\/v2\/product_brand?post=576"},{"taxonomy":"product_cat","embeddable":true,"href":"https:\/\/www.livingpillow.com\/lt\/wp-json\/wp\/v2\/product_cat?post=576"},{"taxonomy":"product_tag","embeddable":true,"href":"https:\/\/www.livingpillow.com\/lt\/wp-json\/wp\/v2\/product_tag?post=576"}],"curies":[{"name":"wp","href":"https:\/\/api.w.org\/{rel}","templated":true}]}}