{"id":658,"date":"2024-02-23T13:50:30","date_gmt":"2024-02-23T13:50:30","guid":{"rendered":"https:\/\/www.livingpillow.com\/product\/large-wedge-pillow"},"modified":"2026-03-11T05:10:20","modified_gmt":"2026-03-11T05:10:20","slug":"didele-pleisto-formos-pagalve-didele-lova-skaitymo-pagalvele-linas-geltona","status":"publish","type":"product","link":"https:\/\/www.livingpillow.com\/lt\/product\/large-wedge-pillow-big-bed-reading-cushion-linen-yellow","title":{"rendered":"Didel\u0117 plei\u0161to formos pagalv\u0117 didel\u0117ms lovoms, skaitymo pagalv\u0117l\u0117, geltona"},"content":{"rendered":"<p><strong>I\u0161skirtinis nugaros palaikymas ir stilius: pristatome m\u016bs\u0173 universali\u0105 trikamp\u0119 skaitymo pagalv\u0119<\/strong><\/p>\n<p>Ie\u0161kote jaukaus ir stilingo b\u016bdo pagerinti savo skaitymo ar televizoriaus \u017ei\u016br\u0117jimo patirt\u012f? M\u016bs\u0173 auk\u0161\u010diausios kokyb\u0117s trikamp\u0117 skaitymo pagalv\u0117 \u2013 tai, ko jums reikia!<\/p>\n<p><strong>Apgaubianti paguoda<\/strong><\/p>\n<p>M\u016bs\u0173 skaitymo pagalv\u0117 suteikia neprilygstam\u0105 nugaros ir kaklo atram\u0105, sukurdama jauk\u0173 kampel\u012f maksimaliam komfortui. Pasinerkite \u012f mink\u0161t\u0105 u\u017epild\u0105 ir leiskite visiems r\u016bpes\u010diams i\u0161nykti, pasinerdami \u012f \u012ftraukiant\u012f knygos skaitym\u0105 ar \u017ei\u016br\u0117dami m\u0117gstamus serialus.<\/p>\n<p><strong>Universalus ir prakti\u0161kas<\/strong><\/p>\n<p>Be pagrindin\u0117s funkcijos, m\u016bs\u0173 universali pagalv\u0117 si\u016blo daugyb\u0119 papildom\u0173 panaudojimo b\u016bd\u0173:<\/p>\n<p><strong>Galv\u016bgalio alternatyva:<\/strong> Idealiai tinka studentams ir kitiems, suteikia j\u016bs\u0173 lovai dekoratyvumo ir prakti\u0161kumo.<br \/>\n<strong>Daugiafunkcin\u0117 pagalv\u0117l\u0117:<\/strong> Galima \u012fsigyti vis\u0173 \u012fprast\u0173 lov\u0173 dyd\u017ei\u0173, \u012fskaitant \u201eking size\u201c tipo lov\u0105, kuri taip pat gali b\u016bti naudojama kaip patogi sofa.<br \/>\n<strong>Buferio pagalv\u0117 ir lovos atlo\u0161as:<\/strong> Apsaugokite savo ma\u017eylius nuo sm\u016bgi\u0173 ir sukurkite jiems saugi\u0105 bei palaikan\u010di\u0105 erdv\u0119.<br \/>\n<strong>Kemperio ir priekabos galv\u016bgalis:<\/strong> Padidinkite savo kemperio ar priekabos komfort\u0105 stilingu ir prakti\u0161ku galv\u016bgaliu.<\/p>\n<p><strong>Lengva prie\u017ei\u016bra ir ilgaam\u017ei\u0161kumas<\/strong><\/p>\n<p>Suprantame, kad patogumas yra svarbiausia. Tod\u0117l m\u016bs\u0173 pagalv\u0117 turi pritvirtintas sagas, kurios ne tik pagerina jos stili\u0173, bet ir leid\u017eia nuimti u\u017evalkal\u0105 bei lengvai j\u012f skalbti. Auk\u0161tos kokyb\u0117s poliuretano u\u017epildas u\u017etikrina puik\u0173 nugaros palaikym\u0105 ir ilgaam\u017ei\u0161kum\u0105.<\/p>\n<p><strong>Pasirinkite tobul\u0105 dyd\u012f<\/strong><\/p>\n<p>M\u016bs\u0173 trikamp\u0117 skaitymo pagalv\u0117 yra \u012fvairi\u0173 dyd\u017ei\u0173, kad atitikt\u0173 j\u016bs\u0173 poreikius:<\/p>\n<p>0 sag\u0173: 45 cm, 60 cm<br \/>\n2 sagos: 80 cm<br \/>\n3 sagos: 100 cm<br \/>\n4 sagos: 120 cm, 140 cm<br \/>\n5 sagos: 160 cm<br \/>\n6 sagos: 180 cm<br \/>\n7 sagos: 200 cm<\/p>\n<p><strong>Klient\u0173 patvirtintas komfortas<\/strong><\/p>\n<p>M\u016bs\u0173 klientai d\u017eiaugiasi neprilygstamu m\u016bs\u0173 trikamp\u0117s skaitymo pagalv\u0117s komfortu. Ji sulauk\u0117 daugiau nei 150 teigiam\u0173 atsiliepim\u0173, kurie nuolat giriami u\u017e universalum\u0105, atram\u0105 ir stiling\u0105 dizain\u0105.<\/p>\n<p><strong>Pakelkite savo skaitymo ir atsipalaidavimo lyg\u012f jau \u0161iandien<\/strong><\/p>\n<p>Pakeiskite savo skaitymo ir atsipalaidavimo rutin\u0105 su m\u016bs\u0173 trikampe skaitymo pagalve, kurios komfortas ir stilius yra did\u017eiausias. U\u017esisakykite dabar ir patirkite palaiming\u0105 palaikymo ir rafinuotumo gl\u0117b\u012f!<\/p>","protected":false},"excerpt":{"rendered":"<ul>\n<li><strong>Puikiai tinka skaitymui ir televizoriaus \u017ei\u016br\u0117jimui:<\/strong>\u00a0Suteikia puiki\u0105 nugaros ir kaklo atram\u0105, kad b\u016bt\u0173 kuo patogiau skaityti lovoje ar \u017ei\u016br\u0117ti televizori\u0173.<\/li>\n<li><strong>Alternatyva kaip lovos galv\u016bgalis:<\/strong>\u00a0Puikiai tinkanti studentams ir kitiems, pagalv\u0117 gali b\u016bti naudojama kaip dekoratyvinis ir funkcionalus lovos galv\u016bgalis.<\/li>\n<li><strong>Daugiafunkcis:<\/strong>\u00a0Karali\u0161ko dyd\u017eio lova, kuri\u0105 galima \u012fsigyti vis\u0173 dyd\u017ei\u0173 \u012fprastoms lovoms, puikiai tinka ant dienos lovos ir gali b\u016bti naudojama kaip sofa. Ji taip pat gali b\u016bti naudojama kaip vaik\u0173 pagalv\u0117l\u0117s, dviauk\u0161t\u0117s lovos atlo\u0161ai ir galv\u016bgaliai nameliams ant rat\u0173 bei priekaboms.<\/li>\n<li><strong>Lengva plauti:<\/strong>\u00a0Pritvirtintos sagos suteikia stiliaus, o u\u017evalkal\u0105 galima nuimti ir skalbti.<\/li>\n<li><strong>Auk\u0161tos kokyb\u0117s med\u017eiaga:<\/strong>\u00a0Prikim\u0161tas didelio tankio poliuretano u\u017epildu, u\u017etikrinan\u010diu puik\u0173 nugaros palaikym\u0105. Audinys sukuria puik\u0173 vizualin\u012f efekt\u0105, tod\u0117l dera prie bet kokio interjero.<\/li>\n<li><strong>Dydis:<\/strong> 45 cm (45 * 20 * 50 cm | 0 sag\u0173); 60 cm (60 * 20 * 50 cm | 0 sag\u0173); 80 cm (80 * 20 * 50 cm | 2 sagos); 100 cm (100 * 20 * 50 cm | 3 sagos); 120 cm (120 * 20 * 50 cm | 4 sagos); 140 cm (140 * 20 * 50 cm | 4 sagos); 160 cm (160 * 20 * 50 cm | 5 sagos); 180 cm (180 * 20 * 50 cm | 6 sagos); 200 cm (200 * 20 * 50 cm | 7 sagos).<\/li>\n<\/ul>","protected":false},"featured_media":657,"comment_status":"open","ping_status":"closed","template":"","meta":[],"product_brand":[],"product_cat":[15],"product_tag":[66,92,93,95,74,59,87,94],"class_list":{"0":"post-658","1":"product","2":"type-product","3":"status-publish","4":"has-post-thumbnail","6":"product_cat-pillows","7":"product_tag-back-support-pillow","8":"product_tag-big-bed-reading-cushion","9":"product_tag-bumper-pillows","10":"product_tag-bunk-bed-back-rests","11":"product_tag-daybed-pillow","12":"product_tag-large-wedge-pillow","13":"product_tag-trailer-headboard","14":"product_tag-tv-pillow","16":"first","17":"instock","18":"featured","19":"shipping-taxable","20":"purchasable","21":"product-type-variable","22":"has-default-attributes"},"_links":{"self":[{"href":"https:\/\/www.livingpillow.com\/lt\/wp-json\/wp\/v2\/product\/658","targetHints":{"allow":["GET"]}}],"collection":[{"href":"https:\/\/www.livingpillow.com\/lt\/wp-json\/wp\/v2\/product"}],"about":[{"href":"https:\/\/www.livingpillow.com\/lt\/wp-json\/wp\/v2\/types\/product"}],"replies":[{"embeddable":true,"href":"https:\/\/www.livingpillow.com\/lt\/wp-json\/wp\/v2\/comments?post=658"}],"wp:featuredmedia":[{"embeddable":true,"href":"https:\/\/www.livingpillow.com\/lt\/wp-json\/wp\/v2\/media\/657"}],"wp:attachment":[{"href":"https:\/\/www.livingpillow.com\/lt\/wp-json\/wp\/v2\/media?parent=658"}],"wp:term":[{"taxonomy":"product_brand","embeddable":true,"href":"https:\/\/www.livingpillow.com\/lt\/wp-json\/wp\/v2\/product_brand?post=658"},{"taxonomy":"product_cat","embeddable":true,"href":"https:\/\/www.livingpillow.com\/lt\/wp-json\/wp\/v2\/product_cat?post=658"},{"taxonomy":"product_tag","embeddable":true,"href":"https:\/\/www.livingpillow.com\/lt\/wp-json\/wp\/v2\/product_tag?post=658"}],"curies":[{"name":"wp","href":"https:\/\/api.w.org\/{rel}","templated":true}]}}