{"id":154,"date":"2024-02-22T08:46:59","date_gmt":"2024-02-22T08:46:59","guid":{"rendered":"https:\/\/www.livingpillow.com\/product\/large-triangle-pillow-wedge"},"modified":"2026-03-11T05:10:22","modified_gmt":"2026-03-11T05:10:22","slug":"liels-trisstura-spilvens-kilveida-gulta-lasisanas-spilvens-lins-dzeltens","status":"publish","type":"product","link":"https:\/\/www.livingpillow.com\/lv\/product\/large-triangle-pillow-wedge-bed-reading-cushion-linen-yellow","title":{"rendered":"Liels tr\u012bsst\u016bra spilvens ar \u0137\u012b\u013cveida gultu las\u012b\u0161anas spilvens ar dzeltenu kr\u0101su"},"content":{"rendered":"<p>Uzlabojiet savu relaks\u0101ciju ar lielo tr\u012bsst\u016bra spilvena \u0137\u012bli<\/p>\n<p>Atrast perfektu las\u012b\u0161anas vai televizora skat\u012b\u0161an\u0101s poz\u012bciju var b\u016bt izaicin\u0101jums bez atbilsto\u0161a muguras un kakla atbalsta. Iepaz\u012bstieties ar lielo tr\u012bsst\u016bra formas spilvenu \u2014 eleganti veidotu un daudzpus\u012bgu spilvenu, kas pace\u013c relaks\u0101ciju jaun\u0101 l\u012bmen\u012b.  <\/p>\n<p>Izgatavots no augsta bl\u012bvuma poliuret\u0101na pild\u012bjuma, kas ietverts no\u0146emam\u0101 p\u0101rvalk\u0101, \u0161is \u0137\u012b\u013cveida spilvens labi piel\u0101gojas j\u016bsu \u0137erme\u0146a kont\u016br\u0101m. Pak\u0101peniskais sl\u012bpums pal\u012bdz uztur\u0113t pareizu mugurkaula novietojumu neatkar\u012bgi no t\u0101, vai s\u0113\u017eat gult\u0101, atp\u016b\u0161aties uz d\u012bv\u0101na vai atbalst\u0101ties pret sienu. Vairs nek\u0101das sakum\u0161anas, sasprindzin\u0101juma vai pamo\u0161an\u0101s ar st\u012bvu kaklu!<\/p>\n<p>Klienti saj\u016bsmin\u0101s par spilvena funkcionalit\u0101ti un est\u0113tiku:<\/p>\n<p>\u201cMan pat\u012bk izmantot \u0161o iztur\u012bgo \u0137\u012b\u013cveida spilvenu, lai las\u012btu gr\u0101matas un lietotu iPad gult\u0101. Mana st\u0101ja ir daudz lab\u0101ka, un man vairs nav tik stipras s\u0101pes.\u201d<\/p>\n<p>\u201c\u0160is milz\u012bgais spilvens ir ide\u0101li piem\u0113rots manas meitas divst\u0101vu gultai. Vi\u0146a to izmanto k\u0101 atzveltni un vairs nav j\u0101s\u0113\u017e sakumpis.\u201d <\/p>\n<p>\u201cEs savam kemperim izv\u0113l\u0113jos lielo izm\u0113ru. Tas nodro\u0161ina lielisku jostasvietas atbalstu, un p\u0101rsegs lieliski atbilst manam interjeram.\u201d<\/p>\n<p>Ar savu daudzfunkcion\u0101lo dizainu, izcilo komfortu un moderno stilu, lielais tr\u012bsst\u016bra formas spilvens &quot;Spilvens Wedge&quot; ir ide\u0101ls papildin\u0101jums jebkurai gu\u013camistabai vai dz\u012bvojamai telpai. Pieejams da\u017e\u0101dos izm\u0113ros, lai tas atbilstu standarta gult\u0101m, d\u012bv\u0101ngult\u0101m, kemperiem, kopm\u012bt\u0146u istab\u0101m un cit\u0101m telp\u0101m. P\u0101rvalku var mazg\u0101t ve\u013cas ma\u0161\u012bn\u0101, lai to b\u016btu viegli kopt. <\/p>\n<p>Paceliet savu relaks\u0101cijas l\u012bmeni jaun\u0101 l\u012bmen\u012b un pas\u016btiet savu tr\u012bsst\u016brveida spilvenu jau \u0161odien!<\/p>","protected":false},"excerpt":{"rendered":"<ul>\n<li><strong>Ide\u0101li piem\u0113rots las\u012b\u0161anai gult\u0101:<\/strong> Nodro\u0161ina izcilu atbalstu mugurai un kaklam, nodro\u0161inot maksim\u0101lu komfortu lasot vai skatoties televizoru.<\/li>\n<li><strong>Daudzpus\u012bgs k\u0101 gultas galvgalis:<\/strong> Lieliski piem\u0113rots tiem, kas, piem\u0113ram, koled\u017eas studentiem, mekl\u0113 gan stilu, gan funkcionalit\u0101ti gultas galvgal\u012b.<\/li>\n<li><strong>Daudzfunkcion\u0101ls lietojums:<\/strong> Pieejams da\u017e\u0101dos izm\u0113ros, lai der\u0113tu gan standarta gult\u0101m, gan d\u012bv\u0101ngult\u0101m un kemperiem\/piekab\u0113m. Var kalpot ar\u012b k\u0101 bufera spilvens b\u0113rniem vai atzveltne divst\u0101vu gult\u0101m.<\/li>\n<li><strong>Vienk\u0101r\u0161a apkope:<\/strong> No\u0146emamais p\u0101rvalks, kas nostiprin\u0101ms ar pog\u0101m, vienk\u0101r\u0161o mazg\u0101\u0161anu.<\/li>\n<li><strong>Augst\u0101k\u0101s kvalit\u0101tes materi\u0101li:<\/strong> Augsta bl\u012bvuma poliuret\u0101na pild\u012bjums nodro\u0161ina lielisku muguras atbalstu, savuk\u0101rt vizu\u0101li pievilc\u012bgais audums papildina jebkuru interjeru.<\/li>\n<li><strong>Izm\u0113rs:<\/strong> 100 cm (G100 x P26 x A55 | 3 kolonnu pogas), 120 cm (G120 x P26 x A55 | 4 kolonnu pogas), 140 cm (G140 x P26 x A55 | 4 kolonnu pogas), 160 cm (G160 x P26 x A55 | 5 kolonnu pogas), 180 cm (G180 x P26 x A55 | 6 kolonnu pogas), 200 cm (G200 x P26 x A55 | 7 kolonnu pogas).<\/li>\n<\/ul>","protected":false},"featured_media":153,"comment_status":"open","ping_status":"closed","template":"","meta":[],"product_brand":[],"product_cat":[15],"product_tag":[97,76,58,111,145,148,147,146,149,150],"class_list":{"0":"post-154","1":"product","2":"type-product","3":"status-publish","4":"has-post-thumbnail","6":"product_cat-pillows","7":"product_tag-functional-headboard","8":"product_tag-linen-headboard","9":"product_tag-linen-pillow","10":"product_tag-reading-cushion","11":"product_tag-triangle-pillow","12":"product_tag-wedge-bed-bolster","13":"product_tag-wedge-bed-cushion","14":"product_tag-wedge-bed-pillow","15":"product_tag-yellow-bed-pillow","16":"product_tag-yellow-pillow","18":"first","19":"instock","20":"shipping-taxable","21":"purchasable","22":"product-type-variable","23":"has-default-attributes"},"_links":{"self":[{"href":"https:\/\/www.livingpillow.com\/lv\/wp-json\/wp\/v2\/product\/154","targetHints":{"allow":["GET"]}}],"collection":[{"href":"https:\/\/www.livingpillow.com\/lv\/wp-json\/wp\/v2\/product"}],"about":[{"href":"https:\/\/www.livingpillow.com\/lv\/wp-json\/wp\/v2\/types\/product"}],"replies":[{"embeddable":true,"href":"https:\/\/www.livingpillow.com\/lv\/wp-json\/wp\/v2\/comments?post=154"}],"wp:featuredmedia":[{"embeddable":true,"href":"https:\/\/www.livingpillow.com\/lv\/wp-json\/wp\/v2\/media\/153"}],"wp:attachment":[{"href":"https:\/\/www.livingpillow.com\/lv\/wp-json\/wp\/v2\/media?parent=154"}],"wp:term":[{"taxonomy":"product_brand","embeddable":true,"href":"https:\/\/www.livingpillow.com\/lv\/wp-json\/wp\/v2\/product_brand?post=154"},{"taxonomy":"product_cat","embeddable":true,"href":"https:\/\/www.livingpillow.com\/lv\/wp-json\/wp\/v2\/product_cat?post=154"},{"taxonomy":"product_tag","embeddable":true,"href":"https:\/\/www.livingpillow.com\/lv\/wp-json\/wp\/v2\/product_tag?post=154"}],"curies":[{"name":"wp","href":"https:\/\/api.w.org\/{rel}","templated":true}]}}