{"id":175,"date":"2024-02-22T08:53:01","date_gmt":"2024-02-22T08:53:01","guid":{"rendered":"https:\/\/www.livingpillow.com\/product\/large-headboard-cushion"},"modified":"2026-03-11T05:10:22","modified_gmt":"2026-03-11T05:10:22","slug":"liels-galvgala-spilvens-kilveida-spilvens-peleks-lins","status":"publish","type":"product","link":"https:\/\/www.livingpillow.com\/lv\/product\/large-headboard-cushion-wedge-pillow-linen-grey","title":{"rendered":"Liels galvga\u013ca spilvens ar \u0137\u012b\u013cveida spilvenu, pel\u0113ks"},"content":{"rendered":"<p><strong>Uzlabojiet savu nakts komfortu ar lielo galvga\u013ca spilvenu un \u0137\u012b\u013cveida spilvenu pel\u0113k\u0101 kr\u0101s\u0101<\/strong><\/p>\n<p>Izbaudiet maksim\u0101lu komfortu un atbalstu, lasot, skatoties televizoru vai vienk\u0101r\u0161i atp\u016b\u0161oties gult\u0101 ar m\u016bsu lielo galvga\u013ca \u0137\u012b\u013cveida spilvenu pel\u0113k\u0101 kr\u0101s\u0101.<\/p>\n<p><strong>Uzlabojiet savu las\u012b\u0161anas un TV skat\u012b\u0161an\u0101s pieredzi<\/strong><\/p>\n<p>\u0160is spilvens nodro\u0161ina optim\u0101lu atbalstu mugurai un kaklam, pace\u013cot j\u016bsu relaks\u0101ciju piln\u012bgi jaun\u0101 l\u012bmen\u012b. Atvadieties no kakla sastiepumiem un muguras s\u0101p\u0113m, iegremd\u0113joties iecien\u012bt\u0101kaj\u0101s gr\u0101mat\u0101s vai skatoties iecien\u012bt\u0101kos raid\u012bjumus.<\/p>\n<p><strong>Daudzpus\u012bga galvga\u013ca alternat\u012bva<\/strong><\/p>\n<p>Neatkar\u012bgi no t\u0101, vai esat koled\u017eas students, kas dz\u012bvo kopm\u012bt\u0146u istab\u0101, vai mekl\u0113jat dekorat\u012bvu un funkcion\u0101lu uzlabojumu savai gu\u013camvietai, \u0161is spilvens ir ide\u0101ls risin\u0101jums. T\u0101 galvgalim l\u012bdz\u012bgais dizains pie\u0161\u0137ir stila piesk\u0101rienu, vienlaikus pied\u0101v\u0101jot izcilu komfortu.<\/p>\n<p><strong>Daudzfunkcion\u0101la funkcionalit\u0101te<\/strong><\/p>\n<p>Lielais galvga\u013ca spilvens ar \u0137\u012b\u013cveida formu ir neticami daudzpus\u012bgs. T\u0101 da\u017e\u0101die izm\u0113ri ir piem\u0113roti visu izm\u0113ru gult\u0101m, tostarp dienas gult\u0101m, kur to var neman\u0101mi izmantot ar\u012b k\u0101 d\u012bv\u0101nu. Tas kalpo ar\u012b k\u0101 bufera spilvens b\u0113rniem, atzveltne divst\u0101vu gult\u0101m un galvgalis kemperiem un piekab\u0113m.<\/p>\n<p><strong>Vienk\u0101r\u0161a apkope un augst\u0101k\u0101 kvalit\u0101te<\/strong><\/p>\n<p>Spilvenam ir no\u0146emamas pogas, kas nodro\u0161ina dinamisku formu un \u0113rtu mazg\u0101\u0161anu. T\u0101 augsta bl\u012bvuma poliuret\u0101na pild\u012bjums nodro\u0161ina lielisku muguras atbalstu, savuk\u0101rt vizu\u0101li pievilc\u012bgais audums papildina jebkuru interjeru.<\/p>\n<p><strong>Klientu atsauksmes<\/strong><\/p>\n<p>M\u016bsu klienti ir saj\u016bsm\u0101 par \u0161o produktu:<\/p>\n<p>* \u201c\u0160is spilvens ir tik \u0113rts las\u012b\u0161anai gult\u0101. Tas lieliski atbalsta manu muguru un kaklu.\u201d \u2013 S\u0101ra D\u017e.<br \/>\n* \u201cMan pat\u012bk, ka to var izmantot gan k\u0101 galvgali, gan k\u0101 las\u012b\u0161anas spilvenu. To ir ar\u012b \u013coti viegli mazg\u0101t.\u201d \u2013 Em\u012blija P.<\/p>\n<p>P\u0101rveidojiet savu gul\u0113tie\u0161anas rut\u012bnu ar m\u016bsu lielo galvga\u013ca \u0137\u012b\u013cveida spilvenu pel\u0113k\u0101 kr\u0101s\u0101. T\u0101 daudzpus\u012bba, komforts un stils uzlabos j\u016bsu relaks\u0101ciju un rad\u012bs m\u0101j\u012bgu patv\u0113rumu miegam un atp\u016btai.<\/p>","protected":false},"excerpt":{"rendered":"<ul>\n<li><strong>Optim\u0101li las\u012b\u0161anai gult\u0101:<\/strong>\u00a0Nodro\u0161ina lielisku atbalstu mugurai un kaklam, uzlabojot komfortu lasot un skatoties televizoru.<\/li>\n<li><strong>Funkcion\u0101la galvga\u013ca alternat\u012bva:<\/strong>\u00a0Ide\u0101li piem\u0113rots koled\u017eas studentiem un citiem, kalpojot gan dekorat\u012bviem, gan funkcion\u0101liem m\u0113r\u0137iem.<\/li>\n<li><strong>Daudzpus\u012bga lieto\u0161ana:<\/strong>\u00a0Pieejams visos gultas izm\u0113ros. King izm\u0113ra gulta lieliski papildina dienas gultu, kalpojot ar\u012b k\u0101 d\u012bv\u0101ns. Kalpo ar\u012b k\u0101 bufera spilvens b\u0113rniem, atzveltne divst\u0101vu gult\u0101m un galvgalis kemperiem\/piekab\u0113m.<\/li>\n<li><strong>Mazg\u0101jams dizains:<\/strong>\u00a0No\u0146emamas pogas dinamiskai formai un vieglai mazg\u0101\u0161anai.<\/li>\n<li><strong>Augst\u0101k\u0101s kvalit\u0101tes materi\u0101ls:<\/strong>\u00a0Pild\u012bts ar augsta bl\u012bvuma poliuret\u0101nu, kas nodro\u0161ina izcilu muguras atbalstu, un vizu\u0101li pievilc\u012bgs audums, kas papildin\u0101s j\u016bsu interjeru.<\/li>\n<li><strong>Izm\u0113rs:<\/strong> 100 cm (G100 x P26 x A55 | 3 kolonnu pogas), 120 cm (G120 x P26 x A55 | 4 kolonnu pogas), 140 cm (G140 x P26 x A55 | 4 kolonnu pogas), 160 cm (G160 x P26 x A55 | 5 kolonnu pogas), 180 cm (G180 x P26 x A55 | 6 kolonnu pogas), 200 cm (G200 x P26 x A55 | 7 kolonnu pogas).<\/li>\n<\/ul>","protected":false},"featured_media":174,"comment_status":"open","ping_status":"closed","template":"","meta":[],"product_brand":[],"product_cat":[15],"product_tag":[66,63,84,68,144,97,143,81,87,94],"class_list":{"0":"post-175","1":"product","2":"type-product","3":"status-publish","4":"has-post-thumbnail","6":"product_cat-pillows","7":"product_tag-back-support-pillow","8":"product_tag-backrest-pillow","9":"product_tag-bumper-pillow","10":"product_tag-college-student-pillow","11":"product_tag-cushion-wedge-pillow","12":"product_tag-functional-headboard","13":"product_tag-large-headboard","14":"product_tag-neck-support-pillow","15":"product_tag-trailer-headboard","16":"product_tag-tv-pillow","18":"first","19":"instock","20":"featured","21":"shipping-taxable","22":"purchasable","23":"product-type-variable","24":"has-default-attributes"},"_links":{"self":[{"href":"https:\/\/www.livingpillow.com\/lv\/wp-json\/wp\/v2\/product\/175","targetHints":{"allow":["GET"]}}],"collection":[{"href":"https:\/\/www.livingpillow.com\/lv\/wp-json\/wp\/v2\/product"}],"about":[{"href":"https:\/\/www.livingpillow.com\/lv\/wp-json\/wp\/v2\/types\/product"}],"replies":[{"embeddable":true,"href":"https:\/\/www.livingpillow.com\/lv\/wp-json\/wp\/v2\/comments?post=175"}],"wp:featuredmedia":[{"embeddable":true,"href":"https:\/\/www.livingpillow.com\/lv\/wp-json\/wp\/v2\/media\/174"}],"wp:attachment":[{"href":"https:\/\/www.livingpillow.com\/lv\/wp-json\/wp\/v2\/media?parent=175"}],"wp:term":[{"taxonomy":"product_brand","embeddable":true,"href":"https:\/\/www.livingpillow.com\/lv\/wp-json\/wp\/v2\/product_brand?post=175"},{"taxonomy":"product_cat","embeddable":true,"href":"https:\/\/www.livingpillow.com\/lv\/wp-json\/wp\/v2\/product_cat?post=175"},{"taxonomy":"product_tag","embeddable":true,"href":"https:\/\/www.livingpillow.com\/lv\/wp-json\/wp\/v2\/product_tag?post=175"}],"curies":[{"name":"wp","href":"https:\/\/api.w.org\/{rel}","templated":true}]}}