{"id":457,"date":"2024-02-23T05:36:46","date_gmt":"2024-02-23T05:36:46","guid":{"rendered":"https:\/\/www.livingpillow.com\/product\/wedge-cushion"},"modified":"2026-03-03T01:21:56","modified_gmt":"2026-03-03T01:21:56","slug":"liels-kilveida-lasisanas-spilvens-jauks-galvgala-spilvens-samts-melns","status":"publish","type":"product","link":"https:\/\/www.livingpillow.com\/lv\/product\/big-wedge-reading-cushion-nice-headboard-pillow-velvet-black","title":{"rendered":"Liels \u0137\u012b\u013cveida las\u012b\u0161anas spilvens, jauks galvga\u013ca spilvens, samts, melns"},"content":{"rendered":"<p>Iepaz\u012bstin\u0101m ar perfektu las\u012b\u0161anas biedru: tr\u012bsst\u016brveida spilvenu<\/p>\n<p>Vai jums pat\u012bk las\u012bt vai skat\u012bties televizoru savas gultas \u0113rt\u012bb\u0101s? Ja j\u0101, tad j\u016bs zin\u0101t, cik ne\u0113rti tas var b\u016bt bez pien\u0101c\u012bga atbalsta mugurai un kaklam. Par laimi, \u0161ai probl\u0113mai ir risin\u0101jums \u2013 tr\u012bsst\u016brveida spilvens. <\/p>\n<p>\u0160is spilvens ir izstr\u0101d\u0101ts, lai nodro\u0161in\u0101tu optim\u0101lu las\u012b\u0161anas atbalstu un uzlabotu j\u016bsu TV skat\u012b\u0161an\u0101s pieredzi, nodro\u0161inot stabilu muguras un kakla atbalstu. Izgatavots no augsta bl\u012bvuma poliuret\u0101na materi\u0101la, tas nodro\u0161ina izcilu atbalstu, padarot to ide\u0101li piem\u0113rotu tiem, kas pavada ilgas stundas, lasot vai skatoties televizoru gult\u0101. <\/p>\n<p>Tas ir ne tikai funkcion\u0101ls, bet ar\u012b kalpo k\u0101 lielisks dekorat\u012bvs galvgalis koled\u017eas studentiem vai ikvienam, kas mekl\u0113 praktisku, bet dekorat\u012bvu galvga\u013ca risin\u0101jumu. Tas ir daudzpus\u012bgs un piem\u0113rots visu izm\u0113ru gult\u0101m, padarot to par ide\u0101lu papildin\u0101jumu dienas gultai k\u0101 d\u012bv\u0101nam vai k\u0101 divst\u0101vu gultas atzveltnei. <\/p>\n<p>Tr\u012bsst\u016brveida spilvens ir izstr\u0101d\u0101ts, \u0146emot v\u0113r\u0101 ar\u012b to, ka to ir viegli mazg\u0101t. Tam ir no\u0146emami p\u0101rvalki ar piestiprin\u0101t\u0101m pog\u0101m, t\u0101p\u0113c to ir viegli no\u0146emt un mazg\u0101t. \u0160\u012b spilvena izgatavo\u0161anai izmantots 100% poliestera samts, kas ar savu vizu\u0101li pievilc\u012bgo dizainu izce\u013c jebkuru interjeru. <\/p>\n<p>\u0160is spilvens, kas pieejams da\u017e\u0101dos izm\u0113ros no 45 cm l\u012bdz 200 cm un da\u017e\u0101d\u0101s kr\u0101s\u0101s, tostarp meln\u0101, pied\u0101v\u0101 kaut ko ikvienam. Nav br\u012bnums, ka tas ir sa\u0146\u0113mis lieliskas klientu atsauksmes. <\/p>\n<p>Viens klients, kur\u0161 ieg\u0101d\u0101j\u0101s spilvenu meln\u0101 kr\u0101s\u0101, teica: \u201c\u0160is spilvens main\u012bja manu las\u012b\u0161anas pieredzi. Es vairs nepiedz\u012bvoju past\u0101v\u012bgu kust\u012bbu un piel\u0101go\u0161anos, un es varu las\u012bt stund\u0101m ilgi bez jebk\u0101da diskomforta.\u201d <\/p>\n<p>K\u0101ds cits klients, kur\u0161 ieg\u0101d\u0101j\u0101s spilvenu greznaj\u0101 Holandes samt\u0101, teica: \u201cAudums ir tik m\u012bksts un samtains, un spilvens nodro\u0161ina lielisku atbalstu. To ir ar\u012b viegli t\u012br\u012bt, t\u0101p\u0113c man nav j\u0101uztraucas par to, ka tas sasm\u0113r\u0113sies.\u201d <\/p>\n<p>Nosl\u0113gum\u0101 j\u0101saka, ka tr\u012bsst\u016brveida spilvens ir ide\u0101ls las\u012b\u0161anas biedrs ikvienam, kur\u0161 mekl\u0113 komfortu un atbalstu, lasot vai skatoties televizoru gult\u0101. Tas ir funkcion\u0101ls, daudzpus\u012bgs un pieejams da\u017e\u0101dos izm\u0113ros un kr\u0101s\u0101s. Vairs nesamierinieties ar ne\u0113rt\u0101m las\u012b\u0161anas pieredz\u0113m \u2013 ieg\u0101d\u0101jieties savu tr\u012bsst\u016brveida spilvenu jau \u0161odien!<\/p>","protected":false},"excerpt":{"rendered":"<ul>\n<li><strong>Optim\u0101ls las\u012b\u0161anas atbalsts:<\/strong> \u0160is spilvens uzlabo las\u012b\u0161anas un TV skat\u012b\u0161an\u0101s pieredzi, nodro\u0161inot stabilu muguras un kakla atbalstu.<\/li>\n<li><strong>Funkcion\u0101la galvga\u013ca alternat\u012bva:<\/strong> Ide\u0101li piem\u0113rots studentiem un citiem, kas mekl\u0113 dekorat\u012bvu, bet praktisku galvga\u013ca risin\u0101jumu.<\/li>\n<li><strong>Daudzpus\u012bga lieto\u0161ana:<\/strong> Piem\u0113rots visu izm\u0113ru gult\u0101m, tas lieliski papildina dienas gultu k\u0101 d\u012bv\u0101ns. Kalpo ar\u012b k\u0101 divst\u0101vu gultas atzveltne vai atsevi\u0161\u0137s galvgalis.<\/li>\n<li><strong>Mazg\u0101jams dizains:<\/strong> No\u0146emami p\u0101rvalki ar piestiprin\u0101t\u0101m pog\u0101m atvieglo mazg\u0101\u0161anu, pie\u0161\u0137irot gan funkcionalit\u0101ti, gan stilu.<\/li>\n<li><strong>Augst\u0101k\u0101s kvalit\u0101tes materi\u0101ls:<\/strong> Audums, kas pild\u012bts ar augsta bl\u012bvuma poliuret\u0101nu, lai nodro\u0161in\u0101tu izcilu muguras atbalstu, ar savu vizu\u0101li pievilc\u012bgo dizainu izce\u013c jebkuru interjeru.<\/li>\n<li><strong>Audums:<\/strong> 100% poliestera samts.<\/li>\n<li><strong>Pieejamie izm\u0113ri:<\/strong> 45 cm (45*20*50 cm | 0 pogas); 60 cm (60*20*50 cm | 0 pogas); 80 cm (80*20*50 cm | 2 pogas); 100 cm (100*20*50 cm | 3 pogas); 120 cm (120*20*50 cm | 4 pogas); 140 cm (140*20*50 cm | 4 pogas); 160 cm (160*20*50 cm | 5 pogas); 180 cm (180*20*50 cm | 6 pogas); 200 cm (200*20*50 cm | 7 pogas).<\/li>\n<\/ul>","protected":false},"featured_media":456,"comment_status":"open","ping_status":"closed","template":"","meta":[],"product_brand":[],"product_cat":[15],"product_tag":[101,117,116,54,115,111,118],"class_list":{"0":"post-457","1":"product","2":"type-product","3":"status-publish","4":"has-post-thumbnail","6":"product_cat-pillows","7":"product_tag-bunk-bed-backrest","8":"product_tag-daybed-backrest","9":"product_tag-functional-headboard-alternative","10":"product_tag-headboard-pillow","11":"product_tag-optimal-reading-support","12":"product_tag-reading-cushion","13":"product_tag-superior-back-support","15":"first","16":"instock","17":"featured","18":"shipping-taxable","19":"purchasable","20":"product-type-variable","21":"has-default-attributes"},"_links":{"self":[{"href":"https:\/\/www.livingpillow.com\/lv\/wp-json\/wp\/v2\/product\/457","targetHints":{"allow":["GET"]}}],"collection":[{"href":"https:\/\/www.livingpillow.com\/lv\/wp-json\/wp\/v2\/product"}],"about":[{"href":"https:\/\/www.livingpillow.com\/lv\/wp-json\/wp\/v2\/types\/product"}],"replies":[{"embeddable":true,"href":"https:\/\/www.livingpillow.com\/lv\/wp-json\/wp\/v2\/comments?post=457"}],"wp:featuredmedia":[{"embeddable":true,"href":"https:\/\/www.livingpillow.com\/lv\/wp-json\/wp\/v2\/media\/456"}],"wp:attachment":[{"href":"https:\/\/www.livingpillow.com\/lv\/wp-json\/wp\/v2\/media?parent=457"}],"wp:term":[{"taxonomy":"product_brand","embeddable":true,"href":"https:\/\/www.livingpillow.com\/lv\/wp-json\/wp\/v2\/product_brand?post=457"},{"taxonomy":"product_cat","embeddable":true,"href":"https:\/\/www.livingpillow.com\/lv\/wp-json\/wp\/v2\/product_cat?post=457"},{"taxonomy":"product_tag","embeddable":true,"href":"https:\/\/www.livingpillow.com\/lv\/wp-json\/wp\/v2\/product_tag?post=457"}],"curies":[{"name":"wp","href":"https:\/\/api.w.org\/{rel}","templated":true}]}}