{"id":605,"date":"2024-02-23T10:22:42","date_gmt":"2024-02-23T10:22:42","guid":{"rendered":"https:\/\/www.livingpillow.com\/product\/large-back-pillow-for-bed"},"modified":"2026-04-22T01:07:04","modified_gmt":"2026-04-22T01:07:04","slug":"liels-muguras-spilvens-gultai-liels-kilveida-spilvens-lins-balts","status":"publish","type":"product","link":"https:\/\/www.livingpillow.com\/lv\/product\/large-back-pillow-for-bed-big-wedge-cushion-linen-white","title":{"rendered":"Liels muguras spilvens gultai, liels \u0137\u012b\u013cveida spilvens, balts"},"content":{"rendered":"<p>Iepaz\u012bstin\u0101m ar perfekto las\u012b\u0161anas spilvenu: j\u016bsu galvenais komforta pavadonis<\/p>\n<p>Vai esat noguris no ne\u0113rt\u012bb\u0101m, lasot vai skatoties televizoru gult\u0101? Iepaz\u012bstieties ar perfekto risin\u0101jumu: las\u012b\u0161anas spilvenu! M\u016bsu las\u012b\u0161anas spilveni nodro\u0161ina lielisku muguras un kakla atbalstu, garant\u0113jot maksim\u0101lu komfortu atp\u016b\u0161oties.<\/p>\n<p>Bet tas v\u0113l nav viss \u2013 m\u016bsu las\u012b\u0161anas spilvens ir ar\u012b lieliska alternat\u012bva k\u0101 galvgalis. Daudzi cilv\u0113ki, \u012bpa\u0161i koled\u017eas studenti, uzskata, ka \u0161is spilvens ir ide\u0101li piem\u0113rots gan k\u0101 dekorat\u012bvs, gan funkcion\u0101ls galvgalis. Un, pateicoties da\u017e\u0101dajiem izm\u0113riem, kas piem\u0113roti gan parastaj\u0101m gult\u0101m, gan d\u012bv\u0101ngult\u0101m, m\u016bsu spilveni ir lieliski piem\u0113roti pla\u0161am vajadz\u012bbu kl\u0101stam. Tos var izmantot pat k\u0101 bufera spilvenus b\u0113rniem, divst\u0101vu gultu atzveltnes un galvga\u013cus kemperiem un piekab\u0113m.<\/p>\n<p>Viena no m\u016bsu spilvena lab\u0101kaj\u0101m \u012bpa\u0161\u012bb\u0101m ir t\u0101 vienk\u0101r\u0161\u012bba t\u012br\u012bt. Piestiprin\u0101t\u0101s pogas ne tikai rada dinamisku spilvena formu, bet ar\u012b padara p\u0101rvalku no\u0146emamu un mazg\u0101jamu. V\u0113l nekad nav bijis tik viegli uztur\u0113t las\u012b\u0161anas spilvenu t\u012bru un svaigu!<\/p>\n<p>M\u016bsu las\u012b\u0161anas spilveni ir izgatavoti no augstas kvalit\u0101tes materi\u0101liem, lai nodro\u0161in\u0101tu maksim\u0101lu komfortu un atbalstu. Tie ir pild\u012bti ar augsta bl\u012bvuma poliuret\u0101na pildvielu, kas nodro\u0161ina lielisku atbalstu, savuk\u0101rt \u0137\u012b\u013cveida spilvenu audums rada vizu\u0101li pievilc\u012bgu efektu, kas piest\u0101v j\u016bsu interjeram.<\/p>\n<p>M\u0113s pied\u0101v\u0101jam da\u017e\u0101dus izm\u0113rus, kas atbilst j\u016bsu vajadz\u012bb\u0101m, s\u0101kot no 45 cm l\u012bdz 200 cm. Un m\u016bsu produktu koment\u0101ros j\u016bs varat redz\u0113t, cik \u013coti m\u016bsu klientiem pat\u012bk vi\u0146u las\u012b\u0161anas spilveni. \u0160eit ir tikai da\u017ei piem\u0113ri:<\/p>\n<p>\u2013 \u201c\u0160is spilvens ir lieliski piem\u0113rots las\u012b\u0161anai gult\u0101, un materi\u0101ls ir tik m\u012bksts un \u0113rts!\u201d<br \/>\n\u2013 \u201cEs to ieg\u0101d\u0101jos k\u0101 gultas galvgali savas meitas istabai, un vi\u0146ai tas \u013coti pat\u012bk. Tas izskat\u0101s lieliski un nodro\u0161ina lielisku atbalstu.\u201d<br \/>\n\u2013 \u201cEs to ieg\u0101d\u0101jos sava d\u0113la divst\u0101vu gultai, un tas lieliski kalpoja k\u0101 atzveltne. Lieliska kvalit\u0101te un viegli t\u012br\u0101ms.\u201d<\/p>\n<p>T\u0101tad, ko j\u016bs gaid\u0101t? Ieg\u0101d\u0101jieties savu ide\u0101lo las\u012b\u0161anas spilvenu jau \u0161odien un izbaudiet maksim\u0101lu komfortu un atbalstu.<\/p>","protected":false},"excerpt":{"rendered":"<ul>\n<li><strong>IDE\u0100LI PIEM\u0112ROTS LAS\u012a\u0160ANAI GULT\u0100:<\/strong> \u0160is las\u012b\u0161anas spilvens nodro\u0161ina lielisku muguras un kakla atbalstu maksim\u0101lam komfortam, lasot un skatoties televizoru.<\/li>\n<li><strong>ALTERNAT\u012aVA K\u0100 GALVAGALIS:<\/strong> Daudzi cilv\u0113ki, \u012bpa\u0161i koled\u017eas studenti, uzskata, ka spilvens ir ide\u0101li piem\u0113rots k\u0101 dekorat\u012bvs un funkcion\u0101ls gultas galvgalis.<\/li>\n<li><strong>DAUDZFUNKCION\u0100LS:<\/strong> M\u016bsu spilveni ir pieejami da\u017e\u0101dos izm\u0113ros, lai tie atbilstu gan parastaj\u0101m gult\u0101m, gan d\u012bv\u0101ngult\u0101m. Tos var izmantot ar\u012b k\u0101 bufera spilvenus b\u0113rniem, divst\u0101vu gultu atzveltnes un galvga\u013cus kemperiem un piekab\u0113m.<\/li>\n<li><strong>VIEGLI MAZG\u0100JAMS:<\/strong> Pievienot\u0101s pogas ne tikai rada dinamisku spilvena formu, bet ar\u012b padara p\u0101rvalku no\u0146emamu un mazg\u0101jamu.<\/li>\n<li><strong>AUGSTAS KVALIT\u0100TES MATERI\u0100LS:<\/strong> Our back support pillows are stuffed with high-density, high-quality polyester fibers to provide excellent support, while the fabric of the wedge pillows has a visually appealing effect that matches your interior decoration.<\/li>\n<li><strong>Izm\u0113rs:<\/strong> 45 cm (45*20*50 cm | 0 pogas); 60 cm (60*20*50 cm | 0 pogas); 80 cm (80*20*50 cm | 2 pogas); 100 cm (100*20*50 cm | 3 pogas); 120 cm (120*20*50 cm | 4 pogas); 140 cm (140*20*50 cm | 4 pogas); 160 cm (160*20*50 cm | 5 pogas); 180 cm (180*20*50 cm | 6 pogas); 200 cm (200*20*50 cm | 7 pogas).<\/li>\n<\/ul>","protected":false},"featured_media":604,"comment_status":"open","ping_status":"closed","template":"","meta":[],"product_brand":[],"product_cat":[15],"product_tag":[66,80,84,101,54,99,81,53,86,60,100],"class_list":{"0":"post-605","1":"product","2":"type-product","3":"status-publish","4":"has-post-thumbnail","6":"product_cat-pillows","7":"product_tag-back-support-pillow","8":"product_tag-bed-pillow","9":"product_tag-bumper-pillow","10":"product_tag-bunk-bed-backrest","11":"product_tag-headboard-pillow","12":"product_tag-large-back-pillow","13":"product_tag-neck-support-pillow","14":"product_tag-reading-pillow","15":"product_tag-rv-headboard","16":"product_tag-wedge-cushion","17":"product_tag-white-linen-pillow","19":"first","20":"instock","21":"shipping-taxable","22":"purchasable","23":"product-type-variable","24":"has-default-attributes"},"_links":{"self":[{"href":"https:\/\/www.livingpillow.com\/lv\/wp-json\/wp\/v2\/product\/605","targetHints":{"allow":["GET"]}}],"collection":[{"href":"https:\/\/www.livingpillow.com\/lv\/wp-json\/wp\/v2\/product"}],"about":[{"href":"https:\/\/www.livingpillow.com\/lv\/wp-json\/wp\/v2\/types\/product"}],"replies":[{"embeddable":true,"href":"https:\/\/www.livingpillow.com\/lv\/wp-json\/wp\/v2\/comments?post=605"}],"wp:featuredmedia":[{"embeddable":true,"href":"https:\/\/www.livingpillow.com\/lv\/wp-json\/wp\/v2\/media\/604"}],"wp:attachment":[{"href":"https:\/\/www.livingpillow.com\/lv\/wp-json\/wp\/v2\/media?parent=605"}],"wp:term":[{"taxonomy":"product_brand","embeddable":true,"href":"https:\/\/www.livingpillow.com\/lv\/wp-json\/wp\/v2\/product_brand?post=605"},{"taxonomy":"product_cat","embeddable":true,"href":"https:\/\/www.livingpillow.com\/lv\/wp-json\/wp\/v2\/product_cat?post=605"},{"taxonomy":"product_tag","embeddable":true,"href":"https:\/\/www.livingpillow.com\/lv\/wp-json\/wp\/v2\/product_tag?post=605"}],"curies":[{"name":"wp","href":"https:\/\/api.w.org\/{rel}","templated":true}]}}