{"id":63,"date":"2024-02-22T06:31:12","date_gmt":"2024-02-22T06:31:12","guid":{"rendered":"https:\/\/www.livingpillow.com\/product\/back-pillow-for-sleeping"},"modified":"2026-03-11T05:10:28","modified_gmt":"2026-03-11T05:10:28","slug":"muguras-spilvens-gulesanai-liels-kilveida-spilvens-lins-violets","status":"publish","type":"product","link":"https:\/\/www.livingpillow.com\/lv\/product\/back-pillow-for-sleeping-big-wedge-cushion-linen-purple","title":{"rendered":"Muguras spilvens gul\u0113\u0161anai, liels \u0137\u012b\u013cveida spilvens, violets"},"content":{"rendered":"<p>Atkl\u0101jiet vislab\u0101ko muguras atbalstu ar muguras spilvenu gul\u0113\u0161anai<\/p>\n<p>Ja jums pat\u012bk las\u012bt gult\u0101 vai skat\u012bties televizoru, bet jums ir gr\u016bti iek\u0101rtoties \u0113rti, muguras spilvens gul\u0113\u0161anai ir risin\u0101jums. Pieejams da\u017e\u0101dos izm\u0113ros no 100 cm l\u012bdz 200 cm, \u0161is lielais \u0137\u012b\u013cveida spilvens nodro\u0161ina lielisku muguras un kakla atbalstu, pateicoties t\u0101 ergonomiskajam tr\u012bsst\u016brveida dizainam. <\/p>\n<p>Izgatavots no augsta bl\u012bvuma poliuret\u0101na un p\u0101rkl\u0101ts ar m\u012bkstu, elpojo\u0161u audumu, muguras spilvens lieliski piel\u0101gojas j\u016bsu \u0137ermenim, nodro\u0161inot maksim\u0101lu komfortu. No\u0146emamajam p\u0101rvalkam ir pogas, lai to b\u016btu viegli no\u0146emt un mazg\u0101t ve\u013cas ma\u0161\u012bn\u0101.  <\/p>\n<p>\u0160is daudzpus\u012bgais spilvens ir vair\u0101k nek\u0101 tikai atzveltne, tas kalpo ar\u012b k\u0101 pievilc\u012bgs galvgalis, kas ir \u012bpa\u0161i praktiski koled\u017eas kopm\u012bt\u0146u istab\u0101s. To var izmantot pat k\u0101 bufera spilvenu, lai b\u0113rni neizkristu no gultas. Tas ir ide\u0101li piem\u0113rots ar\u012b d\u012bv\u0101ngult\u0101m, divst\u0101vu gult\u0101m, kemperiem un piekab\u0113m. <\/p>\n<p>Klienti saj\u016bsmin\u0101s par muguras spilvena komfortu un daudzpus\u012bbu:<\/p>\n<p>\u201cMan pat\u012bk las\u012bt gult\u0101, bet nekad nevaru \u0113rti iek\u0101rtoties. \u0160is muguras spilvens maina sp\u0113les noteikumus! Mana mugura j\u016btas tik labi atbalst\u012bta, un man nes\u0101p pat p\u0113c stund\u0101m ilgas las\u012b\u0161anas.\u201d<\/p>\n<p>\u201cM\u0113s p\u0101rv\u0113rt\u0101m savu viesu istabu par pagaidu multivides istabu, un \u0161is muguras spilvens ir lieliski piem\u0113rots filmu vakariem! Visa \u0123imene taj\u0101 var \u0113rti atp\u016bsties.\u201d <\/p>\n<p>\u201cEs savam kemperim ieg\u0101d\u0101jos 200 cm spilvenu. Tas aizpilda visu aizmugur\u0113jo gu\u013camzonu un padara manus ce\u013cojumus daudz m\u0101j\u012bg\u0101kus.\u201d<\/p>\n<p>\u201c\u0160is burv\u012bgais mazais muguras spilvens ne\u013cauj manam mazulim izkrist no divst\u0101vu gultas. Turkl\u0101t audums izskat\u0101s tik m\u012bl\u012bgi ar vi\u0146a kosmosa tematikas palagiem!\u201d<\/p>\n<p>Muguras spilvens gul\u0113\u0161anai, kura izm\u0113ri atbilst jebkurai gultai vai m\u0113r\u0137im, nodro\u0161ina daudzfunkcion\u0101lu komfortu un stilu. Pie\u0161\u0137iriet savai mugurai, kaklam un interjeram atsvaidzin\u0101jumu jau \u0161odien!<\/p>","protected":false},"excerpt":{"rendered":"<ul>\n<li><strong>Lieliski piem\u0113rots las\u012b\u0161anai un televizora skat\u012b\u0161anai:<\/strong> Nodro\u0161ina lielisku muguras un kakla atbalstu maksim\u0101lam komfortam, lasot vai skatoties televizoru.<\/li>\n<li><strong>Daudzpus\u012bgs galvgalis:<\/strong> Ide\u0101li piem\u0113rots k\u0101 dekorat\u012bvs un funkcion\u0101ls gultas galvgalis, \u012bpa\u0161i koled\u017eas studentiem.<\/li>\n<li><strong>Daudzfunkcion\u0101ls:<\/strong> Pieejams da\u017e\u0101dos izm\u0113ros parastaj\u0101m gult\u0101m, d\u012bv\u0101ngult\u0101m, divst\u0101vu gult\u0101m un kemperiem\/piekab\u0113m. Var izmantot ar\u012b k\u0101 bufera spilvenu b\u0113rniem.<\/li>\n<li><strong>Viegli t\u012br\u0101ms:<\/strong> No\u0146emams un mazg\u0101jams p\u0101rvalks, pateicoties piestiprin\u0101taj\u0101m pog\u0101m.<\/li>\n<li><strong>Augst\u0101k\u0101s kvalit\u0101tes materi\u0101li:<\/strong> Pild\u012bts ar augsta bl\u012bvuma poliuret\u0101nu lieliskam muguras atbalstam un p\u0101rkl\u0101ts ar vizu\u0101li pievilc\u012bgu audumu, kas papildina jebkuru interjeru.<\/li>\n<li><strong>Izm\u0113rs:<\/strong> 100 cm (G100 x P26 x A55 | 3 kolonnu pogas), 120 cm (G120 x P26 x A55 | 4 kolonnu pogas), 140 cm (G140 x P26 x A55 | 4 kolonnu pogas), 160 cm (G160 x P26 x A55 | 5 kolonnu pogas), 180 cm (G180 x P26 x A55 | 6 kolonnu pogas), 200 cm (G200 x P26 x A55 | 7 kolonnu pogas).<\/li>\n<\/ul>","protected":false},"featured_media":62,"comment_status":"open","ping_status":"closed","template":"","meta":[],"product_brand":[],"product_cat":[15],"product_tag":[164,82,84,70,170,74,98,58,91,166,53,168,165,169,134,167],"class_list":{"0":"post-63","1":"product","2":"type-product","3":"status-publish","4":"has-post-thumbnail","6":"product_cat-pillows","7":"product_tag-back-pillow","8":"product_tag-big-wedge-cushion","9":"product_tag-bumper-pillow","10":"product_tag-bunk-bed-pillow","11":"product_tag-child-pillow","12":"product_tag-daybed-pillow","13":"product_tag-decorative-headboard","14":"product_tag-linen-pillow","15":"product_tag-multipurpose-pillow","16":"product_tag-purple-cushion","17":"product_tag-reading-pillow","18":"product_tag-rv-pillow","19":"product_tag-sleeping-pillow","20":"product_tag-trailer-pillow","21":"product_tag-versatile-headboard","22":"product_tag-watching-tv-pillow","24":"first","25":"instock","26":"featured","27":"shipping-taxable","28":"purchasable","29":"product-type-variable","30":"has-default-attributes"},"_links":{"self":[{"href":"https:\/\/www.livingpillow.com\/lv\/wp-json\/wp\/v2\/product\/63","targetHints":{"allow":["GET"]}}],"collection":[{"href":"https:\/\/www.livingpillow.com\/lv\/wp-json\/wp\/v2\/product"}],"about":[{"href":"https:\/\/www.livingpillow.com\/lv\/wp-json\/wp\/v2\/types\/product"}],"replies":[{"embeddable":true,"href":"https:\/\/www.livingpillow.com\/lv\/wp-json\/wp\/v2\/comments?post=63"}],"wp:featuredmedia":[{"embeddable":true,"href":"https:\/\/www.livingpillow.com\/lv\/wp-json\/wp\/v2\/media\/62"}],"wp:attachment":[{"href":"https:\/\/www.livingpillow.com\/lv\/wp-json\/wp\/v2\/media?parent=63"}],"wp:term":[{"taxonomy":"product_brand","embeddable":true,"href":"https:\/\/www.livingpillow.com\/lv\/wp-json\/wp\/v2\/product_brand?post=63"},{"taxonomy":"product_cat","embeddable":true,"href":"https:\/\/www.livingpillow.com\/lv\/wp-json\/wp\/v2\/product_cat?post=63"},{"taxonomy":"product_tag","embeddable":true,"href":"https:\/\/www.livingpillow.com\/lv\/wp-json\/wp\/v2\/product_tag?post=63"}],"curies":[{"name":"wp","href":"https:\/\/api.w.org\/{rel}","templated":true}]}}